{"id":289,"date":"2012-02-14T12:11:14","date_gmt":"2012-02-14T12:11:14","guid":{"rendered":"http:\/\/semmelweis-egyetem.hu\/rektori-hivatal\/?page_id=289"},"modified":"2020-02-13T09:44:38","modified_gmt":"2020-02-13T08:44:38","slug":"2012-januar-2","status":"publish","type":"page","link":"https:\/\/semmelweis.hu\/jogigfoig\/testuletek\/szenatus\/2012-evi-szenatusi-hatarozatok\/2012-januar-2\/","title":{"rendered":"2012. janu\u00e1r 26."},"content":{"rendered":"<ul>\n<li style=\"text-align: justify\"><a href=\"https:\/\/semmelweis.hu\/jogigfoig\/files\/2012\/02\/1_sz_I_26_hat_Kivalo_TDK_nevelo.pdf\" target=\"_blank\" rel=\"noopener noreferrer\">1\/2012. (I.26.) sz\u00e1m\u00fa hat\u00e1rozata a 2011. \u00e9vi Kiv\u00e1l\u00f3 Tudom\u00e1nyos Di\u00e1kk\u00f6ri Nevel\u0151 kit\u00fcntet\u0151 c\u00edm oda\u00edt\u00e9l\u00e9s\u00e9r\u0151l<\/a><\/li>\n<li style=\"text-align: justify\"><a href=\"https:\/\/semmelweis.hu\/jogigfoig\/files\/2012\/02\/2_sz_I_26_hat_Jo_tanulo_jo_sportolo.pdf\" target=\"_blank\" rel=\"noopener noreferrer\">2\/2012. (I.26.) sz\u00e1m\u00fa hat\u00e1rozata a &#8222;J\u00f3 tanul\u00f3 &#8211; j\u00f3 sportol\u00f3&#8221; kit\u00fcntet\u0151 c\u00edmek oda\u00edt\u00e9l\u00e9s\u00e9r\u0151l<\/a><\/li>\n<li style=\"text-align: justify\"><a href=\"https:\/\/semmelweis.hu\/jogigfoig\/files\/2012\/02\/3_sz_I_-26_hat_Tudomanyos_Tanacs_elnok.pdf\" target=\"_blank\" rel=\"noopener noreferrer\">3\/2012. (I.26.) sz\u00e1m\u00fa hat\u00e1rozata a Tudom\u00e1nyos Tan\u00e1cs eln\u00f6ki poz\u00edci\u00f3j\u00e1ban t\u00f6rt\u00e9n\u0151 v\u00e1ltoz\u00e1sr\u00f3l<\/a><\/li>\n<li style=\"text-align: justify\"><a href=\"https:\/\/semmelweis.hu\/rektori-hivatal\/files\/2012\/02\/4.-sz.-I.-26.-hat.-T\u00e1j\u00e9koztat\u00f3-a-ktgv-el\u0151k\u00e9sz.pdf\">4\/2012. (I. 26.) a Semmelweis Egyetem 2012. \u00e9vi k\u00f6lts\u00e9gvet\u00e9s\u00e9nek el\u0151k\u00e9sz\u00edt\u00e9s\u00e9r\u0151l tartott t\u00e1j\u00e9koztat\u00f3r\u00f3l<\/a><\/li>\n<li style=\"text-align: justify\"><a href=\"https:\/\/semmelweis.hu\/jogigfoig\/files\/2012\/02\/5_sz_I_26_-hat_2012_evi_vezetoi_megbizasok.pdf\" target=\"_blank\" rel=\"noopener noreferrer\">5\/2012. (I.26.) sz\u00e1m\u00fa hat\u00e1rozata a Testnevel\u00e9si \u00e9s Sporttudom\u00e1nyi Karon 2012. \u00e9vben lej\u00e1r\u00f3, hosszabb\u00edthat\u00f3 vezet\u0151i megb\u00edz\u00e1sok v\u00e9lem\u00e9nyez\u00e9s\u00e9r\u0151l<\/a><\/li>\n<li style=\"text-align: justify\"><a href=\"https:\/\/semmelweis.hu\/jogigfoig\/files\/2012\/02\/6_sz_I_26_egyetemi_tanari_allashelyek.pdf\" target=\"_blank\" rel=\"noopener noreferrer\">6\/2012. (I.26.) sz\u00e1m\u00fa hat\u00e1rozata a 2012. \u00e9vre meghirdetett egyetemi tan\u00e1ri munkak\u00f6rre be\u00e9rkezett p\u00e1ly\u00e1zatok v\u00e9lem\u00e9nyez\u00e9s\u00e9r\u0151l<\/a><\/li>\n<li style=\"text-align: justify\"><a href=\"https:\/\/semmelweis.hu\/jogigfoig\/files\/2012\/02\/7_sz_I_26_professor_emeritus_cim.pdf\" target=\"_blank\" rel=\"noopener noreferrer\">7\/2012. (I.26.) sz\u00e1m\u00fa hat\u00e1rozata Professor Emeritus c\u00edm adom\u00e1nyoz\u00e1s\u00e1nak v\u00e9lem\u00e9nyez\u00e9s\u00e9r\u0151l<\/a><\/li>\n<li style=\"text-align: justify\"><a href=\"https:\/\/semmelweis.hu\/rektori-hivatal\/files\/2012\/02\/8.sz_.-I.-26._Mentelhigi\u00e9n\u00e9-ter\u00fclet\u00e9n-pedag\u00f3gus-szakvizsg\u00e1ra.pdf\">8\/2012. (I. 26.) A ment\u00e1lhigi\u00e9n\u00e9 ter\u00fclet\u00e9n pedag\u00f3gus szakvizsg\u00e1ra felk\u00e9sz\u00edt\u0151 szakir\u00e1ny\u00fa tov\u00e1bbk\u00e9pz\u00e9si szak l\u00e9tes\u00edt\u00e9se<\/a><\/li>\n<li style=\"text-align: justify\"><a href=\"https:\/\/semmelweis.hu\/rektori-hivatal\/files\/2012\/02\/9.-sz.-I.26.-hat.-Besz\u00e1mol\u00f3-a-Szen\u00e1tus-el\u0151z\u0151-f\u00e9l\u00e9vben-hozott_hat.-elfogad\u00e1s\u00e1r\u00f3l.pdf\">9\/2012. (I. 26.)\u00a0A Szen\u00e1tus 2011. \u00e9v II. f\u00e9l\u00e9v\u00e9ben <em><span style=\"text-decoration: underline\">(\u0151szi szemeszter)<\/span><\/em>hozott hat\u00e1rozatainak v\u00e9grehajt\u00e1s\u00e1r\u00f3l el\u0151terjesztett besz\u00e1mol\u00f3 elfogad\u00e1s\u00e1r\u00f3l <\/a><\/li>\n<li style=\"text-align: justify\"><a href=\"https:\/\/semmelweis.hu\/rektori-hivatal\/files\/2012\/02\/10.-sz-I.26._-\u00fcl\u00e9s-\u00e9s-munkaterv.pdf\">10\/2012. (I. 26.) A Szen\u00e1tus 2012. \u00e9v I. f\u00e9l\u00e9vi <em><span style=\"text-decoration: underline\">(tavaszi szemeszter) <\/span><\/em>\u00fcl\u00e9s- \u00e9s munkaterv\u00e9nek elfogad\u00e1s\u00e1r\u00f3l<\/a><\/li>\n<li style=\"text-align: justify\"><a href=\"https:\/\/semmelweis.hu\/rektori-hivatal\/files\/2012\/02\/N-I.-26._Napirend-elfogad\u00e1sa.pdf\">N-I. 26\/2012. A szen\u00e1tusi \u00fcl\u00e9s napirendi pontjainak elfogad\u00e1s\u00e1r\u00f3l<\/a><\/li>\n<\/ul>\n<p>&nbsp;<\/p>\n","protected":false},"excerpt":{"rendered":"<p><a href=\"https:\/\/semmelweis.hu\/jogigfoig\/files\/2012\/02\/1_sz_I_26_hat_Kivalo_TDK_nevelo.pdf\" target=\"_blank\" rel=\"noopener noreferrer\">1\/2012. (I.26.) sz\u00e1m\u00fa hat\u00e1rozata a 2011. \u00e9vi Kiv\u00e1l\u00f3 Tudom\u00e1nyos Di\u00e1kk\u00f6ri Nevel\u0151 kit\u00fcntet\u0151 c\u00edm oda\u00edt\u00e9l\u00e9s\u00e9r\u0151l<\/a><br \/>\n<a href=\"https:\/\/semmelweis.hu\/jogigfoig\/files\/2012\/02\/2_sz_I_26_hat_Jo_tanulo_jo_sportolo.pdf\" target=\"_blank\" rel=\"noopener noreferrer\">2\/2012. (I.26.) sz\u00e1m\u00fa hat\u00e1rozata a &#8222;J\u00f3 tanul\u00f3 &#8211; j\u00f3 sportol\u00f3&#8221; kit\u00fcntet\u0151 c\u00edmek oda\u00edt\u00e9l\u00e9s\u00e9r\u0151l<\/a><br \/>\n<a href=\"https:\/\/semmelweis.hu\/jogigfoig\/files\/2012\/02\/3_sz_I_-26_hat_Tudomanyos_Tanacs_elnok.pdf\" target=\"_blank\" rel=\"noopener noreferrer\">3\/2012. (I.26.) sz\u00e1m\u00fa hat\u00e1rozata a Tudom\u00e1nyos Tan\u00e1cs eln\u00f6ki poz\u00edci\u00f3j\u00e1ban t\u00f6rt\u00e9n\u0151 v\u00e1ltoz\u00e1sr\u00f3l<\/a><br \/>\n<a href=\"https:\/\/semmelweis.hu\/rektori-hivatal\/files\/2012\/02\/4.-sz.-I.-26.-hat.-T\u00e1j\u00e9koztat\u00f3-a-ktgv-el\u0151k\u00e9sz.pdf\">4\/2012. (I. 26.) a Semmelweis Egyetem 2012. \u00e9vi k\u00f6lts\u00e9gvet\u00e9s\u00e9nek el\u0151k\u00e9sz\u00edt\u00e9s\u00e9r\u0151l tartott t\u00e1j\u00e9koztat\u00f3r\u00f3l<\/a><br \/>\n<a href=\"https:\/\/semmelweis.hu\/jogigfoig\/files\/2012\/02\/5_sz_I_26_-hat_2012_evi_vezetoi_megbizasok.pdf\" target=\"_blank\" rel=\"noopener noreferrer\">5\/2012. (I.26.) sz\u00e1m\u00fa hat\u00e1rozata a Testnevel\u00e9si \u00e9s Sporttudom\u00e1nyi Karon 2012. \u00e9vben lej\u00e1r\u00f3, hosszabb\u00edthat\u00f3 vezet\u0151i megb\u00edz\u00e1sok v\u00e9lem\u00e9nyez\u00e9s\u00e9r\u0151l<\/a><br \/>\n<a href=\"https:\/\/semmelweis.hu\/jogigfoig\/files\/2012\/02\/6_sz_I_26_egyetemi_tanari_allashelyek.pdf\" target=\"_blank\" rel=\"noopener noreferrer\">6\/2012. (I.26.) sz\u00e1m\u00fa hat\u00e1rozata a 2012. \u00e9vre meghirdetett egyetemi tan\u00e1ri munkak\u00f6rre be\u00e9rkezett p\u00e1ly\u00e1zatok v\u00e9lem\u00e9nyez\u00e9s\u00e9r\u0151l<\/a><br \/>\n<a href=\"https:\/\/semmelweis.hu\/jogigfoig\/files\/2012\/02\/7_sz_I_26_professor_emeritus_cim.pdf\" target=\"_blank\" rel=\"noopener noreferrer\">7\/2012. (I.26.) sz\u00e1m\u00fa hat\u00e1rozata Professor Emeritus c\u00edm adom\u00e1nyoz\u00e1s\u00e1nak v\u00e9lem\u00e9nyez\u00e9s\u00e9r\u0151l<\/a><br \/>\n<a href=\"https:\/\/semmelweis.hu\/rektori-hivatal\/files\/2012\/02\/8.sz_.-I.-26._Mentelhigi\u00e9n\u00e9-ter\u00fclet\u00e9n-pedag\u00f3gus-szakvizsg\u00e1ra.pdf\">8\/2012. (I. 26.) A ment\u00e1lhigi\u00e9n\u00e9 ter\u00fclet\u00e9n pedag\u00f3gus szakvizsg\u00e1ra felk\u00e9sz\u00edt\u0151 szakir\u00e1ny\u00fa tov\u00e1bbk\u00e9pz\u00e9si szak l\u00e9tes\u00edt\u00e9se<\/a><br \/>\n<a href=\"https:\/\/semmelweis.hu\/rektori-hivatal\/files\/2012\/02\/9.-sz.-I.26.-hat.-Besz\u00e1mol\u00f3-a-Szen\u00e1tus-el\u0151z\u0151-f\u00e9l\u00e9vben-hozott_hat.-elfogad\u00e1s\u00e1r\u00f3l.pdf\">9\/2012. (I. 26.)\u00a0A Szen\u00e1tus 2011. \u00e9v II. f\u00e9l\u00e9v\u00e9ben (\u0151szi szemeszter)hozott hat\u00e1rozatainak v\u00e9grehajt\u00e1s\u00e1r\u00f3l el\u0151terjesztett besz\u00e1mol\u00f3 elfogad\u00e1s\u00e1r\u00f3l <\/a><br \/>\n<a href=\"https:\/\/semmelweis.hu\/rektori-hivatal\/files\/2012\/02\/10.-sz-I.26._-\u00fcl\u00e9s-\u00e9s-munkaterv.pdf\">10\/2012. (I. 26.) A Szen\u00e1tus 2012. \u00e9v I. f\u00e9l\u00e9vi (tavaszi szemeszter) \u00fcl\u00e9s- \u00e9s munkaterv\u00e9nek elfogad\u00e1s\u00e1r\u00f3l<\/a><br \/>\n<a href=\"https:\/\/semmelweis.hu\/rektori-hivatal\/files\/2012\/02\/N-I.-26._Napirend-elfogad\u00e1sa.pdf\">N-I. 26\/2012. A szen\u00e1tusi \u00fcl\u00e9s napirendi pontjainak elfogad\u00e1s\u00e1r\u00f3l<\/a><\/p>\n<p>&nbsp;<\/p>\n","protected":false},"author":12,"featured_media":0,"parent":7842,"menu_order":1,"comment_status":"open","ping_status":"open","template":"","meta":{"_acf_changed":false,"footnotes":""},"categories":[1],"tags":[],"class_list":["post-289","page","type-page","status-publish","hentry","category-egyeb"],"acf":[],"_links":{"self":[{"href":"https:\/\/semmelweis.hu\/jogigfoig\/wp-json\/wp\/v2\/pages\/289","targetHints":{"allow":["GET"]}}],"collection":[{"href":"https:\/\/semmelweis.hu\/jogigfoig\/wp-json\/wp\/v2\/pages"}],"about":[{"href":"https:\/\/semmelweis.hu\/jogigfoig\/wp-json\/wp\/v2\/types\/page"}],"author":[{"embeddable":true,"href":"https:\/\/semmelweis.hu\/jogigfoig\/wp-json\/wp\/v2\/users\/12"}],"replies":[{"embeddable":true,"href":"https:\/\/semmelweis.hu\/jogigfoig\/wp-json\/wp\/v2\/comments?post=289"}],"version-history":[{"count":9,"href":"https:\/\/semmelweis.hu\/jogigfoig\/wp-json\/wp\/v2\/pages\/289\/revisions"}],"predecessor-version":[{"id":7927,"href":"https:\/\/semmelweis.hu\/jogigfoig\/wp-json\/wp\/v2\/pages\/289\/revisions\/7927"}],"up":[{"embeddable":true,"href":"https:\/\/semmelweis.hu\/jogigfoig\/wp-json\/wp\/v2\/pages\/7842"}],"wp:attachment":[{"href":"https:\/\/semmelweis.hu\/jogigfoig\/wp-json\/wp\/v2\/media?parent=289"}],"wp:term":[{"taxonomy":"category","embeddable":true,"href":"https:\/\/semmelweis.hu\/jogigfoig\/wp-json\/wp\/v2\/categories?post=289"},{"taxonomy":"post_tag","embeddable":true,"href":"https:\/\/semmelweis.hu\/jogigfoig\/wp-json\/wp\/v2\/tags?post=289"}],"curies":[{"name":"wp","href":"https:\/\/api.w.org\/{rel}","templated":true}]}}