{"id":2845,"date":"2015-02-06T12:17:11","date_gmt":"2015-02-06T11:17:11","guid":{"rendered":"http:\/\/semmelweis.hu\/rektori-hivatal\/?page_id=2845"},"modified":"2020-02-11T11:26:28","modified_gmt":"2020-02-11T10:26:28","slug":"2015-januar-29","status":"publish","type":"page","link":"https:\/\/semmelweis.hu\/jogigfoig\/testuletek\/szenatus\/2015-evi-szenatusi-hatarozatok\/2015-januar-29\/","title":{"rendered":"2015. janu\u00e1r 29."},"content":{"rendered":"<ul>\n<li style=\"text-align: justify\"><a href=\"https:\/\/semmelweis.hu\/rektori-hivatal\/files\/2015\/02\/N_I_29_napirend_elf.pdf\" target=\"_blank\" rel=\"noopener noreferrer\">N-I.29.\/2015. sz. hat. a szen\u00e1tusi \u00fcl\u00e9s napirendi pontjainak elfogad\u00e1s\u00e1r\u00f3l <\/a><\/li>\n<li style=\"text-align: justify\"><a href=\"https:\/\/semmelweis.hu\/rektori-hivatal\/files\/2015\/02\/1_I_29_H\u00d6K-Alapszab.pdf\" target=\"_blank\" rel=\"noopener noreferrer\">1\/2015. (I.29.). sz. hat. a Hallgat\u00f3i \u00d6nkorm\u00e1nyzat Alapszab\u00e1lya t\u00e1rgy\u00e1ban<\/a><\/li>\n<li style=\"text-align: justify\"><a href=\"https:\/\/semmelweis.hu\/jogigfoig\/files\/2015\/02\/2_I_29_ETK_bizotts_szemelyiosszet.pdf\" target=\"_blank\" rel=\"noopener noreferrer\">2\/2015. (I.29.) sz\u00e1m\u00fa hat\u00e1rozat az Eg\u00e9szs\u00e9gtudom\u00e1nyi Karon m\u0171k\u00f6d\u0151 bizotts\u00e1gok szem\u00e9lyi \u00f6sszet\u00e9tel\u00e9nek m\u00f3dos\u00edt\u00e1s\u00e1r\u00f3l<\/a><\/li>\n<li style=\"text-align: justify\"><a href=\"https:\/\/semmelweis.hu\/jogigfoig\/files\/2015\/02\/3_I_29_EKK_Curr_KreditOKt_Bizots_szemelyiosszet.pdf\" target=\"_blank\" rel=\"noopener noreferrer\">3\/2015. (I.29.) sz\u00e1m\u00fa hat\u00e1rozat Az Eg\u00e9szs\u00e9g\u00fcgyi K\u00f6zszolg\u00e1lati Kar Szen\u00e1tus \u00e1ltal l\u00e9trehozott Curriculum, Kredit\u00e1tviteli \u00e9s Oktat\u00e1si Bizotts\u00e1g szem\u00e9lyi \u00f6sszet\u00e9tel\u00e9nek meg\u00faj\u00edt\u00e1s\u00e1r\u00f3l<\/a><\/li>\n<li style=\"text-align: justify\"><a href=\"https:\/\/semmelweis.hu\/jogigfoig\/files\/2015\/02\/4_I_29_Semmelw_Symposium.pdf\" target=\"_blank\" rel=\"noopener noreferrer\">4\/2015. (I.29.) sz\u00e1m\u00fa hat\u00e1rozat a 2015. \u00e9vi Semmelweis Symposium megrendez\u00e9s\u00e9re beny\u00fajtott p\u00e1ly\u00e1zat elb\u00edr\u00e1l\u00e1s\u00e1r\u00f3l<\/a><\/li>\n<li style=\"text-align: justify\"><a href=\"https:\/\/semmelweis.hu\/rektori-hivatal\/files\/2015\/02\/5_I_29_beszam_hatarozatok.pdf\" target=\"_blank\" rel=\"noopener noreferrer\">5\/2015. (I.29.) sz. hat. a Szen\u00e1tus 2014. \u00e9v II. f\u00e9l\u00e9v\u00e9ben (\u0151szi szemeszter) hozott hat\u00e1rozatainak v\u00e9grehajt\u00e1s\u00e1r\u00f3l el\u0151terjesztett besz\u00e1mol\u00f3 elfogad\u00e1s\u00e1r\u00f3l <\/a><\/li>\n<li style=\"text-align: justify\"><a href=\"https:\/\/semmelweis.hu\/rektori-hivatal\/files\/2015\/02\/6_I_29_I_fv_szenatusi_munkaterv.pdf\" target=\"_blank\" rel=\"noopener noreferrer\">6\/2015. (I.29.) sz. hat. a Szen\u00e1tus 2015. I. f\u00e9l\u00e9vi (tavaszi szemeszter) \u00fcl\u00e9s- \u00e9s munkaterv\u00e9nek elfogad\u00e1s\u00e1r\u00f3l <\/a><\/li>\n<li style=\"text-align: justify\"><a href=\"https:\/\/semmelweis.hu\/rektori-hivatal\/files\/2015\/02\/7_I_29_bizotts_beszamolo.pdf\" target=\"_blank\" rel=\"noopener noreferrer\">7\/2015. (I.29.) sz. hat. a Szen\u00e1tus \u00e1ltal l\u00e9trehozott Bizotts\u00e1gok el\u0151z\u0151 \u00e9vi munk\u00e1j\u00e1r\u00f3l sz\u00f3l\u00f3 besz\u00e1mol\u00f3 elfogad\u00e1s\u00e1r\u00f3l <\/a><\/li>\n<\/ul>\n","protected":false},"excerpt":{"rendered":"<p><a href=\"https:\/\/semmelweis.hu\/rektori-hivatal\/files\/2015\/02\/N_I_29_napirend_elf.pdf\" target=\"_blank\" rel=\"noopener noreferrer\">N-I.29.\/2015. sz. hat. a szen\u00e1tusi \u00fcl\u00e9s napirendi pontjainak elfogad\u00e1s\u00e1r\u00f3l <\/a><br \/>\n<a href=\"https:\/\/semmelweis.hu\/rektori-hivatal\/files\/2015\/02\/1_I_29_H\u00d6K-Alapszab.pdf\" target=\"_blank\" rel=\"noopener noreferrer\">1\/2015. (I.29.). sz. hat. a Hallgat\u00f3i \u00d6nkorm\u00e1nyzat Alapszab\u00e1lya t\u00e1rgy\u00e1ban<\/a><br \/>\n<a href=\"https:\/\/semmelweis.hu\/jogigfoig\/files\/2015\/02\/2_I_29_ETK_bizotts_szemelyiosszet.pdf\" target=\"_blank\" rel=\"noopener noreferrer\">2\/2015. (I.29.) sz\u00e1m\u00fa hat\u00e1rozat az Eg\u00e9szs\u00e9gtudom\u00e1nyi Karon m\u0171k\u00f6d\u0151 bizotts\u00e1gok szem\u00e9lyi \u00f6sszet\u00e9tel\u00e9nek m\u00f3dos\u00edt\u00e1s\u00e1r\u00f3l<\/a><br \/>\n<a href=\"https:\/\/semmelweis.hu\/jogigfoig\/files\/2015\/02\/3_I_29_EKK_Curr_KreditOKt_Bizots_szemelyiosszet.pdf\" target=\"_blank\" rel=\"noopener noreferrer\">3\/2015. (I.29.) sz\u00e1m\u00fa hat\u00e1rozat Az Eg\u00e9szs\u00e9g\u00fcgyi K\u00f6zszolg\u00e1lati Kar Szen\u00e1tus \u00e1ltal l\u00e9trehozott Curriculum, Kredit\u00e1tviteli \u00e9s Oktat\u00e1si Bizotts\u00e1g szem\u00e9lyi \u00f6sszet\u00e9tel\u00e9nek meg\u00faj\u00edt\u00e1s\u00e1r\u00f3l<\/a><br \/>\n<a href=\"https:\/\/semmelweis.hu\/jogigfoig\/files\/2015\/02\/4_I_29_Semmelw_Symposium.pdf\" target=\"_blank\" rel=\"noopener noreferrer\">4\/2015. (I.29.) sz\u00e1m\u00fa hat\u00e1rozat a 2015. \u00e9vi Semmelweis Symposium megrendez\u00e9s\u00e9re beny\u00fajtott p\u00e1ly\u00e1zat elb\u00edr\u00e1l\u00e1s\u00e1r\u00f3l<\/a><br \/>\n<a href=\"https:\/\/semmelweis.hu\/rektori-hivatal\/files\/2015\/02\/5_I_29_beszam_hatarozatok.pdf\" target=\"_blank\" rel=\"noopener noreferrer\">5\/2015. (I.29.) sz. hat. a Szen\u00e1tus 2014. \u00e9v II. f\u00e9l\u00e9v\u00e9ben (\u0151szi szemeszter) hozott hat\u00e1rozatainak v\u00e9grehajt\u00e1s\u00e1r\u00f3l el\u0151terjesztett besz\u00e1mol\u00f3 elfogad\u00e1s\u00e1r\u00f3l <\/a><br \/>\n<a href=\"https:\/\/semmelweis.hu\/rektori-hivatal\/files\/2015\/02\/6_I_29_I_fv_szenatusi_munkaterv.pdf\" target=\"_blank\" rel=\"noopener noreferrer\">6\/2015. (I.29.) sz. hat. a Szen\u00e1tus 2015. I. f\u00e9l\u00e9vi (tavaszi szemeszter) \u00fcl\u00e9s- \u00e9s munkaterv\u00e9nek elfogad\u00e1s\u00e1r\u00f3l <\/a><br \/>\n<a href=\"https:\/\/semmelweis.hu\/rektori-hivatal\/files\/2015\/02\/7_I_29_bizotts_beszamolo.pdf\" target=\"_blank\" rel=\"noopener noreferrer\">7\/2015. (I.29.) sz. hat. a Szen\u00e1tus \u00e1ltal l\u00e9trehozott Bizotts\u00e1gok el\u0151z\u0151 \u00e9vi munk\u00e1j\u00e1r\u00f3l sz\u00f3l\u00f3 besz\u00e1mol\u00f3 elfogad\u00e1s\u00e1r\u00f3l <\/a><\/p>\n","protected":false},"author":12,"featured_media":0,"parent":7839,"menu_order":1,"comment_status":"open","ping_status":"open","template":"","meta":{"_acf_changed":false,"footnotes":""},"categories":[1],"tags":[],"class_list":["post-2845","page","type-page","status-publish","hentry","category-egyeb"],"acf":[],"_links":{"self":[{"href":"https:\/\/semmelweis.hu\/jogigfoig\/wp-json\/wp\/v2\/pages\/2845","targetHints":{"allow":["GET"]}}],"collection":[{"href":"https:\/\/semmelweis.hu\/jogigfoig\/wp-json\/wp\/v2\/pages"}],"about":[{"href":"https:\/\/semmelweis.hu\/jogigfoig\/wp-json\/wp\/v2\/types\/page"}],"author":[{"embeddable":true,"href":"https:\/\/semmelweis.hu\/jogigfoig\/wp-json\/wp\/v2\/users\/12"}],"replies":[{"embeddable":true,"href":"https:\/\/semmelweis.hu\/jogigfoig\/wp-json\/wp\/v2\/comments?post=2845"}],"version-history":[{"count":7,"href":"https:\/\/semmelweis.hu\/jogigfoig\/wp-json\/wp\/v2\/pages\/2845\/revisions"}],"predecessor-version":[{"id":7879,"href":"https:\/\/semmelweis.hu\/jogigfoig\/wp-json\/wp\/v2\/pages\/2845\/revisions\/7879"}],"up":[{"embeddable":true,"href":"https:\/\/semmelweis.hu\/jogigfoig\/wp-json\/wp\/v2\/pages\/7839"}],"wp:attachment":[{"href":"https:\/\/semmelweis.hu\/jogigfoig\/wp-json\/wp\/v2\/media?parent=2845"}],"wp:term":[{"taxonomy":"category","embeddable":true,"href":"https:\/\/semmelweis.hu\/jogigfoig\/wp-json\/wp\/v2\/categories?post=2845"},{"taxonomy":"post_tag","embeddable":true,"href":"https:\/\/semmelweis.hu\/jogigfoig\/wp-json\/wp\/v2\/tags?post=2845"}],"curies":[{"name":"wp","href":"https:\/\/api.w.org\/{rel}","templated":true}]}}