{"id":2776,"date":"2015-01-07T16:00:51","date_gmt":"2015-01-07T15:00:51","guid":{"rendered":"http:\/\/semmelweis.hu\/rektori-hivatal\/?page_id=2776"},"modified":"2020-02-12T08:48:37","modified_gmt":"2020-02-12T07:48:37","slug":"2014-szeptember-25","status":"publish","type":"page","link":"https:\/\/semmelweis.hu\/jogigfoig\/testuletek\/szenatus\/2014-evi-szenatusi-hatarozatok\/2014-szeptember-25\/","title":{"rendered":"2014. szeptember 25."},"content":{"rendered":"<ul>\n<li style=\"text-align: justify\"><a href=\"https:\/\/semmelweis.hu\/rektori-hivatal\/files\/2015\/01\/N_IX_25_Napirend-elfogadasarol.pdf\" target=\"_blank\" rel=\"noopener noreferrer\">N-IX.25.\/2014. sz. hat. a szen\u00e1tusi \u00fcl\u00e9s napirendi pontjainak elfogad\u00e1s\u00e1r\u00f3l<\/a><\/li>\n<li style=\"text-align: justify\"><a href=\"https:\/\/semmelweis.hu\/rektori-hivatal\/files\/2015\/01\/114_IX_25_Besz\u00e1mol\u00f3.pdf\" target=\"_blank\" rel=\"noopener noreferrer\">114\/2014. (IX.25.) sz. hat. Besz\u00e1mol\u00f3 a Szen\u00e1tus 2014. I. f\u00e9l\u00e9v\u00e9ben (tavaszi szemeszter) hozott hat\u00e1rozatainak v\u00e9grehajt\u00e1s\u00e1r\u00f3l<\/a><\/li>\n<li style=\"text-align: justify\"><a href=\"https:\/\/semmelweis.hu\/rektori-hivatal\/files\/2015\/01\/115_IX_25_Munkaterv.pdf\" target=\"_blank\" rel=\"noopener noreferrer\">115\/2014. (IX.25.) sz. hat. a Szen\u00e1tus 2014. II. f\u00e9l\u00e9vi (\u0151szi szemeszter) \u00fcl\u00e9s- \u00e9s munkaterv\u00e9nek tervezete<\/a><\/li>\n<li style=\"text-align: justify\"><a href=\"https:\/\/semmelweis.hu\/jogigfoig\/files\/2015\/01\/116_sz_IX_25_Mellkassebeszet_egyetemi_docensi_allashely.pdf\" target=\"_blank\" rel=\"noopener noreferrer\">116\/2014. (IX.25.) sz\u00e1m\u00fa hat\u00e1rozat a 2014. \u00e9vre a Mellkasseb\u00e9szeti Tansz\u00e9ken meghirdetett egyetemi docensi munkak\u00f6rre beny\u00fajtott p\u00e1ly\u00e1zat v\u00e9lem\u00e9nyez\u00e9se<\/a><\/li>\n<li style=\"text-align: justify\"><a href=\"https:\/\/semmelweis.hu\/jogigfoig\/files\/2015\/01\/117_sz_IX_25_Huzella_Tivadar_emlekerem.pdf\" target=\"_blank\" rel=\"noopener noreferrer\">117\/2014. (IX.25.) sz\u00e1m\u00fa hat\u00e1rozat A 2014. \u00e9vi Huzella Tivadar eml\u00e9k\u00e9rem \u00e9s jutalomd\u00edj adom\u00e1nyoz\u00e1s\u00e1r\u00f3l<\/a><\/li>\n<li style=\"text-align: justify\"><a href=\"https:\/\/semmelweis.hu\/jogigfoig\/files\/2015\/01\/118_sz_IX_25_Hugonnai_emlekerem.pdf\" target=\"_blank\" rel=\"noopener noreferrer\">118\/2014. (IX.25.) sz\u00e1m\u00fa hat\u00e1rozat a Hugonnai Vilma eml\u00e9k\u00e9rem \u00e9s jutalomd\u00edj oda\u00edt\u00e9l\u00e9s\u00e9r\u0151l<\/a><\/li>\n<li style=\"text-align: justify\"><a href=\"https:\/\/semmelweis.hu\/jogigfoig\/files\/2015\/01\/119_sz_IX_25_Budapest_Award_nemzetkozi_dij.pdf\" target=\"_blank\" rel=\"noopener noreferrer\">119\/2014. (IX.25.) sz\u00e1m\u00fa hat\u00e1rozat a &#8222;Semmelweis Budapest Award&#8221; nemzetk\u00f6zi d\u00edj 2014. \u00e9vi oda\u00edt\u00e9l\u00e9s\u00e9r\u0151l<\/a><\/li>\n<li style=\"text-align: justify\"><a href=\"https:\/\/semmelweis.hu\/jogigfoig\/files\/2015\/01\/120_sz_IX_25_Jendrassik_Erno_emlekerem.pdf\" target=\"_blank\" rel=\"noopener noreferrer\">120\/2014. (IX.25.) sz\u00e1m\u00fa hat\u00e1rozat a Jendrassik Ern\u0151 eml\u00e9k\u00e9rem \u00e9s jutalomd\u00edj oda\u00edt\u00e9l\u00e9s\u00e9r\u0151l<\/a><\/li>\n<li style=\"text-align: justify\"><a href=\"https:\/\/semmelweis.hu\/jogigfoig\/files\/2015\/01\/121_sz_IX_25_Semmelweis_Ignac_emlekerem.pdf\" target=\"_blank\" rel=\"noopener noreferrer\">121\/2014. (IX.25.) sz\u00e1m\u00fa hat\u00e1rozat a Semmelweis Ign\u00e1c eml\u00e9k\u00e9rem \u00e9s jutalomd\u00edj oda\u00edt\u00e9l\u00e9s\u00e9r\u0151l<\/a><\/li>\n<li style=\"text-align: justify\"><a href=\"https:\/\/semmelweis.hu\/jogigfoig\/files\/2015\/01\/122_sz_IX_25_Minosegfejl_-bizottsag.pdf\" target=\"_blank\" rel=\"noopener noreferrer\">122\/2014. (IX.25.) sz\u00e1m\u00fa hat\u00e1rozat A Min\u0151s\u00e9gfejleszt\u00e9si \u00e9s Min\u0151s\u00e9g\u00e9rt\u00e9kel\u0151 Bizotts\u00e1g eln\u00f6k\u00e9nek megv\u00e1laszt\u00e1s\u00e1r\u00f3l<\/a><\/li>\n<li style=\"text-align: justify\"><a href=\"https:\/\/semmelweis.hu\/jogigfoig\/files\/2015\/01\/123_sz_IX_25_FB_-bizottsag.pdf\" target=\"_blank\" rel=\"noopener noreferrer\">123\/2014. (IX.25.) sz\u00e1m\u00fa hat\u00e1rozat A Fel\u00fclb\u00edr\u00e1lati Bizotts\u00e1g szem\u00e9lyi \u00f6sszet\u00e9tel\u00e9r\u0151l<\/a><\/li>\n<li style=\"text-align: justify\"><a href=\"https:\/\/semmelweis.hu\/rektori-hivatal\/files\/2015\/01\/124_IX_25_Egyetemi-bizotts\u00e1g.pdf\" target=\"_blank\" rel=\"noopener noreferrer\">124\/2014. (IX.25.) sz. hat. az Egyetem eg\u00e9sz\u00e9re kiterjed\u0151 hat\u00e1sk\u00f6rrel rendelkez\u0151 Szen\u00e1tus \u00e1ltal l\u00e9trehozott bizotts\u00e1gok mand\u00e1tum\u00e1nak meghosszabb\u00edt\u00e1s\u00e1r\u00f3l<\/a><\/li>\n<li style=\"text-align: justify\"><a href=\"https:\/\/semmelweis.hu\/jogigfoig\/files\/2015\/01\/125_sz_IX_25_EKK_-bizottsag.pdf\" target=\"_blank\" rel=\"noopener noreferrer\">125\/2014. (IX.25.) sz\u00e1m\u00fa hat\u00e1rozat Az Eg\u00e9szs\u00e9g\u00fcgyi K\u00f6zszolg\u00e1lati Karon m\u0171k\u00f6d\u0151, Szen\u00e1tus \u00e1ltal l\u00e9trehozott \u00e1lland\u00f3 kari bizotts\u00e1gok szem\u00e9lyi \u00f6sszet\u00e9tel\u00e9nek meg\u00faj\u00edt\u00e1sa<\/a><\/li>\n<li style=\"text-align: justify\"><a href=\"https:\/\/semmelweis.hu\/jogigfoig\/files\/2015\/01\/126_sz_IX_25_DI_uj_torzstagok.pdf\" target=\"_blank\" rel=\"noopener noreferrer\">126\/2014. (IX.25.) sz\u00e1m\u00fa hat\u00e1rozat a Doktori Iskola \u00faj t\u00f6rzstagjair\u00f3l<\/a><\/li>\n<li style=\"text-align: justify\"><a href=\"https:\/\/semmelweis.hu\/rektori-hivatal\/files\/2015\/01\/127_IX_25_egy_foisk_docensi_allashelyek.pdf\" target=\"_blank\" rel=\"noopener noreferrer\">127\/2014. (IX.25.) sz. hat. a 2015. \u00e9vre meghirdetni tervezett egyetemi\/f\u0151iskolai docensi \u00e1ll\u00e1shelyek l\u00e9trehoz\u00e1s\u00e1r\u00f3l<\/a><\/li>\n<li style=\"text-align: justify\"><a href=\"https:\/\/semmelweis.hu\/rektori-hivatal\/files\/2015\/01\/128_IX_25_egy_foisk_tanari_allashelyek.pdf\" target=\"_blank\" rel=\"noopener noreferrer\">128\/2014. (IX.25.) sz. hat. a 2015. \u00e9vre meghirdetni tervezett egyetemi\/f\u0151iskolai tan\u00e1ri \u00e9s tudom\u00e1nyos tan\u00e1csad\u00f3i \u00e1ll\u00e1shelyek l\u00e9trehoz\u00e1s\u00e1r\u00f3l<\/a><\/li>\n<li style=\"text-align: justify\"><a href=\"https:\/\/semmelweis.hu\/rektori-hivatal\/files\/2015\/01\/129_IX_25_gazdalk_szerv.pdf\" target=\"_blank\" rel=\"noopener noreferrer\">129\/2014. (IX.25.) sz. hat. a gazd\u00e1lkod\u00f3 szervezetek alap\u00edt\u00e1s\u00e1nak \u00e9s a gazd\u00e1lkod\u00f3 szervezetekben val\u00f3 r\u00e9szesed\u00e9s szerz\u00e9s\u00e9nek szab\u00e1lyai a Semmelweis Egyetemen c\u00edm\u0171 szab\u00e1lyzatr\u00f3l<\/a><\/li>\n<li style=\"text-align: justify\"><a href=\"https:\/\/semmelweis.hu\/rektori-hivatal\/files\/2015\/01\/130_a_IX_25_Inform_Uzem_Szab.pdf\" target=\"_blank\" rel=\"noopener noreferrer\">130\/a\/2014. (IX.25.) sz. hat. a Semmelweis Egyetem Informatikai \u00dczemeltet\u00e9si Szab\u00e1lyzat\u00e1r\u00f3l<\/a><\/li>\n<li style=\"text-align: justify\"><a href=\"https:\/\/semmelweis.hu\/rektori-hivatal\/files\/2015\/01\/130_b_IX_25_Inform_Uzem_Szab.pdf\" target=\"_blank\" rel=\"noopener noreferrer\">130\/b\/2014. (IX.25.) sz. hat. a Semmelweis Egyetem Informatikai \u00dczemeltet\u00e9si Szab\u00e1lyzat\u00e1nak elfogad\u00e1s\u00e1r\u00f3l<\/a><\/li>\n<li style=\"text-align: justify\"><a href=\"https:\/\/semmelweis.hu\/rektori-hivatal\/files\/2015\/01\/131_a_IX_25_Letesitm_fenntart_szab.pdf\" target=\"_blank\" rel=\"noopener noreferrer\">131\/a\/2014. (IX.25.) sz. hat. a L\u00e9tes\u00edtm\u00e9ny fenntart\u00e1si Szab\u00e1lyzatr\u00f3l<\/a><\/li>\n<li style=\"text-align: justify\"><a href=\"https:\/\/semmelweis.hu\/rektori-hivatal\/files\/2015\/01\/131_b_IX_25_Letesitm_fenntart_szab1.pdf\" target=\"_blank\" rel=\"noopener noreferrer\">131\/b\/2014. (IX.25.) sz. hat. a Semmelweis Egyetem L\u00e9tes\u00edtm\u00e9ny fenntart\u00e1si Szab\u00e1lyzat\u00e1nak elfogad\u00e1s\u00e1r\u00f3l<\/a><\/li>\n<li style=\"text-align: justify\"><a href=\"https:\/\/semmelweis.hu\/rektori-hivatal\/files\/2015\/01\/132_IX_25_egeszsegu_szervezo_alapszak_mintatanterv_mod.pdf\" target=\"_blank\" rel=\"noopener noreferrer\">132\/2014. (IX.25.) sz. hat. az Eg\u00e9szs\u00e9g\u00fcgyi Informatikai Fejleszt\u0151 \u00e9s Tov\u00e1bbk\u00e9pz\u0151 Int\u00e9zet Eg\u00e9szs\u00e9g\u00fcgyi szervez\u0151 alapk\u00e9pz\u00e9si szak mintaterv\u00e9nek m\u00f3dos\u00edt\u00e1s\u00e1r\u00f3l<\/a><\/li>\n<li style=\"text-align: justify\"><a href=\"https:\/\/semmelweis.hu\/rektori-hivatal\/files\/2015\/01\/133_a_IX_25_E_learning-Kozp.pdf\" target=\"_blank\" rel=\"noopener noreferrer\">133\/a\/2014. (IX.25.) sz. hat. az E-learning \u00e9s Digit\u00e1lis Tartalomfejleszt\u0151 K\u00f6zpont (EDTK) l\u00e9trehoz\u00e1s\u00e1r\u00f3l<\/a><\/li>\n<li style=\"text-align: justify\"><a href=\"https:\/\/semmelweis.hu\/rektori-hivatal\/files\/2015\/01\/133_b_IX_25_E_learning-Kozp.pdf\" target=\"_blank\" rel=\"noopener noreferrer\">133\/b\/2014. (IX.25.) sz. hat. a Szervezeti \u00e9s M\u0171k\u00f6d\u00e9si Szab\u00e1lyzat m\u00f3dos\u00edt\u00e1s\u00e1r\u00f3l<\/a><\/li>\n<\/ul>\n","protected":false},"excerpt":{"rendered":"<p><a href=\"https:\/\/semmelweis.hu\/rektori-hivatal\/files\/2015\/01\/N_IX_25_Napirend-elfogadasarol.pdf\" target=\"_blank\" rel=\"noopener noreferrer\">N-IX.25.\/2014. sz. hat. a szen\u00e1tusi \u00fcl\u00e9s napirendi pontjainak elfogad\u00e1s\u00e1r\u00f3l<\/a><br \/>\n<a href=\"https:\/\/semmelweis.hu\/rektori-hivatal\/files\/2015\/01\/114_IX_25_Besz\u00e1mol\u00f3.pdf\" target=\"_blank\" rel=\"noopener noreferrer\">114\/2014. (IX.25.) sz. hat. Besz\u00e1mol\u00f3 a Szen\u00e1tus 2014. I. f\u00e9l\u00e9v\u00e9ben (tavaszi szemeszter) hozott hat\u00e1rozatainak v\u00e9grehajt\u00e1s\u00e1r\u00f3l<\/a><br \/>\n<a href=\"https:\/\/semmelweis.hu\/rektori-hivatal\/files\/2015\/01\/115_IX_25_Munkaterv.pdf\" target=\"_blank\" rel=\"noopener noreferrer\">115\/2014. (IX.25.) sz. hat. a Szen\u00e1tus 2014. II. f\u00e9l\u00e9vi (\u0151szi szemeszter) \u00fcl\u00e9s- \u00e9s munkaterv\u00e9nek tervezete<\/a><br \/>\n<a href=\"https:\/\/semmelweis.hu\/jogigfoig\/files\/2015\/01\/116_sz_IX_25_Mellkassebeszet_egyetemi_docensi_allashely.pdf\" target=\"_blank\" rel=\"noopener noreferrer\">116\/2014. (IX.25.) sz\u00e1m\u00fa hat\u00e1rozat a 2014. \u00e9vre a Mellkasseb\u00e9szeti Tansz\u00e9ken meghirdetett egyetemi docensi munkak\u00f6rre beny\u00fajtott p\u00e1ly\u00e1zat v\u00e9lem\u00e9nyez\u00e9se<\/a><br \/>\n<a href=\"https:\/\/semmelweis.hu\/jogigfoig\/files\/2015\/01\/117_sz_IX_25_Huzella_Tivadar_emlekerem.pdf\" target=\"_blank\" rel=\"noopener noreferrer\">117\/2014. (IX.25.) sz\u00e1m\u00fa hat\u00e1rozat A 2014. \u00e9vi Huzella Tivadar eml\u00e9k\u00e9rem \u00e9s jutalomd\u00edj adom\u00e1nyoz\u00e1s\u00e1r\u00f3l<\/a><br \/>\n<a href=\"https:\/\/semmelweis.hu\/jogigfoig\/files\/2015\/01\/118_sz_IX_25_Hugonnai_emlekerem.pdf\" target=\"_blank\" rel=\"noopener noreferrer\">118\/2014. (IX.25.) sz\u00e1m\u00fa hat\u00e1rozat a Hugonnai Vilma eml\u00e9k\u00e9rem \u00e9s jutalomd\u00edj oda\u00edt\u00e9l\u00e9s\u00e9r\u0151l<\/a><br \/>\n<a href=\"https:\/\/semmelweis.hu\/jogigfoig\/files\/2015\/01\/119_sz_IX_25_Budapest_Award_nemzetkozi_dij.pdf\" target=\"_blank\" rel=\"noopener noreferrer\">119\/2014. (IX.25.) sz\u00e1m\u00fa hat\u00e1rozat a &#8222;Semmelweis Budapest Award&#8221; nemzetk\u00f6zi d\u00edj 2014. \u00e9vi oda\u00edt\u00e9l\u00e9s\u00e9r\u0151l<\/a><br \/>\n<a href=\"https:\/\/semmelweis.hu\/jogigfoig\/files\/2015\/01\/120_sz_IX_25_Jendrassik_Erno_emlekerem.pdf\" target=\"_blank\" rel=\"noopener noreferrer\">120\/2014. (IX.25.) sz\u00e1m\u00fa hat\u00e1rozat a Jendrassik Ern\u0151 eml\u00e9k\u00e9rem \u00e9s jutalomd\u00edj oda\u00edt\u00e9l\u00e9s\u00e9r\u0151l<\/a><br \/>\n<a href=\"https:\/\/semmelweis.hu\/jogigfoig\/files\/2015\/01\/121_sz_IX_25_Semmelweis_Ignac_emlekerem.pdf\" target=\"_blank\" rel=\"noopener noreferrer\">121\/2014. (IX.25.) sz\u00e1m\u00fa hat\u00e1rozat a Semmelweis Ign\u00e1c eml\u00e9k\u00e9rem \u00e9s jutalomd\u00edj oda\u00edt\u00e9l\u00e9s\u00e9r\u0151l<\/a><br \/>\n<a href=\"https:\/\/semmelweis.hu\/jogigfoig\/files\/2015\/01\/122_sz_IX_25_Minosegfejl_-bizottsag.pdf\" target=\"_blank\" rel=\"noopener noreferrer\">122\/2014. (IX.25.) sz\u00e1m\u00fa hat\u00e1rozat A Min\u0151s\u00e9gfejleszt\u00e9si \u00e9s Min\u0151s\u00e9g\u00e9rt\u00e9kel\u0151 Bizotts\u00e1g eln\u00f6k\u00e9nek megv\u00e1laszt\u00e1s\u00e1r\u00f3l<\/a><br \/>\n<a href=\"https:\/\/semmelweis.hu\/jogigfoig\/files\/2015\/01\/123_sz_IX_25_FB_-bizottsag.pdf\" target=\"_blank\" rel=\"noopener noreferrer\">123\/2014. (IX.25.) sz\u00e1m\u00fa hat\u00e1rozat A Fel\u00fclb\u00edr\u00e1lati Bizotts\u00e1g szem\u00e9lyi \u00f6sszet\u00e9tel\u00e9r\u0151l<\/a><br \/>\n<a href=\"https:\/\/semmelweis.hu\/rektori-hivatal\/files\/2015\/01\/124_IX_25_Egyetemi-bizotts\u00e1g.pdf\" target=\"_blank\" rel=\"noopener noreferrer\">124\/2014. (IX.25.) sz. hat. az Egyetem eg\u00e9sz\u00e9re kiterjed\u0151 hat\u00e1sk\u00f6rrel rendelkez\u0151 Szen\u00e1tus \u00e1ltal l\u00e9trehozott bizotts\u00e1gok mand\u00e1tum\u00e1nak meghosszabb\u00edt\u00e1s\u00e1r\u00f3l<\/a><br \/>\n<a href=\"https:\/\/semmelweis.hu\/jogigfoig\/files\/2015\/01\/125_sz_IX_25_EKK_-bizottsag.pdf\" target=\"_blank\" rel=\"noopener noreferrer\">125\/2014. (IX.25.) sz\u00e1m\u00fa hat\u00e1rozat Az Eg\u00e9szs\u00e9g\u00fcgyi K\u00f6zszolg\u00e1lati Karon m\u0171k\u00f6d\u0151, Szen\u00e1tus \u00e1ltal l\u00e9trehozott \u00e1lland\u00f3 kari bizotts\u00e1gok szem\u00e9lyi \u00f6sszet\u00e9tel\u00e9nek meg\u00faj\u00edt\u00e1sa<\/a><br \/>\n<a href=\"https:\/\/semmelweis.hu\/jogigfoig\/files\/2015\/01\/126_sz_IX_25_DI_uj_torzstagok.pdf\" target=\"_blank\" rel=\"noopener noreferrer\">126\/2014. (IX.25.) sz\u00e1m\u00fa hat\u00e1rozat a Doktori Iskola \u00faj t\u00f6rzstagjair\u00f3l<\/a><br \/>\n<a href=\"https:\/\/semmelweis.hu\/rektori-hivatal\/files\/2015\/01\/127_IX_25_egy_foisk_docensi_allashelyek.pdf\" target=\"_blank\" rel=\"noopener noreferrer\">127\/2014. (IX.25.) sz. hat. a 2015. \u00e9vre meghirdetni tervezett egyetemi\/f\u0151iskolai docensi \u00e1ll\u00e1shelyek l\u00e9trehoz\u00e1s\u00e1r\u00f3l<\/a><br \/>\n<a href=\"https:\/\/semmelweis.hu\/rektori-hivatal\/files\/2015\/01\/128_IX_25_egy_foisk_tanari_allashelyek.pdf\" target=\"_blank\" rel=\"noopener noreferrer\">128\/2014. (IX.25.) sz. hat. a 2015. \u00e9vre meghirdetni tervezett egyetemi\/f\u0151iskolai tan\u00e1ri \u00e9s tudom\u00e1nyos tan\u00e1csad\u00f3i \u00e1ll\u00e1shelyek l\u00e9trehoz\u00e1s\u00e1r\u00f3l<\/a><br \/>\n<a href=\"https:\/\/semmelweis.hu\/rektori-hivatal\/files\/2015\/01\/129_IX_25_gazdalk_szerv.pdf\" target=\"_blank\" rel=\"noopener noreferrer\">129\/2014. (IX.25.) sz. hat. a gazd\u00e1lkod\u00f3 szervezetek alap\u00edt\u00e1s\u00e1nak \u00e9s a gazd\u00e1lkod\u00f3 szervezetekben val\u00f3 r\u00e9szesed\u00e9s szerz\u00e9s\u00e9nek szab\u00e1lyai a Semmelweis Egyetemen c\u00edm\u0171 szab\u00e1lyzatr\u00f3l<\/a><br \/>\n<a href=\"https:\/\/semmelweis.hu\/rektori-hivatal\/files\/2015\/01\/130_a_IX_25_Inform_Uzem_Szab.pdf\" target=\"_blank\" rel=\"noopener noreferrer\">130\/a\/2014. (IX.25.) sz. hat. a Semmelweis Egyetem Informatikai \u00dczemeltet\u00e9si Szab\u00e1lyzat\u00e1r\u00f3l<\/a><br \/>\n<a href=\"https:\/\/semmelweis.hu\/rektori-hivatal\/files\/2015\/01\/130_b_IX_25_Inform_Uzem_Szab.pdf\" target=\"_blank\" rel=\"noopener noreferrer\">130\/b\/2014. (IX.25.) sz. hat. a Semmelweis Egyetem Informatikai \u00dczemeltet\u00e9si Szab\u00e1lyzat\u00e1nak elfogad\u00e1s\u00e1r\u00f3l<\/a><br \/>\n<a href=\"https:\/\/semmelweis.hu\/rektori-hivatal\/files\/2015\/01\/131_a_IX_25_Letesitm_fenntart_szab.pdf\" target=\"_blank\" rel=\"noopener noreferrer\">131\/a\/2014. (IX.25.) sz. hat. a L\u00e9tes\u00edtm\u00e9ny fenntart\u00e1si Szab\u00e1lyzatr\u00f3l<\/a><br \/>\n<a href=\"https:\/\/semmelweis.hu\/rektori-hivatal\/files\/2015\/01\/131_b_IX_25_Letesitm_fenntart_szab1.pdf\" target=\"_blank\" rel=\"noopener noreferrer\">131\/b\/2014. (IX.25.) sz. hat. a Semmelweis Egyetem L\u00e9tes\u00edtm\u00e9ny fenntart\u00e1si Szab\u00e1lyzat\u00e1nak elfogad\u00e1s\u00e1r\u00f3l<\/a><br \/>\n<a href=\"https:\/\/semmelweis.hu\/rektori-hivatal\/files\/2015\/01\/132_IX_25_egeszsegu_szervezo_alapszak_mintatanterv_mod.pdf\" target=\"_blank\" rel=\"noopener noreferrer\">132\/2014. (IX.25.) sz. hat. az Eg\u00e9szs\u00e9g\u00fcgyi Informatikai Fejleszt\u0151 \u00e9s Tov\u00e1bbk\u00e9pz\u0151 Int\u00e9zet Eg\u00e9szs\u00e9g\u00fcgyi szervez\u0151 alapk\u00e9pz\u00e9si szak mintaterv\u00e9nek m\u00f3dos\u00edt\u00e1s\u00e1r\u00f3l<\/a><br \/>\n<a href=\"https:\/\/semmelweis.hu\/rektori-hivatal\/files\/2015\/01\/133_a_IX_25_E_learning-Kozp.pdf\" target=\"_blank\" rel=\"noopener noreferrer\">133\/a\/2014. (IX.25.) sz. hat. az E-learning \u00e9s Digit\u00e1lis Tartalomfejleszt\u0151 K\u00f6zpont (EDTK) l\u00e9trehoz\u00e1s\u00e1r\u00f3l<\/a><br \/>\n<a href=\"https:\/\/semmelweis.hu\/rektori-hivatal\/files\/2015\/01\/133_b_IX_25_E_learning-Kozp.pdf\" target=\"_blank\" rel=\"noopener noreferrer\">133\/b\/2014. (IX.25.) sz. hat. a Szervezeti \u00e9s M\u0171k\u00f6d\u00e9si Szab\u00e1lyzat m\u00f3dos\u00edt\u00e1s\u00e1r\u00f3l<\/a><\/p>\n","protected":false},"author":12,"featured_media":0,"parent":7840,"menu_order":16,"comment_status":"open","ping_status":"open","template":"","meta":{"_acf_changed":false,"footnotes":""},"categories":[1],"tags":[],"class_list":["post-2776","page","type-page","status-publish","hentry","category-egyeb"],"acf":[],"_links":{"self":[{"href":"https:\/\/semmelweis.hu\/jogigfoig\/wp-json\/wp\/v2\/pages\/2776","targetHints":{"allow":["GET"]}}],"collection":[{"href":"https:\/\/semmelweis.hu\/jogigfoig\/wp-json\/wp\/v2\/pages"}],"about":[{"href":"https:\/\/semmelweis.hu\/jogigfoig\/wp-json\/wp\/v2\/types\/page"}],"author":[{"embeddable":true,"href":"https:\/\/semmelweis.hu\/jogigfoig\/wp-json\/wp\/v2\/users\/12"}],"replies":[{"embeddable":true,"href":"https:\/\/semmelweis.hu\/jogigfoig\/wp-json\/wp\/v2\/comments?post=2776"}],"version-history":[{"count":10,"href":"https:\/\/semmelweis.hu\/jogigfoig\/wp-json\/wp\/v2\/pages\/2776\/revisions"}],"predecessor-version":[{"id":7887,"href":"https:\/\/semmelweis.hu\/jogigfoig\/wp-json\/wp\/v2\/pages\/2776\/revisions\/7887"}],"up":[{"embeddable":true,"href":"https:\/\/semmelweis.hu\/jogigfoig\/wp-json\/wp\/v2\/pages\/7840"}],"wp:attachment":[{"href":"https:\/\/semmelweis.hu\/jogigfoig\/wp-json\/wp\/v2\/media?parent=2776"}],"wp:term":[{"taxonomy":"category","embeddable":true,"href":"https:\/\/semmelweis.hu\/jogigfoig\/wp-json\/wp\/v2\/categories?post=2776"},{"taxonomy":"post_tag","embeddable":true,"href":"https:\/\/semmelweis.hu\/jogigfoig\/wp-json\/wp\/v2\/tags?post=2776"}],"curies":[{"name":"wp","href":"https:\/\/api.w.org\/{rel}","templated":true}]}}