{"id":2774,"date":"2015-01-07T16:00:18","date_gmt":"2015-01-07T15:00:18","guid":{"rendered":"http:\/\/semmelweis.hu\/rektori-hivatal\/?page_id=2774"},"modified":"2020-02-12T08:48:28","modified_gmt":"2020-02-12T07:48:28","slug":"2014-szeptember-15","status":"publish","type":"page","link":"https:\/\/semmelweis.hu\/jogigfoig\/testuletek\/szenatus\/2014-evi-szenatusi-hatarozatok\/2014-szeptember-15\/","title":{"rendered":"2014. szeptember 15."},"content":{"rendered":"<ul>\n<li style=\"text-align: justify\"><a href=\"https:\/\/semmelweis.hu\/rektori-hivatal\/files\/2015\/01\/112_IX_15_Kor\u00e1nyi-Projekt_tr-ellat.pdf\" target=\"_blank\" rel=\"noopener noreferrer\">112\/2014. (IX.15.) sz. hat. az EMMI sz\u00e1m\u00e1ra megadand\u00f3 koncepcion\u00e1lis javaslatokr\u00f3l a Kor\u00e1nyi Projekt keret\u00e9ben megval\u00f3sul\u00f3 traumatol\u00f3giai ell\u00e1t\u00e1sra vonatkoz\u00f3an<\/a><\/li>\n<li style=\"text-align: justify\"><a href=\"https:\/\/semmelweis.hu\/rektori-hivatal\/files\/2015\/01\/113_IX_15_SE-elvi-strategia.pdf\" target=\"_blank\" rel=\"noopener noreferrer\">113\/2014. (IX.15.) sz.\u00a0 hat. v\u00e9lem\u00e9ny megfogalmaz\u00e1sa a Semmelweis Egyetem elvi-strat\u00e9giai szerep\u00e9r\u0151l a hazai ell\u00e1t\u00f3rendszerben \u00e9s ehhez kapcsol\u00f3d\u00f3 operat\u00edv int\u00e9zked\u00e9seket \u00e9rint\u0151 javaslatokr\u00f3l<\/a><\/li>\n<\/ul>\n","protected":false},"excerpt":{"rendered":"<p><a href=\"https:\/\/semmelweis.hu\/rektori-hivatal\/files\/2015\/01\/112_IX_15_Kor\u00e1nyi-Projekt_tr-ellat.pdf\" target=\"_blank\" rel=\"noopener noreferrer\">112\/2014. (IX.15.) sz. hat. az EMMI sz\u00e1m\u00e1ra megadand\u00f3 koncepcion\u00e1lis javaslatokr\u00f3l a Kor\u00e1nyi Projekt keret\u00e9ben megval\u00f3sul\u00f3 traumatol\u00f3giai ell\u00e1t\u00e1sra vonatkoz\u00f3an<\/a><br \/>\n<a href=\"https:\/\/semmelweis.hu\/rektori-hivatal\/files\/2015\/01\/113_IX_15_SE-elvi-strategia.pdf\" target=\"_blank\" rel=\"noopener noreferrer\">113\/2014. (IX.15.) sz.\u00a0 hat. v\u00e9lem\u00e9ny megfogalmaz\u00e1sa a Semmelweis Egyetem elvi-strat\u00e9giai szerep\u00e9r\u0151l a hazai ell\u00e1t\u00f3rendszerben \u00e9s ehhez kapcsol\u00f3d\u00f3 operat\u00edv int\u00e9zked\u00e9seket \u00e9rint\u0151 javaslatokr\u00f3l<\/a><\/p>\n","protected":false},"author":12,"featured_media":0,"parent":7840,"menu_order":15,"comment_status":"open","ping_status":"open","template":"","meta":{"_acf_changed":false,"footnotes":""},"categories":[1],"tags":[],"class_list":["post-2774","page","type-page","status-publish","hentry","category-egyeb"],"acf":[],"_links":{"self":[{"href":"https:\/\/semmelweis.hu\/jogigfoig\/wp-json\/wp\/v2\/pages\/2774","targetHints":{"allow":["GET"]}}],"collection":[{"href":"https:\/\/semmelweis.hu\/jogigfoig\/wp-json\/wp\/v2\/pages"}],"about":[{"href":"https:\/\/semmelweis.hu\/jogigfoig\/wp-json\/wp\/v2\/types\/page"}],"author":[{"embeddable":true,"href":"https:\/\/semmelweis.hu\/jogigfoig\/wp-json\/wp\/v2\/users\/12"}],"replies":[{"embeddable":true,"href":"https:\/\/semmelweis.hu\/jogigfoig\/wp-json\/wp\/v2\/comments?post=2774"}],"version-history":[{"count":5,"href":"https:\/\/semmelweis.hu\/jogigfoig\/wp-json\/wp\/v2\/pages\/2774\/revisions"}],"predecessor-version":[{"id":7888,"href":"https:\/\/semmelweis.hu\/jogigfoig\/wp-json\/wp\/v2\/pages\/2774\/revisions\/7888"}],"up":[{"embeddable":true,"href":"https:\/\/semmelweis.hu\/jogigfoig\/wp-json\/wp\/v2\/pages\/7840"}],"wp:attachment":[{"href":"https:\/\/semmelweis.hu\/jogigfoig\/wp-json\/wp\/v2\/media?parent=2774"}],"wp:term":[{"taxonomy":"category","embeddable":true,"href":"https:\/\/semmelweis.hu\/jogigfoig\/wp-json\/wp\/v2\/categories?post=2774"},{"taxonomy":"post_tag","embeddable":true,"href":"https:\/\/semmelweis.hu\/jogigfoig\/wp-json\/wp\/v2\/tags?post=2774"}],"curies":[{"name":"wp","href":"https:\/\/api.w.org\/{rel}","templated":true}]}}