{"id":2739,"date":"2014-11-27T16:30:33","date_gmt":"2014-11-27T15:30:33","guid":{"rendered":"http:\/\/semmelweis.hu\/rektori-hivatal\/?page_id=2739"},"modified":"2020-02-12T08:49:17","modified_gmt":"2020-02-12T07:49:17","slug":"2014-november-24-elektronikus-szavazas","status":"publish","type":"page","link":"https:\/\/semmelweis.hu\/jogigfoig\/testuletek\/szenatus\/2014-evi-szenatusi-hatarozatok\/2014-november-24-elektronikus-szavazas\/","title":{"rendered":"2014. november 24. (elektronikus szavaz\u00e1s)"},"content":{"rendered":"<ul>\n<li><a href=\"https:\/\/semmelweis.hu\/rektori-hivatal\/files\/2014\/11\/149_2014_XI_24_Semmelweis-Symposium-szab\u00e1lyzat.pdf\" target=\"_blank\" rel=\"noopener noreferrer\">149\/2014. (XI.24.) sz. hat. a Semmelweis Symposium szab\u00e1lyzat\u00e1r\u00f3l <\/a><\/li>\n<\/ul>\n","protected":false},"excerpt":{"rendered":"<p><a href=\"https:\/\/semmelweis.hu\/rektori-hivatal\/files\/2014\/11\/149_2014_XI_24_Semmelweis-Symposium-szab\u00e1lyzat.pdf\" target=\"_blank\" rel=\"noopener noreferrer\">149\/2014. (XI.24.) sz. hat. a Semmelweis Symposium szab\u00e1lyzat\u00e1r\u00f3l <\/a><\/p>\n","protected":false},"author":12,"featured_media":0,"parent":7840,"menu_order":21,"comment_status":"open","ping_status":"open","template":"","meta":{"_acf_changed":false,"footnotes":""},"categories":[1],"tags":[],"class_list":["post-2739","page","type-page","status-publish","hentry","category-egyeb"],"acf":[],"_links":{"self":[{"href":"https:\/\/semmelweis.hu\/jogigfoig\/wp-json\/wp\/v2\/pages\/2739","targetHints":{"allow":["GET"]}}],"collection":[{"href":"https:\/\/semmelweis.hu\/jogigfoig\/wp-json\/wp\/v2\/pages"}],"about":[{"href":"https:\/\/semmelweis.hu\/jogigfoig\/wp-json\/wp\/v2\/types\/page"}],"author":[{"embeddable":true,"href":"https:\/\/semmelweis.hu\/jogigfoig\/wp-json\/wp\/v2\/users\/12"}],"replies":[{"embeddable":true,"href":"https:\/\/semmelweis.hu\/jogigfoig\/wp-json\/wp\/v2\/comments?post=2739"}],"version-history":[{"count":3,"href":"https:\/\/semmelweis.hu\/jogigfoig\/wp-json\/wp\/v2\/pages\/2739\/revisions"}],"predecessor-version":[{"id":7882,"href":"https:\/\/semmelweis.hu\/jogigfoig\/wp-json\/wp\/v2\/pages\/2739\/revisions\/7882"}],"up":[{"embeddable":true,"href":"https:\/\/semmelweis.hu\/jogigfoig\/wp-json\/wp\/v2\/pages\/7840"}],"wp:attachment":[{"href":"https:\/\/semmelweis.hu\/jogigfoig\/wp-json\/wp\/v2\/media?parent=2739"}],"wp:term":[{"taxonomy":"category","embeddable":true,"href":"https:\/\/semmelweis.hu\/jogigfoig\/wp-json\/wp\/v2\/categories?post=2739"},{"taxonomy":"post_tag","embeddable":true,"href":"https:\/\/semmelweis.hu\/jogigfoig\/wp-json\/wp\/v2\/tags?post=2739"}],"curies":[{"name":"wp","href":"https:\/\/api.w.org\/{rel}","templated":true}]}}