{"id":2720,"date":"2014-11-19T14:36:59","date_gmt":"2014-11-19T13:36:59","guid":{"rendered":"http:\/\/semmelweis.hu\/rektori-hivatal\/?page_id=2720"},"modified":"2020-02-12T08:49:10","modified_gmt":"2020-02-12T07:49:10","slug":"2014-november-14-elektronikus-szavazas","status":"publish","type":"page","link":"https:\/\/semmelweis.hu\/jogigfoig\/testuletek\/szenatus\/2014-evi-szenatusi-hatarozatok\/2014-november-14-elektronikus-szavazas\/","title":{"rendered":"2014. november 14. (elektronikus szavaz\u00e1s)"},"content":{"rendered":"<ul>\n<li style=\"text-align: justify\"><a href=\"https:\/\/semmelweis.hu\/rektori-hivatal\/files\/2014\/11\/148_2014_XI_14_az-Egyetemi-Allatkis-Biz-nevenek-es-felelos-szemelyenek-mod.pdf\" target=\"_blank\" rel=\"noopener noreferrer\">148\/2014. (XI.14.) sz. hat. az Egyetemi \u00c1llatk\u00eds\u00e9rleti Bizotts\u00e1g nev\u00e9nek \u00e9s felel\u0151s szem\u00e9ly\u00e9nek m\u00f3dos\u00edt\u00e1s\u00e1r\u00f3l <\/a><\/li>\n<\/ul>\n","protected":false},"excerpt":{"rendered":"<p><a href=\"https:\/\/semmelweis.hu\/rektori-hivatal\/files\/2014\/11\/148_2014_XI_14_az-Egyetemi-Allatkis-Biz-nevenek-es-felelos-szemelyenek-mod.pdf\" target=\"_blank\" rel=\"noopener noreferrer\">148\/2014. (XI.14.) sz. hat. az Egyetemi \u00c1llatk\u00eds\u00e9rleti Bizotts\u00e1g nev\u00e9nek \u00e9s felel\u0151s szem\u00e9ly\u00e9nek m\u00f3dos\u00edt\u00e1s\u00e1r\u00f3l <\/a><\/p>\n","protected":false},"author":12,"featured_media":0,"parent":7840,"menu_order":20,"comment_status":"open","ping_status":"open","template":"","meta":{"_acf_changed":false,"footnotes":""},"categories":[1],"tags":[],"class_list":["post-2720","page","type-page","status-publish","hentry","category-egyeb"],"acf":[],"_links":{"self":[{"href":"https:\/\/semmelweis.hu\/jogigfoig\/wp-json\/wp\/v2\/pages\/2720","targetHints":{"allow":["GET"]}}],"collection":[{"href":"https:\/\/semmelweis.hu\/jogigfoig\/wp-json\/wp\/v2\/pages"}],"about":[{"href":"https:\/\/semmelweis.hu\/jogigfoig\/wp-json\/wp\/v2\/types\/page"}],"author":[{"embeddable":true,"href":"https:\/\/semmelweis.hu\/jogigfoig\/wp-json\/wp\/v2\/users\/12"}],"replies":[{"embeddable":true,"href":"https:\/\/semmelweis.hu\/jogigfoig\/wp-json\/wp\/v2\/comments?post=2720"}],"version-history":[{"count":4,"href":"https:\/\/semmelweis.hu\/jogigfoig\/wp-json\/wp\/v2\/pages\/2720\/revisions"}],"predecessor-version":[{"id":7883,"href":"https:\/\/semmelweis.hu\/jogigfoig\/wp-json\/wp\/v2\/pages\/2720\/revisions\/7883"}],"up":[{"embeddable":true,"href":"https:\/\/semmelweis.hu\/jogigfoig\/wp-json\/wp\/v2\/pages\/7840"}],"wp:attachment":[{"href":"https:\/\/semmelweis.hu\/jogigfoig\/wp-json\/wp\/v2\/media?parent=2720"}],"wp:term":[{"taxonomy":"category","embeddable":true,"href":"https:\/\/semmelweis.hu\/jogigfoig\/wp-json\/wp\/v2\/categories?post=2720"},{"taxonomy":"post_tag","embeddable":true,"href":"https:\/\/semmelweis.hu\/jogigfoig\/wp-json\/wp\/v2\/tags?post=2720"}],"curies":[{"name":"wp","href":"https:\/\/api.w.org\/{rel}","templated":true}]}}