{"id":2712,"date":"2014-11-14T11:17:24","date_gmt":"2014-11-14T10:17:24","guid":{"rendered":"http:\/\/semmelweis.hu\/rektori-hivatal\/?page_id=2712"},"modified":"2020-02-12T08:49:04","modified_gmt":"2020-02-12T07:49:04","slug":"2014-oktober-30","status":"publish","type":"page","link":"https:\/\/semmelweis.hu\/jogigfoig\/testuletek\/szenatus\/2014-evi-szenatusi-hatarozatok\/2014-oktober-30\/","title":{"rendered":"2014. okt\u00f3ber 30."},"content":{"rendered":"<ul>\n<li style=\"text-align: justify\"><a href=\"https:\/\/semmelweis.hu\/rektori-hivatal\/files\/2014\/11\/N_X_30_Napirend-elfogad\u00e1s\u00e1r\u00f3l.pdf\" target=\"_blank\" rel=\"noopener noreferrer\">N-X.30.\/2014. sz. hat. a szen\u00e1tusi \u00fcl\u00e9s napirendi pontjainak elfogad\u00e1s\u00e1r\u00f3l <\/a><\/li>\n<li style=\"text-align: justify\"><a href=\"https:\/\/semmelweis.hu\/jogigfoig\/files\/2014\/11\/136_sz_X_30_ETK_foisk_tanari.pdf\" target=\"_blank\" rel=\"noopener noreferrer\">136\/2014. (X.30.) sz\u00e1m\u00fa hat\u00e1rozat 2014. \u00e9vre az Eg\u00e9szs\u00e9gtudom\u00e1nyi Karon meghirdetett soron k\u00edv\u00fcli f\u0151iskolai tan\u00e1ri munkak\u00f6rre beny\u00fajtott p\u00e1ly\u00e1zatok v\u00e9lem\u00e9nyez\u00e9se<\/a><\/li>\n<li style=\"text-align: justify\"><a href=\"https:\/\/semmelweis.hu\/jogigfoig\/files\/2014\/11\/137_sz_X_30_AOK_egyetemi_docensi.pdf\" target=\"_blank\" rel=\"noopener noreferrer\">137\/2014. (X.30.) sz\u00e1m\u00fa hat\u00e1rozat 2014. \u00e9vre az \u00c1ltal\u00e1nos Orvostudom\u00e1nyi Karon meghirdetett soron k\u00edv\u00fcli egyetemi docensi munkak\u00f6rre beny\u00fajtott p\u00e1ly\u00e1zatok v\u00e9lem\u00e9nyez\u00e9se<\/a><\/li>\n<li style=\"text-align: justify\"><a href=\"https:\/\/semmelweis.hu\/jogigfoig\/files\/2014\/11\/138_sz_X_30_GYTK_allandobizotts.pdf\" target=\"_blank\" rel=\"noopener noreferrer\">138\/2014. (X.30.) sz\u00e1m\u00fa hat\u00e1rozat a Gy\u00f3gyszer\u00e9sztudom\u00e1nyi Karon m\u0171k\u00f6d\u0151, Szen\u00e1tus \u00e1ltal l\u00e9trehozott \u00e1lland\u00f3 bizotts\u00e1gok \u00f6sszet\u00e9tel\u00e9nek m\u00f3dos\u00edt\u00e1s\u00e1r\u00f3l, az \u00faj hallgat\u00f3i tagok megv\u00e1laszt\u00e1s\u00e1r\u00f3l<\/a><\/li>\n<li style=\"text-align: justify\"><a href=\"https:\/\/semmelweis.hu\/rektori-hivatal\/files\/2014\/11\/139_a_sz_X_30_SZMSz_Kari-Tan\u00e1cs.pdf\" target=\"_blank\" rel=\"noopener noreferrer\">139\/A\/2014. (X.30.) sz. hat. a Semmelweis Egyetem Szervezeti \u00e9s M\u0171k\u00f6d\u00e9si Szab\u00e1lyzat\u00e1nak a Kari Tan\u00e1cs\u00a0 \u00f6sszet\u00e9tel\u00e9re vonatkoz\u00f3 rendelkez\u00e9sei m\u00f3dos\u00edt\u00e1s\u00e1r\u00f3l <\/a><\/li>\n<li style=\"text-align: justify\"><a href=\"https:\/\/semmelweis.hu\/rektori-hivatal\/files\/2014\/11\/139_b_sz_X_30_SZMSZ_Kari-Tan\u00e1cs.pdf\" target=\"_blank\" rel=\"noopener noreferrer\">139\/B\/2014. (X.30.) sz. hat. a Semmelweis Egyetem Szervezeti \u00e9s M\u0171k\u00f6d\u00e9si Szab\u00e1lyzat\u00e1nak a Kari Tan\u00e1cs \u00f6sszet\u00e9tel\u00e9re vonatkoz\u00f3 rendelkez\u00e9sei m\u00f3dos\u00edt\u00e1s\u00e1r\u00f3l <\/a><\/li>\n<li style=\"text-align: justify\"><a href=\"https:\/\/semmelweis.hu\/rektori-hivatal\/files\/2014\/11\/140_sz_X_30_demonstr\u00e1torok_alk.pdf\" target=\"_blank\" rel=\"noopener noreferrer\">140\/2014. (X.30.) sz. hat. a demonstr\u00e1torok alkalmaz\u00e1s\u00e1nak \u00e1ltal\u00e1nos elveir\u0151l sz\u00f3l\u00f3 134\/2001. (XII.18.) ET. sz\u00e1m\u00fa hat\u00e1rozat m\u00f3dos\u00edt\u00e1s\u00e1r\u00f3l <\/a><\/li>\n<li style=\"text-align: justify\"><a href=\"https:\/\/semmelweis.hu\/rektori-hivatal\/files\/2014\/11\/141_a_sz_X_30_SZMSZ_m\u00f3d.pdf\" target=\"_blank\" rel=\"noopener noreferrer\">141\/A\/2014. (X.30.) sz. hat. a Semmelweis Egyetem Szervezeti \u00e9s M\u0171k\u00f6d\u00e9si Szab\u00e1lyzat\u00e1nak m\u00f3dos\u00edt\u00e1s\u00e1r\u00f3l <\/a><\/li>\n<li style=\"text-align: justify\"><a href=\"https:\/\/semmelweis.hu\/rektori-hivatal\/files\/2014\/11\/141_b_sz_X_30_SZMSZ_m\u00f3d.pdf\" target=\"_blank\" rel=\"noopener noreferrer\">141\/B\/2014. (X.30.) sz. hat. a Semmelweis Egyetem Szervezeti \u00e9s M\u0171k\u00f6d\u00e9si Szab\u00e1lyzat\u00e1nak m\u00f3dos\u00edt\u00e1s\u00e1r\u00f3l<\/a><\/li>\n<li style=\"text-align: justify\"><a href=\"https:\/\/semmelweis.hu\/rektori-hivatal\/files\/2014\/11\/142_sz_X_30_klinikai_logop\u00e9dia_l\u00e9tes_ind\u00edt.pdf\" target=\"_blank\" rel=\"noopener noreferrer\">142\/2014. (X.30.) sz. hat. \u00c1pol\u00e1s \u00e9s betegell\u00e1t\u00e1s alapszak klinikai logop\u00e9dia szakir\u00e1ny l\u00e9tes\u00edt\u00e9se\u00a0 \u00e9s ind\u00edt\u00e1sa <\/a><\/li>\n<li style=\"text-align: justify\"><a href=\"https:\/\/semmelweis.hu\/rektori-hivatal\/files\/2014\/11\/143_sz_X_30_Eg\u00e9szs\u00e9g\u00fcgyi_tan\u00e1r.pdf\" target=\"_blank\" rel=\"noopener noreferrer\">143\/2014. (X.30.) sz. hat. Eg\u00e9szs\u00e9g\u00fcgyi tan\u00e1r mesterk\u00e9pz\u00e9si szak ind\u00edt\u00e1s\u00e1r\u00f3l az Eg\u00e9szs\u00e9gtudom\u00e1nyi Karon <\/a><\/li>\n<li style=\"text-align: justify\"><a href=\"https:\/\/semmelweis.hu\/rektori-hivatal\/files\/2014\/11\/144_sz_X_30_eg\u00e9szs\u00e9gturizmus_szakir\u00e1ny.pdf\" target=\"_blank\" rel=\"noopener noreferrer\">144\/2014. (X.30.) sz. hat. Angol nyelv\u0171 eg\u00e9szs\u00e9g\u00fcgyi szervez\u0151 alapszak eg\u00e9szs\u00e9gturizmus-szervez\u0151 szakir\u00e1ny ind\u00edt\u00e1sa <\/a><\/li>\n<li style=\"text-align: justify\"><a href=\"https:\/\/semmelweis.hu\/rektori-hivatal\/files\/2014\/11\/145_sz_X_30_H\u00d6K_Alapszab\u00e1ly.pdf\" target=\"_blank\" rel=\"noopener noreferrer\">145\/2014. (X.30.) sz. hat. az \u00faj, egys\u00e9ges Hallgat\u00f3i \u00d6nkorm\u00e1nyzat Alapszab\u00e1lya t\u00e1rgy\u00e1ban <\/a><\/li>\n<li style=\"text-align: justify\"><a href=\"https:\/\/semmelweis.hu\/rektori-hivatal\/files\/2014\/11\/146_a_sz_X_30_SZMSZ_Habilit\u00e1ci\u00f3s_Szab.pdf\" target=\"_blank\" rel=\"noopener noreferrer\">146\/A\/2014. (X.30.) sz. hat. a Semmelweis Egyetem Szervezeti \u00e9s M\u0171k\u00f6d\u00e9si Szab\u00e1lyzatr\u00f3l <\/a><\/li>\n<li style=\"text-align: justify\"><a href=\"https:\/\/semmelweis.hu\/rektori-hivatal\/files\/2014\/11\/146_b_sz_X_30_SZMSZ_Habilit_Szab.pdf\" target=\"_blank\" rel=\"noopener noreferrer\">146\/B\/2014. (X.30.) sz. hat. a Semmelweis Egyetem Szervezeti \u00e9s M\u0171k\u00f6d\u00e9si Szab\u00e1lyzat\u00e1nak m\u00f3dos\u00edt\u00e1s\u00e1r\u00f3l <\/a><\/li>\n<li style=\"text-align: justify\"><a href=\"https:\/\/semmelweis.hu\/rektori-hivatal\/files\/2014\/11\/147_a_X_30_L\u00e9tes\u00edtm\u00e9nyfenntart_Szab.pdf\" target=\"_blank\" rel=\"noopener noreferrer\">147\/A\/2014. (X.30.) sz. hat. a L\u00e9tes\u00edtm\u00e9ny fenntart\u00e1si Szab\u00e1lyzat m\u00f3dos\u00edt\u00e1s\u00e1r\u00f3l <\/a><\/li>\n<li style=\"text-align: justify\"><a href=\"https:\/\/semmelweis.hu\/rektori-hivatal\/files\/2014\/11\/147_b_X_30_L\u00e9tes\u00edtm_fenntart_Szab.pdf\" target=\"_blank\" rel=\"noopener noreferrer\">147\/B\/2014.\u00a0 (X.30.) sz. hat. a Semmelweis Egyetem L\u00e9tes\u00edtm\u00e9ny fenntart\u00e1si Szab\u00e1lyzat m\u00f3dos\u00edt\u00e1s\u00e1r\u00f3l <\/a><\/li>\n<\/ul>\n","protected":false},"excerpt":{"rendered":"<p><a href=\"https:\/\/semmelweis.hu\/rektori-hivatal\/files\/2014\/11\/N_X_30_Napirend-elfogad\u00e1s\u00e1r\u00f3l.pdf\" target=\"_blank\" rel=\"noopener noreferrer\">N-X.30.\/2014. sz. hat. a szen\u00e1tusi \u00fcl\u00e9s napirendi pontjainak elfogad\u00e1s\u00e1r\u00f3l <\/a><br \/>\n<a href=\"https:\/\/semmelweis.hu\/jogigfoig\/files\/2014\/11\/136_sz_X_30_ETK_foisk_tanari.pdf\" target=\"_blank\" rel=\"noopener noreferrer\">136\/2014. (X.30.) sz\u00e1m\u00fa hat\u00e1rozat 2014. \u00e9vre az Eg\u00e9szs\u00e9gtudom\u00e1nyi Karon meghirdetett soron k\u00edv\u00fcli f\u0151iskolai tan\u00e1ri munkak\u00f6rre beny\u00fajtott p\u00e1ly\u00e1zatok v\u00e9lem\u00e9nyez\u00e9se<\/a><br \/>\n<a href=\"https:\/\/semmelweis.hu\/jogigfoig\/files\/2014\/11\/137_sz_X_30_AOK_egyetemi_docensi.pdf\" target=\"_blank\" rel=\"noopener noreferrer\">137\/2014. (X.30.) sz\u00e1m\u00fa hat\u00e1rozat 2014. \u00e9vre az \u00c1ltal\u00e1nos Orvostudom\u00e1nyi Karon meghirdetett soron k\u00edv\u00fcli egyetemi docensi munkak\u00f6rre beny\u00fajtott p\u00e1ly\u00e1zatok v\u00e9lem\u00e9nyez\u00e9se<\/a><br \/>\n<a href=\"https:\/\/semmelweis.hu\/jogigfoig\/files\/2014\/11\/138_sz_X_30_GYTK_allandobizotts.pdf\" target=\"_blank\" rel=\"noopener noreferrer\">138\/2014. (X.30.) sz\u00e1m\u00fa hat\u00e1rozat a Gy\u00f3gyszer\u00e9sztudom\u00e1nyi Karon m\u0171k\u00f6d\u0151, Szen\u00e1tus \u00e1ltal l\u00e9trehozott \u00e1lland\u00f3 bizotts\u00e1gok \u00f6sszet\u00e9tel\u00e9nek m\u00f3dos\u00edt\u00e1s\u00e1r\u00f3l, az \u00faj hallgat\u00f3i tagok megv\u00e1laszt\u00e1s\u00e1r\u00f3l<\/a><br \/>\n<a href=\"https:\/\/semmelweis.hu\/rektori-hivatal\/files\/2014\/11\/139_a_sz_X_30_SZMSz_Kari-Tan\u00e1cs.pdf\" target=\"_blank\" rel=\"noopener noreferrer\">139\/A\/2014. (X.30.) sz. hat. a Semmelweis Egyetem Szervezeti \u00e9s M\u0171k\u00f6d\u00e9si Szab\u00e1lyzat\u00e1nak a Kari Tan\u00e1cs\u00a0 \u00f6sszet\u00e9tel\u00e9re vonatkoz\u00f3 rendelkez\u00e9sei m\u00f3dos\u00edt\u00e1s\u00e1r\u00f3l <\/a><br \/>\n<a href=\"https:\/\/semmelweis.hu\/rektori-hivatal\/files\/2014\/11\/139_b_sz_X_30_SZMSZ_Kari-Tan\u00e1cs.pdf\" target=\"_blank\" rel=\"noopener noreferrer\">139\/B\/2014. (X.30.) sz. hat. a Semmelweis Egyetem Szervezeti \u00e9s M\u0171k\u00f6d\u00e9si Szab\u00e1lyzat\u00e1nak a Kari Tan\u00e1cs \u00f6sszet\u00e9tel\u00e9re vonatkoz\u00f3 rendelkez\u00e9sei m\u00f3dos\u00edt\u00e1s\u00e1r\u00f3l <\/a><br \/>\n<a href=\"https:\/\/semmelweis.hu\/rektori-hivatal\/files\/2014\/11\/140_sz_X_30_demonstr\u00e1torok_alk.pdf\" target=\"_blank\" rel=\"noopener noreferrer\">140\/2014. (X.30.) sz. hat. a demonstr\u00e1torok alkalmaz\u00e1s\u00e1nak \u00e1ltal\u00e1nos elveir\u0151l sz\u00f3l\u00f3 134\/2001. (XII.18.) ET. sz\u00e1m\u00fa hat\u00e1rozat m\u00f3dos\u00edt\u00e1s\u00e1r\u00f3l <\/a><br \/>\n<a href=\"https:\/\/semmelweis.hu\/rektori-hivatal\/files\/2014\/11\/141_a_sz_X_30_SZMSZ_m\u00f3d.pdf\" target=\"_blank\" rel=\"noopener noreferrer\">141\/A\/2014. (X.30.) sz. hat. a Semmelweis Egyetem Szervezeti \u00e9s M\u0171k\u00f6d\u00e9si Szab\u00e1lyzat\u00e1nak m\u00f3dos\u00edt\u00e1s\u00e1r\u00f3l <\/a><br \/>\n<a href=\"https:\/\/semmelweis.hu\/rektori-hivatal\/files\/2014\/11\/141_b_sz_X_30_SZMSZ_m\u00f3d.pdf\" target=\"_blank\" rel=\"noopener noreferrer\">141\/B\/2014. (X.30.) sz. hat. a Semmelweis Egyetem Szervezeti \u00e9s M\u0171k\u00f6d\u00e9si Szab\u00e1lyzat\u00e1nak m\u00f3dos\u00edt\u00e1s\u00e1r\u00f3l<\/a><br \/>\n<a href=\"https:\/\/semmelweis.hu\/rektori-hivatal\/files\/2014\/11\/142_sz_X_30_klinikai_logop\u00e9dia_l\u00e9tes_ind\u00edt.pdf\" target=\"_blank\" rel=\"noopener noreferrer\">142\/2014. (X.30.) sz. hat. \u00c1pol\u00e1s \u00e9s betegell\u00e1t\u00e1s alapszak klinikai logop\u00e9dia szakir\u00e1ny l\u00e9tes\u00edt\u00e9se\u00a0 \u00e9s ind\u00edt\u00e1sa <\/a><br \/>\n<a href=\"https:\/\/semmelweis.hu\/rektori-hivatal\/files\/2014\/11\/143_sz_X_30_Eg\u00e9szs\u00e9g\u00fcgyi_tan\u00e1r.pdf\" target=\"_blank\" rel=\"noopener noreferrer\">143\/2014. (X.30.) sz. hat. Eg\u00e9szs\u00e9g\u00fcgyi tan\u00e1r mesterk\u00e9pz\u00e9si szak ind\u00edt\u00e1s\u00e1r\u00f3l az Eg\u00e9szs\u00e9gtudom\u00e1nyi Karon <\/a><br \/>\n<a href=\"https:\/\/semmelweis.hu\/rektori-hivatal\/files\/2014\/11\/144_sz_X_30_eg\u00e9szs\u00e9gturizmus_szakir\u00e1ny.pdf\" target=\"_blank\" rel=\"noopener noreferrer\">144\/2014. (X.30.) sz. hat. Angol nyelv\u0171 eg\u00e9szs\u00e9g\u00fcgyi szervez\u0151 alapszak eg\u00e9szs\u00e9gturizmus-szervez\u0151 szakir\u00e1ny ind\u00edt\u00e1sa <\/a><br \/>\n<a href=\"https:\/\/semmelweis.hu\/rektori-hivatal\/files\/2014\/11\/145_sz_X_30_H\u00d6K_Alapszab\u00e1ly.pdf\" target=\"_blank\" rel=\"noopener noreferrer\">145\/2014. (X.30.) sz. hat. az \u00faj, egys\u00e9ges Hallgat\u00f3i \u00d6nkorm\u00e1nyzat Alapszab\u00e1lya t\u00e1rgy\u00e1ban <\/a><br \/>\n<a href=\"https:\/\/semmelweis.hu\/rektori-hivatal\/files\/2014\/11\/146_a_sz_X_30_SZMSZ_Habilit\u00e1ci\u00f3s_Szab.pdf\" target=\"_blank\" rel=\"noopener noreferrer\">146\/A\/2014. (X.30.) sz. hat. a Semmelweis Egyetem Szervezeti \u00e9s M\u0171k\u00f6d\u00e9si Szab\u00e1lyzatr\u00f3l <\/a><br \/>\n<a href=\"https:\/\/semmelweis.hu\/rektori-hivatal\/files\/2014\/11\/146_b_sz_X_30_SZMSZ_Habilit_Szab.pdf\" target=\"_blank\" rel=\"noopener noreferrer\">146\/B\/2014. (X.30.) sz. hat. a Semmelweis Egyetem Szervezeti \u00e9s M\u0171k\u00f6d\u00e9si Szab\u00e1lyzat\u00e1nak m\u00f3dos\u00edt\u00e1s\u00e1r\u00f3l <\/a><br \/>\n<a href=\"https:\/\/semmelweis.hu\/rektori-hivatal\/files\/2014\/11\/147_a_X_30_L\u00e9tes\u00edtm\u00e9nyfenntart_Szab.pdf\" target=\"_blank\" rel=\"noopener noreferrer\">147\/A\/2014. (X.30.) sz. hat. a L\u00e9tes\u00edtm\u00e9ny fenntart\u00e1si Szab\u00e1lyzat m\u00f3dos\u00edt\u00e1s\u00e1r\u00f3l <\/a><br \/>\n<a href=\"https:\/\/semmelweis.hu\/rektori-hivatal\/files\/2014\/11\/147_b_X_30_L\u00e9tes\u00edtm_fenntart_Szab.pdf\" target=\"_blank\" rel=\"noopener noreferrer\">147\/B\/2014.\u00a0 (X.30.) sz. hat. a Semmelweis Egyetem L\u00e9tes\u00edtm\u00e9ny fenntart\u00e1si Szab\u00e1lyzat m\u00f3dos\u00edt\u00e1s\u00e1r\u00f3l <\/a><\/p>\n","protected":false},"author":12,"featured_media":0,"parent":7840,"menu_order":19,"comment_status":"open","ping_status":"open","template":"","meta":{"_acf_changed":false,"footnotes":""},"categories":[1],"tags":[],"class_list":["post-2712","page","type-page","status-publish","hentry","category-egyeb"],"acf":[],"_links":{"self":[{"href":"https:\/\/semmelweis.hu\/jogigfoig\/wp-json\/wp\/v2\/pages\/2712","targetHints":{"allow":["GET"]}}],"collection":[{"href":"https:\/\/semmelweis.hu\/jogigfoig\/wp-json\/wp\/v2\/pages"}],"about":[{"href":"https:\/\/semmelweis.hu\/jogigfoig\/wp-json\/wp\/v2\/types\/page"}],"author":[{"embeddable":true,"href":"https:\/\/semmelweis.hu\/jogigfoig\/wp-json\/wp\/v2\/users\/12"}],"replies":[{"embeddable":true,"href":"https:\/\/semmelweis.hu\/jogigfoig\/wp-json\/wp\/v2\/comments?post=2712"}],"version-history":[{"count":9,"href":"https:\/\/semmelweis.hu\/jogigfoig\/wp-json\/wp\/v2\/pages\/2712\/revisions"}],"predecessor-version":[{"id":7884,"href":"https:\/\/semmelweis.hu\/jogigfoig\/wp-json\/wp\/v2\/pages\/2712\/revisions\/7884"}],"up":[{"embeddable":true,"href":"https:\/\/semmelweis.hu\/jogigfoig\/wp-json\/wp\/v2\/pages\/7840"}],"wp:attachment":[{"href":"https:\/\/semmelweis.hu\/jogigfoig\/wp-json\/wp\/v2\/media?parent=2712"}],"wp:term":[{"taxonomy":"category","embeddable":true,"href":"https:\/\/semmelweis.hu\/jogigfoig\/wp-json\/wp\/v2\/categories?post=2712"},{"taxonomy":"post_tag","embeddable":true,"href":"https:\/\/semmelweis.hu\/jogigfoig\/wp-json\/wp\/v2\/tags?post=2712"}],"curies":[{"name":"wp","href":"https:\/\/api.w.org\/{rel}","templated":true}]}}