{"id":27,"date":"2011-11-22T13:15:36","date_gmt":"2011-11-22T13:15:36","guid":{"rendered":"http:\/\/semmelweis-egyetem.hu\/rektori-hivatal\/?page_id=27"},"modified":"2025-10-07T11:34:11","modified_gmt":"2025-10-07T09:34:11","slug":"dokumentumtar","status":"publish","type":"page","link":"https:\/\/semmelweis.hu\/jogigfoig\/dokumentumtar\/","title":{"rendered":"Dokumentumt\u00e1r"},"content":{"rendered":"<p>A Semmelweis Egyetem m\u0171k\u00f6d\u00e9s\u00e9t szab\u00e1lyz\u00f3 \u00e9s befoly\u00e1sol\u00f3 iratok az al\u00e1bbi csoportos\u00edt\u00e1sban \u00e9rhet\u0151k el:<\/p>\n<ul style=\"list-style-type: disc\">\n<li><a href=\"https:\/\/semmelweis.hu\/jogigfoig\/dokumentumtar\/alapito-okirat\/\" target=\"_blank\" rel=\"noopener\">Alap\u00edt\u00f3 Okirat<\/a><\/li>\n<li><a href=\"https:\/\/semmelweis.hu\/jogigfoig\/dokumentumtar\/szabalyzattar\/szervezeti-es-mukodesi-szabalyzat\/\" target=\"_blank\" rel=\"noopener\">Szervezeti \u00e9s M\u0171k\u00f6d\u00e9si Szab\u00e1lyzat (SzMSz)<\/a><\/li>\n<li><a href=\"https:\/\/semmelweis.hu\/jogigfoig\/organogram\/\" target=\"_blank\" rel=\"noopener\">Organogram<\/a><\/li>\n<li><a href=\"https:\/\/semmelweis.hu\/jogigfoig\/category\/korlevelek-utasitasok\/\" target=\"_blank\" rel=\"noopener\">K\u00f6rlevelek, utas\u00edt\u00e1sok<\/a><\/li>\n<li><a href=\"https:\/\/semmelweis.hu\/jogigfoig\/dokumentumtar\/szabalyzattar\/\" target=\"_blank\" rel=\"noopener\">Szab\u00e1lyzatt\u00e1r<\/a><\/li>\n<li><a href=\"https:\/\/semmelweis.hu\/jogigfoig\/dokumentumtar\/szabalyzattar-archivum\/\" target=\"_blank\" rel=\"noopener\">Szab\u00e1lyzatt\u00e1r Arch\u00edvum<\/a><\/li>\n<li><a href=\"https:\/\/uj.jogtar.hu\/login\" target=\"_blank\" rel=\"noopener\">Jogt\u00e1r<\/a><\/li>\n<li><a href=\"https:\/\/mysemmelweis.hu\/auth\/login\" target=\"_blank\" rel=\"noopener\">NetJogt\u00e1r<\/a><\/li>\n<li><a href=\"https:\/\/semmelweis.hu\/jogigfoig\/dokumentumtar\/jifnews\/\">JIF NEWS &#8211; H\u00cdRLEV\u00c9L<\/a><\/li>\n<\/ul>\n","protected":false},"excerpt":{"rendered":"<p>A Semmelweis Egyetem m\u0171k\u00f6d\u00e9s\u00e9t szab\u00e1lyz\u00f3 \u00e9s befoly\u00e1sol\u00f3 iratok az al\u00e1bbi csoportos\u00edt\u00e1sban \u00e9rhet\u0151k el:<\/p>\n<p><a href=\"https:\/\/semmelweis.hu\/jogigfoig\/dokumentumtar\/alapito-okirat\/\" target=\"_blank\" rel=\"noopener\">Alap\u00edt\u00f3 Okirat<\/a><br \/>\n<a href=\"https:\/\/semmelweis.hu\/jogigfoig\/dokumentumtar\/szabalyzattar\/szervezeti-es-mukodesi-szabalyzat\/\" target=\"_blank\" rel=\"noopener\">Szervezeti \u00e9s M\u0171k\u00f6d\u00e9si Szab\u00e1lyzat (SzMSz)<\/a><br \/>\n<a href=\"https:\/\/semmelweis.hu\/jogigfoig\/organogram\/\" target=\"_blank\" rel=\"noopener\">Organogram<\/a><br \/>\n<a href=\"https:\/\/semmelweis.hu\/jogigfoig\/category\/korlevelek-utasitasok\/\" target=\"_blank\" rel=\"noopener\">K\u00f6rlevelek, utas\u00edt\u00e1sok<\/a><br \/>\n<a href=\"https:\/\/semmelweis.hu\/jogigfoig\/dokumentumtar\/szabalyzattar\/\" target=\"_blank\" rel=\"noopener\">Szab\u00e1lyzatt\u00e1r<\/a><br \/>\n<a href=\"https:\/\/semmelweis.hu\/jogigfoig\/dokumentumtar\/szabalyzattar-archivum\/\" target=\"_blank\" rel=\"noopener\">Szab\u00e1lyzatt\u00e1r Arch\u00edvum<\/a><br \/>\n<a href=\"https:\/\/uj.jogtar.hu\/login\" target=\"_blank\" rel=\"noopener\">Jogt\u00e1r<\/a><br \/>\n<a href=\"https:\/\/mysemmelweis.hu\/auth\/login\" target=\"_blank\" rel=\"noopener\">NetJogt\u00e1r<\/a><br \/>\n<a href=\"https:\/\/semmelweis.hu\/jogigfoig\/dokumentumtar\/jifnews\/\">JIF NEWS &#8211; H\u00cdRLEV\u00c9L<\/a><\/p>\n","protected":false},"author":8,"featured_media":0,"parent":0,"menu_order":4,"comment_status":"closed","ping_status":"closed","template":"","meta":{"_acf_changed":false,"footnotes":""},"categories":[],"tags":[],"class_list":["post-27","page","type-page","status-publish","hentry"],"acf":[],"_links":{"self":[{"href":"https:\/\/semmelweis.hu\/jogigfoig\/wp-json\/wp\/v2\/pages\/27","targetHints":{"allow":["GET"]}}],"collection":[{"href":"https:\/\/semmelweis.hu\/jogigfoig\/wp-json\/wp\/v2\/pages"}],"about":[{"href":"https:\/\/semmelweis.hu\/jogigfoig\/wp-json\/wp\/v2\/types\/page"}],"author":[{"embeddable":true,"href":"https:\/\/semmelweis.hu\/jogigfoig\/wp-json\/wp\/v2\/users\/8"}],"replies":[{"embeddable":true,"href":"https:\/\/semmelweis.hu\/jogigfoig\/wp-json\/wp\/v2\/comments?post=27"}],"version-history":[{"count":10,"href":"https:\/\/semmelweis.hu\/jogigfoig\/wp-json\/wp\/v2\/pages\/27\/revisions"}],"predecessor-version":[{"id":101703,"href":"https:\/\/semmelweis.hu\/jogigfoig\/wp-json\/wp\/v2\/pages\/27\/revisions\/101703"}],"wp:attachment":[{"href":"https:\/\/semmelweis.hu\/jogigfoig\/wp-json\/wp\/v2\/media?parent=27"}],"wp:term":[{"taxonomy":"category","embeddable":true,"href":"https:\/\/semmelweis.hu\/jogigfoig\/wp-json\/wp\/v2\/categories?post=27"},{"taxonomy":"post_tag","embeddable":true,"href":"https:\/\/semmelweis.hu\/jogigfoig\/wp-json\/wp\/v2\/tags?post=27"}],"curies":[{"name":"wp","href":"https:\/\/api.w.org\/{rel}","templated":true}]}}