{"id":2596,"date":"2014-09-05T10:18:21","date_gmt":"2014-09-05T08:18:21","guid":{"rendered":"http:\/\/semmelweis.hu\/rektori-hivatal\/?page_id=2596"},"modified":"2020-02-12T08:48:22","modified_gmt":"2020-02-12T07:48:22","slug":"2014-szeptember-01-elektronikus-szavazas","status":"publish","type":"page","link":"https:\/\/semmelweis.hu\/jogigfoig\/testuletek\/szenatus\/2014-evi-szenatusi-hatarozatok\/2014-szeptember-01-elektronikus-szavazas\/","title":{"rendered":"2014. szeptember 01. (elektronikus szavaz\u00e1s)"},"content":{"rendered":"<ul>\n<li><a href=\"https:\/\/semmelweis.hu\/rektori-hivatal\/files\/2014\/09\/111_2014_IX_01_sz_hat_Hugonnai-Vilma.pdf\" target=\"_blank\" rel=\"noopener noreferrer\">111\/2014. (IX.01.) sz. hat. a Hugonnai Vilma eml\u00e9k\u00e9rem alap\u00edt\u00e1s\u00e1r\u00f3l sz\u00f3l\u00f3 100\/2010. (XI.25.) sz. hat\u00e1rozatban le\u00edrtak m\u00f3dos\u00edt\u00e1s\u00e1r\u00f3l <\/a><\/li>\n<\/ul>\n","protected":false},"excerpt":{"rendered":"<p><a href=\"https:\/\/semmelweis.hu\/rektori-hivatal\/files\/2014\/09\/111_2014_IX_01_sz_hat_Hugonnai-Vilma.pdf\" target=\"_blank\" rel=\"noopener noreferrer\">111\/2014. (IX.01.) sz. hat. a Hugonnai Vilma eml\u00e9k\u00e9rem alap\u00edt\u00e1s\u00e1r\u00f3l sz\u00f3l\u00f3 100\/2010. (XI.25.) sz. hat\u00e1rozatban le\u00edrtak m\u00f3dos\u00edt\u00e1s\u00e1r\u00f3l <\/a><\/p>\n","protected":false},"author":12,"featured_media":0,"parent":7840,"menu_order":14,"comment_status":"open","ping_status":"open","template":"","meta":{"_acf_changed":false,"footnotes":""},"categories":[1],"tags":[],"class_list":["post-2596","page","type-page","status-publish","hentry","category-egyeb"],"acf":[],"_links":{"self":[{"href":"https:\/\/semmelweis.hu\/jogigfoig\/wp-json\/wp\/v2\/pages\/2596","targetHints":{"allow":["GET"]}}],"collection":[{"href":"https:\/\/semmelweis.hu\/jogigfoig\/wp-json\/wp\/v2\/pages"}],"about":[{"href":"https:\/\/semmelweis.hu\/jogigfoig\/wp-json\/wp\/v2\/types\/page"}],"author":[{"embeddable":true,"href":"https:\/\/semmelweis.hu\/jogigfoig\/wp-json\/wp\/v2\/users\/12"}],"replies":[{"embeddable":true,"href":"https:\/\/semmelweis.hu\/jogigfoig\/wp-json\/wp\/v2\/comments?post=2596"}],"version-history":[{"count":3,"href":"https:\/\/semmelweis.hu\/jogigfoig\/wp-json\/wp\/v2\/pages\/2596\/revisions"}],"predecessor-version":[{"id":7889,"href":"https:\/\/semmelweis.hu\/jogigfoig\/wp-json\/wp\/v2\/pages\/2596\/revisions\/7889"}],"up":[{"embeddable":true,"href":"https:\/\/semmelweis.hu\/jogigfoig\/wp-json\/wp\/v2\/pages\/7840"}],"wp:attachment":[{"href":"https:\/\/semmelweis.hu\/jogigfoig\/wp-json\/wp\/v2\/media?parent=2596"}],"wp:term":[{"taxonomy":"category","embeddable":true,"href":"https:\/\/semmelweis.hu\/jogigfoig\/wp-json\/wp\/v2\/categories?post=2596"},{"taxonomy":"post_tag","embeddable":true,"href":"https:\/\/semmelweis.hu\/jogigfoig\/wp-json\/wp\/v2\/tags?post=2596"}],"curies":[{"name":"wp","href":"https:\/\/api.w.org\/{rel}","templated":true}]}}