{"id":2571,"date":"2014-08-13T12:04:45","date_gmt":"2014-08-13T10:04:45","guid":{"rendered":"http:\/\/semmelweis.hu\/rektori-hivatal\/?page_id=2571"},"modified":"2020-02-12T08:48:13","modified_gmt":"2020-02-12T07:48:13","slug":"2014-augusztus-6-elektronikus-szavazas","status":"publish","type":"page","link":"https:\/\/semmelweis.hu\/jogigfoig\/testuletek\/szenatus\/2014-evi-szenatusi-hatarozatok\/2014-augusztus-6-elektronikus-szavazas\/","title":{"rendered":"2014. augusztus 6. (elektronikus szavaz\u00e1s)"},"content":{"rendered":"<ul>\n<li><a href=\"https:\/\/semmelweis.hu\/rektori-hivatal\/files\/2014\/08\/110_2014_VIII_06_TSK-kivalas_TE-letrehozas.pdf\" target=\"_blank\" rel=\"noopener noreferrer\">110\/2014. (VIII.6.) sz. hat. A Semmelweis Egyetem Szen\u00e1tusa sz\u00e1m\u00e1ra el\u0151zetes v\u00e9lem\u00e9ny kinyilv\u00e1n\u00edt\u00e1sa c\u00e9lj\u00e1b\u00f3l a Semmelweis Egyetem Testnevel\u00e9si \u00e9s Sporttudom\u00e1nyi Kar\u00e1nak kiv\u00e1l\u00e1s\u00e1r\u00f3l \u00e9s a Testnevel\u00e9si Egyetem l\u00e9trehoz\u00e1s\u00e1r\u00f3l <\/a><\/li>\n<\/ul>\n","protected":false},"excerpt":{"rendered":"<p><a href=\"https:\/\/semmelweis.hu\/rektori-hivatal\/files\/2014\/08\/110_2014_VIII_06_TSK-kivalas_TE-letrehozas.pdf\" target=\"_blank\" rel=\"noopener noreferrer\">110\/2014. (VIII.6.) sz. hat. A Semmelweis Egyetem Szen\u00e1tusa sz\u00e1m\u00e1ra el\u0151zetes v\u00e9lem\u00e9ny kinyilv\u00e1n\u00edt\u00e1sa c\u00e9lj\u00e1b\u00f3l a Semmelweis Egyetem Testnevel\u00e9si \u00e9s Sporttudom\u00e1nyi Kar\u00e1nak kiv\u00e1l\u00e1s\u00e1r\u00f3l \u00e9s a Testnevel\u00e9si Egyetem l\u00e9trehoz\u00e1s\u00e1r\u00f3l <\/a><\/p>\n","protected":false},"author":12,"featured_media":0,"parent":7840,"menu_order":13,"comment_status":"open","ping_status":"open","template":"","meta":{"_acf_changed":false,"footnotes":""},"categories":[1],"tags":[],"class_list":["post-2571","page","type-page","status-publish","hentry","category-egyeb"],"acf":[],"_links":{"self":[{"href":"https:\/\/semmelweis.hu\/jogigfoig\/wp-json\/wp\/v2\/pages\/2571","targetHints":{"allow":["GET"]}}],"collection":[{"href":"https:\/\/semmelweis.hu\/jogigfoig\/wp-json\/wp\/v2\/pages"}],"about":[{"href":"https:\/\/semmelweis.hu\/jogigfoig\/wp-json\/wp\/v2\/types\/page"}],"author":[{"embeddable":true,"href":"https:\/\/semmelweis.hu\/jogigfoig\/wp-json\/wp\/v2\/users\/12"}],"replies":[{"embeddable":true,"href":"https:\/\/semmelweis.hu\/jogigfoig\/wp-json\/wp\/v2\/comments?post=2571"}],"version-history":[{"count":3,"href":"https:\/\/semmelweis.hu\/jogigfoig\/wp-json\/wp\/v2\/pages\/2571\/revisions"}],"predecessor-version":[{"id":7890,"href":"https:\/\/semmelweis.hu\/jogigfoig\/wp-json\/wp\/v2\/pages\/2571\/revisions\/7890"}],"up":[{"embeddable":true,"href":"https:\/\/semmelweis.hu\/jogigfoig\/wp-json\/wp\/v2\/pages\/7840"}],"wp:attachment":[{"href":"https:\/\/semmelweis.hu\/jogigfoig\/wp-json\/wp\/v2\/media?parent=2571"}],"wp:term":[{"taxonomy":"category","embeddable":true,"href":"https:\/\/semmelweis.hu\/jogigfoig\/wp-json\/wp\/v2\/categories?post=2571"},{"taxonomy":"post_tag","embeddable":true,"href":"https:\/\/semmelweis.hu\/jogigfoig\/wp-json\/wp\/v2\/tags?post=2571"}],"curies":[{"name":"wp","href":"https:\/\/api.w.org\/{rel}","templated":true}]}}