{"id":2568,"date":"2014-08-13T12:01:31","date_gmt":"2014-08-13T10:01:31","guid":{"rendered":"http:\/\/semmelweis.hu\/rektori-hivatal\/?page_id=2568"},"modified":"2020-02-12T08:48:05","modified_gmt":"2020-02-12T07:48:05","slug":"2014-julius-28-elektornikus-szavazas","status":"publish","type":"page","link":"https:\/\/semmelweis.hu\/jogigfoig\/testuletek\/szenatus\/2014-evi-szenatusi-hatarozatok\/2014-julius-28-elektornikus-szavazas\/","title":{"rendered":"2014. j\u00falius 28. (elektronikus szavaz\u00e1s)"},"content":{"rendered":"<ul>\n<li style=\"text-align: justify\"><a href=\"https:\/\/semmelweis.hu\/rektori-hivatal\/files\/2014\/08\/108_2014_VII_28_MTA-TTK_SE-Viselkedes.pdf\" target=\"_blank\" rel=\"noopener noreferrer\">108\/2014. (VII.28.) sz. hat. a Magyar Tudom\u00e1nyos Akad\u00e9mia Term\u00e9szettudom\u00e1nyi Kutat\u00f3k\u00f6zpont \u00e9s a Semmelweis Egyetem k\u00f6z\u00f6tt k\u00f6tend\u0151 Egy\u00fcttm\u0171k\u00f6d\u00e9si Meg\u00e1llapod\u00e1s, Viselked\u00e9sfarmakol\u00f3giai Kutat\u00f3csoport l\u00e9trehoz\u00e1s\u00e1r\u00f3l, illetve viselked\u00e9sfarmakol\u00f3giai laborat\u00f3rium kialak\u00edt\u00e1s\u00e1r\u00f3l \u00e9s m\u0171k\u00f6dtet\u00e9s\u00e9r\u0151l a Semmelweis Egyetem Farmakol\u00f3giai \u00e9s Farmakoter\u00e1pi\u00e1s Int\u00e9zet\u00e9ben<\/a><\/li>\n<li style=\"text-align: justify\"><a href=\"https:\/\/semmelweis.hu\/rektori-hivatal\/files\/2014\/08\/109_2014_VII_28_EKK-Mentalhigienes-es-szervfejl.pdf\" target=\"_blank\" rel=\"noopener noreferrer\">109\/2014. (VII.28.) sz. hat. a Ment\u00e1lhigi\u00e9n\u00e9s \u00e9s szervezetfejleszt\u0151 szakir\u00e1ny\u00fa tov\u00e1bbk\u00e9pz\u00e9si szak mintaterv\u00e9nek m\u00f3dos\u00edt\u00e1s\u00e1r\u00f3l <\/a><\/li>\n<\/ul>\n","protected":false},"excerpt":{"rendered":"<p><a href=\"https:\/\/semmelweis.hu\/rektori-hivatal\/files\/2014\/08\/108_2014_VII_28_MTA-TTK_SE-Viselkedes.pdf\" target=\"_blank\" rel=\"noopener noreferrer\">108\/2014. (VII.28.) sz. hat. a Magyar Tudom\u00e1nyos Akad\u00e9mia Term\u00e9szettudom\u00e1nyi Kutat\u00f3k\u00f6zpont \u00e9s a Semmelweis Egyetem k\u00f6z\u00f6tt k\u00f6tend\u0151 Egy\u00fcttm\u0171k\u00f6d\u00e9si Meg\u00e1llapod\u00e1s, Viselked\u00e9sfarmakol\u00f3giai Kutat\u00f3csoport l\u00e9trehoz\u00e1s\u00e1r\u00f3l, illetve viselked\u00e9sfarmakol\u00f3giai laborat\u00f3rium kialak\u00edt\u00e1s\u00e1r\u00f3l \u00e9s m\u0171k\u00f6dtet\u00e9s\u00e9r\u0151l a Semmelweis Egyetem Farmakol\u00f3giai \u00e9s Farmakoter\u00e1pi\u00e1s Int\u00e9zet\u00e9ben<\/a><br \/>\n<a href=\"https:\/\/semmelweis.hu\/rektori-hivatal\/files\/2014\/08\/109_2014_VII_28_EKK-Mentalhigienes-es-szervfejl.pdf\" target=\"_blank\" rel=\"noopener noreferrer\">109\/2014. (VII.28.) sz. hat. a Ment\u00e1lhigi\u00e9n\u00e9s \u00e9s szervezetfejleszt\u0151 szakir\u00e1ny\u00fa tov\u00e1bbk\u00e9pz\u00e9si szak mintaterv\u00e9nek m\u00f3dos\u00edt\u00e1s\u00e1r\u00f3l <\/a><\/p>\n","protected":false},"author":12,"featured_media":0,"parent":7840,"menu_order":12,"comment_status":"open","ping_status":"open","template":"","meta":{"_acf_changed":false,"footnotes":""},"categories":[1],"tags":[],"class_list":["post-2568","page","type-page","status-publish","hentry","category-egyeb"],"acf":[],"_links":{"self":[{"href":"https:\/\/semmelweis.hu\/jogigfoig\/wp-json\/wp\/v2\/pages\/2568","targetHints":{"allow":["GET"]}}],"collection":[{"href":"https:\/\/semmelweis.hu\/jogigfoig\/wp-json\/wp\/v2\/pages"}],"about":[{"href":"https:\/\/semmelweis.hu\/jogigfoig\/wp-json\/wp\/v2\/types\/page"}],"author":[{"embeddable":true,"href":"https:\/\/semmelweis.hu\/jogigfoig\/wp-json\/wp\/v2\/users\/12"}],"replies":[{"embeddable":true,"href":"https:\/\/semmelweis.hu\/jogigfoig\/wp-json\/wp\/v2\/comments?post=2568"}],"version-history":[{"count":6,"href":"https:\/\/semmelweis.hu\/jogigfoig\/wp-json\/wp\/v2\/pages\/2568\/revisions"}],"predecessor-version":[{"id":7891,"href":"https:\/\/semmelweis.hu\/jogigfoig\/wp-json\/wp\/v2\/pages\/2568\/revisions\/7891"}],"up":[{"embeddable":true,"href":"https:\/\/semmelweis.hu\/jogigfoig\/wp-json\/wp\/v2\/pages\/7840"}],"wp:attachment":[{"href":"https:\/\/semmelweis.hu\/jogigfoig\/wp-json\/wp\/v2\/media?parent=2568"}],"wp:term":[{"taxonomy":"category","embeddable":true,"href":"https:\/\/semmelweis.hu\/jogigfoig\/wp-json\/wp\/v2\/categories?post=2568"},{"taxonomy":"post_tag","embeddable":true,"href":"https:\/\/semmelweis.hu\/jogigfoig\/wp-json\/wp\/v2\/tags?post=2568"}],"curies":[{"name":"wp","href":"https:\/\/api.w.org\/{rel}","templated":true}]}}