{"id":2566,"date":"2014-08-13T11:56:22","date_gmt":"2014-08-13T09:56:22","guid":{"rendered":"http:\/\/semmelweis.hu\/rektori-hivatal\/?page_id=2566"},"modified":"2020-02-12T08:47:58","modified_gmt":"2020-02-12T07:47:58","slug":"2014-julius-24-elektronikus-szavazas","status":"publish","type":"page","link":"https:\/\/semmelweis.hu\/jogigfoig\/testuletek\/szenatus\/2014-evi-szenatusi-hatarozatok\/2014-julius-24-elektronikus-szavazas\/","title":{"rendered":"2014. j\u00falius 24. (elektronikus szavaz\u00e1s)"},"content":{"rendered":"<ul>\n<li><a href=\"https:\/\/semmelweis.hu\/rektori-hivatal\/files\/2014\/08\/107_2014_VII_24_Eg\u00e9szs\u00e9g\u00fcgyi-Informatikai-Fejl.pdf\" target=\"_blank\" rel=\"noopener noreferrer\">107\/2014. (VII.24.) sz. hat. Az Eg\u00e9szs\u00e9g\u00fcgyi Informatikai Fejleszt\u0151 \u00e9s Tov\u00e1bbk\u00e9pz\u0151 Int\u00e9zet Eg\u00e9szs\u00e9g\u00fcgyi szervez\u0151 alapk\u00e9pz\u00e9si szak mintaterv\u00e9nek m\u00f3dos\u00edt\u00e1s\u00e1r\u00f3l <\/a><\/li>\n<\/ul>\n","protected":false},"excerpt":{"rendered":"<p><a href=\"https:\/\/semmelweis.hu\/rektori-hivatal\/files\/2014\/08\/107_2014_VII_24_Eg\u00e9szs\u00e9g\u00fcgyi-Informatikai-Fejl.pdf\" target=\"_blank\" rel=\"noopener noreferrer\">107\/2014. (VII.24.) sz. hat. Az Eg\u00e9szs\u00e9g\u00fcgyi Informatikai Fejleszt\u0151 \u00e9s Tov\u00e1bbk\u00e9pz\u0151 Int\u00e9zet Eg\u00e9szs\u00e9g\u00fcgyi szervez\u0151 alapk\u00e9pz\u00e9si szak mintaterv\u00e9nek m\u00f3dos\u00edt\u00e1s\u00e1r\u00f3l <\/a><\/p>\n","protected":false},"author":12,"featured_media":0,"parent":7840,"menu_order":11,"comment_status":"open","ping_status":"open","template":"","meta":{"_acf_changed":false,"footnotes":""},"categories":[1],"tags":[],"class_list":["post-2566","page","type-page","status-publish","hentry","category-egyeb"],"acf":[],"_links":{"self":[{"href":"https:\/\/semmelweis.hu\/jogigfoig\/wp-json\/wp\/v2\/pages\/2566","targetHints":{"allow":["GET"]}}],"collection":[{"href":"https:\/\/semmelweis.hu\/jogigfoig\/wp-json\/wp\/v2\/pages"}],"about":[{"href":"https:\/\/semmelweis.hu\/jogigfoig\/wp-json\/wp\/v2\/types\/page"}],"author":[{"embeddable":true,"href":"https:\/\/semmelweis.hu\/jogigfoig\/wp-json\/wp\/v2\/users\/12"}],"replies":[{"embeddable":true,"href":"https:\/\/semmelweis.hu\/jogigfoig\/wp-json\/wp\/v2\/comments?post=2566"}],"version-history":[{"count":3,"href":"https:\/\/semmelweis.hu\/jogigfoig\/wp-json\/wp\/v2\/pages\/2566\/revisions"}],"predecessor-version":[{"id":7892,"href":"https:\/\/semmelweis.hu\/jogigfoig\/wp-json\/wp\/v2\/pages\/2566\/revisions\/7892"}],"up":[{"embeddable":true,"href":"https:\/\/semmelweis.hu\/jogigfoig\/wp-json\/wp\/v2\/pages\/7840"}],"wp:attachment":[{"href":"https:\/\/semmelweis.hu\/jogigfoig\/wp-json\/wp\/v2\/media?parent=2566"}],"wp:term":[{"taxonomy":"category","embeddable":true,"href":"https:\/\/semmelweis.hu\/jogigfoig\/wp-json\/wp\/v2\/categories?post=2566"},{"taxonomy":"post_tag","embeddable":true,"href":"https:\/\/semmelweis.hu\/jogigfoig\/wp-json\/wp\/v2\/tags?post=2566"}],"curies":[{"name":"wp","href":"https:\/\/api.w.org\/{rel}","templated":true}]}}