{"id":2547,"date":"2014-07-17T09:56:07","date_gmt":"2014-07-17T07:56:07","guid":{"rendered":"http:\/\/semmelweis.hu\/rektori-hivatal\/?page_id=2547"},"modified":"2020-02-12T08:47:51","modified_gmt":"2020-02-12T07:47:51","slug":"2014-junius-26","status":"publish","type":"page","link":"https:\/\/semmelweis.hu\/jogigfoig\/testuletek\/szenatus\/2014-evi-szenatusi-hatarozatok\/2014-junius-26\/","title":{"rendered":"2014. j\u00fanius 26."},"content":{"rendered":"<ul>\n<li style=\"text-align: justify\"><a href=\"https:\/\/semmelweis.hu\/rektori-hivatal\/files\/2014\/07\/88_sz_VI_26_k\u00f6lts\u00e9gvet\u00e9s_telj.pdf\" target=\"_blank\" rel=\"noopener noreferrer\">88\/2014. (VI.26.) sz. hat. A 2014. \u00e9vi k\u00f6lts\u00e9gvet\u00e9s 1-5. havi teljes\u00edt\u00e9s\u00e9r\u0151l<\/a><\/li>\n<li style=\"text-align: justify\"><a href=\"https:\/\/semmelweis.hu\/jogigfoig\/files\/2014\/07\/89_sz_VI_26_allami_kituntetesek.pdf\" target=\"_blank\" rel=\"noopener noreferrer\">89\/2014. (VI.26.) sz\u00e1m\u00fa hat\u00e1rozat a 2015. \u00e9vi \u00e1llami, miniszteri szint\u0171 kit\u00fcntet\u00e9sek adom\u00e1nyoz\u00e1s\u00e1r\u00f3l<\/a><\/li>\n<li style=\"text-align: justify\"><a href=\"https:\/\/semmelweis.hu\/jogigfoig\/files\/2014\/07\/90_sz_VI_26_cimz_egy_tanar_foisk_doc_mestertanar.pdf\" target=\"_blank\" rel=\"noopener noreferrer\">90\/2014. (VI.26.) sz\u00e1m\u00fa hat\u00e1rozat c\u00edmzetes egyetemi docensi, c\u00edmzetes f\u0151iskolai docensi, mag\u00e1ntan\u00e1ri, mesteroktat\u00f3i \u00e9s mestertan\u00e1ri c\u00edmek adom\u00e1nyoz\u00e1s\u00e1nak v\u00e9lem\u00e9nyez\u00e9s\u00e9r\u0151l<\/a><\/li>\n<li style=\"text-align: justify\"><a href=\"https:\/\/semmelweis.hu\/jogigfoig\/files\/2014\/07\/91_sz_VI_26_Kozp_Konyvt_NyelviKomm_Kozp.pdf\" target=\"_blank\" rel=\"noopener noreferrer\">91\/2014. (VI.26.) sz\u00e1m\u00fa hat\u00e1rozat a K\u00f6zponti K\u00f6nyvt\u00e1r \u00e9s a Nyelvi Kommunik\u00e1ci\u00f3s K\u00f6zpont vezet\u0151i megb\u00edz\u00e1s\u00e1r\u00f3l<\/a><\/li>\n<li style=\"text-align: justify\"><a href=\"https:\/\/semmelweis.hu\/jogigfoig\/files\/2014\/07\/92_sz_VI_26_ProfessorEmeritus.pdf\" target=\"_blank\" rel=\"noopener noreferrer\">92\/2014. (VI.26.) sz\u00e1m\u00fa hat\u00e1rozat a &#8222;Professor Emeritus&#8221; c\u00edm adom\u00e1nyoz\u00e1s\u00e1r\u00f3l<\/a><\/li>\n<li style=\"text-align: justify\"><a href=\"https:\/\/semmelweis.hu\/jogigfoig\/files\/2014\/07\/93_sz_VI_26_allando_bizottsagok.pdf\" target=\"_blank\" rel=\"noopener noreferrer\">93\/2014. (VI.26.) sz\u00e1m\u00fa hat\u00e1rozat az Egyetem eg\u00e9sz\u00e9re kiterjed\u0151 hat\u00e1sk\u00f6rrel rendelkez\u0151 Szen\u00e1tus \u00e1ltal l\u00e9trehozott \u00e1lland\u00f3 bizotts\u00e1gok szem\u00e9lyi \u00f6sszet\u00e9tel\u00e9r\u0151l<\/a><\/li>\n<li style=\"text-align: justify\"><a href=\"https:\/\/semmelweis.hu\/jogigfoig\/files\/2014\/07\/94_sz_VI_26_TSK_TVB.pdf\" target=\"_blank\" rel=\"noopener noreferrer\">94\/2014. (VI.26.) sz\u00e1m\u00fa hat\u00e1rozat a Testnevel\u00e9si \u00e9s Sporttudom\u00e1nyi Kar Szen\u00e1tus \u00e1ltal l\u00e9trehozott Tanulm\u00e1nyi \u00e9s Vizsgabizotts\u00e1ga tagj\u00e1nak megv\u00e1laszt\u00e1s\u00e1r\u00f3l<\/a><\/li>\n<li style=\"text-align: justify\"><a href=\"https:\/\/semmelweis.hu\/jogigfoig\/files\/2014\/07\/95_sz_VI_26_GYDI.pdf\" target=\"_blank\" rel=\"noopener noreferrer\">95\/2014. (VI.26.) sz\u00e1m\u00fa hat\u00e1rozat a Gy\u00f3gyszer\u00e9sztudom\u00e1nyok Doktori Iskola \u00faj vezet\u0151j\u00e9nek megv\u00e1laszt\u00e1s\u00e1r\u00f3l<\/a><\/li>\n<li style=\"text-align: justify\"><a href=\"https:\/\/semmelweis.hu\/jogigfoig\/files\/2014\/07\/96_sz_VI_26_KODI.pdf\" target=\"_blank\" rel=\"noopener noreferrer\">96\/2014. (VI.26.) sz\u00e1m\u00fa hat\u00e1rozat a Klinikai Orvostudom\u00e1nyok Doktori Iskola \u00faj vezet\u0151j\u00e9nek megv\u00e1laszt\u00e1s\u00e1r\u00f3l<\/a><\/li>\n<li style=\"text-align: justify\"><a href=\"https:\/\/semmelweis.hu\/rektori-hivatal\/files\/2014\/07\/97_a_sz_VI_26_TSK_TVSZ.pdf\" target=\"_blank\" rel=\"noopener noreferrer\">97\/A\/2014. (VI.26.) sz. hat. A Testnevel\u00e9si \u00e9s Sporttudom\u00e1nyi Kar (TF) Tanulm\u00e1nyi \u00e9s Vizsgaszab\u00e1lyzata m\u00f3dos\u00edt\u00e1s\u00e1r\u00f3l <\/a><\/li>\n<li style=\"text-align: justify\"><a href=\"https:\/\/semmelweis.hu\/rektori-hivatal\/files\/2014\/07\/97_b_sz_VI_26_TSK_TVSZ.pdf\" target=\"_blank\" rel=\"noopener noreferrer\">97\/B\/2014. (VI.26.) sz. hat. A Testnevel\u00e9si \u00e9s Sporttudom\u00e1nyi Kar (TF) Tanulm\u00e1nyi \u00e9s Vizsgaszab\u00e1lyzata m\u00f3dos\u00edt\u00e1s\u00e1r\u00f3l\u00a0<\/a><\/li>\n<li style=\"text-align: justify\"><a href=\"https:\/\/semmelweis.hu\/rektori-hivatal\/files\/2014\/07\/98_a_sz_VI_26_Asklepios_orvosdoktoric\u00edm.pdf\" target=\"_blank\" rel=\"noopener noreferrer\">98\/A\/2014. (VI.26.) sz. hat. A Semmelweis Egyetem Budapest \u00c1ltal\u00e1nos Orvostudom\u00e1nyi Kar\u00e1nak az orvosdoktori c\u00edm oda\u00edt\u00e9l\u00e9s\u00e9r\u0151l sz\u00f3l\u00f3 szab\u00e1lyzata az Asklepios Campus Hamburg telephely r\u00e9sz\u00e9re t\u00e1rgy\u00e1ban <\/a><\/li>\n<li style=\"text-align: justify\"><a href=\"https:\/\/semmelweis.hu\/rektori-hivatal\/files\/2014\/07\/98_b_sz_VI_26_Asklepios_orvosdoktoric\u00edm.pdf\" target=\"_blank\" rel=\"noopener noreferrer\">98\/B\/2014. (VI.26.) sz. hat. A Semmelweis Egyetem Budapest \u00c1ltal\u00e1nos Orvostudom\u00e1nyi Kar\u00e1nak az orvosdoktori c\u00edm oda\u00edt\u00e9l\u00e9s\u00e9r\u0151l sz\u00f3l\u00f3 szab\u00e1lyzata az Asklepios Campus Hamburg telephely r\u00e9sz\u00e9re t\u00e1rgy\u00e1ban <\/a><\/li>\n<li style=\"text-align: justify\"><a href=\"https:\/\/semmelweis.hu\/rektori-hivatal\/files\/2014\/07\/99_sz_VI_26_dietetikus_szakir\u00e1ny.pdf\" target=\"_blank\" rel=\"noopener noreferrer\">99\/2014. (VI.26.) sz. hat. Sz\u00e9khelyen k\u00edv\u00fcli (Lugano) olasz nyelv\u0171 \u00e1pol\u00e1s \u00e9s betegell\u00e1t\u00e1s szak dietetikus szakir\u00e1ny ind\u00edt\u00e1s\u00e1r\u00f3l az Eg\u00e9szs\u00e9gtudom\u00e1nyi Karon <\/a><\/li>\n<li style=\"text-align: justify\"><a href=\"https:\/\/semmelweis.hu\/rektori-hivatal\/files\/2014\/07\/100_sz_VI_26_wellness_szakmenedzs.pdf\" target=\"_blank\" rel=\"noopener noreferrer\">100\/2014. (VI.26.) sz. hat. Olasz nyelv\u0171 (Lugano) sz\u00e9khelyen k\u00edv\u00fcli wellnes szakmenedzser k\u00e9pz\u00e9s ind\u00edt\u00e1s\u00e1r\u00f3l az Eg\u00e9szs\u00e9gtudom\u00e1nyi Karon <\/a><\/li>\n<li style=\"text-align: justify\"><a href=\"https:\/\/semmelweis.hu\/rektori-hivatal\/files\/2014\/07\/101_a_sz_VI_26_SZMSZ_m\u00f3d.pdf\" target=\"_blank\" rel=\"noopener noreferrer\">101\/A\/2014. (VI.26.) sz. hat. A Szervezeti \u00e9s M\u0171k\u00f6d\u00e9si Szab\u00e1lyzat m\u00f3dos\u00edt\u00e1s\u00e1r\u00f3l <\/a><\/li>\n<li style=\"text-align: justify\"><a href=\"https:\/\/semmelweis.hu\/rektori-hivatal\/files\/2014\/07\/101_b_sz_VI_26_SZMSZ_m\u00f3d.pdf\" target=\"_blank\" rel=\"noopener noreferrer\">101\/B\/2014. (VI.26.) sz. hat. A Szervezeti \u00e9s M\u0171k\u00f6d\u00e9si Szab\u00e1lyzat m\u00f3dos\u00edt\u00e1s\u00e1r\u00f3l <\/a><\/li>\n<li style=\"text-align: justify\"><a href=\"https:\/\/semmelweis.hu\/rektori-hivatal\/files\/2014\/07\/102_sz_VI_26_Mellkasseb\u00e9szeti_kutat\u00f3r\u00e9szleg.pdf\" target=\"_blank\" rel=\"noopener noreferrer\">102\/2014. (VI.26.) sz. hat. az Orsz\u00e1gos Kor\u00e1nyi TBC \u00e9s Pulmonol\u00f3giai Int\u00e9zet Tumorbiol\u00f3giai Oszt\u00e1lya b\u00e1zis\u00e1n a Mellkasseb\u00e9szeti Klinika kutat\u00f3r\u00e9szleg\u00e9nek l\u00e9trehoz\u00e1s\u00e1ra <\/a><\/li>\n<li style=\"text-align: justify\"><a href=\"https:\/\/semmelweis.hu\/rektori-hivatal\/files\/2014\/07\/103_a_sz_VI_26_\u00c1OK_elektrleckek\u00f6nyv.pdf\" target=\"_blank\" rel=\"noopener noreferrer\">103\/A\/2014. (VI.26.) sz. hat. Az \u00c1ltal\u00e1nos Orvostudom\u00e1nyi Karon az elektronikus leckek\u00f6nyv 2014\/2015-\u00f6s tan\u00e9vt\u0151l felmen\u0151 rendszerben t\u00f6rt\u00e9n\u0151 bevezet\u00e9s\u00e9r\u0151l <\/a><\/li>\n<li style=\"text-align: justify\"><a href=\"https:\/\/semmelweis.hu\/rektori-hivatal\/files\/2014\/07\/103_b_sz_VI_26_TVSZ_m\u00f3d.pdf\" target=\"_blank\" rel=\"noopener noreferrer\">103\/B\/2014. (VI.26.) sz. hat. A Semmelweis Egyetem Szervezeti \u00e9s M\u0171k\u00f6d\u00e9si Szab\u00e1lyzat III. r\u00e9sz Hallgat\u00f3i k\u00f6vetelm\u00e9nyrendszer III. fejezet az Egyetem Kreditrendszer\u0171 Tanulm\u00e1nyi \u00e9s Vizsgaszab\u00e1lyzat\u00e1r\u00f3l (a hallgat\u00f3i tanulm\u00e1nyi rend \u00e9s az ismeretek, k\u00e9szs\u00e9gek \u00e9s k\u00e9pess\u00e9gek elsaj\u00e1t\u00edt\u00e1s\u00e1nak, megszerz\u00e9s\u00e9nek, ellen\u0151rz\u00e9s\u00e9nek rendje) III\/I. az \u00c1ltal\u00e1nos Orvostudom\u00e1nyi Kar, a Fogorvostudom\u00e1nyi Kar, \u00e9s a Gy\u00f3gyszer\u00e9sztudom\u00e1nyi Kar Kreditrendszer\u0171 Tanulm\u00e1nyi \u00e9s Vizsgaszab\u00e1lyzat\u00e1nak m\u00f3dos\u00edt\u00e1s\u00e1r\u00f3l<\/a><\/li>\n<li style=\"text-align: justify\"><a href=\"https:\/\/semmelweis.hu\/rektori-hivatal\/files\/2014\/07\/104_a_sz_VI_26_SZMSZ_21_\u00a7.pdf\" target=\"_blank\" rel=\"noopener noreferrer\">104\/A\/2014. (VI.26.) sz. hat. A Semmelweis Egyetem Szervezeti \u00e9s M\u0171k\u00f6d\u00e9si Szab\u00e1lyzat I. R\u00e9sz Szervezeti \u00e9s M\u0171k\u00f6d\u00e9si rend 21. \u00a7 (1) bekezd\u00e9s d) pontj\u00e1nak m\u00f3dos\u00edt\u00e1s\u00e1r\u00f3l <\/a><\/li>\n<li style=\"text-align: justify\"><a href=\"https:\/\/semmelweis.hu\/rektori-hivatal\/files\/2014\/07\/104_b_sz_VI_26_SZMSZ_21_\u00a7.pdf\" target=\"_blank\" rel=\"noopener noreferrer\">104\/B\/2014. (VI.26.) sz. hat. A Semmelweis Egyetem Szervezeti \u00e9s M\u0171k\u00f6d\u00e9si Szab\u00e1lyzat I. R\u00e9sz Szervezeti \u00e9s M\u0171k\u00f6d\u00e9si rend 21. \u00a7 (1) bekezd\u00e9s d) pontj\u00e1nak m\u00f3dos\u00edt\u00e1s\u00e1r\u00f3l <\/a><\/li>\n<li style=\"text-align: justify\"><a href=\"https:\/\/semmelweis.hu\/rektori-hivatal\/files\/2014\/07\/105_a_sz_VI_26_D\u00d6K_Alapszab\u00e1ly_m\u00f3d.pdf\" target=\"_blank\" rel=\"noopener noreferrer\">105\/A\/2014. (VI.26.) sz. hat. A Doktorandusz \u00d6nkorm\u00e1nyzat Alapszab\u00e1lya m\u00f3dos\u00edt\u00e1s\u00e1nak j\u00f3v\u00e1hagy\u00e1s\u00e1r\u00f3l <\/a><\/li>\n<li style=\"text-align: justify\"><a href=\"https:\/\/semmelweis.hu\/rektori-hivatal\/files\/2014\/07\/105_b_sz_VI_26_D\u00d6K_Alapszab\u00e1ly_m\u00f3d.pdf\" target=\"_blank\" rel=\"noopener noreferrer\">105\/B\/2014. (VI.26.) sz. hat. A Doktorandusz \u00d6nkorm\u00e1nyzat Alapszab\u00e1lya m\u00f3dos\u00edt\u00e1s\u00e1r\u00f3l <\/a><\/li>\n<li style=\"text-align: justify\"><a href=\"https:\/\/semmelweis.hu\/rektori-hivatal\/files\/2014\/07\/106_a_sz_VI_26_Doktori_Szab\u00e1lyzat_m\u00f3d.pdf\" target=\"_blank\" rel=\"noopener noreferrer\">106\/A\/2014. (VI.26.) sz. hat. A Semmelweis Egyetem Doktori Szab\u00e1lyzat\u00e1nak m\u00f3dos\u00edt\u00e1s\u00e1r\u00f3l <\/a><\/li>\n<li style=\"text-align: justify\"><a href=\"https:\/\/semmelweis.hu\/rektori-hivatal\/files\/2014\/07\/106_b_sz_VI_26_Doktori_Szab\u00e1lyzat_m\u00f3d.pdf\" target=\"_blank\" rel=\"noopener noreferrer\">106\/B\/2014. (VI.26.) sz. hat. A Semmelweis Egyetem Doktori Szab\u00e1lyzat\u00e1nak m\u00f3dos\u00edt\u00e1s\u00e1r\u00f3l <\/a><\/li>\n<\/ul>\n","protected":false},"excerpt":{"rendered":"<p><a href=\"https:\/\/semmelweis.hu\/rektori-hivatal\/files\/2014\/07\/88_sz_VI_26_k\u00f6lts\u00e9gvet\u00e9s_telj.pdf\" target=\"_blank\" rel=\"noopener noreferrer\">88\/2014. (VI.26.) sz. hat. A 2014. \u00e9vi k\u00f6lts\u00e9gvet\u00e9s 1-5. havi teljes\u00edt\u00e9s\u00e9r\u0151l<\/a><br \/>\n<a href=\"https:\/\/semmelweis.hu\/jogigfoig\/files\/2014\/07\/89_sz_VI_26_allami_kituntetesek.pdf\" target=\"_blank\" rel=\"noopener noreferrer\">89\/2014. (VI.26.) sz\u00e1m\u00fa hat\u00e1rozat a 2015. \u00e9vi \u00e1llami, miniszteri szint\u0171 kit\u00fcntet\u00e9sek adom\u00e1nyoz\u00e1s\u00e1r\u00f3l<\/a><br \/>\n<a href=\"https:\/\/semmelweis.hu\/jogigfoig\/files\/2014\/07\/90_sz_VI_26_cimz_egy_tanar_foisk_doc_mestertanar.pdf\" target=\"_blank\" rel=\"noopener noreferrer\">90\/2014. (VI.26.) sz\u00e1m\u00fa hat\u00e1rozat c\u00edmzetes egyetemi docensi, c\u00edmzetes f\u0151iskolai docensi, mag\u00e1ntan\u00e1ri, mesteroktat\u00f3i \u00e9s mestertan\u00e1ri c\u00edmek adom\u00e1nyoz\u00e1s\u00e1nak v\u00e9lem\u00e9nyez\u00e9s\u00e9r\u0151l<\/a><br \/>\n<a href=\"https:\/\/semmelweis.hu\/jogigfoig\/files\/2014\/07\/91_sz_VI_26_Kozp_Konyvt_NyelviKomm_Kozp.pdf\" target=\"_blank\" rel=\"noopener noreferrer\">91\/2014. (VI.26.) sz\u00e1m\u00fa hat\u00e1rozat a K\u00f6zponti K\u00f6nyvt\u00e1r \u00e9s a Nyelvi Kommunik\u00e1ci\u00f3s K\u00f6zpont vezet\u0151i megb\u00edz\u00e1s\u00e1r\u00f3l<\/a><br \/>\n<a href=\"https:\/\/semmelweis.hu\/jogigfoig\/files\/2014\/07\/92_sz_VI_26_ProfessorEmeritus.pdf\" target=\"_blank\" rel=\"noopener noreferrer\">92\/2014. (VI.26.) sz\u00e1m\u00fa hat\u00e1rozat a &#8222;Professor Emeritus&#8221; c\u00edm adom\u00e1nyoz\u00e1s\u00e1r\u00f3l<\/a><br \/>\n<a href=\"https:\/\/semmelweis.hu\/jogigfoig\/files\/2014\/07\/93_sz_VI_26_allando_bizottsagok.pdf\" target=\"_blank\" rel=\"noopener noreferrer\">93\/2014. (VI.26.) sz\u00e1m\u00fa hat\u00e1rozat az Egyetem eg\u00e9sz\u00e9re kiterjed\u0151 hat\u00e1sk\u00f6rrel rendelkez\u0151 Szen\u00e1tus \u00e1ltal l\u00e9trehozott \u00e1lland\u00f3 bizotts\u00e1gok szem\u00e9lyi \u00f6sszet\u00e9tel\u00e9r\u0151l<\/a><br \/>\n<a href=\"https:\/\/semmelweis.hu\/jogigfoig\/files\/2014\/07\/94_sz_VI_26_TSK_TVB.pdf\" target=\"_blank\" rel=\"noopener noreferrer\">94\/2014. (VI.26.) sz\u00e1m\u00fa hat\u00e1rozat a Testnevel\u00e9si \u00e9s Sporttudom\u00e1nyi Kar Szen\u00e1tus \u00e1ltal l\u00e9trehozott Tanulm\u00e1nyi \u00e9s Vizsgabizotts\u00e1ga tagj\u00e1nak megv\u00e1laszt\u00e1s\u00e1r\u00f3l<\/a><br \/>\n<a href=\"https:\/\/semmelweis.hu\/jogigfoig\/files\/2014\/07\/95_sz_VI_26_GYDI.pdf\" target=\"_blank\" rel=\"noopener noreferrer\">95\/2014. (VI.26.) sz\u00e1m\u00fa hat\u00e1rozat a Gy\u00f3gyszer\u00e9sztudom\u00e1nyok Doktori Iskola \u00faj vezet\u0151j\u00e9nek megv\u00e1laszt\u00e1s\u00e1r\u00f3l<\/a><br \/>\n<a href=\"https:\/\/semmelweis.hu\/jogigfoig\/files\/2014\/07\/96_sz_VI_26_KODI.pdf\" target=\"_blank\" rel=\"noopener noreferrer\">96\/2014. (VI.26.) sz\u00e1m\u00fa hat\u00e1rozat a Klinikai Orvostudom\u00e1nyok Doktori Iskola \u00faj vezet\u0151j\u00e9nek megv\u00e1laszt\u00e1s\u00e1r\u00f3l<\/a><br \/>\n<a href=\"https:\/\/semmelweis.hu\/rektori-hivatal\/files\/2014\/07\/97_a_sz_VI_26_TSK_TVSZ.pdf\" target=\"_blank\" rel=\"noopener noreferrer\">97\/A\/2014. (VI.26.) sz. hat. A Testnevel\u00e9si \u00e9s Sporttudom\u00e1nyi Kar (TF) Tanulm\u00e1nyi \u00e9s Vizsgaszab\u00e1lyzata m\u00f3dos\u00edt\u00e1s\u00e1r\u00f3l <\/a><br \/>\n<a href=\"https:\/\/semmelweis.hu\/rektori-hivatal\/files\/2014\/07\/97_b_sz_VI_26_TSK_TVSZ.pdf\" target=\"_blank\" rel=\"noopener noreferrer\">97\/B\/2014. (VI.26.) sz. hat. A Testnevel\u00e9si \u00e9s Sporttudom\u00e1nyi Kar (TF) Tanulm\u00e1nyi \u00e9s Vizsgaszab\u00e1lyzata m\u00f3dos\u00edt\u00e1s\u00e1r\u00f3l\u00a0<\/a><br \/>\n<a href=\"https:\/\/semmelweis.hu\/rektori-hivatal\/files\/2014\/07\/98_a_sz_VI_26_Asklepios_orvosdoktoric\u00edm.pdf\" target=\"_blank\" rel=\"noopener noreferrer\">98\/A\/2014. (VI.26.) sz. hat. A Semmelweis Egyetem Budapest \u00c1ltal\u00e1nos Orvostudom\u00e1nyi Kar\u00e1nak az orvosdoktori c\u00edm oda\u00edt\u00e9l\u00e9s\u00e9r\u0151l sz\u00f3l\u00f3 szab\u00e1lyzata az Asklepios Campus Hamburg telephely r\u00e9sz\u00e9re t\u00e1rgy\u00e1ban <\/a><br \/>\n<a href=\"https:\/\/semmelweis.hu\/rektori-hivatal\/files\/2014\/07\/98_b_sz_VI_26_Asklepios_orvosdoktoric\u00edm.pdf\" target=\"_blank\" rel=\"noopener noreferrer\">98\/B\/2014. (VI.26.) sz. hat. A Semmelweis Egyetem Budapest \u00c1ltal\u00e1nos Orvostudom\u00e1nyi Kar\u00e1nak az orvosdoktori c\u00edm oda\u00edt\u00e9l\u00e9s\u00e9r\u0151l sz\u00f3l\u00f3 szab\u00e1lyzata az Asklepios Campus Hamburg telephely r\u00e9sz\u00e9re t\u00e1rgy\u00e1ban <\/a><br \/>\n<a href=\"https:\/\/semmelweis.hu\/rektori-hivatal\/files\/2014\/07\/99_sz_VI_26_dietetikus_szakir\u00e1ny.pdf\" target=\"_blank\" rel=\"noopener noreferrer\">99\/2014. (VI.26.) sz. hat. Sz\u00e9khelyen k\u00edv\u00fcli (Lugano) olasz nyelv\u0171 \u00e1pol\u00e1s \u00e9s betegell\u00e1t\u00e1s szak dietetikus szakir\u00e1ny ind\u00edt\u00e1s\u00e1r\u00f3l az Eg\u00e9szs\u00e9gtudom\u00e1nyi Karon <\/a><br \/>\n<a href=\"https:\/\/semmelweis.hu\/rektori-hivatal\/files\/2014\/07\/100_sz_VI_26_wellness_szakmenedzs.pdf\" target=\"_blank\" rel=\"noopener noreferrer\">100\/2014. (VI.26.) sz. hat. Olasz nyelv\u0171 (Lugano) sz\u00e9khelyen k\u00edv\u00fcli wellnes szakmenedzser k\u00e9pz\u00e9s ind\u00edt\u00e1s\u00e1r\u00f3l az Eg\u00e9szs\u00e9gtudom\u00e1nyi Karon <\/a><br \/>\n<a href=\"https:\/\/semmelweis.hu\/rektori-hivatal\/files\/2014\/07\/101_a_sz_VI_26_SZMSZ_m\u00f3d.pdf\" target=\"_blank\" rel=\"noopener noreferrer\">101\/A\/2014. (VI.26.) sz. hat. A Szervezeti \u00e9s M\u0171k\u00f6d\u00e9si Szab\u00e1lyzat m\u00f3dos\u00edt\u00e1s\u00e1r\u00f3l <\/a><br \/>\n<a href=\"https:\/\/semmelweis.hu\/rektori-hivatal\/files\/2014\/07\/101_b_sz_VI_26_SZMSZ_m\u00f3d.pdf\" target=\"_blank\" rel=\"noopener noreferrer\">101\/B\/2014. (VI.26.) sz. hat. A Szervezeti \u00e9s M\u0171k\u00f6d\u00e9si Szab\u00e1lyzat m\u00f3dos\u00edt\u00e1s\u00e1r\u00f3l <\/a><br \/>\n<a href=\"https:\/\/semmelweis.hu\/rektori-hivatal\/files\/2014\/07\/102_sz_VI_26_Mellkasseb\u00e9szeti_kutat\u00f3r\u00e9szleg.pdf\" target=\"_blank\" rel=\"noopener noreferrer\">102\/2014. (VI.26.) sz. hat. az Orsz\u00e1gos Kor\u00e1nyi TBC \u00e9s Pulmonol\u00f3giai Int\u00e9zet Tumorbiol\u00f3giai Oszt\u00e1lya b\u00e1zis\u00e1n a Mellkasseb\u00e9szeti Klinika kutat\u00f3r\u00e9szleg\u00e9nek l\u00e9trehoz\u00e1s\u00e1ra <\/a><br \/>\n<a href=\"https:\/\/semmelweis.hu\/rektori-hivatal\/files\/2014\/07\/103_a_sz_VI_26_\u00c1OK_elektrleckek\u00f6nyv.pdf\" target=\"_blank\" rel=\"noopener noreferrer\">103\/A\/2014. (VI.26.) sz. hat. Az \u00c1ltal\u00e1nos Orvostudom\u00e1nyi Karon az elektronikus leckek\u00f6nyv 2014\/2015-\u00f6s tan\u00e9vt\u0151l felmen\u0151 rendszerben t\u00f6rt\u00e9n\u0151 bevezet\u00e9s\u00e9r\u0151l <\/a><br \/>\n<a href=\"https:\/\/semmelweis.hu\/rektori-hivatal\/files\/2014\/07\/103_b_sz_VI_26_TVSZ_m\u00f3d.pdf\" target=\"_blank\" rel=\"noopener noreferrer\">103\/B\/2014. (VI.26.) sz. hat. A Semmelweis Egyetem Szervezeti \u00e9s M\u0171k\u00f6d\u00e9si Szab\u00e1lyzat III. r\u00e9sz Hallgat\u00f3i k\u00f6vetelm\u00e9nyrendszer III. fejezet az Egyetem Kreditrendszer\u0171 Tanulm\u00e1nyi \u00e9s Vizsgaszab\u00e1lyzat\u00e1r\u00f3l (a hallgat\u00f3i tanulm\u00e1nyi rend \u00e9s az ismeretek, k\u00e9szs\u00e9gek \u00e9s k\u00e9pess\u00e9gek elsaj\u00e1t\u00edt\u00e1s\u00e1nak, megszerz\u00e9s\u00e9nek, ellen\u0151rz\u00e9s\u00e9nek rendje) III\/I. az \u00c1ltal\u00e1nos Orvostudom\u00e1nyi Kar, a Fogorvostudom\u00e1nyi Kar, \u00e9s a Gy\u00f3gyszer\u00e9sztudom\u00e1nyi Kar Kreditrendszer\u0171 Tanulm\u00e1nyi \u00e9s Vizsgaszab\u00e1lyzat\u00e1nak m\u00f3dos\u00edt\u00e1s\u00e1r\u00f3l<\/a><br \/>\n<a href=\"https:\/\/semmelweis.hu\/rektori-hivatal\/files\/2014\/07\/104_a_sz_VI_26_SZMSZ_21_\u00a7.pdf\" target=\"_blank\" rel=\"noopener noreferrer\">104\/A\/2014. (VI.26.) sz. hat. A Semmelweis Egyetem Szervezeti \u00e9s M\u0171k\u00f6d\u00e9si Szab\u00e1lyzat I. R\u00e9sz Szervezeti \u00e9s M\u0171k\u00f6d\u00e9si rend 21. \u00a7 (1) bekezd\u00e9s d) pontj\u00e1nak m\u00f3dos\u00edt\u00e1s\u00e1r\u00f3l <\/a><br \/>\n<a href=\"https:\/\/semmelweis.hu\/rektori-hivatal\/files\/2014\/07\/104_b_sz_VI_26_SZMSZ_21_\u00a7.pdf\" target=\"_blank\" rel=\"noopener noreferrer\">104\/B\/2014. (VI.26.) sz. hat. A Semmelweis Egyetem Szervezeti \u00e9s M\u0171k\u00f6d\u00e9si Szab\u00e1lyzat I. R\u00e9sz Szervezeti \u00e9s M\u0171k\u00f6d\u00e9si rend 21. \u00a7 (1) bekezd\u00e9s d) pontj\u00e1nak m\u00f3dos\u00edt\u00e1s\u00e1r\u00f3l <\/a><br \/>\n<a href=\"https:\/\/semmelweis.hu\/rektori-hivatal\/files\/2014\/07\/105_a_sz_VI_26_D\u00d6K_Alapszab\u00e1ly_m\u00f3d.pdf\" target=\"_blank\" rel=\"noopener noreferrer\">105\/A\/2014. (VI.26.) sz. hat. A Doktorandusz \u00d6nkorm\u00e1nyzat Alapszab\u00e1lya m\u00f3dos\u00edt\u00e1s\u00e1nak j\u00f3v\u00e1hagy\u00e1s\u00e1r\u00f3l <\/a><br \/>\n<a href=\"https:\/\/semmelweis.hu\/rektori-hivatal\/files\/2014\/07\/105_b_sz_VI_26_D\u00d6K_Alapszab\u00e1ly_m\u00f3d.pdf\" target=\"_blank\" rel=\"noopener noreferrer\">105\/B\/2014. (VI.26.) sz. hat. A Doktorandusz \u00d6nkorm\u00e1nyzat Alapszab\u00e1lya m\u00f3dos\u00edt\u00e1s\u00e1r\u00f3l <\/a><br \/>\n<a href=\"https:\/\/semmelweis.hu\/rektori-hivatal\/files\/2014\/07\/106_a_sz_VI_26_Doktori_Szab\u00e1lyzat_m\u00f3d.pdf\" target=\"_blank\" rel=\"noopener noreferrer\">106\/A\/2014. (VI.26.) sz. hat. A Semmelweis Egyetem Doktori Szab\u00e1lyzat\u00e1nak m\u00f3dos\u00edt\u00e1s\u00e1r\u00f3l <\/a><br \/>\n<a href=\"https:\/\/semmelweis.hu\/rektori-hivatal\/files\/2014\/07\/106_b_sz_VI_26_Doktori_Szab\u00e1lyzat_m\u00f3d.pdf\" target=\"_blank\" rel=\"noopener noreferrer\">106\/B\/2014. (VI.26.) sz. hat. A Semmelweis Egyetem Doktori Szab\u00e1lyzat\u00e1nak m\u00f3dos\u00edt\u00e1s\u00e1r\u00f3l <\/a><\/p>\n","protected":false},"author":12,"featured_media":0,"parent":7840,"menu_order":10,"comment_status":"open","ping_status":"open","template":"","meta":{"_acf_changed":false,"footnotes":""},"categories":[1],"tags":[],"class_list":["post-2547","page","type-page","status-publish","hentry","category-egyeb"],"acf":[],"_links":{"self":[{"href":"https:\/\/semmelweis.hu\/jogigfoig\/wp-json\/wp\/v2\/pages\/2547","targetHints":{"allow":["GET"]}}],"collection":[{"href":"https:\/\/semmelweis.hu\/jogigfoig\/wp-json\/wp\/v2\/pages"}],"about":[{"href":"https:\/\/semmelweis.hu\/jogigfoig\/wp-json\/wp\/v2\/types\/page"}],"author":[{"embeddable":true,"href":"https:\/\/semmelweis.hu\/jogigfoig\/wp-json\/wp\/v2\/users\/12"}],"replies":[{"embeddable":true,"href":"https:\/\/semmelweis.hu\/jogigfoig\/wp-json\/wp\/v2\/comments?post=2547"}],"version-history":[{"count":7,"href":"https:\/\/semmelweis.hu\/jogigfoig\/wp-json\/wp\/v2\/pages\/2547\/revisions"}],"predecessor-version":[{"id":72299,"href":"https:\/\/semmelweis.hu\/jogigfoig\/wp-json\/wp\/v2\/pages\/2547\/revisions\/72299"}],"up":[{"embeddable":true,"href":"https:\/\/semmelweis.hu\/jogigfoig\/wp-json\/wp\/v2\/pages\/7840"}],"wp:attachment":[{"href":"https:\/\/semmelweis.hu\/jogigfoig\/wp-json\/wp\/v2\/media?parent=2547"}],"wp:term":[{"taxonomy":"category","embeddable":true,"href":"https:\/\/semmelweis.hu\/jogigfoig\/wp-json\/wp\/v2\/categories?post=2547"},{"taxonomy":"post_tag","embeddable":true,"href":"https:\/\/semmelweis.hu\/jogigfoig\/wp-json\/wp\/v2\/tags?post=2547"}],"curies":[{"name":"wp","href":"https:\/\/api.w.org\/{rel}","templated":true}]}}