{"id":2516,"date":"2014-06-24T13:32:40","date_gmt":"2014-06-24T13:32:40","guid":{"rendered":"http:\/\/semmelweis.hu\/rektori-hivatal\/?page_id=2516"},"modified":"2020-02-12T08:47:44","modified_gmt":"2020-02-12T07:47:44","slug":"2014-junius-18-elektronikus-szavazas","status":"publish","type":"page","link":"https:\/\/semmelweis.hu\/jogigfoig\/testuletek\/szenatus\/2014-evi-szenatusi-hatarozatok\/2014-junius-18-elektronikus-szavazas\/","title":{"rendered":"2014. j\u00fanius 18. (elektronikus szavaz\u00e1s)"},"content":{"rendered":"<ul>\n<li style=\"text-align: justify\"><a href=\"https:\/\/semmelweis.hu\/rektori-hivatal\/files\/2014\/09\/86_2014-VI.-18-sz.-hat_Honv\u00e9d-Katasztr\u00f3fa_Tansz\u00e9k-n\u00e9vv\u00e1ltoz\u00e1s.pdf\" target=\"_blank\" rel=\"noopener noreferrer\">86\/2014. (VI.18.) sz. hat. A Semmelweis Egyetem \u00c1ltal\u00e1nos Orvostudom\u00e1nyi Kar Honv\u00e9d-, Katasztr\u00f3fa-orvostani \u00e9s Rendv\u00e9delem Orvostan Tansz\u00e9k n\u00e9vv\u00e1ltoztat\u00e1s\u00e1r\u00f3l<\/a><\/li>\n<li style=\"text-align: justify\"><a href=\"https:\/\/semmelweis.hu\/rektori-hivatal\/files\/2014\/06\/87_2014_VI_18-H\u00d6K-Alapszab\u00e1ly.pdf\" target=\"_blank\" rel=\"noopener noreferrer\">87\/2014. (VI.18.) sz. hat. A Hallgat\u00f3i \u00d6nkorm\u00e1nyzat Alapszab\u00e1lya m\u00f3dos\u00edt\u00e1s\u00e1nak j\u00f3v\u00e1hagy\u00e1s\u00e1r\u00f3l <\/a><\/li>\n<\/ul>\n","protected":false},"excerpt":{"rendered":"<p><a href=\"https:\/\/semmelweis.hu\/rektori-hivatal\/files\/2014\/09\/86_2014-VI.-18-sz.-hat_Honv\u00e9d-Katasztr\u00f3fa_Tansz\u00e9k-n\u00e9vv\u00e1ltoz\u00e1s.pdf\" target=\"_blank\" rel=\"noopener noreferrer\">86\/2014. (VI.18.) sz. hat. A Semmelweis Egyetem \u00c1ltal\u00e1nos Orvostudom\u00e1nyi Kar Honv\u00e9d-, Katasztr\u00f3fa-orvostani \u00e9s Rendv\u00e9delem Orvostan Tansz\u00e9k n\u00e9vv\u00e1ltoztat\u00e1s\u00e1r\u00f3l<\/a><br \/>\n<a href=\"https:\/\/semmelweis.hu\/rektori-hivatal\/files\/2014\/06\/87_2014_VI_18-H\u00d6K-Alapszab\u00e1ly.pdf\" target=\"_blank\" rel=\"noopener noreferrer\">87\/2014. (VI.18.) sz. hat. A Hallgat\u00f3i \u00d6nkorm\u00e1nyzat Alapszab\u00e1lya m\u00f3dos\u00edt\u00e1s\u00e1nak j\u00f3v\u00e1hagy\u00e1s\u00e1r\u00f3l <\/a><\/p>\n","protected":false},"author":12,"featured_media":0,"parent":7840,"menu_order":9,"comment_status":"open","ping_status":"open","template":"","meta":{"_acf_changed":false,"footnotes":""},"categories":[1],"tags":[],"class_list":["post-2516","page","type-page","status-publish","hentry","category-egyeb"],"acf":[],"_links":{"self":[{"href":"https:\/\/semmelweis.hu\/jogigfoig\/wp-json\/wp\/v2\/pages\/2516","targetHints":{"allow":["GET"]}}],"collection":[{"href":"https:\/\/semmelweis.hu\/jogigfoig\/wp-json\/wp\/v2\/pages"}],"about":[{"href":"https:\/\/semmelweis.hu\/jogigfoig\/wp-json\/wp\/v2\/types\/page"}],"author":[{"embeddable":true,"href":"https:\/\/semmelweis.hu\/jogigfoig\/wp-json\/wp\/v2\/users\/12"}],"replies":[{"embeddable":true,"href":"https:\/\/semmelweis.hu\/jogigfoig\/wp-json\/wp\/v2\/comments?post=2516"}],"version-history":[{"count":7,"href":"https:\/\/semmelweis.hu\/jogigfoig\/wp-json\/wp\/v2\/pages\/2516\/revisions"}],"predecessor-version":[{"id":7894,"href":"https:\/\/semmelweis.hu\/jogigfoig\/wp-json\/wp\/v2\/pages\/2516\/revisions\/7894"}],"up":[{"embeddable":true,"href":"https:\/\/semmelweis.hu\/jogigfoig\/wp-json\/wp\/v2\/pages\/7840"}],"wp:attachment":[{"href":"https:\/\/semmelweis.hu\/jogigfoig\/wp-json\/wp\/v2\/media?parent=2516"}],"wp:term":[{"taxonomy":"category","embeddable":true,"href":"https:\/\/semmelweis.hu\/jogigfoig\/wp-json\/wp\/v2\/categories?post=2516"},{"taxonomy":"post_tag","embeddable":true,"href":"https:\/\/semmelweis.hu\/jogigfoig\/wp-json\/wp\/v2\/tags?post=2516"}],"curies":[{"name":"wp","href":"https:\/\/api.w.org\/{rel}","templated":true}]}}