{"id":2497,"date":"2014-06-17T10:28:23","date_gmt":"2014-06-17T10:28:23","guid":{"rendered":"http:\/\/semmelweis.hu\/rektori-hivatal\/?page_id=2497"},"modified":"2020-02-12T08:47:36","modified_gmt":"2020-02-12T07:47:36","slug":"2014-majus-30-elektronikus-szavazas","status":"publish","type":"page","link":"https:\/\/semmelweis.hu\/jogigfoig\/testuletek\/szenatus\/2014-evi-szenatusi-hatarozatok\/2014-majus-30-elektronikus-szavazas\/","title":{"rendered":"2014. m\u00e1jus 30. (elektronikus szavaz\u00e1s)"},"content":{"rendered":"<ul>\n<li style=\"text-align: justify\"><a href=\"https:\/\/semmelweis.hu\/rektori-hivatal\/files\/2014\/06\/85_2014_05_30_SE-gazdtars_2013_mukodese.pdf\" target=\"_blank\" rel=\"noopener noreferrer\">85\/2014. (V.30.) sz. hat. A Semmelweis Egyetem tulajdonosi joggyakorl\u00e1sa al\u00e1 tartoz\u00f3 gazdas\u00e1gi t\u00e1rsas\u00e1gok 2013. \u00e9vi m\u0171k\u00f6d\u00e9s\u00e9r\u0151l<\/a><\/li>\n<\/ul>\n","protected":false},"excerpt":{"rendered":"<p><a href=\"https:\/\/semmelweis.hu\/rektori-hivatal\/files\/2014\/06\/85_2014_05_30_SE-gazdtars_2013_mukodese.pdf\" target=\"_blank\" rel=\"noopener noreferrer\">85\/2014. (V.30.) sz. hat. A Semmelweis Egyetem tulajdonosi joggyakorl\u00e1sa al\u00e1 tartoz\u00f3 gazdas\u00e1gi t\u00e1rsas\u00e1gok 2013. \u00e9vi m\u0171k\u00f6d\u00e9s\u00e9r\u0151l<\/a><\/p>\n","protected":false},"author":12,"featured_media":0,"parent":7840,"menu_order":8,"comment_status":"open","ping_status":"open","template":"","meta":{"_acf_changed":false,"footnotes":""},"categories":[1],"tags":[],"class_list":["post-2497","page","type-page","status-publish","hentry","category-egyeb"],"acf":[],"_links":{"self":[{"href":"https:\/\/semmelweis.hu\/jogigfoig\/wp-json\/wp\/v2\/pages\/2497","targetHints":{"allow":["GET"]}}],"collection":[{"href":"https:\/\/semmelweis.hu\/jogigfoig\/wp-json\/wp\/v2\/pages"}],"about":[{"href":"https:\/\/semmelweis.hu\/jogigfoig\/wp-json\/wp\/v2\/types\/page"}],"author":[{"embeddable":true,"href":"https:\/\/semmelweis.hu\/jogigfoig\/wp-json\/wp\/v2\/users\/12"}],"replies":[{"embeddable":true,"href":"https:\/\/semmelweis.hu\/jogigfoig\/wp-json\/wp\/v2\/comments?post=2497"}],"version-history":[{"count":4,"href":"https:\/\/semmelweis.hu\/jogigfoig\/wp-json\/wp\/v2\/pages\/2497\/revisions"}],"predecessor-version":[{"id":7895,"href":"https:\/\/semmelweis.hu\/jogigfoig\/wp-json\/wp\/v2\/pages\/2497\/revisions\/7895"}],"up":[{"embeddable":true,"href":"https:\/\/semmelweis.hu\/jogigfoig\/wp-json\/wp\/v2\/pages\/7840"}],"wp:attachment":[{"href":"https:\/\/semmelweis.hu\/jogigfoig\/wp-json\/wp\/v2\/media?parent=2497"}],"wp:term":[{"taxonomy":"category","embeddable":true,"href":"https:\/\/semmelweis.hu\/jogigfoig\/wp-json\/wp\/v2\/categories?post=2497"},{"taxonomy":"post_tag","embeddable":true,"href":"https:\/\/semmelweis.hu\/jogigfoig\/wp-json\/wp\/v2\/tags?post=2497"}],"curies":[{"name":"wp","href":"https:\/\/api.w.org\/{rel}","templated":true}]}}