{"id":2480,"date":"2014-06-17T09:32:59","date_gmt":"2014-06-17T09:32:59","guid":{"rendered":"http:\/\/semmelweis.hu\/rektori-hivatal\/?page_id=2480"},"modified":"2020-02-12T08:47:27","modified_gmt":"2020-02-12T07:47:27","slug":"2014-majus-29","status":"publish","type":"page","link":"https:\/\/semmelweis.hu\/jogigfoig\/testuletek\/szenatus\/2014-evi-szenatusi-hatarozatok\/2014-majus-29\/","title":{"rendered":"2014. m\u00e1jus 29."},"content":{"rendered":"<ul>\n<li style=\"text-align: justify\"><a href=\"https:\/\/semmelweis.hu\/rektori-hivatal\/files\/2014\/06\/N_V_29_napirend.pdf\" target=\"_blank\" rel=\"noopener noreferrer\">N-V. 29\/2014. sz. hat. a szen\u00e1tusi \u00fcl\u00e9s napirendi pontjainak elfogad\u00e1s\u00e1r\u00f3l <\/a><\/li>\n<li style=\"text-align: justify\"><a href=\"https:\/\/semmelweis.hu\/rektori-hivatal\/files\/2014\/06\/70_sz_V_29_SzentR\u00f3kus_St\u00e1hly_GYEMSZI.pdf\" target=\"_blank\" rel=\"noopener noreferrer\">70\/2014. (V.29.) sz. hat. A Szent R\u00f3kus K\u00f3rh\u00e1z \u00e9s Int\u00e9zm\u00e9nyei Semmelweis Egyetem, illet\u0151leg a St\u00e1hly utcai Rendel\u0151int\u00e9zet Eg\u00e9szs\u00e9gtudom\u00e1nyi Kar \u00e1ltal t\u00f6rt\u00e9n\u0151 hasznos\u00edt\u00e1si perspekt\u00edv\u00e1ir\u00f3l, valamint a Gy\u00f3gyszer\u00e9szeti \u00e9s Eg\u00e9szs\u00e9g\u00fcgyi Min\u0151s\u00e9g- \u00e9s Szervezetfejleszt\u00e9si Int\u00e9zettel (GYEMSZI) k\u00f6tend\u0151 egy\u00fcttm\u0171k\u00f6d\u00e9si keretmeg\u00e1llapod\u00e1s elfogad\u00e1s\u00e1r\u00f3l <\/a><\/li>\n<li style=\"text-align: justify\"><a href=\"https:\/\/semmelweis.hu\/rektori-hivatal\/files\/2014\/06\/71_sz_V_29_hagyom_k\u00ednaigy\u00f3gy\u00e1szat.pdf\" target=\"_blank\" rel=\"noopener noreferrer\">71\/2014. (V.29.) sz. hat. A hagyom\u00e1nyos k\u00ednai gy\u00f3gy\u00e1szat k\u00e9pz\u00e9s bevezet\u00e9s\u00e9r\u0151l \u00e9s fejleszt\u00e9s\u00e9r\u0151l a Semmelweis Egyetem Eg\u00e9szs\u00e9gtudom\u00e1nyi Kar\u00e1n <\/a><\/li>\n<li style=\"text-align: justify\"><a href=\"https:\/\/semmelweis.hu\/rektori-hivatal\/files\/2014\/06\/72_a_sz_V_29_TVSZ.pdf\" target=\"_blank\" rel=\"noopener noreferrer\">72\/A\/2014. (V.29.) sz. hat. A Semmelweis Egyetem egyes tanulm\u00e1nyi \u00e9s vizsgaszab\u00e1lyaira vonatkoz\u00f3 rendelkez\u00e9seinek m\u00f3dos\u00edt\u00e1s\u00e1r\u00f3l <\/a><\/li>\n<li style=\"text-align: justify\"><a href=\"https:\/\/semmelweis.hu\/rektori-hivatal\/files\/2014\/06\/72_b-_sz_V_29_TVSZ.pdf\" target=\"_blank\" rel=\"noopener noreferrer\">72\/B\/2014. (V.29.) sz. hat. A Semmelweis Egyetem Szervezeti \u00e9s M\u0171k\u00f6d\u00e9si Szab\u00e1lyzat III. r\u00e9sz Hallgat\u00f3i k\u00f6vetelm\u00e9nyrendszer III. fejezet az Egyetem Kreditrendszer\u0171 Tanulm\u00e1nyi \u00e9s Vizsgaszab\u00e1lyzat\u00e1r\u00f3l (a hallgat\u00f3i tanulm\u00e1nyi rend \u00e9s az ismeretek, k\u00e9szs\u00e9gek \u00e9s k\u00e9pess\u00e9gek elsaj\u00e1t\u00edt\u00e1s\u00e1nak, megszerz\u00e9s\u00e9nek, ellen\u0151rz\u00e9s\u00e9nek rendje) III\/I. az \u00c1ltal\u00e1nos Orvostudom\u00e1nyi Kar, a Fogorvostudom\u00e1nyi Kar, \u00e9s a Gy\u00f3gyszer\u00e9sztudom\u00e1nyi Kar Kreditrendszer\u0171 Tanulm\u00e1nyi \u00e9s Vizsgaszab\u00e1lyzata, valamint a III\/III. fejezet Semmelweis Egyetem Eg\u00e9szs\u00e9g\u00fcgyi K\u00f6zszolg\u00e1lati Kar Tanulm\u00e1nyi \u00e9s Vizsgaszab\u00e1lyzat\u00e1nak m\u00f3dos\u00edt\u00e1s\u00e1r\u00f3l <\/a><\/li>\n<li style=\"text-align: justify\"><a href=\"https:\/\/semmelweis.hu\/rektori-hivatal\/files\/2014\/06\/73_a_sz_V_29_TJSZ-m\u00f3dos\u00edt\u00e1s.pdf\" target=\"_blank\" rel=\"noopener noreferrer\">73\/A\/2014. (V.29.) sz. hat. A Semmelweis Egyetem Szervezeti \u00e9s M\u0171k\u00f6d\u00e9si Szab\u00e1lyzat III. r\u00e9sz Hallgat\u00f3i k\u00f6vetelm\u00e9nyrendszer IV. fejezet T\u00e9r\u00edt\u00e9si \u00e9s juttat\u00e1si szab\u00e1lyzat m\u00f3dos\u00edt\u00e1s\u00e1r\u00f3l <\/a><\/li>\n<li style=\"text-align: justify\"><a href=\"https:\/\/semmelweis.hu\/rektori-hivatal\/files\/2014\/06\/73_b_sz_V_29_TJSZ-m\u00f3dos\u00edt\u00e1s.pdf\" target=\"_blank\" rel=\"noopener noreferrer\">73\/B\/2014. (V.29.) sz. hat. A Semmelweis Egyetem Szervezeti \u00e9s M\u0171k\u00f6d\u00e9si Szab\u00e1lyzat III. r\u00e9sz Hallgat\u00f3i k\u00f6vetelm\u00e9nyrendszer IV. fejezet T\u00e9r\u00edt\u00e9si \u00e9s juttat\u00e1si szab\u00e1lyzat m\u00f3dos\u00edt\u00e1s\u00e1r\u00f3l<\/a><\/li>\n<li style=\"text-align: justify\"><a href=\"https:\/\/semmelweis.hu\/jogigfoig\/files\/2014\/06\/74_sz_V_29_DHC_cimadom.pdf\" target=\"_blank\" rel=\"noopener noreferrer\">74\/2014. (V.29.) sz\u00e1m\u00fa hat\u00e1rozat Doctor Honoris Causa c\u00edm adom\u00e1nyoz\u00e1s\u00e1r\u00f3l<\/a><\/li>\n<li style=\"text-align: justify\"><a href=\"https:\/\/semmelweis.hu\/jogigfoig\/files\/2014\/06\/75_sz_V_29_TanarkKozp_egyet_docensi.pdf\" target=\"_blank\" rel=\"noopener noreferrer\">75\/2014. (V.29.) sz\u00e1m\u00fa hat\u00e1rozat A Tan\u00e1rk\u00e9pz\u0151 K\u00f6zpontba meghirdetett egyetemi docensi \u00e1ll\u00e1shelyre be\u00e9rkezett p\u00e1ly\u00e1zat v\u00e9lem\u00e9nyez\u00e9s\u00e9r\u0151l<\/a><\/li>\n<li style=\"text-align: justify\"><a href=\"https:\/\/semmelweis.hu\/jogigfoig\/files\/2014\/06\/76_sz_V_29_egyetemi_foiskolai_docensi_allashely.pdf\" target=\"_blank\" rel=\"noopener noreferrer\">76\/2014. (V.29.) sz\u00e1m\u00fa hat\u00e1rozat 2014. \u00e9vben meghirdetett egyetemi\/f\u0151iskolai docensi \u00e1ll\u00e1shelyekre be\u00e9rkezett p\u00e1ly\u00e1zatok v\u00e9lem\u00e9nyez\u00e9s\u00e9r\u0151l<\/a><\/li>\n<li style=\"text-align: justify\"><a href=\"https:\/\/semmelweis.hu\/jogigfoig\/files\/2014\/06\/77_sz_V_29_NKI_igazgatoi_megbizas.pdf\" target=\"_blank\" rel=\"noopener noreferrer\">77\/2014. (V.29.) sz\u00e1m\u00fa hat\u00e1rozat A Semmelweis Egyetem Nemzetk\u00f6zi Kapcsolatok Igazgat\u00f3s\u00e1g\u00e1nak vezet\u0151i megb\u00edz\u00e1s\u00e1ra be\u00e9rkezett p\u00e1ly\u00e1zatr\u00f3l<\/a><\/li>\n<li style=\"text-align: justify\"><a href=\"https:\/\/semmelweis.hu\/jogigfoig\/files\/2014\/06\/78_-sz_V_29_AOK_vezetoi_megbizasok.pdf\" target=\"_blank\" rel=\"noopener noreferrer\">78\/2014. (V.29.) sz\u00e1m\u00fa hat\u00e1rozat Az \u00c1ltal\u00e1nos Orvostudom\u00e1nyi Karon 2014. \u00e9vre meghirdetett vezet\u0151i megb\u00edz\u00e1sokra be\u00e9rkezett p\u00e1ly\u00e1zatokr\u00f3l<\/a><\/li>\n<li style=\"text-align: justify\"><a href=\"https:\/\/semmelweis.hu\/jogigfoig\/files\/2014\/06\/79_sz_V_29_GYTK_vezetoi_megbizasok.pdf\" target=\"_blank\" rel=\"noopener noreferrer\">79\/2014. (V.29.) sz\u00e1m\u00fa hat\u00e1rozat A Gy\u00f3gyszer\u00e9sztudom\u00e1nyi Karon 2014. \u00e9vre meghirdetett vezet\u0151i megb\u00edz\u00e1sra be\u00e9rkezett p\u00e1ly\u00e1zatokr\u00f3l<\/a><\/li>\n<li style=\"text-align: justify\"><a href=\"https:\/\/semmelweis.hu\/jogigfoig\/files\/2014\/06\/80_sz_V_29_Pro_Universitate_dij.pdf\" target=\"_blank\" rel=\"noopener noreferrer\">80\/2014. (V.29.) sz\u00e1m\u00fa hat\u00e1rozat Pro Universitate d\u00edj adom\u00e1nyoz\u00e1s\u00e1r\u00f3l<\/a><\/li>\n<li style=\"text-align: justify\"><a href=\"https:\/\/semmelweis.hu\/rektori-hivatal\/files\/2014\/06\/81_sz_V_29_Hum\u00e1nmorfol\u00f3gia_egyetemi-tan\u00e1ri-\u00e1ll\u00e1shely.pdf\" target=\"_blank\" rel=\"noopener noreferrer\">81\/2014. (V.29.) sz. hat. A Hum\u00e1nmorfol\u00f3giai \u00e9s Fejl\u0151d\u00e9sbiol\u00f3giai Int\u00e9zetbe meghirdetni tervezett egyetemi tan\u00e1ri \u00e1ll\u00e1shely l\u00e9trehoz\u00e1s\u00e1r\u00f3l\u00a0 <\/a><\/li>\n<li style=\"text-align: justify\"><a href=\"https:\/\/semmelweis.hu\/rektori-hivatal\/files\/2014\/06\/82_sz_V_29_egyetemi-docensi-\u00e1ll\u00e1shelyek-l\u00e9trehoz\u00e1sa.pdf\" target=\"_blank\" rel=\"noopener noreferrer\">82\/2014. (V.29.) sz. hat. A Hum\u00e1nmorfol\u00f3giai \u00e9s Fejl\u0151d\u00e9sbiol\u00f3giai Int\u00e9zetbe, a II. sz. Patol\u00f3giai Int\u00e9zetbe \u00e9s a Nukle\u00e1ris Medicina Int\u00e9zetbe meghirdetni tervezett egyetemi docensi \u00e1ll\u00e1shelyek l\u00e9trehoz\u00e1s\u00e1r\u00f3l <\/a><\/li>\n<li style=\"text-align: justify\"><a href=\"https:\/\/semmelweis.hu\/rektori-hivatal\/files\/2014\/06\/83_a_sz_V_29_Rektori-P\u00e1lyamunka.pdf\" target=\"_blank\" rel=\"noopener noreferrer\">83\/A\/2014. (V.29.) sz. hat. A Semmelweis Egyetem hallgat\u00f3i sz\u00e1m\u00e1ra ki\u00edrt rektori p\u00e1lyamunk\u00e1k \u00e9s k\u00fclf\u00f6ldi tudom\u00e1nyos \u00f6szt\u00f6nd\u00edjak szab\u00e1lyzat\u00e1nak m\u00f3dos\u00edt\u00e1s\u00e1r\u00f3l <\/a><\/li>\n<li style=\"text-align: justify\"><a href=\"https:\/\/semmelweis.hu\/rektori-hivatal\/files\/2014\/06\/83_b_sz_V_29_Rektori-P\u00e1lyamunka.pdf\" target=\"_blank\" rel=\"noopener noreferrer\">83\/B\/2014. (V.29.) sz. hat. A Semmelweis Egyetem hallgat\u00f3i sz\u00e1m\u00e1ra ki\u00edrt rektori p\u00e1lyamunk\u00e1k \u00e9s k\u00fclf\u00f6ldi tudom\u00e1nyos \u00f6szt\u00f6nd\u00edjak szab\u00e1lyzat\u00e1nak m\u00f3dos\u00edt\u00e1s\u00e1r\u00f3l\u00a0<\/a><\/li>\n<li style=\"text-align: justify\"><a href=\"https:\/\/semmelweis.hu\/rektori-hivatal\/files\/2014\/06\/84_sz_V_29_Jelnyelvi-\u00e1toktat\u00e1s_meg\u00e1llapod\u00e1s.pdf\" target=\"_blank\" rel=\"noopener noreferrer\">84\/2014. (V.29.) sz. hat. a P\u00e9csi Tudom\u00e1nyegyetemen a K\u00f3r\u00e9lettani Int\u00e9zet \u00e1ltal tartott jelnyelvi \u00e1toktat\u00e1sr\u00f3l sz\u00f3l\u00f3 meg\u00e1llapod\u00e1s elfogad\u00e1s\u00e1r\u00f3l\u00a0 <\/a><\/li>\n<\/ul>\n<p>&nbsp;<\/p>\n","protected":false},"excerpt":{"rendered":"<p><a href=\"https:\/\/semmelweis.hu\/rektori-hivatal\/files\/2014\/06\/N_V_29_napirend.pdf\" target=\"_blank\" rel=\"noopener noreferrer\">N-V. 29\/2014. sz. hat. a szen\u00e1tusi \u00fcl\u00e9s napirendi pontjainak elfogad\u00e1s\u00e1r\u00f3l <\/a><br \/>\n<a href=\"https:\/\/semmelweis.hu\/rektori-hivatal\/files\/2014\/06\/70_sz_V_29_SzentR\u00f3kus_St\u00e1hly_GYEMSZI.pdf\" target=\"_blank\" rel=\"noopener noreferrer\">70\/2014. (V.29.) sz. hat. A Szent R\u00f3kus K\u00f3rh\u00e1z \u00e9s Int\u00e9zm\u00e9nyei Semmelweis Egyetem, illet\u0151leg a St\u00e1hly utcai Rendel\u0151int\u00e9zet Eg\u00e9szs\u00e9gtudom\u00e1nyi Kar \u00e1ltal t\u00f6rt\u00e9n\u0151 hasznos\u00edt\u00e1si perspekt\u00edv\u00e1ir\u00f3l, valamint a Gy\u00f3gyszer\u00e9szeti \u00e9s Eg\u00e9szs\u00e9g\u00fcgyi Min\u0151s\u00e9g- \u00e9s Szervezetfejleszt\u00e9si Int\u00e9zettel (GYEMSZI) k\u00f6tend\u0151 egy\u00fcttm\u0171k\u00f6d\u00e9si keretmeg\u00e1llapod\u00e1s elfogad\u00e1s\u00e1r\u00f3l <\/a><br \/>\n<a href=\"https:\/\/semmelweis.hu\/rektori-hivatal\/files\/2014\/06\/71_sz_V_29_hagyom_k\u00ednaigy\u00f3gy\u00e1szat.pdf\" target=\"_blank\" rel=\"noopener noreferrer\">71\/2014. (V.29.) sz. hat. A hagyom\u00e1nyos k\u00ednai gy\u00f3gy\u00e1szat k\u00e9pz\u00e9s bevezet\u00e9s\u00e9r\u0151l \u00e9s fejleszt\u00e9s\u00e9r\u0151l a Semmelweis Egyetem Eg\u00e9szs\u00e9gtudom\u00e1nyi Kar\u00e1n <\/a><br \/>\n<a href=\"https:\/\/semmelweis.hu\/rektori-hivatal\/files\/2014\/06\/72_a_sz_V_29_TVSZ.pdf\" target=\"_blank\" rel=\"noopener noreferrer\">72\/A\/2014. (V.29.) sz. hat. A Semmelweis Egyetem egyes tanulm\u00e1nyi \u00e9s vizsgaszab\u00e1lyaira vonatkoz\u00f3 rendelkez\u00e9seinek m\u00f3dos\u00edt\u00e1s\u00e1r\u00f3l <\/a><br \/>\n<a href=\"https:\/\/semmelweis.hu\/rektori-hivatal\/files\/2014\/06\/72_b-_sz_V_29_TVSZ.pdf\" target=\"_blank\" rel=\"noopener noreferrer\">72\/B\/2014. (V.29.) sz. hat. A Semmelweis Egyetem Szervezeti \u00e9s M\u0171k\u00f6d\u00e9si Szab\u00e1lyzat III. r\u00e9sz Hallgat\u00f3i k\u00f6vetelm\u00e9nyrendszer III. fejezet az Egyetem Kreditrendszer\u0171 Tanulm\u00e1nyi \u00e9s Vizsgaszab\u00e1lyzat\u00e1r\u00f3l (a hallgat\u00f3i tanulm\u00e1nyi rend \u00e9s az ismeretek, k\u00e9szs\u00e9gek \u00e9s k\u00e9pess\u00e9gek elsaj\u00e1t\u00edt\u00e1s\u00e1nak, megszerz\u00e9s\u00e9nek, ellen\u0151rz\u00e9s\u00e9nek rendje) III\/I. az \u00c1ltal\u00e1nos Orvostudom\u00e1nyi Kar, a Fogorvostudom\u00e1nyi Kar, \u00e9s a Gy\u00f3gyszer\u00e9sztudom\u00e1nyi Kar Kreditrendszer\u0171 Tanulm\u00e1nyi \u00e9s Vizsgaszab\u00e1lyzata, valamint a III\/III. fejezet Semmelweis Egyetem Eg\u00e9szs\u00e9g\u00fcgyi K\u00f6zszolg\u00e1lati Kar Tanulm\u00e1nyi \u00e9s Vizsgaszab\u00e1lyzat\u00e1nak m\u00f3dos\u00edt\u00e1s\u00e1r\u00f3l <\/a><br \/>\n<a href=\"https:\/\/semmelweis.hu\/rektori-hivatal\/files\/2014\/06\/73_a_sz_V_29_TJSZ-m\u00f3dos\u00edt\u00e1s.pdf\" target=\"_blank\" rel=\"noopener noreferrer\">73\/A\/2014. (V.29.) sz. hat. A Semmelweis Egyetem Szervezeti \u00e9s M\u0171k\u00f6d\u00e9si Szab\u00e1lyzat III. r\u00e9sz Hallgat\u00f3i k\u00f6vetelm\u00e9nyrendszer IV. fejezet T\u00e9r\u00edt\u00e9si \u00e9s juttat\u00e1si szab\u00e1lyzat m\u00f3dos\u00edt\u00e1s\u00e1r\u00f3l <\/a><br \/>\n<a href=\"https:\/\/semmelweis.hu\/rektori-hivatal\/files\/2014\/06\/73_b_sz_V_29_TJSZ-m\u00f3dos\u00edt\u00e1s.pdf\" target=\"_blank\" rel=\"noopener noreferrer\">73\/B\/2014. (V.29.) sz. hat. A Semmelweis Egyetem Szervezeti \u00e9s M\u0171k\u00f6d\u00e9si Szab\u00e1lyzat III. r\u00e9sz Hallgat\u00f3i k\u00f6vetelm\u00e9nyrendszer IV. fejezet T\u00e9r\u00edt\u00e9si \u00e9s juttat\u00e1si szab\u00e1lyzat m\u00f3dos\u00edt\u00e1s\u00e1r\u00f3l<\/a><br \/>\n<a href=\"https:\/\/semmelweis.hu\/jogigfoig\/files\/2014\/06\/74_sz_V_29_DHC_cimadom.pdf\" target=\"_blank\" rel=\"noopener noreferrer\">74\/2014. (V.29.) sz\u00e1m\u00fa hat\u00e1rozat Doctor Honoris Causa c\u00edm adom\u00e1nyoz\u00e1s\u00e1r\u00f3l<\/a><br \/>\n<a href=\"https:\/\/semmelweis.hu\/jogigfoig\/files\/2014\/06\/75_sz_V_29_TanarkKozp_egyet_docensi.pdf\" target=\"_blank\" rel=\"noopener noreferrer\">75\/2014. (V.29.) sz\u00e1m\u00fa hat\u00e1rozat A Tan\u00e1rk\u00e9pz\u0151 K\u00f6zpontba meghirdetett egyetemi docensi \u00e1ll\u00e1shelyre be\u00e9rkezett p\u00e1ly\u00e1zat v\u00e9lem\u00e9nyez\u00e9s\u00e9r\u0151l<\/a><br \/>\n<a href=\"https:\/\/semmelweis.hu\/jogigfoig\/files\/2014\/06\/76_sz_V_29_egyetemi_foiskolai_docensi_allashely.pdf\" target=\"_blank\" rel=\"noopener noreferrer\">76\/2014. (V.29.) sz\u00e1m\u00fa hat\u00e1rozat 2014. \u00e9vben meghirdetett egyetemi\/f\u0151iskolai docensi \u00e1ll\u00e1shelyekre be\u00e9rkezett p\u00e1ly\u00e1zatok v\u00e9lem\u00e9nyez\u00e9s\u00e9r\u0151l<\/a><br \/>\n<a href=\"https:\/\/semmelweis.hu\/jogigfoig\/files\/2014\/06\/77_sz_V_29_NKI_igazgatoi_megbizas.pdf\" target=\"_blank\" rel=\"noopener noreferrer\">77\/2014. (V.29.) sz\u00e1m\u00fa hat\u00e1rozat A Semmelweis Egyetem Nemzetk\u00f6zi Kapcsolatok Igazgat\u00f3s\u00e1g\u00e1nak vezet\u0151i megb\u00edz\u00e1s\u00e1ra be\u00e9rkezett p\u00e1ly\u00e1zatr\u00f3l<\/a><br \/>\n<a href=\"https:\/\/semmelweis.hu\/jogigfoig\/files\/2014\/06\/78_-sz_V_29_AOK_vezetoi_megbizasok.pdf\" target=\"_blank\" rel=\"noopener noreferrer\">78\/2014. (V.29.) sz\u00e1m\u00fa hat\u00e1rozat Az \u00c1ltal\u00e1nos Orvostudom\u00e1nyi Karon 2014. \u00e9vre meghirdetett vezet\u0151i megb\u00edz\u00e1sokra be\u00e9rkezett p\u00e1ly\u00e1zatokr\u00f3l<\/a><br \/>\n<a href=\"https:\/\/semmelweis.hu\/jogigfoig\/files\/2014\/06\/79_sz_V_29_GYTK_vezetoi_megbizasok.pdf\" target=\"_blank\" rel=\"noopener noreferrer\">79\/2014. (V.29.) sz\u00e1m\u00fa hat\u00e1rozat A Gy\u00f3gyszer\u00e9sztudom\u00e1nyi Karon 2014. \u00e9vre meghirdetett vezet\u0151i megb\u00edz\u00e1sra be\u00e9rkezett p\u00e1ly\u00e1zatokr\u00f3l<\/a><br \/>\n<a href=\"https:\/\/semmelweis.hu\/jogigfoig\/files\/2014\/06\/80_sz_V_29_Pro_Universitate_dij.pdf\" target=\"_blank\" rel=\"noopener noreferrer\">80\/2014. (V.29.) sz\u00e1m\u00fa hat\u00e1rozat Pro Universitate d\u00edj adom\u00e1nyoz\u00e1s\u00e1r\u00f3l<\/a><br \/>\n<a href=\"https:\/\/semmelweis.hu\/rektori-hivatal\/files\/2014\/06\/81_sz_V_29_Hum\u00e1nmorfol\u00f3gia_egyetemi-tan\u00e1ri-\u00e1ll\u00e1shely.pdf\" target=\"_blank\" rel=\"noopener noreferrer\">81\/2014. (V.29.) sz. hat. A Hum\u00e1nmorfol\u00f3giai \u00e9s Fejl\u0151d\u00e9sbiol\u00f3giai Int\u00e9zetbe meghirdetni tervezett egyetemi tan\u00e1ri \u00e1ll\u00e1shely l\u00e9trehoz\u00e1s\u00e1r\u00f3l\u00a0 <\/a><br \/>\n<a href=\"https:\/\/semmelweis.hu\/rektori-hivatal\/files\/2014\/06\/82_sz_V_29_egyetemi-docensi-\u00e1ll\u00e1shelyek-l\u00e9trehoz\u00e1sa.pdf\" target=\"_blank\" rel=\"noopener noreferrer\">82\/2014. (V.29.) sz. hat. A Hum\u00e1nmorfol\u00f3giai \u00e9s Fejl\u0151d\u00e9sbiol\u00f3giai Int\u00e9zetbe, a II. sz. Patol\u00f3giai Int\u00e9zetbe \u00e9s a Nukle\u00e1ris Medicina Int\u00e9zetbe meghirdetni tervezett egyetemi docensi \u00e1ll\u00e1shelyek l\u00e9trehoz\u00e1s\u00e1r\u00f3l <\/a><br \/>\n<a href=\"https:\/\/semmelweis.hu\/rektori-hivatal\/files\/2014\/06\/83_a_sz_V_29_Rektori-P\u00e1lyamunka.pdf\" target=\"_blank\" rel=\"noopener noreferrer\">83\/A\/2014. (V.29.) sz. hat. A Semmelweis Egyetem hallgat\u00f3i sz\u00e1m\u00e1ra ki\u00edrt rektori p\u00e1lyamunk\u00e1k \u00e9s k\u00fclf\u00f6ldi tudom\u00e1nyos \u00f6szt\u00f6nd\u00edjak szab\u00e1lyzat\u00e1nak m\u00f3dos\u00edt\u00e1s\u00e1r\u00f3l <\/a><br \/>\n<a href=\"https:\/\/semmelweis.hu\/rektori-hivatal\/files\/2014\/06\/83_b_sz_V_29_Rektori-P\u00e1lyamunka.pdf\" target=\"_blank\" rel=\"noopener noreferrer\">83\/B\/2014. (V.29.) sz. hat. A Semmelweis Egyetem hallgat\u00f3i sz\u00e1m\u00e1ra ki\u00edrt rektori p\u00e1lyamunk\u00e1k \u00e9s k\u00fclf\u00f6ldi tudom\u00e1nyos \u00f6szt\u00f6nd\u00edjak szab\u00e1lyzat\u00e1nak m\u00f3dos\u00edt\u00e1s\u00e1r\u00f3l\u00a0<\/a><br \/>\n<a href=\"https:\/\/semmelweis.hu\/rektori-hivatal\/files\/2014\/06\/84_sz_V_29_Jelnyelvi-\u00e1toktat\u00e1s_meg\u00e1llapod\u00e1s.pdf\" target=\"_blank\" rel=\"noopener noreferrer\">84\/2014. (V.29.) sz. hat. a P\u00e9csi Tudom\u00e1nyegyetemen a K\u00f3r\u00e9lettani Int\u00e9zet \u00e1ltal tartott jelnyelvi \u00e1toktat\u00e1sr\u00f3l sz\u00f3l\u00f3 meg\u00e1llapod\u00e1s elfogad\u00e1s\u00e1r\u00f3l\u00a0 <\/a><\/p>\n<p>&nbsp;<\/p>\n","protected":false},"author":12,"featured_media":0,"parent":7840,"menu_order":7,"comment_status":"open","ping_status":"open","template":"","meta":{"_acf_changed":false,"footnotes":""},"categories":[1],"tags":[],"class_list":["post-2480","page","type-page","status-publish","hentry","category-egyeb"],"acf":[],"_links":{"self":[{"href":"https:\/\/semmelweis.hu\/jogigfoig\/wp-json\/wp\/v2\/pages\/2480","targetHints":{"allow":["GET"]}}],"collection":[{"href":"https:\/\/semmelweis.hu\/jogigfoig\/wp-json\/wp\/v2\/pages"}],"about":[{"href":"https:\/\/semmelweis.hu\/jogigfoig\/wp-json\/wp\/v2\/types\/page"}],"author":[{"embeddable":true,"href":"https:\/\/semmelweis.hu\/jogigfoig\/wp-json\/wp\/v2\/users\/12"}],"replies":[{"embeddable":true,"href":"https:\/\/semmelweis.hu\/jogigfoig\/wp-json\/wp\/v2\/comments?post=2480"}],"version-history":[{"count":6,"href":"https:\/\/semmelweis.hu\/jogigfoig\/wp-json\/wp\/v2\/pages\/2480\/revisions"}],"predecessor-version":[{"id":7896,"href":"https:\/\/semmelweis.hu\/jogigfoig\/wp-json\/wp\/v2\/pages\/2480\/revisions\/7896"}],"up":[{"embeddable":true,"href":"https:\/\/semmelweis.hu\/jogigfoig\/wp-json\/wp\/v2\/pages\/7840"}],"wp:attachment":[{"href":"https:\/\/semmelweis.hu\/jogigfoig\/wp-json\/wp\/v2\/media?parent=2480"}],"wp:term":[{"taxonomy":"category","embeddable":true,"href":"https:\/\/semmelweis.hu\/jogigfoig\/wp-json\/wp\/v2\/categories?post=2480"},{"taxonomy":"post_tag","embeddable":true,"href":"https:\/\/semmelweis.hu\/jogigfoig\/wp-json\/wp\/v2\/tags?post=2480"}],"curies":[{"name":"wp","href":"https:\/\/api.w.org\/{rel}","templated":true}]}}