{"id":2426,"date":"2014-06-03T09:00:08","date_gmt":"2014-06-03T09:00:08","guid":{"rendered":"http:\/\/semmelweis.hu\/rektori-hivatal\/?page_id=2426"},"modified":"2020-02-12T08:47:20","modified_gmt":"2020-02-12T07:47:20","slug":"2014-majus-08-elektronikus-szavazas","status":"publish","type":"page","link":"https:\/\/semmelweis.hu\/jogigfoig\/testuletek\/szenatus\/2014-evi-szenatusi-hatarozatok\/2014-majus-08-elektronikus-szavazas\/","title":{"rendered":"2014. m\u00e1jus 08. (elektronikus szavaz\u00e1s)"},"content":{"rendered":"<ul>\n<li style=\"text-align: justify\"><a href=\"https:\/\/semmelweis.hu\/rektori-hivatal\/files\/2014\/06\/65_2014_V_08_ETK-egyuttmuk_megall.pdf\" target=\"_blank\" rel=\"noopener noreferrer\">65\/2014. (V.08.) sz. hat. Az Eg\u00e9szs\u00e9gtudom\u00e1nyi Karon megk\u00f6tend\u0151 egy\u00fcttm\u0171k\u00f6d\u00e9si meg\u00e1llapod\u00e1sok j\u00f3v\u00e1hagy\u00e1s\u00e1r\u00f3l <\/a><\/li>\n<li style=\"text-align: justify\"><a href=\"https:\/\/semmelweis.hu\/rektori-hivatal\/files\/2014\/06\/66_2014_V_08_HECRIN_konzorciumi_megall.pdf\" target=\"_blank\" rel=\"noopener noreferrer\">66\/2014. (V.08.) sz. hat. A HECRIN Konzorciumi Meg\u00e1llapod\u00e1s j\u00f3v\u00e1hagy\u00e1s\u00e1r\u00f3l <\/a><\/li>\n<li style=\"text-align: justify\"><a href=\"https:\/\/semmelweis.hu\/rektori-hivatal\/files\/2014\/06\/67_2014_V_08_NEKIFUT-egyuttmuk_megall.pdf\" target=\"_blank\" rel=\"noopener noreferrer\">67\/2014. (V.08.) sz. hat. A 2014. \u00e9vi Nemzeti Kutat\u00e1si Infrastrukt\u00fara Fejleszt\u00e9si Terv (NEKIFUT) programban regisztr\u00e1lt h\u00e1l\u00f3zatok Egy\u00fcttm\u0171k\u00f6d\u00e9si meg\u00e1llapod\u00e1sainak elfogad\u00e1s\u00e1r\u00f3l <\/a><\/li>\n<li style=\"text-align: justify\"><a href=\"https:\/\/semmelweis.hu\/rektori-hivatal\/files\/2014\/06\/68_2014_V_08_OEP_Corvinus_egyuttmuk_megall.pdf\" target=\"_blank\" rel=\"noopener noreferrer\">68\/2014. (V.08.) sz. hat. Az Orsz\u00e1gos Eg\u00e9szs\u00e9gbiztos\u00edt\u00e1si P\u00e9nzt\u00e1r a Semmelweis Egyetem\u00a0 \u00e9s a Corvinus Egyetem k\u00f6z\u00f6tti egy\u00fcttm\u0171k\u00f6d\u00e9si meg\u00e1llapod\u00e1sr\u00f3l <\/a><\/li>\n<li style=\"text-align: justify\"><a href=\"https:\/\/semmelweis.hu\/rektori-hivatal\/files\/2014\/06\/69_2014_V_08_PPKE.pdf\" target=\"_blank\" rel=\"noopener noreferrer\">69\/2014. (V.08.) sz. hat. A Semmelweis Egyetem \u00e9s a P\u00e1zm\u00e1ny P\u00e9ter Katolikus Egyetem k\u00f6z\u00f6tt l\u00e9trej\u00f6tt egy\u00fcttm\u0171k\u00f6d\u00e9s alapj\u00e1n megval\u00f3sul\u00f3 biotechnol\u00f3gia mesterk\u00e9pz\u00e9si szak nyilv\u00e1ntart\u00e1sba v\u00e9tel\u00e9r\u0151l sz\u00f3l\u00f3 OH\/FHF\/769\/2009. sz. hat\u00e1rozat m\u00f3dos\u00edt\u00e1s\u00e1nak kezdem\u00e9nyez\u00e9s\u00e9r\u0151l <\/a><\/li>\n<\/ul>\n","protected":false},"excerpt":{"rendered":"<p><a href=\"https:\/\/semmelweis.hu\/rektori-hivatal\/files\/2014\/06\/65_2014_V_08_ETK-egyuttmuk_megall.pdf\" target=\"_blank\" rel=\"noopener noreferrer\">65\/2014. (V.08.) sz. hat. Az Eg\u00e9szs\u00e9gtudom\u00e1nyi Karon megk\u00f6tend\u0151 egy\u00fcttm\u0171k\u00f6d\u00e9si meg\u00e1llapod\u00e1sok j\u00f3v\u00e1hagy\u00e1s\u00e1r\u00f3l <\/a><br \/>\n<a href=\"https:\/\/semmelweis.hu\/rektori-hivatal\/files\/2014\/06\/66_2014_V_08_HECRIN_konzorciumi_megall.pdf\" target=\"_blank\" rel=\"noopener noreferrer\">66\/2014. (V.08.) sz. hat. A HECRIN Konzorciumi Meg\u00e1llapod\u00e1s j\u00f3v\u00e1hagy\u00e1s\u00e1r\u00f3l <\/a><br \/>\n<a href=\"https:\/\/semmelweis.hu\/rektori-hivatal\/files\/2014\/06\/67_2014_V_08_NEKIFUT-egyuttmuk_megall.pdf\" target=\"_blank\" rel=\"noopener noreferrer\">67\/2014. (V.08.) sz. hat. A 2014. \u00e9vi Nemzeti Kutat\u00e1si Infrastrukt\u00fara Fejleszt\u00e9si Terv (NEKIFUT) programban regisztr\u00e1lt h\u00e1l\u00f3zatok Egy\u00fcttm\u0171k\u00f6d\u00e9si meg\u00e1llapod\u00e1sainak elfogad\u00e1s\u00e1r\u00f3l <\/a><br \/>\n<a href=\"https:\/\/semmelweis.hu\/rektori-hivatal\/files\/2014\/06\/68_2014_V_08_OEP_Corvinus_egyuttmuk_megall.pdf\" target=\"_blank\" rel=\"noopener noreferrer\">68\/2014. (V.08.) sz. hat. Az Orsz\u00e1gos Eg\u00e9szs\u00e9gbiztos\u00edt\u00e1si P\u00e9nzt\u00e1r a Semmelweis Egyetem\u00a0 \u00e9s a Corvinus Egyetem k\u00f6z\u00f6tti egy\u00fcttm\u0171k\u00f6d\u00e9si meg\u00e1llapod\u00e1sr\u00f3l <\/a><br \/>\n<a href=\"https:\/\/semmelweis.hu\/rektori-hivatal\/files\/2014\/06\/69_2014_V_08_PPKE.pdf\" target=\"_blank\" rel=\"noopener noreferrer\">69\/2014. (V.08.) sz. hat. A Semmelweis Egyetem \u00e9s a P\u00e1zm\u00e1ny P\u00e9ter Katolikus Egyetem k\u00f6z\u00f6tt l\u00e9trej\u00f6tt egy\u00fcttm\u0171k\u00f6d\u00e9s alapj\u00e1n megval\u00f3sul\u00f3 biotechnol\u00f3gia mesterk\u00e9pz\u00e9si szak nyilv\u00e1ntart\u00e1sba v\u00e9tel\u00e9r\u0151l sz\u00f3l\u00f3 OH\/FHF\/769\/2009. sz. hat\u00e1rozat m\u00f3dos\u00edt\u00e1s\u00e1nak kezdem\u00e9nyez\u00e9s\u00e9r\u0151l <\/a><\/p>\n","protected":false},"author":12,"featured_media":0,"parent":7840,"menu_order":6,"comment_status":"open","ping_status":"open","template":"","meta":{"_acf_changed":false,"footnotes":""},"categories":[1],"tags":[],"class_list":["post-2426","page","type-page","status-publish","hentry","category-egyeb"],"acf":[],"_links":{"self":[{"href":"https:\/\/semmelweis.hu\/jogigfoig\/wp-json\/wp\/v2\/pages\/2426","targetHints":{"allow":["GET"]}}],"collection":[{"href":"https:\/\/semmelweis.hu\/jogigfoig\/wp-json\/wp\/v2\/pages"}],"about":[{"href":"https:\/\/semmelweis.hu\/jogigfoig\/wp-json\/wp\/v2\/types\/page"}],"author":[{"embeddable":true,"href":"https:\/\/semmelweis.hu\/jogigfoig\/wp-json\/wp\/v2\/users\/12"}],"replies":[{"embeddable":true,"href":"https:\/\/semmelweis.hu\/jogigfoig\/wp-json\/wp\/v2\/comments?post=2426"}],"version-history":[{"count":4,"href":"https:\/\/semmelweis.hu\/jogigfoig\/wp-json\/wp\/v2\/pages\/2426\/revisions"}],"predecessor-version":[{"id":7897,"href":"https:\/\/semmelweis.hu\/jogigfoig\/wp-json\/wp\/v2\/pages\/2426\/revisions\/7897"}],"up":[{"embeddable":true,"href":"https:\/\/semmelweis.hu\/jogigfoig\/wp-json\/wp\/v2\/pages\/7840"}],"wp:attachment":[{"href":"https:\/\/semmelweis.hu\/jogigfoig\/wp-json\/wp\/v2\/media?parent=2426"}],"wp:term":[{"taxonomy":"category","embeddable":true,"href":"https:\/\/semmelweis.hu\/jogigfoig\/wp-json\/wp\/v2\/categories?post=2426"},{"taxonomy":"post_tag","embeddable":true,"href":"https:\/\/semmelweis.hu\/jogigfoig\/wp-json\/wp\/v2\/tags?post=2426"}],"curies":[{"name":"wp","href":"https:\/\/api.w.org\/{rel}","templated":true}]}}