{"id":2403,"date":"2014-05-12T08:00:59","date_gmt":"2014-05-12T08:00:59","guid":{"rendered":"http:\/\/semmelweis.hu\/rektori-hivatal\/?page_id=2403"},"modified":"2021-02-01T16:00:01","modified_gmt":"2021-02-01T15:00:01","slug":"2014-aprilis-24","status":"publish","type":"page","link":"https:\/\/semmelweis.hu\/jogigfoig\/testuletek\/szenatus\/2014-evi-szenatusi-hatarozatok\/2014-aprilis-24\/","title":{"rendered":"2014. \u00e1prilis 24."},"content":{"rendered":"<ul>\n<li style=\"text-align: justify\"><a href=\"https:\/\/semmelweis.hu\/rektori-hivatal\/files\/2014\/05\/N_IV_24_Napirend-elfogad\u00e1s\u00e1r\u00f3l.pdf\" target=\"_blank\" rel=\"noopener noreferrer\">N-IV. 24\/2014. sz. hat. a szen\u00e1tusi \u00fcl\u00e9s napirendi pontjainak elfogad\u00e1s\u00e1r\u00f3l <\/a><\/li>\n<li style=\"text-align: justify\"><a href=\"https:\/\/semmelweis.hu\/jogigfoig\/files\/2014\/05\/56_sz_IV_24_Pro_Univ.pdf\" target=\"_blank\" rel=\"noopener noreferrer\">56\/2014. (IV.24.) sz\u00e1m\u00fa hat\u00e1rozat Pro Universitate d\u00edj adom\u00e1nyoz\u00e1s\u00e1r\u00f3l<\/a><\/li>\n<li style=\"text-align: justify\"><a href=\"https:\/\/semmelweis.hu\/jogigfoig\/files\/2014\/05\/57_sz_IV_24_kivalo_oktato.pdf\" target=\"_blank\" rel=\"noopener noreferrer\">57\/2014. (IV.24.) sz\u00e1m\u00fa hat\u00e1rozat a 2014. \u00e9vi Semmelweis Egyetem Kiv\u00e1l\u00f3 Oktat\u00f3ja kit\u00fcntet\u0151 c\u00edm adom\u00e1nyoz\u00e1s\u00e1r\u00f3l<\/a><\/li>\n<li style=\"text-align: justify\"><a href=\"https:\/\/semmelweis.hu\/jogigfoig\/files\/2014\/05\/58_sz_IV_24_ETK_tanszekvezeto.pdf\" target=\"_blank\" rel=\"noopener noreferrer\">58\/2014. (IV.24.) sz\u00e1m\u00fa hat\u00e1rozat az Eg\u00e9szs\u00e9gtudom\u00e1nyi Karon az Eg\u00e9szs\u00e9gtudom\u00e1nyi Klinikai Tansz\u00e9k 2014. \u00e9vre meghirdetett vezet\u0151i megb\u00edz\u00e1s\u00e1ra be\u00e9rkezett p\u00e1ly\u00e1zat v\u00e9lem\u00e9nyez\u00e9s\u00e9r\u0151l<\/a><\/li>\n<li style=\"text-align: justify\"><a href=\"https:\/\/semmelweis.hu\/rektori-hivatal\/files\/2014\/05\/59_sz_IV_24_drezdai_p\u00e9csi_bp_egy\u00fcttm\u0171k_meg\u00e1llap.pdf\" target=\"_blank\" rel=\"noopener noreferrer\">59\/2014. (IV.24.) sz. hat. az Orvostanhallgat\u00f3k eg\u00e9szs\u00e9gmagatart\u00e1sa \u00e9s szakv\u00e1laszt\u00e1si preferenci\u00e1i elnevez\u00e9s\u0171 drezdai, p\u00e9csi \u00e9s budapesti tudom\u00e1nyegyetemek k\u00f6z\u00f6tti Egy\u00fcttm\u0171k\u00f6d\u00e9si Meg\u00e1llapod\u00e1sr\u00f3l <\/a><\/li>\n<li style=\"text-align: justify\"><a href=\"https:\/\/semmelweis.hu\/rektori-hivatal\/files\/2014\/05\/60_a_sz_IV_24_Szolg\u00e1ltat\u00e1si-Szab\u00e1lyzat.pdf\" target=\"_blank\" rel=\"noopener noreferrer\">60\/a\/2014. (IV.24.) sz. hat. a Semmelweis Egyetem Szolg\u00e1ltat\u00e1si Szab\u00e1lyzat\u00e1nak m\u00f3dos\u00edt\u00e1s\u00e1r\u00f3l <\/a><\/li>\n<li style=\"text-align: justify\"><a href=\"https:\/\/semmelweis.hu\/rektori-hivatal\/files\/2014\/05\/60_b_sz_IV_24_Szolg\u00e1ltat\u00e1si-Szab\u00e1lyzat.pdf\" target=\"_blank\" rel=\"noopener noreferrer\">60\/b\/2014. (IV.24.) sz. hat. a Semmelweis Egyetem Szolg\u00e1ltat\u00e1si Szab\u00e1lyzat\u00e1nak m\u00f3dos\u00edt\u00e1s\u00e1r\u00f3l <\/a><\/li>\n<li style=\"text-align: justify\"><a href=\"https:\/\/semmelweis.hu\/rektori-hivatal\/files\/2014\/05\/61_a_sz_IV_24_Sz\u00e1mlarend.pdf\" target=\"_blank\" rel=\"noopener noreferrer\">61\/a\/2014. (IV.24.) sz. hat. a Semmelweis Egyetem Sz\u00e1mlarend\u00a0 c\u00edm\u0171 szab\u00e1lyzat\u00e1nak m\u00f3dos\u00edt\u00e1s\u00e1r\u00f3l <\/a><\/li>\n<li style=\"text-align: justify\"><a href=\"https:\/\/semmelweis.hu\/rektori-hivatal\/files\/2014\/05\/61_b_sz_IV_24_Sz\u00e1mlarend.pdf\" target=\"_blank\" rel=\"noopener noreferrer\">61\/b\/2014. (IV.24.) sz. hat. a Semmelweis Egyetem Sz\u00e1mlarend c\u00edm\u0171 szab\u00e1lyzat\u00e1nak m\u00f3dos\u00edt\u00e1s\u00e1r\u00f3l <\/a><\/li>\n<li style=\"text-align: justify\"><a href=\"https:\/\/semmelweis.hu\/rektori-hivatal\/files\/2014\/05\/62_a_sz_IV_24_Sz\u00e1mlat\u00fck\u00f6r-Szab\u00e1lyzat.pdf\" target=\"_blank\" rel=\"noopener noreferrer\">62\/a\/2014. (IV.24.) sz. hat. a Semmelweis Egyetem Sz\u00e1mlat\u00fck\u00f6r c\u00edm\u0171 Szab\u00e1lyzat\u00e1nak m\u00f3dos\u00edt\u00e1s\u00e1r\u00f3l <\/a><\/li>\n<li style=\"text-align: justify\"><a href=\"https:\/\/semmelweis.hu\/rektori-hivatal\/files\/2014\/05\/62_b_sz_IV_24_Sz\u00e1mlat\u00fck\u00f6r-Szab\u00e1lyzat.pdf\" target=\"_blank\" rel=\"noopener noreferrer\">62\/b\/2014. (IV.24.) sz. hat. a Semmelweis Egyetem Sz\u00e1mlat\u00fck\u00f6r c\u00edm\u0171 Szab\u00e1lyzat\u00e1nak m\u00f3dos\u00edt\u00e1s\u00e1r\u00f3l <\/a><\/li>\n<li style=\"text-align: justify\"><a href=\"https:\/\/semmelweis.hu\/rektori-hivatal\/files\/2014\/05\/63_a_sz_IV_24_Sz\u00e1mviteli-politika.pdf\" target=\"_blank\" rel=\"noopener noreferrer\">63\/a\/2014. (IV.24.) sz. hat. a Semmelweis Egyetem Sz\u00e1mviteli politika c\u00edm\u0171 Szab\u00e1lyzat\u00e1nak m\u00f3dos\u00edt\u00e1s\u00e1r\u00f3l <\/a><\/li>\n<li style=\"text-align: justify\"><a href=\"https:\/\/semmelweis.hu\/rektori-hivatal\/files\/2014\/05\/63_b_sz_IV_24_Sz\u00e1mviteli-politika.pdf\" target=\"_blank\" rel=\"noopener noreferrer\">63\/b\/2014. (IV.24.) sz. hat. a Semmelweis Egyetem Sz\u00e1mviteli politika c\u00edm\u0171 Szab\u00e1lyzat\u00e1nak m\u00f3dos\u00edt\u00e1s\u00e1r\u00f3l<\/a><\/li>\n<li style=\"text-align: justify\"><a href=\"https:\/\/semmelweis.hu\/rektori-hivatal\/files\/2014\/05\/64_a_sz_IV_24_P\u00e9nzkezel\u00e9si-Szab\u00e1lyzat.pdf\" target=\"_blank\" rel=\"noopener noreferrer\">64\/a\/2014. (IV.24.) sz. hat. a Semmelweis Egyetem P\u00e9nzkezel\u00e9si Szab\u00e1lyzat\u00e1nak\u00a0 m\u00f3dos\u00edt\u00e1s\u00e1r\u00f3l<\/a><\/li>\n<li style=\"text-align: justify\"><a href=\"https:\/\/semmelweis.hu\/rektori-hivatal\/files\/2014\/05\/64_b_sz_IV_24_P\u00e9nzkezel\u00e9si-Szab\u00e1lyzat.pdf\" target=\"_blank\" rel=\"noopener noreferrer\">64\/b\/2014. (IV.24.) sz. hat. a Semmelweis Egyetem P\u00e9nzkezel\u00e9si Szab\u00e1lyzat\u00e1nak\u00a0 m\u00f3dos\u00edt\u00e1s\u00e1r\u00f3l<\/a><\/li>\n<\/ul>\n","protected":false},"excerpt":{"rendered":"<p><a href=\"https:\/\/semmelweis.hu\/rektori-hivatal\/files\/2014\/05\/N_IV_24_Napirend-elfogad\u00e1s\u00e1r\u00f3l.pdf\" target=\"_blank\" rel=\"noopener noreferrer\">N-IV. 24\/2014. sz. hat. a szen\u00e1tusi \u00fcl\u00e9s napirendi pontjainak elfogad\u00e1s\u00e1r\u00f3l <\/a><br \/>\n<a href=\"https:\/\/semmelweis.hu\/jogigfoig\/files\/2014\/05\/56_sz_IV_24_Pro_Univ.pdf\" target=\"_blank\" rel=\"noopener noreferrer\">56\/2014. (IV.24.) sz\u00e1m\u00fa hat\u00e1rozat Pro Universitate d\u00edj adom\u00e1nyoz\u00e1s\u00e1r\u00f3l<\/a><br \/>\n<a href=\"https:\/\/semmelweis.hu\/jogigfoig\/files\/2014\/05\/57_sz_IV_24_kivalo_oktato.pdf\" target=\"_blank\" rel=\"noopener noreferrer\">57\/2014. (IV.24.) sz\u00e1m\u00fa hat\u00e1rozat a 2014. \u00e9vi Semmelweis Egyetem Kiv\u00e1l\u00f3 Oktat\u00f3ja kit\u00fcntet\u0151 c\u00edm adom\u00e1nyoz\u00e1s\u00e1r\u00f3l<\/a><br \/>\n<a href=\"https:\/\/semmelweis.hu\/jogigfoig\/files\/2014\/05\/58_sz_IV_24_ETK_tanszekvezeto.pdf\" target=\"_blank\" rel=\"noopener noreferrer\">58\/2014. (IV.24.) sz\u00e1m\u00fa hat\u00e1rozat az Eg\u00e9szs\u00e9gtudom\u00e1nyi Karon az Eg\u00e9szs\u00e9gtudom\u00e1nyi Klinikai Tansz\u00e9k 2014. \u00e9vre meghirdetett vezet\u0151i megb\u00edz\u00e1s\u00e1ra be\u00e9rkezett p\u00e1ly\u00e1zat v\u00e9lem\u00e9nyez\u00e9s\u00e9r\u0151l<\/a><br \/>\n<a href=\"https:\/\/semmelweis.hu\/rektori-hivatal\/files\/2014\/05\/59_sz_IV_24_drezdai_p\u00e9csi_bp_egy\u00fcttm\u0171k_meg\u00e1llap.pdf\" target=\"_blank\" rel=\"noopener noreferrer\">59\/2014. (IV.24.) sz. hat. az Orvostanhallgat\u00f3k eg\u00e9szs\u00e9gmagatart\u00e1sa \u00e9s szakv\u00e1laszt\u00e1si preferenci\u00e1i elnevez\u00e9s\u0171 drezdai, p\u00e9csi \u00e9s budapesti tudom\u00e1nyegyetemek k\u00f6z\u00f6tti Egy\u00fcttm\u0171k\u00f6d\u00e9si Meg\u00e1llapod\u00e1sr\u00f3l <\/a><br \/>\n<a href=\"https:\/\/semmelweis.hu\/rektori-hivatal\/files\/2014\/05\/60_a_sz_IV_24_Szolg\u00e1ltat\u00e1si-Szab\u00e1lyzat.pdf\" target=\"_blank\" rel=\"noopener noreferrer\">60\/a\/2014. (IV.24.) sz. hat. a Semmelweis Egyetem Szolg\u00e1ltat\u00e1si Szab\u00e1lyzat\u00e1nak m\u00f3dos\u00edt\u00e1s\u00e1r\u00f3l <\/a><br \/>\n<a href=\"https:\/\/semmelweis.hu\/rektori-hivatal\/files\/2014\/05\/60_b_sz_IV_24_Szolg\u00e1ltat\u00e1si-Szab\u00e1lyzat.pdf\" target=\"_blank\" rel=\"noopener noreferrer\">60\/b\/2014. (IV.24.) sz. hat. a Semmelweis Egyetem Szolg\u00e1ltat\u00e1si Szab\u00e1lyzat\u00e1nak m\u00f3dos\u00edt\u00e1s\u00e1r\u00f3l <\/a><br \/>\n<a href=\"https:\/\/semmelweis.hu\/rektori-hivatal\/files\/2014\/05\/61_a_sz_IV_24_Sz\u00e1mlarend.pdf\" target=\"_blank\" rel=\"noopener noreferrer\">61\/a\/2014. (IV.24.) sz. hat. a Semmelweis Egyetem Sz\u00e1mlarend\u00a0 c\u00edm\u0171 szab\u00e1lyzat\u00e1nak m\u00f3dos\u00edt\u00e1s\u00e1r\u00f3l <\/a><br \/>\n<a href=\"https:\/\/semmelweis.hu\/rektori-hivatal\/files\/2014\/05\/61_b_sz_IV_24_Sz\u00e1mlarend.pdf\" target=\"_blank\" rel=\"noopener noreferrer\">61\/b\/2014. (IV.24.) sz. hat. a Semmelweis Egyetem Sz\u00e1mlarend c\u00edm\u0171 szab\u00e1lyzat\u00e1nak m\u00f3dos\u00edt\u00e1s\u00e1r\u00f3l <\/a><br \/>\n<a href=\"https:\/\/semmelweis.hu\/rektori-hivatal\/files\/2014\/05\/62_a_sz_IV_24_Sz\u00e1mlat\u00fck\u00f6r-Szab\u00e1lyzat.pdf\" target=\"_blank\" rel=\"noopener noreferrer\">62\/a\/2014. (IV.24.) sz. hat. a Semmelweis Egyetem Sz\u00e1mlat\u00fck\u00f6r c\u00edm\u0171 Szab\u00e1lyzat\u00e1nak m\u00f3dos\u00edt\u00e1s\u00e1r\u00f3l <\/a><br \/>\n<a href=\"https:\/\/semmelweis.hu\/rektori-hivatal\/files\/2014\/05\/62_b_sz_IV_24_Sz\u00e1mlat\u00fck\u00f6r-Szab\u00e1lyzat.pdf\" target=\"_blank\" rel=\"noopener noreferrer\">62\/b\/2014. (IV.24.) sz. hat. a Semmelweis Egyetem Sz\u00e1mlat\u00fck\u00f6r c\u00edm\u0171 Szab\u00e1lyzat\u00e1nak m\u00f3dos\u00edt\u00e1s\u00e1r\u00f3l <\/a><br \/>\n<a href=\"https:\/\/semmelweis.hu\/rektori-hivatal\/files\/2014\/05\/63_a_sz_IV_24_Sz\u00e1mviteli-politika.pdf\" target=\"_blank\" rel=\"noopener noreferrer\">63\/a\/2014. (IV.24.) sz. hat. a Semmelweis Egyetem Sz\u00e1mviteli politika c\u00edm\u0171 Szab\u00e1lyzat\u00e1nak m\u00f3dos\u00edt\u00e1s\u00e1r\u00f3l <\/a><br \/>\n<a href=\"https:\/\/semmelweis.hu\/rektori-hivatal\/files\/2014\/05\/63_b_sz_IV_24_Sz\u00e1mviteli-politika.pdf\" target=\"_blank\" rel=\"noopener noreferrer\">63\/b\/2014. (IV.24.) sz. hat. a Semmelweis Egyetem Sz\u00e1mviteli politika c\u00edm\u0171 Szab\u00e1lyzat\u00e1nak m\u00f3dos\u00edt\u00e1s\u00e1r\u00f3l<\/a><br \/>\n<a href=\"https:\/\/semmelweis.hu\/rektori-hivatal\/files\/2014\/05\/64_a_sz_IV_24_P\u00e9nzkezel\u00e9si-Szab\u00e1lyzat.pdf\" target=\"_blank\" rel=\"noopener noreferrer\">64\/a\/2014. (IV.24.) sz. hat. a Semmelweis Egyetem P\u00e9nzkezel\u00e9si Szab\u00e1lyzat\u00e1nak\u00a0 m\u00f3dos\u00edt\u00e1s\u00e1r\u00f3l<\/a><br \/>\n<a href=\"https:\/\/semmelweis.hu\/rektori-hivatal\/files\/2014\/05\/64_b_sz_IV_24_P\u00e9nzkezel\u00e9si-Szab\u00e1lyzat.pdf\" target=\"_blank\" rel=\"noopener noreferrer\">64\/b\/2014. (IV.24.) sz. hat. a Semmelweis Egyetem P\u00e9nzkezel\u00e9si Szab\u00e1lyzat\u00e1nak\u00a0 m\u00f3dos\u00edt\u00e1s\u00e1r\u00f3l<\/a><\/p>\n","protected":false},"author":12,"featured_media":0,"parent":7840,"menu_order":5,"comment_status":"closed","ping_status":"closed","template":"","meta":{"_acf_changed":false,"footnotes":""},"categories":[],"tags":[],"class_list":["post-2403","page","type-page","status-publish","hentry"],"acf":[],"_links":{"self":[{"href":"https:\/\/semmelweis.hu\/jogigfoig\/wp-json\/wp\/v2\/pages\/2403","targetHints":{"allow":["GET"]}}],"collection":[{"href":"https:\/\/semmelweis.hu\/jogigfoig\/wp-json\/wp\/v2\/pages"}],"about":[{"href":"https:\/\/semmelweis.hu\/jogigfoig\/wp-json\/wp\/v2\/types\/page"}],"author":[{"embeddable":true,"href":"https:\/\/semmelweis.hu\/jogigfoig\/wp-json\/wp\/v2\/users\/12"}],"replies":[{"embeddable":true,"href":"https:\/\/semmelweis.hu\/jogigfoig\/wp-json\/wp\/v2\/comments?post=2403"}],"version-history":[{"count":6,"href":"https:\/\/semmelweis.hu\/jogigfoig\/wp-json\/wp\/v2\/pages\/2403\/revisions"}],"predecessor-version":[{"id":79317,"href":"https:\/\/semmelweis.hu\/jogigfoig\/wp-json\/wp\/v2\/pages\/2403\/revisions\/79317"}],"up":[{"embeddable":true,"href":"https:\/\/semmelweis.hu\/jogigfoig\/wp-json\/wp\/v2\/pages\/7840"}],"wp:attachment":[{"href":"https:\/\/semmelweis.hu\/jogigfoig\/wp-json\/wp\/v2\/media?parent=2403"}],"wp:term":[{"taxonomy":"category","embeddable":true,"href":"https:\/\/semmelweis.hu\/jogigfoig\/wp-json\/wp\/v2\/categories?post=2403"},{"taxonomy":"post_tag","embeddable":true,"href":"https:\/\/semmelweis.hu\/jogigfoig\/wp-json\/wp\/v2\/tags?post=2403"}],"curies":[{"name":"wp","href":"https:\/\/api.w.org\/{rel}","templated":true}]}}