{"id":2367,"date":"2014-05-09T07:10:41","date_gmt":"2014-05-09T07:10:41","guid":{"rendered":"http:\/\/semmelweis.hu\/rektori-hivatal\/?page_id=2367"},"modified":"2020-03-04T13:57:57","modified_gmt":"2020-03-04T12:57:57","slug":"a-semmelweis-egyetem-hoszolgaltatasi-szerzodese-es-annak-modositasai","status":"publish","type":"page","link":"https:\/\/semmelweis.hu\/jogigfoig\/adatvedelem-betegjog\/kozerdeku-adatok\/kulonos-kozzeteteli-lista\/a-semmelweis-egyetem-hoszolgaltatasi-szerzodese-es-annak-modositasai\/","title":{"rendered":"A Semmelweis Egyetem h\u0151szolg\u00e1ltat\u00e1si szerz\u0151d\u00e9se \u00e9s annak m\u00f3dos\u00edt\u00e1sai, kifizet\u00e9sek"},"content":{"rendered":"<ul>\n<li><a href=\"https:\/\/semmelweis.hu\/rektori-hivatal\/files\/2014\/05\/Kipcalor-szerz-2006_05_11.pdf\" target=\"_blank\" rel=\"noopener noreferrer\">\u00a0KIPCALOR Energetikai Kft. &#8211; SE \u00f6t int\u00e9zm\u00e9ny\u00e9nek h\u0151szolg\u00e1ltat\u00e1sa &#8211; 2006. m\u00e1jus 11.<\/a><\/li>\n<\/ul>\n<blockquote>\n<ul>\n<li><a href=\"https:\/\/semmelweis.hu\/rektori-hivatal\/files\/2014\/05\/Kipcalor-szerz-2006_05_11_1_mell.pdf\" target=\"_blank\" rel=\"noopener noreferrer\">1. sz. mell\u00e9klet \u00c1tad\u00e1s-\u00c1tv\u00e9teli jegyz\u0151k\u00f6nyv tartalma &#8211; 2006. m\u00e1jus 11.<\/a><\/li>\n<\/ul>\n<\/blockquote>\n<blockquote>\n<ul>\n<li><a href=\"https:\/\/semmelweis.hu\/rektori-hivatal\/files\/2014\/05\/Kipcalor-szerz-2006_05_16_2_mell.pdf\" target=\"_blank\" rel=\"noopener noreferrer\">2. sz. mell\u00e9klet Biztos\u00edt\u00e1si K\u00f6tv\u00e9ny &#8211; 2006. m\u00e1jus 16<\/a><\/li>\n<\/ul>\n<\/blockquote>\n<ul>\n<li><a href=\"https:\/\/semmelweis.hu\/rektori-hivatal\/files\/2014\/05\/Kipcalor-meg\u00e1llapod\u00e1s-2006_12_01.pdf\" target=\"_blank\" rel=\"noopener noreferrer\">Meg\u00e1llapod\u00e1s &#8211; 2006. december 01.<\/a><\/li>\n<\/ul>\n<ul>\n<li><a href=\"https:\/\/semmelweis.hu\/rektori-hivatal\/files\/2014\/05\/Kipcalor-szerz\u0151d\u00e9sm\u00f3dos\u00edt\u00e1s-2007_06_01.pdf\" target=\"_blank\" rel=\"noopener noreferrer\">Szerz\u0151d\u00e9sm\u00f3dos\u00edt\u00e1s &#8211; 2007. j\u00fanius 01.<\/a><\/li>\n<\/ul>\n<ul>\n<li><a href=\"https:\/\/semmelweis.hu\/rektori-hivatal\/files\/2014\/05\/Dalkia-szerz\u0151d\u00e9sm\u00f3dos\u00edt\u00e1s-2009_01_01.pdf\" target=\"_blank\" rel=\"noopener noreferrer\">Szerz\u0151d\u00e9sm\u00f3dos\u00edt\u00e1s &#8211; 2009. janu\u00e1r 01. <\/a><\/li>\n<\/ul>\n<ul>\n<li><a href=\"https:\/\/semmelweis.hu\/rektori-hivatal\/files\/2014\/05\/G-t\u00e9nyez\u0151-m\u00f3dos\u00edt\u00e1s_2010_04_01.pdf\" target=\"_blank\" rel=\"noopener noreferrer\">Szerz\u0151d\u00e9sm\u00f3dos\u00edt\u00e1s &#8211; 2010. \u00e1prilis 01.<\/a><\/li>\n<\/ul>\n<ul>\n<li><a href=\"https:\/\/semmelweis.hu\/rektori-hivatal\/files\/2014\/05\/Dalkia-meg\u00e1ll-2012_04_27.pdf\" target=\"_blank\" rel=\"noopener noreferrer\">Meg\u00e1llapod\u00e1s &#8211; 2012. \u00e1prilis 27.<\/a><\/li>\n<\/ul>\n<ul>\n<li><a href=\"https:\/\/semmelweis.hu\/rektori-hivatal\/files\/2014\/05\/Dalkia-meg\u00e1ll-Kor\u00e1nyi-2012_04_27.pdf\" target=\"_blank\" rel=\"noopener noreferrer\">Meg\u00e1llapod\u00e1s &#8211; 2012. \u00e1prilis 27. <\/a><\/li>\n<\/ul>\n<p>&nbsp;<\/p>\n<ul>\n<li><a href=\"https:\/\/semmelweis.hu\/rektori-hivatal\/files\/2014\/08\/SE-Dalkia-kifizet\u00e9sek-20140815.xlsx\" target=\"_blank\" rel=\"noopener noreferrer\">SE &#8211; DALKIA kifizet\u00e9sek<\/a><\/li>\n<\/ul>\n","protected":false},"excerpt":{"rendered":"<p><a href=\"https:\/\/semmelweis.hu\/rektori-hivatal\/files\/2014\/05\/Kipcalor-szerz-2006_05_11.pdf\" target=\"_blank\" rel=\"noopener noreferrer\">\u00a0KIPCALOR Energetikai Kft. &#8211; SE \u00f6t int\u00e9zm\u00e9ny\u00e9nek h\u0151szolg\u00e1ltat\u00e1sa &#8211; 2006. m\u00e1jus 11.<\/a><\/p>\n<p><a href=\"https:\/\/semmelweis.hu\/rektori-hivatal\/files\/2014\/05\/Kipcalor-szerz-2006_05_11_1_mell.pdf\" target=\"_blank\" rel=\"noopener noreferrer\">1. sz. mell\u00e9klet \u00c1tad\u00e1s-\u00c1tv\u00e9teli jegyz\u0151k\u00f6nyv tartalma &#8211; 2006. m\u00e1jus 11.<\/a><\/p>\n<p><a href=\"https:\/\/semmelweis.hu\/rektori-hivatal\/files\/2014\/05\/Kipcalor-szerz-2006_05_16_2_mell.pdf\" target=\"_blank\" rel=\"noopener noreferrer\">2. sz. mell\u00e9klet Biztos\u00edt\u00e1si K\u00f6tv\u00e9ny &#8211; 2006. m\u00e1jus 16<\/a><\/p>\n<p><a href=\"https:\/\/semmelweis.hu\/rektori-hivatal\/files\/2014\/05\/Kipcalor-meg\u00e1llapod\u00e1s-2006_12_01.pdf\" target=\"_blank\" rel=\"noopener noreferrer\">Meg\u00e1llapod\u00e1s &#8211; 2006. december 01.<\/a><\/p>\n<p><a href=\"https:\/\/semmelweis.hu\/rektori-hivatal\/files\/2014\/05\/Kipcalor-szerz\u0151d\u00e9sm\u00f3dos\u00edt\u00e1s-2007_06_01.pdf\" target=\"_blank\" rel=\"noopener noreferrer\">Szerz\u0151d\u00e9sm\u00f3dos\u00edt\u00e1s &#8211; 2007. j\u00fanius 01.<\/a><\/p>\n<p><a href=\"https:\/\/semmelweis.hu\/rektori-hivatal\/files\/2014\/05\/Dalkia-szerz\u0151d\u00e9sm\u00f3dos\u00edt\u00e1s-2009_01_01.pdf\" target=\"_blank\" rel=\"noopener noreferrer\">Szerz\u0151d\u00e9sm\u00f3dos\u00edt\u00e1s &#8211; 2009. janu\u00e1r 01. <\/a><\/p>\n<p><a href=\"https:\/\/semmelweis.hu\/rektori-hivatal\/files\/2014\/05\/G-t\u00e9nyez\u0151-m\u00f3dos\u00edt\u00e1s_2010_04_01.pdf\" target=\"_blank\" rel=\"noopener noreferrer\">Szerz\u0151d\u00e9sm\u00f3dos\u00edt\u00e1s &#8211; 2010. \u00e1prilis 01.<\/a><\/p>\n<p><a href=\"https:\/\/semmelweis.hu\/rektori-hivatal\/files\/2014\/05\/Dalkia-meg\u00e1ll-2012_04_27.pdf\" target=\"_blank\" rel=\"noopener noreferrer\">Meg\u00e1llapod\u00e1s &#8211; 2012. \u00e1prilis 27.<\/a><\/p>\n<p><a href=\"https:\/\/semmelweis.hu\/rektori-hivatal\/files\/2014\/05\/Dalkia-meg\u00e1ll-Kor\u00e1nyi-2012_04_27.pdf\" target=\"_blank\" rel=\"noopener noreferrer\">Meg\u00e1llapod\u00e1s &#8211; 2012. \u00e1prilis 27. <\/a><\/p>\n<p>&nbsp;<\/p>\n<p><a href=\"https:\/\/semmelweis.hu\/rektori-hivatal\/files\/2014\/08\/SE-Dalkia-kifizet\u00e9sek-20140815.xlsx\" target=\"_blank\" rel=\"noopener noreferrer\">SE &#8211; DALKIA kifizet\u00e9sek<\/a><\/p>\n","protected":false},"author":128,"featured_media":0,"parent":611,"menu_order":0,"comment_status":"open","ping_status":"open","template":"","meta":{"_acf_changed":false,"footnotes":""},"categories":[],"tags":[],"class_list":["post-2367","page","type-page","status-publish","hentry"],"acf":[],"_links":{"self":[{"href":"https:\/\/semmelweis.hu\/jogigfoig\/wp-json\/wp\/v2\/pages\/2367","targetHints":{"allow":["GET"]}}],"collection":[{"href":"https:\/\/semmelweis.hu\/jogigfoig\/wp-json\/wp\/v2\/pages"}],"about":[{"href":"https:\/\/semmelweis.hu\/jogigfoig\/wp-json\/wp\/v2\/types\/page"}],"author":[{"embeddable":true,"href":"https:\/\/semmelweis.hu\/jogigfoig\/wp-json\/wp\/v2\/users\/128"}],"replies":[{"embeddable":true,"href":"https:\/\/semmelweis.hu\/jogigfoig\/wp-json\/wp\/v2\/comments?post=2367"}],"version-history":[{"count":10,"href":"https:\/\/semmelweis.hu\/jogigfoig\/wp-json\/wp\/v2\/pages\/2367\/revisions"}],"predecessor-version":[{"id":75572,"href":"https:\/\/semmelweis.hu\/jogigfoig\/wp-json\/wp\/v2\/pages\/2367\/revisions\/75572"}],"up":[{"embeddable":true,"href":"https:\/\/semmelweis.hu\/jogigfoig\/wp-json\/wp\/v2\/pages\/611"}],"wp:attachment":[{"href":"https:\/\/semmelweis.hu\/jogigfoig\/wp-json\/wp\/v2\/media?parent=2367"}],"wp:term":[{"taxonomy":"category","embeddable":true,"href":"https:\/\/semmelweis.hu\/jogigfoig\/wp-json\/wp\/v2\/categories?post=2367"},{"taxonomy":"post_tag","embeddable":true,"href":"https:\/\/semmelweis.hu\/jogigfoig\/wp-json\/wp\/v2\/tags?post=2367"}],"curies":[{"name":"wp","href":"https:\/\/api.w.org\/{rel}","templated":true}]}}