{"id":2300,"date":"2014-04-02T10:14:45","date_gmt":"2014-04-02T10:14:45","guid":{"rendered":"http:\/\/semmelweis.hu\/rektori-hivatal\/?page_id=2300"},"modified":"2020-02-12T08:46:55","modified_gmt":"2020-02-12T07:46:55","slug":"2014-marcius-27","status":"publish","type":"page","link":"https:\/\/semmelweis.hu\/jogigfoig\/testuletek\/szenatus\/2014-evi-szenatusi-hatarozatok\/2014-marcius-27\/","title":{"rendered":"2014. m\u00e1rcius 27."},"content":{"rendered":"<ul>\n<li style=\"text-align: justify\"><a href=\"https:\/\/semmelweis.hu\/rektori-hivatal\/files\/2014\/04\/N_III_27_2014.pdf\" target=\"_blank\" rel=\"noopener noreferrer\">N-III. 27\/2014. sz. hat. a szen\u00e1tusi \u00fcl\u00e9s napirendi pontjainak elfogad\u00e1s\u00e1r\u00f3l<\/a><\/li>\n<li style=\"text-align: justify\"><a href=\"https:\/\/semmelweis.hu\/rektori-hivatal\/files\/2014\/04\/37_szI-II.27_Hungarikum_Sz\u00f6vets\u00e9g.pdf\" target=\"_blank\" rel=\"noopener noreferrer\">37\/2014. (III.27.) sz. hat. a Hungarikum Sz\u00f6vets\u00e9ghez val\u00f3 csatlakoz\u00e1sr\u00f3l<\/a><\/li>\n<li style=\"text-align: justify\"><a href=\"https:\/\/semmelweis.hu\/rektori-hivatal\/files\/2014\/04\/38_sz_III_27_SE_NKE_egy\u00fcttm.meg\u00e1llap.pdf\" target=\"_blank\" rel=\"noopener noreferrer\">38\/2014. (III.27.) sz. hat. a Nemzeti K\u00f6zszolg\u00e1lati Egyetemmel k\u00f6tend\u0151 egy\u00fcttm\u0171k\u00f6d\u00e9si meg\u00e1llapod\u00e1sr\u00f3l<\/a><\/li>\n<li style=\"text-align: justify\"><a href=\"https:\/\/semmelweis.hu\/rektori-hivatal\/files\/2014\/04\/39_sz_III_27_oktat\u00f3_k\u00f3rh\u00e1z_Uzsoki.pdf\" target=\"_blank\" rel=\"noopener noreferrer\">39\/2014. (III.27.) sz. hat. \u00c1ltal\u00e1nos Orvostudom\u00e1nyi Kar Oktat\u00f3 K\u00f3rh\u00e1za c\u00edm adom\u00e1nyoz\u00e1s\u00e1r\u00f3l az Uzsoki utcai K\u00f3rh\u00e1z r\u00e9sz\u00e9re<\/a><\/li>\n<li style=\"text-align: justify\"><a href=\"https:\/\/semmelweis.hu\/rektori-hivatal\/files\/2014\/04\/40_sz_III_27_Honv\u00e9d_Katasztr_n\u00e9vv\u00e1lt.pdf\" target=\"_blank\" rel=\"noopener noreferrer\">40\/2014. (III.27.) sz. hat. a Semmelweis Egyetem \u00c1ltal\u00e1nos Orvostudom\u00e1nyi Kar Honv\u00e9d-, Katasztr\u00f3fa-orvostani Tansz\u00e9k\u00e9nek n\u00e9vv\u00e1ltoz\u00e1s\u00e1r\u00f3l<\/a><\/li>\n<li style=\"text-align: justify\"><a href=\"https:\/\/semmelweis.hu\/rektori-hivatal\/files\/2014\/04\/41_a_sz_III_27_SzMSz_hallgat_jogorv_rend.pdf\" target=\"_blank\" rel=\"noopener noreferrer\">41\/a\/2014. (III.27.) sz. hat. a Semmelweis Egyetem Szervezeti \u00e9s M\u0171k\u00f6d\u00e9si Szab\u00e1lyzat\u00e1nak, a hallgat\u00f3i jogorvoslati elj\u00e1r\u00e1s rendj\u00e9vel \u00f6sszef\u00fcgg\u0151 m\u00f3dos\u00edt\u00e1s\u00e1r\u00f3l<\/a><\/li>\n<li style=\"text-align: justify\"><a href=\"https:\/\/semmelweis.hu\/rektori-hivatal\/files\/2014\/04\/41_b_sz_III_27_SzMSz_hallgat_jogorv_rend.pdf\" target=\"_blank\" rel=\"noopener noreferrer\">41\/b\/2014. (III.27.) sz. hat. a Semmelweis Egyetem Szervezeti \u00e9s M\u0171k\u00f6d\u00e9si Szab\u00e1lyzat\u00e1nak, a hallgat\u00f3i jogorvoslati elj\u00e1r\u00e1s rendj\u00e9vel \u00f6sszef\u00fcgg\u0151 m\u00f3dos\u00edt\u00e1s\u00e1r\u00f3l<\/a><\/li>\n<li style=\"text-align: justify\"><a href=\"https:\/\/semmelweis.hu\/rektori-hivatal\/files\/2014\/04\/42_sz_III_27_SE_DE_egy\u00fcttm_meg\u00e1llap.pdf\" target=\"_blank\" rel=\"noopener noreferrer\">42\/2014. (III.27.) sz. hat. a Semmelweis Egyetem \u00e9s a Debreceni Egyetem k\u00f6z\u00f6tt a doktori k\u00e9pz\u00e9sben val\u00f3 egy\u00fcttm\u0171k\u00f6d\u00e9si meg\u00e1llapod\u00e1sr\u00f3l<\/a><\/li>\n<li style=\"text-align: justify\"><a href=\"https:\/\/semmelweis.hu\/jogigfoig\/files\/2014\/04\/43_sz_III_27_TSK_bizottsagok.pdf\">43\/2014. (III.27.) sz\u00e1m\u00fa hat\u00e1rozat a Testnevel\u00e9si \u00e9s Sporttudom\u00e1nyi Kar Szen\u00e1tus \u00e1ltal l\u00e9trehozott bizotts\u00e1gai tagjainak megv\u00e1laszt\u00e1s\u00e1r\u00f3l<\/a><\/li>\n<li style=\"text-align: justify\"><a href=\"https:\/\/semmelweis.hu\/jogigfoig\/files\/2014\/04\/44_sz_III_27_arany_pecsetgyuru.pdf\">44\/2014. (III.27.) sz\u00e1m\u00fa hat\u00e1rozat az Egyetem c\u00edmer\u00e9vel d\u00edsz\u00edtett arany pecs\u00e9tgy\u0171r\u0171 adom\u00e1nyoz\u00e1s\u00e1r\u00f3l<\/a><\/li>\n<li style=\"text-align: justify\"><a href=\"https:\/\/semmelweis.hu\/jogigfoig\/files\/2014\/04\/45_sz_III_27_I_Sz_Gyermekgy_egyetemitanar.pdf\">45\/2014. (III.27.) sz\u00e1m\u00fa hat\u00e1rozat a 2014. \u00e9vben az I.Sz. Gyermekgy\u00f3gy\u00e1szati Klinik\u00e1ra meghirdetett egyetemi tan\u00e1ri \u00e1ll\u00e1shelyre be\u00e9rkezett p\u00e1ly\u00e1zat v\u00e9lem\u00e9nyez\u00e9s\u00e9r\u0151l<\/a><\/li>\n<li style=\"text-align: justify\"><a href=\"https:\/\/semmelweis.hu\/jogigfoig\/files\/2014\/04\/46_sz_III_27_AOK_vezetoi_megbizasok.pdf\">46\/2014. (III.27.) sz\u00e1m\u00fa hat\u00e1rozat Az \u00c1ltal\u00e1nos Orvostudom\u00e1nyi Karon 2014. \u00e9vre meghirdetett vezet\u0151i megb\u00edz\u00e1sokra be\u00e9rkezett p\u00e1ly\u00e1zatokr\u00f3l<\/a><\/li>\n<li style=\"text-align: justify\"><a href=\"https:\/\/semmelweis.hu\/jogigfoig\/files\/2014\/04\/47_sz_III_27_FOK_vezetoi_megbizasok.pdf\">47\/2014. (III.27.) sz\u00e1m\u00fa hat\u00e1rozat A Fogorvostudom\u00e1nyi Kar 2014. \u00e9vre meghirdetett vezet\u0151i megb\u00edz\u00e1sokra be\u00e9rkezett p\u00e1ly\u00e1zatokr\u00f3l<\/a><\/li>\n<li style=\"text-align: justify\"><a href=\"https:\/\/semmelweis.hu\/rektori-hivatal\/files\/2014\/04\/48_a_sz_III_27_Semmelweis-Innov\u00e1ci\u00f3s-d\u00edj.pdf\" target=\"_blank\" rel=\"noopener noreferrer\">48\/a\/2014. (III.27.) sz. hat. a Semmelweis Innov\u00e1ci\u00f3s D\u00edj megalap\u00edt\u00e1s\u00e1r\u00f3l<\/a><\/li>\n<li style=\"text-align: justify\"><a href=\"https:\/\/semmelweis.hu\/rektori-hivatal\/files\/2014\/04\/48_b_sz_III_27_Semmelweis-Innov\u00e1ci\u00f3s-d\u00edj.pdf\" target=\"_blank\" rel=\"noopener noreferrer\">48\/b\/2014. (III.27.) sz. hat. a Semmelweis Innov\u00e1ci\u00f3s D\u00edj megalap\u00edt\u00e1s\u00e1r\u00f3l<\/a><\/li>\n<li style=\"text-align: justify\"><a href=\"https:\/\/semmelweis.hu\/rektori-hivatal\/files\/2014\/04\/49_a_sz_III_27_SZMSZm\u00f3d.pdf\" target=\"_blank\" rel=\"noopener noreferrer\">49\/a\/2014. (III.27.) sz. hat. a Szervezeti \u00e9s M\u0171k\u00f6d\u00e9si Szab\u00e1lyzat m\u00f3dos\u00edt\u00e1s\u00e1r\u00f3l<\/a><\/li>\n<li style=\"text-align: justify\"><a href=\"https:\/\/semmelweis.hu\/rektori-hivatal\/files\/2014\/04\/49_b_sz_III_27_SZMSZm\u00f3d.pdf\" target=\"_blank\" rel=\"noopener noreferrer\">49\/b\/2014. (III.27.) sz. hat. a Szervezeti \u00e9s M\u0171k\u00f6d\u00e9si Szab\u00e1lyzat m\u00f3dos\u00edt\u00e1s\u00e1r\u00f3l<\/a><\/li>\n<li style=\"text-align: justify\"><a href=\"https:\/\/semmelweis.hu\/rektori-hivatal\/files\/2014\/04\/50_a_sz_III_27_MMB-\u00fcgyrend.pdf\" target=\"_blank\" rel=\"noopener noreferrer\">50\/a\/2014. (III.27.) sz. hat. a Min\u0151s\u00e9gfejleszt\u00e9si \u00e9s Min\u0151s\u00e9g\u00e9rt\u00e9kel\u0151 Bizotts\u00e1g \u00dcgyrendj\u00e9nek elfogad\u00e1s\u00e1r\u00f3l<\/a><\/li>\n<li style=\"text-align: justify\"><a href=\"https:\/\/semmelweis.hu\/rektori-hivatal\/files\/2014\/04\/50_b_sz_III_27_MMB-\u00fcgyrend.pdf\" target=\"_blank\" rel=\"noopener noreferrer\">50\/b\/2014. (III.27.) sz. hat. a Min\u0151s\u00e9gfejleszt\u00e9si \u00e9s Min\u0151s\u00e9g\u00e9rt\u00e9kel\u0151 Bizotts\u00e1g \u00dcgyrendje<\/a><\/li>\n<li style=\"text-align: justify\"><a href=\"https:\/\/semmelweis.hu\/rektori-hivatal\/files\/2014\/04\/51_sz_III_27_ETK-egy\u00fcttm\u0171k\u00f6d\u00e9si-meg\u00e1llapod\u00e1s.pdf\" target=\"_blank\" rel=\"noopener noreferrer\">51\/2014. (III.27.) sz. hat. az Eg\u00e9szs\u00e9gtudom\u00e1nyi Karon megk\u00f6tend\u0151 egy\u00fcttm\u0171k\u00f6d\u00e9si meg\u00e1llapod\u00e1sok j\u00f3v\u00e1hagy\u00e1s\u00e1r\u00f3l<\/a><\/li>\n<li style=\"text-align: justify\"><a href=\"https:\/\/semmelweis.hu\/rektori-hivatal\/files\/2014\/04\/52_a_sz_III_27_Halottkezel\u00e9si-Szab\u00e1lyzat.pdf\" target=\"_blank\" rel=\"noopener noreferrer\">52\/a\/2014. (III.27.) sz. hat. az Anat\u00f3miai, Sz\u00f6vet- \u00e9s Fejl\u0151d\u00e9stani, ill. Hum\u00e1nmorfol\u00f3giai \u00e9s Fejl\u0151d\u00e9sbiol\u00f3giai Int\u00e9zetekben t\u00f6rt\u00e9n\u0151 halottkezel\u00e9s szab\u00e1lyoz\u00e1s\u00e1r\u00f3l<\/a><\/li>\n<li style=\"text-align: justify\"><a href=\"https:\/\/semmelweis.hu\/rektori-hivatal\/files\/2014\/04\/52_b_sz_III_27_Halottkezel\u00e9si-Szab\u00e1lyzat.pdf\" target=\"_blank\" rel=\"noopener noreferrer\">52\/b\/2014. (III.27.) sz. hat. az Anat\u00f3miai, Sz\u00f6vet- \u00e9s Fejl\u0151d\u00e9stani, ill. Hum\u00e1nmorfol\u00f3giai \u00e9s Fejl\u0151d\u00e9sbiol\u00f3giai Int\u00e9zetekben t\u00f6rt\u00e9n\u0151 halottkezel\u00e9s szab\u00e1lyoz\u00e1s\u00e1nak elfogad\u00e1s\u00e1r\u00f3l<\/a><\/li>\n<li style=\"text-align: justify\"><a href=\"https:\/\/semmelweis.hu\/rektori-hivatal\/files\/2014\/04\/53_a_sz_III_27_Munkak\u00f6rh\u00f6z-kapcsol\u00f3d\u00f3-c\u00edmek.pdf\" target=\"_blank\" rel=\"noopener noreferrer\">53\/a\/2014. (III.27.) sz. hat. &#8222;Az Egyetem \u00e1ltal adom\u00e1nyozhat\u00f3 munkak\u00f6rh\u00f6z nem kapcsol\u00f3d\u00f3 c\u00edmek&#8221; rendelkez\u00e9seinek m\u00f3dos\u00edt\u00e1s\u00e1r\u00f3l<\/a><\/li>\n<li style=\"text-align: justify\"><a href=\"https:\/\/semmelweis.hu\/rektori-hivatal\/files\/2014\/04\/53_b_sz_III_27_Munkak\u00f6rh\u00f6z-kapcsol\u00f3d\u00f3-c\u00edmek.pdf\" target=\"_blank\" rel=\"noopener noreferrer\">53\/b\/2014. (III.27.) sz. hat. &#8222;Az Egyetem \u00e1ltal adom\u00e1nyozhat\u00f3 munkak\u00f6rh\u00f6z nem kapcsol\u00f3d\u00f3 c\u00edmek&#8221; rendelkez\u00e9seinek m\u00f3dos\u00edt\u00e1s\u00e1r\u00f3l <\/a><\/li>\n<li style=\"text-align: justify\"><a href=\"https:\/\/semmelweis.hu\/rektori-hivatal\/files\/2014\/04\/54_sz_III_27_MTA_SE.pdf\" target=\"_blank\" rel=\"noopener noreferrer\">54\/2014. (III.27.) sz. hat. a Semmelweis Egyetem \u00e9s a Magyar Tudom\u00e1nyos Akad\u00e9mia Term\u00e9szettudom\u00e1nyi Kutat\u00f3k\u00f6zpont egy\u00fcttm\u0171k\u00f6d\u00e9si meg\u00e1llapod\u00e1s\u00e1r\u00f3l<\/a><\/li>\n<\/ul>\n<p>&nbsp;<\/p>\n","protected":false},"excerpt":{"rendered":"<p><a href=\"https:\/\/semmelweis.hu\/rektori-hivatal\/files\/2014\/04\/N_III_27_2014.pdf\" target=\"_blank\" rel=\"noopener noreferrer\">N-III. 27\/2014. sz. hat. a szen\u00e1tusi \u00fcl\u00e9s napirendi pontjainak elfogad\u00e1s\u00e1r\u00f3l<\/a><br \/>\n<a href=\"https:\/\/semmelweis.hu\/rektori-hivatal\/files\/2014\/04\/37_szI-II.27_Hungarikum_Sz\u00f6vets\u00e9g.pdf\" target=\"_blank\" rel=\"noopener noreferrer\">37\/2014. (III.27.) sz. hat. a Hungarikum Sz\u00f6vets\u00e9ghez val\u00f3 csatlakoz\u00e1sr\u00f3l<\/a><br \/>\n<a href=\"https:\/\/semmelweis.hu\/rektori-hivatal\/files\/2014\/04\/38_sz_III_27_SE_NKE_egy\u00fcttm.meg\u00e1llap.pdf\" target=\"_blank\" rel=\"noopener noreferrer\">38\/2014. (III.27.) sz. hat. a Nemzeti K\u00f6zszolg\u00e1lati Egyetemmel k\u00f6tend\u0151 egy\u00fcttm\u0171k\u00f6d\u00e9si meg\u00e1llapod\u00e1sr\u00f3l<\/a><br \/>\n<a href=\"https:\/\/semmelweis.hu\/rektori-hivatal\/files\/2014\/04\/39_sz_III_27_oktat\u00f3_k\u00f3rh\u00e1z_Uzsoki.pdf\" target=\"_blank\" rel=\"noopener noreferrer\">39\/2014. (III.27.) sz. hat. \u00c1ltal\u00e1nos Orvostudom\u00e1nyi Kar Oktat\u00f3 K\u00f3rh\u00e1za c\u00edm adom\u00e1nyoz\u00e1s\u00e1r\u00f3l az Uzsoki utcai K\u00f3rh\u00e1z r\u00e9sz\u00e9re<\/a><br \/>\n<a href=\"https:\/\/semmelweis.hu\/rektori-hivatal\/files\/2014\/04\/40_sz_III_27_Honv\u00e9d_Katasztr_n\u00e9vv\u00e1lt.pdf\" target=\"_blank\" rel=\"noopener noreferrer\">40\/2014. (III.27.) sz. hat. a Semmelweis Egyetem \u00c1ltal\u00e1nos Orvostudom\u00e1nyi Kar Honv\u00e9d-, Katasztr\u00f3fa-orvostani Tansz\u00e9k\u00e9nek n\u00e9vv\u00e1ltoz\u00e1s\u00e1r\u00f3l<\/a><br \/>\n<a href=\"https:\/\/semmelweis.hu\/rektori-hivatal\/files\/2014\/04\/41_a_sz_III_27_SzMSz_hallgat_jogorv_rend.pdf\" target=\"_blank\" rel=\"noopener noreferrer\">41\/a\/2014. (III.27.) sz. hat. a Semmelweis Egyetem Szervezeti \u00e9s M\u0171k\u00f6d\u00e9si Szab\u00e1lyzat\u00e1nak, a hallgat\u00f3i jogorvoslati elj\u00e1r\u00e1s rendj\u00e9vel \u00f6sszef\u00fcgg\u0151 m\u00f3dos\u00edt\u00e1s\u00e1r\u00f3l<\/a><br \/>\n<a href=\"https:\/\/semmelweis.hu\/rektori-hivatal\/files\/2014\/04\/41_b_sz_III_27_SzMSz_hallgat_jogorv_rend.pdf\" target=\"_blank\" rel=\"noopener noreferrer\">41\/b\/2014. (III.27.) sz. hat. a Semmelweis Egyetem Szervezeti \u00e9s M\u0171k\u00f6d\u00e9si Szab\u00e1lyzat\u00e1nak, a hallgat\u00f3i jogorvoslati elj\u00e1r\u00e1s rendj\u00e9vel \u00f6sszef\u00fcgg\u0151 m\u00f3dos\u00edt\u00e1s\u00e1r\u00f3l<\/a><br \/>\n<a href=\"https:\/\/semmelweis.hu\/rektori-hivatal\/files\/2014\/04\/42_sz_III_27_SE_DE_egy\u00fcttm_meg\u00e1llap.pdf\" target=\"_blank\" rel=\"noopener noreferrer\">42\/2014. (III.27.) sz. hat. a Semmelweis Egyetem \u00e9s a Debreceni Egyetem k\u00f6z\u00f6tt a doktori k\u00e9pz\u00e9sben val\u00f3 egy\u00fcttm\u0171k\u00f6d\u00e9si meg\u00e1llapod\u00e1sr\u00f3l<\/a><br \/>\n<a href=\"https:\/\/semmelweis.hu\/jogigfoig\/files\/2014\/04\/43_sz_III_27_TSK_bizottsagok.pdf\">43\/2014. (III.27.) sz\u00e1m\u00fa hat\u00e1rozat a Testnevel\u00e9si \u00e9s Sporttudom\u00e1nyi Kar Szen\u00e1tus \u00e1ltal l\u00e9trehozott bizotts\u00e1gai tagjainak megv\u00e1laszt\u00e1s\u00e1r\u00f3l<\/a><br \/>\n<a href=\"https:\/\/semmelweis.hu\/jogigfoig\/files\/2014\/04\/44_sz_III_27_arany_pecsetgyuru.pdf\">44\/2014. (III.27.) sz\u00e1m\u00fa hat\u00e1rozat az Egyetem c\u00edmer\u00e9vel d\u00edsz\u00edtett arany pecs\u00e9tgy\u0171r\u0171 adom\u00e1nyoz\u00e1s\u00e1r\u00f3l<\/a><br \/>\n<a href=\"https:\/\/semmelweis.hu\/jogigfoig\/files\/2014\/04\/45_sz_III_27_I_Sz_Gyermekgy_egyetemitanar.pdf\">45\/2014. (III.27.) sz\u00e1m\u00fa hat\u00e1rozat a 2014. \u00e9vben az I.Sz. Gyermekgy\u00f3gy\u00e1szati Klinik\u00e1ra meghirdetett egyetemi tan\u00e1ri \u00e1ll\u00e1shelyre be\u00e9rkezett p\u00e1ly\u00e1zat v\u00e9lem\u00e9nyez\u00e9s\u00e9r\u0151l<\/a><br \/>\n<a href=\"https:\/\/semmelweis.hu\/jogigfoig\/files\/2014\/04\/46_sz_III_27_AOK_vezetoi_megbizasok.pdf\">46\/2014. (III.27.) sz\u00e1m\u00fa hat\u00e1rozat Az \u00c1ltal\u00e1nos Orvostudom\u00e1nyi Karon 2014. \u00e9vre meghirdetett vezet\u0151i megb\u00edz\u00e1sokra be\u00e9rkezett p\u00e1ly\u00e1zatokr\u00f3l<\/a><br \/>\n<a href=\"https:\/\/semmelweis.hu\/jogigfoig\/files\/2014\/04\/47_sz_III_27_FOK_vezetoi_megbizasok.pdf\">47\/2014. (III.27.) sz\u00e1m\u00fa hat\u00e1rozat A Fogorvostudom\u00e1nyi Kar 2014. \u00e9vre meghirdetett vezet\u0151i megb\u00edz\u00e1sokra be\u00e9rkezett p\u00e1ly\u00e1zatokr\u00f3l<\/a><br \/>\n<a href=\"https:\/\/semmelweis.hu\/rektori-hivatal\/files\/2014\/04\/48_a_sz_III_27_Semmelweis-Innov\u00e1ci\u00f3s-d\u00edj.pdf\" target=\"_blank\" rel=\"noopener noreferrer\">48\/a\/2014. (III.27.) sz. hat. a Semmelweis Innov\u00e1ci\u00f3s D\u00edj megalap\u00edt\u00e1s\u00e1r\u00f3l<\/a><br \/>\n<a href=\"https:\/\/semmelweis.hu\/rektori-hivatal\/files\/2014\/04\/48_b_sz_III_27_Semmelweis-Innov\u00e1ci\u00f3s-d\u00edj.pdf\" target=\"_blank\" rel=\"noopener noreferrer\">48\/b\/2014. (III.27.) sz. hat. a Semmelweis Innov\u00e1ci\u00f3s D\u00edj megalap\u00edt\u00e1s\u00e1r\u00f3l<\/a><br \/>\n<a href=\"https:\/\/semmelweis.hu\/rektori-hivatal\/files\/2014\/04\/49_a_sz_III_27_SZMSZm\u00f3d.pdf\" target=\"_blank\" rel=\"noopener noreferrer\">49\/a\/2014. (III.27.) sz. hat. a Szervezeti \u00e9s M\u0171k\u00f6d\u00e9si Szab\u00e1lyzat m\u00f3dos\u00edt\u00e1s\u00e1r\u00f3l<\/a><br \/>\n<a href=\"https:\/\/semmelweis.hu\/rektori-hivatal\/files\/2014\/04\/49_b_sz_III_27_SZMSZm\u00f3d.pdf\" target=\"_blank\" rel=\"noopener noreferrer\">49\/b\/2014. (III.27.) sz. hat. a Szervezeti \u00e9s M\u0171k\u00f6d\u00e9si Szab\u00e1lyzat m\u00f3dos\u00edt\u00e1s\u00e1r\u00f3l<\/a><br \/>\n<a href=\"https:\/\/semmelweis.hu\/rektori-hivatal\/files\/2014\/04\/50_a_sz_III_27_MMB-\u00fcgyrend.pdf\" target=\"_blank\" rel=\"noopener noreferrer\">50\/a\/2014. (III.27.) sz. hat. a Min\u0151s\u00e9gfejleszt\u00e9si \u00e9s Min\u0151s\u00e9g\u00e9rt\u00e9kel\u0151 Bizotts\u00e1g \u00dcgyrendj\u00e9nek elfogad\u00e1s\u00e1r\u00f3l<\/a><br \/>\n<a href=\"https:\/\/semmelweis.hu\/rektori-hivatal\/files\/2014\/04\/50_b_sz_III_27_MMB-\u00fcgyrend.pdf\" target=\"_blank\" rel=\"noopener noreferrer\">50\/b\/2014. (III.27.) sz. hat. a Min\u0151s\u00e9gfejleszt\u00e9si \u00e9s Min\u0151s\u00e9g\u00e9rt\u00e9kel\u0151 Bizotts\u00e1g \u00dcgyrendje<\/a><br \/>\n<a href=\"https:\/\/semmelweis.hu\/rektori-hivatal\/files\/2014\/04\/51_sz_III_27_ETK-egy\u00fcttm\u0171k\u00f6d\u00e9si-meg\u00e1llapod\u00e1s.pdf\" target=\"_blank\" rel=\"noopener noreferrer\">51\/2014. (III.27.) sz. hat. az Eg\u00e9szs\u00e9gtudom\u00e1nyi Karon megk\u00f6tend\u0151 egy\u00fcttm\u0171k\u00f6d\u00e9si meg\u00e1llapod\u00e1sok j\u00f3v\u00e1hagy\u00e1s\u00e1r\u00f3l<\/a><br \/>\n<a href=\"https:\/\/semmelweis.hu\/rektori-hivatal\/files\/2014\/04\/52_a_sz_III_27_Halottkezel\u00e9si-Szab\u00e1lyzat.pdf\" target=\"_blank\" rel=\"noopener noreferrer\">52\/a\/2014. (III.27.) sz. hat. az Anat\u00f3miai, Sz\u00f6vet- \u00e9s Fejl\u0151d\u00e9stani, ill. Hum\u00e1nmorfol\u00f3giai \u00e9s Fejl\u0151d\u00e9sbiol\u00f3giai Int\u00e9zetekben t\u00f6rt\u00e9n\u0151 halottkezel\u00e9s szab\u00e1lyoz\u00e1s\u00e1r\u00f3l<\/a><br \/>\n<a href=\"https:\/\/semmelweis.hu\/rektori-hivatal\/files\/2014\/04\/52_b_sz_III_27_Halottkezel\u00e9si-Szab\u00e1lyzat.pdf\" target=\"_blank\" rel=\"noopener noreferrer\">52\/b\/2014. (III.27.) sz. hat. az Anat\u00f3miai, Sz\u00f6vet- \u00e9s Fejl\u0151d\u00e9stani, ill. Hum\u00e1nmorfol\u00f3giai \u00e9s Fejl\u0151d\u00e9sbiol\u00f3giai Int\u00e9zetekben t\u00f6rt\u00e9n\u0151 halottkezel\u00e9s szab\u00e1lyoz\u00e1s\u00e1nak elfogad\u00e1s\u00e1r\u00f3l<\/a><br \/>\n<a href=\"https:\/\/semmelweis.hu\/rektori-hivatal\/files\/2014\/04\/53_a_sz_III_27_Munkak\u00f6rh\u00f6z-kapcsol\u00f3d\u00f3-c\u00edmek.pdf\" target=\"_blank\" rel=\"noopener noreferrer\">53\/a\/2014. (III.27.) sz. hat. &#8222;Az Egyetem \u00e1ltal adom\u00e1nyozhat\u00f3 munkak\u00f6rh\u00f6z nem kapcsol\u00f3d\u00f3 c\u00edmek&#8221; rendelkez\u00e9seinek m\u00f3dos\u00edt\u00e1s\u00e1r\u00f3l<\/a><br \/>\n<a href=\"https:\/\/semmelweis.hu\/rektori-hivatal\/files\/2014\/04\/53_b_sz_III_27_Munkak\u00f6rh\u00f6z-kapcsol\u00f3d\u00f3-c\u00edmek.pdf\" target=\"_blank\" rel=\"noopener noreferrer\">53\/b\/2014. (III.27.) sz. hat. &#8222;Az Egyetem \u00e1ltal adom\u00e1nyozhat\u00f3 munkak\u00f6rh\u00f6z nem kapcsol\u00f3d\u00f3 c\u00edmek&#8221; rendelkez\u00e9seinek m\u00f3dos\u00edt\u00e1s\u00e1r\u00f3l <\/a><br \/>\n<a href=\"https:\/\/semmelweis.hu\/rektori-hivatal\/files\/2014\/04\/54_sz_III_27_MTA_SE.pdf\" target=\"_blank\" rel=\"noopener noreferrer\">54\/2014. (III.27.) sz. hat. a Semmelweis Egyetem \u00e9s a Magyar Tudom\u00e1nyos Akad\u00e9mia Term\u00e9szettudom\u00e1nyi Kutat\u00f3k\u00f6zpont egy\u00fcttm\u0171k\u00f6d\u00e9si meg\u00e1llapod\u00e1s\u00e1r\u00f3l<\/a><\/p>\n<p>&nbsp;<\/p>\n","protected":false},"author":12,"featured_media":0,"parent":7840,"menu_order":3,"comment_status":"open","ping_status":"open","template":"","meta":{"_acf_changed":false,"footnotes":""},"categories":[1],"tags":[],"class_list":["post-2300","page","type-page","status-publish","hentry","category-egyeb"],"acf":[],"_links":{"self":[{"href":"https:\/\/semmelweis.hu\/jogigfoig\/wp-json\/wp\/v2\/pages\/2300","targetHints":{"allow":["GET"]}}],"collection":[{"href":"https:\/\/semmelweis.hu\/jogigfoig\/wp-json\/wp\/v2\/pages"}],"about":[{"href":"https:\/\/semmelweis.hu\/jogigfoig\/wp-json\/wp\/v2\/types\/page"}],"author":[{"embeddable":true,"href":"https:\/\/semmelweis.hu\/jogigfoig\/wp-json\/wp\/v2\/users\/12"}],"replies":[{"embeddable":true,"href":"https:\/\/semmelweis.hu\/jogigfoig\/wp-json\/wp\/v2\/comments?post=2300"}],"version-history":[{"count":10,"href":"https:\/\/semmelweis.hu\/jogigfoig\/wp-json\/wp\/v2\/pages\/2300\/revisions"}],"predecessor-version":[{"id":7900,"href":"https:\/\/semmelweis.hu\/jogigfoig\/wp-json\/wp\/v2\/pages\/2300\/revisions\/7900"}],"up":[{"embeddable":true,"href":"https:\/\/semmelweis.hu\/jogigfoig\/wp-json\/wp\/v2\/pages\/7840"}],"wp:attachment":[{"href":"https:\/\/semmelweis.hu\/jogigfoig\/wp-json\/wp\/v2\/media?parent=2300"}],"wp:term":[{"taxonomy":"category","embeddable":true,"href":"https:\/\/semmelweis.hu\/jogigfoig\/wp-json\/wp\/v2\/categories?post=2300"},{"taxonomy":"post_tag","embeddable":true,"href":"https:\/\/semmelweis.hu\/jogigfoig\/wp-json\/wp\/v2\/tags?post=2300"}],"curies":[{"name":"wp","href":"https:\/\/api.w.org\/{rel}","templated":true}]}}