{"id":2270,"date":"2014-03-14T09:01:58","date_gmt":"2014-03-14T09:01:58","guid":{"rendered":"http:\/\/semmelweis.hu\/rektori-hivatal\/?page_id=2270"},"modified":"2020-02-12T08:46:43","modified_gmt":"2020-02-12T07:46:43","slug":"2014-februar-27","status":"publish","type":"page","link":"https:\/\/semmelweis.hu\/jogigfoig\/testuletek\/szenatus\/2014-evi-szenatusi-hatarozatok\/2014-februar-27\/","title":{"rendered":"2014. febru\u00e1r 27."},"content":{"rendered":"<ul>\n<li style=\"text-align: justify\"><a href=\"https:\/\/semmelweis.hu\/rektori-hivatal\/files\/2014\/03\/N-II_27_napirend_elfog.pdf\" target=\"_blank\" rel=\"noopener noreferrer\">N-II.27.\/2014. sz. hat. a szen\u00e1tusi \u00fcl\u00e9s napirendi pontjainak elfogad\u00e1s\u00e1r\u00f3l <\/a><\/li>\n<li style=\"text-align: justify\"><a href=\"https:\/\/semmelweis.hu\/rektori-hivatal\/files\/2014\/03\/21_sz_II_27_Besz\u00e1mol\u00f3_2013_gazd\u00e1lkod\u00e1s.pdf\" target=\"_blank\" rel=\"noopener noreferrer\">21\/2014. (II.27.) sz. hat. Besz\u00e1mol\u00f3 a Semmelweis Egyetem 2013. \u00e9vi gazd\u00e1lkod\u00e1s\u00e1r\u00f3l <\/a><\/li>\n<li style=\"text-align: justify\"><a href=\"https:\/\/semmelweis.hu\/rektori-hivatal\/files\/2014\/03\/22_sz_II_27_2014_k\u00f6lts\u00e9gvet\u00e9s.pdf\" target=\"_blank\" rel=\"noopener noreferrer\">22\/2014. (II.27.) sz. hat. a Semmelweis Egyetem 2014. \u00e9vi vezet\u0151i k\u00f6lts\u00e9gvet\u00e9s\u00e9r\u0151l <\/a><\/li>\n<li style=\"text-align: justify\"><a href=\"https:\/\/semmelweis.hu\/rektori-hivatal\/files\/2014\/03\/23_a_II_27_Koll\u00e9g_F\u0151ig_SZMR.pdf\" target=\"_blank\" rel=\"noopener noreferrer\">23\/a\/2014. (II.27.) sz. hat. a Koll\u00e9giumok F\u0151igazgat\u00f3s\u00e1ga Szervezeti \u00e9s M\u0171k\u00f6d\u00e9si Rendj\u00e9r\u0151l <\/a><\/li>\n<li style=\"text-align: justify\"><a href=\"https:\/\/semmelweis.hu\/rektori-hivatal\/files\/2014\/03\/23_b_sz_II_27_Koll\u00e9giumok-M\u0171k\u00f6d\u00e9si-Rend.pdf\" target=\"_blank\" rel=\"noopener noreferrer\">23\/b\/2014. (II.27.) sz. hat. a Koll\u00e9giumok F\u0151igazgat\u00f3s\u00e1ga Szervezeti \u00e9s M\u0171k\u00f6d\u00e9si Rendj\u00e9r\u0151l<\/a><\/li>\n<li style=\"text-align: justify\"><a href=\"https:\/\/semmelweis.hu\/jogigfoig\/files\/2014\/03\/24_sz_II_27_FB.pdf\">24\/2014. (II.27.) sz\u00e1m\u00fa hat\u00e1rozat a Fel\u00fclvizsg\u00e1lati Bizotts\u00e1g szem\u00e9lyi \u00f6sszet\u00e9tel\u00e9r\u0151l<\/a><\/li>\n<li style=\"text-align: justify\"><a href=\"https:\/\/semmelweis.hu\/jogigfoig\/files\/2014\/03\/25_sz_II_27_ETK_tanszekvezeto.pdf\">25\/2014. (II.27.) sz\u00e1m\u00fa hat\u00e1rozat az Eg\u00e9szs\u00e9gtudom\u00e1nyi Karon az Alkalmazott Pszichol\u00f3gia Tansz\u00e9k 2014. \u00e9vre meghirdetett vezet\u0151i megb\u00edz\u00e1s\u00e1ra be\u00e9rkezett p\u00e1ly\u00e1zatok v\u00e9lem\u00e9nyez\u00e9s\u00e9r\u0151l<\/a><\/li>\n<li style=\"text-align: justify\"><a href=\"https:\/\/semmelweis.hu\/jogigfoig\/files\/2014\/03\/26_sz_II_27_Pro_Univ.pdf\">26\/2014. (II.27.) sz\u00e1m\u00fa hat\u00e1rozat Pro Universitate d\u00edj adom\u00e1nyoz\u00e1s\u00e1r\u00f3l<\/a><\/li>\n<li style=\"text-align: justify\"><a href=\"https:\/\/semmelweis.hu\/jogigfoig\/files\/2014\/03\/27_sz_II_27_egyetemi_docensi.pdf\">27\/2014. (II.27.) sz\u00e1m\u00fa hat\u00e1rozat a 2014. \u00e9vben az Eg\u00e9szs\u00e9g\u00fcgyi Menedzserk\u00e9pz\u0151 K\u00f6zpontban meghirdetett egyetemi docensi \u00e1ll\u00e1shelyre be\u00e9rkezett p\u00e1ly\u00e1zat v\u00e9lem\u00e9nyez\u00e9s\u00e9r\u0151l<\/a><\/li>\n<li style=\"text-align: justify\"><a href=\"https:\/\/semmelweis.hu\/rektori-hivatal\/files\/2014\/03\/28_sz_II_27_egyetemi-docensi_Tan\u00e1rk\u00e9z\u0151-K\u00f6zpont.pdf\" target=\"_blank\" rel=\"noopener noreferrer\">28\/2014. (II.27.) sz. hat. a Tan\u00e1rk\u00e9pz\u0151 K\u00f6zpontban 2014. \u00e9vre meghirdetni tervezett egyetemi docensi \u00e1ll\u00e1shely l\u00e9trehoz\u00e1s\u00e1r\u00f3l <\/a><\/li>\n<li style=\"text-align: justify\"><a href=\"https:\/\/semmelweis.hu\/rektori-hivatal\/files\/2014\/03\/29_a_sz_II_27_SZMSZ-m\u00f3d.pdf\" target=\"_blank\" rel=\"noopener noreferrer\">29\/a\/2014. (II.27.) sz. hat. a Szervezeti \u00e9s M\u0171k\u00f6d\u00e9si Szab\u00e1lyzat m\u00f3dos\u00edt\u00e1s\u00e1r\u00f3l <\/a><\/li>\n<li style=\"text-align: justify\"><a href=\"https:\/\/semmelweis.hu\/rektori-hivatal\/files\/2014\/03\/29_b_sz_II_27_SZMSZ-m\u00f3d.pdf\" target=\"_blank\" rel=\"noopener noreferrer\">29\/b\/2014. (II.27.) sz. hat. a Szervezeti \u00e9s M\u0171k\u00f6d\u00e9si Szab\u00e1lyzat m\u00f3dos\u00edt\u00e1s\u00e1r\u00f3l <\/a><\/li>\n<li style=\"text-align: justify\"><a href=\"https:\/\/semmelweis.hu\/rektori-hivatal\/files\/2014\/03\/30_a_II_27_sz_T\u00e1vk\u00f6zl\u00e9si_Szab.pdf\" target=\"_blank\" rel=\"noopener noreferrer\">30\/a\/2014. (II.27.) sz. hat. a Semmelweis Egyetem T\u00e1vk\u00f6zl\u00e9si Szab\u00e1lyzat\u00e1r\u00f3l <\/a><\/li>\n<li style=\"text-align: justify\"><a href=\"https:\/\/semmelweis.hu\/rektori-hivatal\/files\/2014\/03\/30_b_II_27_T\u00e1vk\u00f6zl\u00e9si_szab\u00e1lyzat.pdf\" target=\"_blank\" rel=\"noopener noreferrer\">30\/b\/2014. (II.27.) sz. hat. a Semmelweis Egyetem T\u00e1vk\u00f6zl\u00e9si Szab\u00e1lyzata<\/a><\/li>\n<li style=\"text-align: justify\"><a href=\"https:\/\/semmelweis.hu\/rektori-hivatal\/files\/2014\/03\/31_a_II_27_P\u00e1ly\u00e1zati_Szab.pdf\" target=\"_blank\" rel=\"noopener noreferrer\">31\/a\/2014. (II.27.) sz. hat. az Egyetemi P\u00e1ly\u00e1zatok elj\u00e1r\u00e1si rendj\u00e9nek szab\u00e1lyoz\u00e1s\u00e1r\u00f3l <\/a><\/li>\n<li style=\"text-align: justify\"><a href=\"https:\/\/semmelweis.hu\/rektori-hivatal\/files\/2014\/03\/31_b_I_27_P\u00e1ly\u00e1zati_Szab\u00e1lyzat.pdf\" target=\"_blank\" rel=\"noopener noreferrer\">31\/b\/2014. (II.27.) sz. hat. az Egyetemi P\u00e1ly\u00e1zatok elj\u00e1r\u00e1si rendj\u00e9nek szab\u00e1lyoz\u00e1sa <\/a><\/li>\n<li style=\"text-align: justify\"><a href=\"https:\/\/semmelweis.hu\/rektori-hivatal\/files\/2014\/03\/32_sz_II_27_ETK_egy\u00fcttm_meg\u00e1llap.pdf\" target=\"_blank\" rel=\"noopener noreferrer\">32\/2014. (II.27.) sz. hat. az Eg\u00e9szs\u00e9gtudom\u00e1nyi Karon megk\u00f6tend\u0151 egy\u00fcttm\u0171k\u00f6d\u00e9si meg\u00e1llapod\u00e1sok j\u00f3v\u00e1hagy\u00e1s\u00e1r\u00f3l <\/a><\/li>\n<li style=\"text-align: justify\"><a href=\"https:\/\/semmelweis.hu\/rektori-hivatal\/files\/2014\/03\/33_sz_II_27_eg\u00e9szs_gondoz\u00e1s_v\u00e9d\u0151n\u0151.pdf\" target=\"_blank\" rel=\"noopener noreferrer\">33\/2014. (II.27.) sz. hat. angol nyelv\u0171 eg\u00e9szs\u00e9g\u00fcgyi gondoz\u00e1s \u00e9s prevenci\u00f3 szak v\u00e9d\u0151n\u0151 szakir\u00e1ny ind\u00edt\u00e1s\u00e1r\u00f3l az Eg\u00e9szs\u00e9gtudom\u00e1nyi Karon <\/a><\/li>\n<li style=\"text-align: justify\"><a href=\"https:\/\/semmelweis.hu\/rektori-hivatal\/files\/2014\/03\/34_sz_II_27_orvosilabor_optometria_szak.pdf\" target=\"_blank\" rel=\"noopener noreferrer\">34\/2014. (II.27.) sz. hat. angol nyelv\u0171 orvosi laborat\u00f3riumi \u00e9s k\u00e9palkot\u00f3 diagnosztikai analitikus szak optometria specializ\u00e1ci\u00f3 ind\u00edt\u00e1s\u00e1r\u00f3l az Eg\u00e9szs\u00e9gtudom\u00e1nyi Karon<\/a><\/li>\n<li style=\"text-align: justify\"><a href=\"https:\/\/semmelweis.hu\/jogigfoig\/files\/2014\/03\/35_sz_II_27_KTDN.pdf\">35\/2014. (II.27.) sz\u00e1m\u00fa hat\u00e1rozat a &#8222;Semmelweis Egyetem Kiv\u00e1l\u00f3 Tudom\u00e1nyos Di\u00e1kk\u00f6ri Nevel\u0151je&#8221; kit\u00fcntet\u0151 c\u00edm adom\u00e1nyoz\u00e1s\u00e1r\u00f3l<\/a><\/li>\n<li style=\"text-align: justify\"><a href=\"https:\/\/semmelweis.hu\/rektori-hivatal\/files\/2014\/03\/36_sz_II_27_nyelvivizsga_\u00c1OK_FOK_TSK.pdf\" target=\"_blank\" rel=\"noopener noreferrer\">36\/2014. (II.27.) sz. hat. az \u00c1ltal\u00e1nos Orvostudom\u00e1nyi Kar, a Fogorvostudom\u00e1nyi Kar \u00e9s a Testnevel\u00e9si \u00e9s Sporttudom\u00e1nyi Kar r\u00e9sz\u00e9re nyelvi vizsga szervez\u00e9s\u00e9nek enged\u00e9lyez\u00e9s\u00e9r\u0151l <\/a><\/li>\n<\/ul>\n","protected":false},"excerpt":{"rendered":"<p><a href=\"https:\/\/semmelweis.hu\/rektori-hivatal\/files\/2014\/03\/N-II_27_napirend_elfog.pdf\" target=\"_blank\" rel=\"noopener noreferrer\">N-II.27.\/2014. sz. hat. a szen\u00e1tusi \u00fcl\u00e9s napirendi pontjainak elfogad\u00e1s\u00e1r\u00f3l <\/a><br \/>\n<a href=\"https:\/\/semmelweis.hu\/rektori-hivatal\/files\/2014\/03\/21_sz_II_27_Besz\u00e1mol\u00f3_2013_gazd\u00e1lkod\u00e1s.pdf\" target=\"_blank\" rel=\"noopener noreferrer\">21\/2014. (II.27.) sz. hat. Besz\u00e1mol\u00f3 a Semmelweis Egyetem 2013. \u00e9vi gazd\u00e1lkod\u00e1s\u00e1r\u00f3l <\/a><br \/>\n<a href=\"https:\/\/semmelweis.hu\/rektori-hivatal\/files\/2014\/03\/22_sz_II_27_2014_k\u00f6lts\u00e9gvet\u00e9s.pdf\" target=\"_blank\" rel=\"noopener noreferrer\">22\/2014. (II.27.) sz. hat. a Semmelweis Egyetem 2014. \u00e9vi vezet\u0151i k\u00f6lts\u00e9gvet\u00e9s\u00e9r\u0151l <\/a><br \/>\n<a href=\"https:\/\/semmelweis.hu\/rektori-hivatal\/files\/2014\/03\/23_a_II_27_Koll\u00e9g_F\u0151ig_SZMR.pdf\" target=\"_blank\" rel=\"noopener noreferrer\">23\/a\/2014. (II.27.) sz. hat. a Koll\u00e9giumok F\u0151igazgat\u00f3s\u00e1ga Szervezeti \u00e9s M\u0171k\u00f6d\u00e9si Rendj\u00e9r\u0151l <\/a><br \/>\n<a href=\"https:\/\/semmelweis.hu\/rektori-hivatal\/files\/2014\/03\/23_b_sz_II_27_Koll\u00e9giumok-M\u0171k\u00f6d\u00e9si-Rend.pdf\" target=\"_blank\" rel=\"noopener noreferrer\">23\/b\/2014. (II.27.) sz. hat. a Koll\u00e9giumok F\u0151igazgat\u00f3s\u00e1ga Szervezeti \u00e9s M\u0171k\u00f6d\u00e9si Rendj\u00e9r\u0151l<\/a><br \/>\n<a href=\"https:\/\/semmelweis.hu\/jogigfoig\/files\/2014\/03\/24_sz_II_27_FB.pdf\">24\/2014. (II.27.) sz\u00e1m\u00fa hat\u00e1rozat a Fel\u00fclvizsg\u00e1lati Bizotts\u00e1g szem\u00e9lyi \u00f6sszet\u00e9tel\u00e9r\u0151l<\/a><br \/>\n<a href=\"https:\/\/semmelweis.hu\/jogigfoig\/files\/2014\/03\/25_sz_II_27_ETK_tanszekvezeto.pdf\">25\/2014. (II.27.) sz\u00e1m\u00fa hat\u00e1rozat az Eg\u00e9szs\u00e9gtudom\u00e1nyi Karon az Alkalmazott Pszichol\u00f3gia Tansz\u00e9k 2014. \u00e9vre meghirdetett vezet\u0151i megb\u00edz\u00e1s\u00e1ra be\u00e9rkezett p\u00e1ly\u00e1zatok v\u00e9lem\u00e9nyez\u00e9s\u00e9r\u0151l<\/a><br \/>\n<a href=\"https:\/\/semmelweis.hu\/jogigfoig\/files\/2014\/03\/26_sz_II_27_Pro_Univ.pdf\">26\/2014. (II.27.) sz\u00e1m\u00fa hat\u00e1rozat Pro Universitate d\u00edj adom\u00e1nyoz\u00e1s\u00e1r\u00f3l<\/a><br \/>\n<a href=\"https:\/\/semmelweis.hu\/jogigfoig\/files\/2014\/03\/27_sz_II_27_egyetemi_docensi.pdf\">27\/2014. (II.27.) sz\u00e1m\u00fa hat\u00e1rozat a 2014. \u00e9vben az Eg\u00e9szs\u00e9g\u00fcgyi Menedzserk\u00e9pz\u0151 K\u00f6zpontban meghirdetett egyetemi docensi \u00e1ll\u00e1shelyre be\u00e9rkezett p\u00e1ly\u00e1zat v\u00e9lem\u00e9nyez\u00e9s\u00e9r\u0151l<\/a><br \/>\n<a href=\"https:\/\/semmelweis.hu\/rektori-hivatal\/files\/2014\/03\/28_sz_II_27_egyetemi-docensi_Tan\u00e1rk\u00e9z\u0151-K\u00f6zpont.pdf\" target=\"_blank\" rel=\"noopener noreferrer\">28\/2014. (II.27.) sz. hat. a Tan\u00e1rk\u00e9pz\u0151 K\u00f6zpontban 2014. \u00e9vre meghirdetni tervezett egyetemi docensi \u00e1ll\u00e1shely l\u00e9trehoz\u00e1s\u00e1r\u00f3l <\/a><br \/>\n<a href=\"https:\/\/semmelweis.hu\/rektori-hivatal\/files\/2014\/03\/29_a_sz_II_27_SZMSZ-m\u00f3d.pdf\" target=\"_blank\" rel=\"noopener noreferrer\">29\/a\/2014. (II.27.) sz. hat. a Szervezeti \u00e9s M\u0171k\u00f6d\u00e9si Szab\u00e1lyzat m\u00f3dos\u00edt\u00e1s\u00e1r\u00f3l <\/a><br \/>\n<a href=\"https:\/\/semmelweis.hu\/rektori-hivatal\/files\/2014\/03\/29_b_sz_II_27_SZMSZ-m\u00f3d.pdf\" target=\"_blank\" rel=\"noopener noreferrer\">29\/b\/2014. (II.27.) sz. hat. a Szervezeti \u00e9s M\u0171k\u00f6d\u00e9si Szab\u00e1lyzat m\u00f3dos\u00edt\u00e1s\u00e1r\u00f3l <\/a><br \/>\n<a href=\"https:\/\/semmelweis.hu\/rektori-hivatal\/files\/2014\/03\/30_a_II_27_sz_T\u00e1vk\u00f6zl\u00e9si_Szab.pdf\" target=\"_blank\" rel=\"noopener noreferrer\">30\/a\/2014. (II.27.) sz. hat. a Semmelweis Egyetem T\u00e1vk\u00f6zl\u00e9si Szab\u00e1lyzat\u00e1r\u00f3l <\/a><br \/>\n<a href=\"https:\/\/semmelweis.hu\/rektori-hivatal\/files\/2014\/03\/30_b_II_27_T\u00e1vk\u00f6zl\u00e9si_szab\u00e1lyzat.pdf\" target=\"_blank\" rel=\"noopener noreferrer\">30\/b\/2014. (II.27.) sz. hat. a Semmelweis Egyetem T\u00e1vk\u00f6zl\u00e9si Szab\u00e1lyzata<\/a><br \/>\n<a href=\"https:\/\/semmelweis.hu\/rektori-hivatal\/files\/2014\/03\/31_a_II_27_P\u00e1ly\u00e1zati_Szab.pdf\" target=\"_blank\" rel=\"noopener noreferrer\">31\/a\/2014. (II.27.) sz. hat. az Egyetemi P\u00e1ly\u00e1zatok elj\u00e1r\u00e1si rendj\u00e9nek szab\u00e1lyoz\u00e1s\u00e1r\u00f3l <\/a><br \/>\n<a href=\"https:\/\/semmelweis.hu\/rektori-hivatal\/files\/2014\/03\/31_b_I_27_P\u00e1ly\u00e1zati_Szab\u00e1lyzat.pdf\" target=\"_blank\" rel=\"noopener noreferrer\">31\/b\/2014. (II.27.) sz. hat. az Egyetemi P\u00e1ly\u00e1zatok elj\u00e1r\u00e1si rendj\u00e9nek szab\u00e1lyoz\u00e1sa <\/a><br \/>\n<a href=\"https:\/\/semmelweis.hu\/rektori-hivatal\/files\/2014\/03\/32_sz_II_27_ETK_egy\u00fcttm_meg\u00e1llap.pdf\" target=\"_blank\" rel=\"noopener noreferrer\">32\/2014. (II.27.) sz. hat. az Eg\u00e9szs\u00e9gtudom\u00e1nyi Karon megk\u00f6tend\u0151 egy\u00fcttm\u0171k\u00f6d\u00e9si meg\u00e1llapod\u00e1sok j\u00f3v\u00e1hagy\u00e1s\u00e1r\u00f3l <\/a><br \/>\n<a href=\"https:\/\/semmelweis.hu\/rektori-hivatal\/files\/2014\/03\/33_sz_II_27_eg\u00e9szs_gondoz\u00e1s_v\u00e9d\u0151n\u0151.pdf\" target=\"_blank\" rel=\"noopener noreferrer\">33\/2014. (II.27.) sz. hat. angol nyelv\u0171 eg\u00e9szs\u00e9g\u00fcgyi gondoz\u00e1s \u00e9s prevenci\u00f3 szak v\u00e9d\u0151n\u0151 szakir\u00e1ny ind\u00edt\u00e1s\u00e1r\u00f3l az Eg\u00e9szs\u00e9gtudom\u00e1nyi Karon <\/a><br \/>\n<a href=\"https:\/\/semmelweis.hu\/rektori-hivatal\/files\/2014\/03\/34_sz_II_27_orvosilabor_optometria_szak.pdf\" target=\"_blank\" rel=\"noopener noreferrer\">34\/2014. (II.27.) sz. hat. angol nyelv\u0171 orvosi laborat\u00f3riumi \u00e9s k\u00e9palkot\u00f3 diagnosztikai analitikus szak optometria specializ\u00e1ci\u00f3 ind\u00edt\u00e1s\u00e1r\u00f3l az Eg\u00e9szs\u00e9gtudom\u00e1nyi Karon<\/a><br \/>\n<a href=\"https:\/\/semmelweis.hu\/jogigfoig\/files\/2014\/03\/35_sz_II_27_KTDN.pdf\">35\/2014. (II.27.) sz\u00e1m\u00fa hat\u00e1rozat a &#8222;Semmelweis Egyetem Kiv\u00e1l\u00f3 Tudom\u00e1nyos Di\u00e1kk\u00f6ri Nevel\u0151je&#8221; kit\u00fcntet\u0151 c\u00edm adom\u00e1nyoz\u00e1s\u00e1r\u00f3l<\/a><br \/>\n<a href=\"https:\/\/semmelweis.hu\/rektori-hivatal\/files\/2014\/03\/36_sz_II_27_nyelvivizsga_\u00c1OK_FOK_TSK.pdf\" target=\"_blank\" rel=\"noopener noreferrer\">36\/2014. (II.27.) sz. hat. az \u00c1ltal\u00e1nos Orvostudom\u00e1nyi Kar, a Fogorvostudom\u00e1nyi Kar \u00e9s a Testnevel\u00e9si \u00e9s Sporttudom\u00e1nyi Kar r\u00e9sz\u00e9re nyelvi vizsga szervez\u00e9s\u00e9nek enged\u00e9lyez\u00e9s\u00e9r\u0151l <\/a><\/p>\n","protected":false},"author":12,"featured_media":0,"parent":7840,"menu_order":2,"comment_status":"open","ping_status":"open","template":"","meta":{"_acf_changed":false,"footnotes":""},"categories":[1],"tags":[],"class_list":["post-2270","page","type-page","status-publish","hentry","category-egyeb"],"acf":[],"_links":{"self":[{"href":"https:\/\/semmelweis.hu\/jogigfoig\/wp-json\/wp\/v2\/pages\/2270","targetHints":{"allow":["GET"]}}],"collection":[{"href":"https:\/\/semmelweis.hu\/jogigfoig\/wp-json\/wp\/v2\/pages"}],"about":[{"href":"https:\/\/semmelweis.hu\/jogigfoig\/wp-json\/wp\/v2\/types\/page"}],"author":[{"embeddable":true,"href":"https:\/\/semmelweis.hu\/jogigfoig\/wp-json\/wp\/v2\/users\/12"}],"replies":[{"embeddable":true,"href":"https:\/\/semmelweis.hu\/jogigfoig\/wp-json\/wp\/v2\/comments?post=2270"}],"version-history":[{"count":6,"href":"https:\/\/semmelweis.hu\/jogigfoig\/wp-json\/wp\/v2\/pages\/2270\/revisions"}],"predecessor-version":[{"id":7901,"href":"https:\/\/semmelweis.hu\/jogigfoig\/wp-json\/wp\/v2\/pages\/2270\/revisions\/7901"}],"up":[{"embeddable":true,"href":"https:\/\/semmelweis.hu\/jogigfoig\/wp-json\/wp\/v2\/pages\/7840"}],"wp:attachment":[{"href":"https:\/\/semmelweis.hu\/jogigfoig\/wp-json\/wp\/v2\/media?parent=2270"}],"wp:term":[{"taxonomy":"category","embeddable":true,"href":"https:\/\/semmelweis.hu\/jogigfoig\/wp-json\/wp\/v2\/categories?post=2270"},{"taxonomy":"post_tag","embeddable":true,"href":"https:\/\/semmelweis.hu\/jogigfoig\/wp-json\/wp\/v2\/tags?post=2270"}],"curies":[{"name":"wp","href":"https:\/\/api.w.org\/{rel}","templated":true}]}}