{"id":2186,"date":"2014-02-17T15:06:29","date_gmt":"2014-02-17T15:06:29","guid":{"rendered":"http:\/\/semmelweis.hu\/rektori-hivatal\/?page_id=2186"},"modified":"2024-07-25T11:07:38","modified_gmt":"2024-07-25T09:07:38","slug":"2014-januar-30","status":"publish","type":"page","link":"https:\/\/semmelweis.hu\/jogigfoig\/testuletek\/szenatus\/2014-evi-szenatusi-hatarozatok\/2014-januar-30\/","title":{"rendered":"2014. janu\u00e1r 30."},"content":{"rendered":"<ul>\n<li style=\"text-align: justify\"><a href=\"https:\/\/semmelweis.hu\/rektori-hivatal\/files\/2014\/02\/N_I_30_Napirend-elfogad\u00e1sr\u00f3l.pdf\" target=\"_blank\" rel=\"noopener noreferrer\">N-I.30.\/2014. sz. hat. a szen\u00e1tusi \u00fcl\u00e9s napirendi pontjainak elfogad\u00e1s\u00e1r\u00f3l<\/a><\/li>\n<li style=\"text-align: justify\"><a href=\"https:\/\/semmelweis.hu\/rektori-hivatal\/files\/2014\/02\/1_sz_I_30_Mellkasseb\u00e9szeti-Tansz\u00e9k.pdf\" target=\"_blank\" rel=\"noopener noreferrer\">1\/2014. (I.30.) sz. hat. az \u00c1ltal\u00e1nos Orvostudom\u00e1nyi Kar Mellkasseb\u00e9szeti Tansz\u00e9k\u00e9nek klinik\u00e1v\u00e1 t\u00f6rt\u00e9n\u0151 min\u0151s\u00edt\u00e9s\u00e9r\u0151l<\/a><\/li>\n<li style=\"text-align: justify\"><a href=\"https:\/\/semmelweis.hu\/jogigfoig\/files\/2014\/02\/2_sz_I_30_egyetemi_tanari_allashely.pdf\">2\/2014. (I.30.) sz\u00e1m\u00fa hat\u00e1rozat a 2014. \u00e9vben meghirdetett egyetemi tan\u00e1ri \u00e1ll\u00e1shelyekre be\u00e9rkezett p\u00e1ly\u00e1zatok v\u00e9lem\u00e9nyez\u00e9s\u00e9r\u0151l<\/a><\/li>\n<li style=\"text-align: justify\"><a href=\"https:\/\/semmelweis.hu\/jogigfoig\/files\/2014\/02\/3_sz_I_30_Semmelweis_dij.pdf\">3\/2014. (I.30.) sz\u00e1m\u00fa hat\u00e1rozat Semmelweis &#8211; d\u00edj miniszteri kit\u00fcntet\u00e9s adom\u00e1nyoz\u00e1s\u00e1ra vonatkoz\u00f3 javaslatr\u00f3l<\/a><\/li>\n<li style=\"text-align: justify\"><a href=\"https:\/\/semmelweis.hu\/rektori-hivatal\/files\/2014\/02\/4_sz_I_30_Besz\u00e1mol\u00f3_hat\u00e1rozatok.pdf\" target=\"_blank\" rel=\"noopener noreferrer\">4\/2014. (I.30.) sz. hat. a Szen\u00e1tus 2013. \u00e9v II. f\u00e9l\u00e9v\u00e9ben (\u0151szi szemeszter) hozott hat\u00e1rozatainak\u00a0 v\u00e9grehajt\u00e1s\u00e1r\u00f3l el\u0151terjesztett\u00a0 besz\u00e1mol\u00f3 elfogad\u00e1s\u00e1r\u00f3l<\/a><\/li>\n<li style=\"text-align: justify\"><a href=\"https:\/\/semmelweis.hu\/rektori-hivatal\/files\/2014\/02\/5_sz_I_30_2014_I_Fv_munkaterv.pdf\" target=\"_blank\" rel=\"noopener noreferrer\">5\/2014. (I.30.) sz. hat. a Szen\u00e1tus 2014. \u00e9v I. f\u00e9l\u00e9vi (tavaszi szemeszter) \u00fcl\u00e9s- \u00e9s munkaterv\u00e9nek elfogad\u00e1s\u00e1r\u00f3l<\/a><\/li>\n<li style=\"text-align: justify\"><a href=\"https:\/\/semmelweis.hu\/rektori-hivatal\/files\/2014\/02\/6_a_sz_I_30_SZMSZ_m\u00f3d.pdf\" target=\"_blank\" rel=\"noopener noreferrer\">6\/a\/2014. (I.30.) sz. hat. a Semmelweis Egyetem\u00a0 Szervezeti \u00e9s M\u0171k\u00f6d\u00e9si Szab\u00e1lyzat\u00e1nak egyes rendelkez\u00e9sei m\u00f3dos\u00edt\u00e1s\u00e1r\u00f3l<\/a><\/li>\n<li style=\"text-align: justify\"><a href=\"https:\/\/semmelweis.hu\/rektori-hivatal\/files\/2014\/02\/6_b_sz_I_30_SZMSZ_m\u00f3d.pdf\" target=\"_blank\" rel=\"noopener noreferrer\">6\/b\/2014. (I.30.) sz. hat. a Semmelweis Egyetem\u00a0 Szervezeti \u00e9s M\u0171k\u00f6d\u00e9si Szab\u00e1lyzat\u00e1nak egyes rendelkez\u00e9sei m\u00f3dos\u00edt\u00e1s\u00e1r\u00f3l<\/a><\/li>\n<li style=\"text-align: justify\"><a href=\"https:\/\/semmelweis.hu\/jogigfoig\/files\/2014\/02\/7_sz_I_30_Alumni_Tanacs.pdf\">7\/2014. (I.30.) sz\u00e1m\u00fa hat\u00e1rozat az Alumni Tan\u00e1cs szem\u00e9lyi \u00f6sszet\u00e9tel\u00e9r\u0151l<\/a><\/li>\n<li style=\"text-align: justify\"><a href=\"https:\/\/semmelweis.hu\/rektori-hivatal\/files\/2014\/02\/8_a_sz_I_30_Tan\u00e1rk\u00e9pz\u0151-K\u00f6zpont.pdf\" target=\"_blank\" rel=\"noopener noreferrer\">8\/a\/2014. (I.30.) sz. hat. a Szervezeti \u00e9s M\u0171k\u00f6d\u00e9si Szab\u00e1lyzat Tan\u00e1rk\u00e9pz\u0151 K\u00f6zpontot \u00e9rint\u0151 m\u00f3dos\u00edt\u00e1s\u00e1r\u00f3l, valamint a Tan\u00e1rk\u00e9pz\u0151 K\u00f6zpont M\u0171k\u00f6d\u00e9si Rendj\u00e9nek m\u00f3dos\u00edt\u00e1s\u00e1r\u00f3l<\/a><\/li>\n<li style=\"text-align: justify\"><a href=\"https:\/\/semmelweis.hu\/rektori-hivatal\/files\/2014\/02\/8_b_sz_I_30_Tan\u00e1rk\u00e9pz\u0151-K\u00f6zpont.pdf\" target=\"_blank\" rel=\"noopener noreferrer\">8\/b\/2014. (I.30.) sz. hat. a Szervezeti \u00e9s M\u0171k\u00f6d\u00e9si Szab\u00e1lyzat Tan\u00e1rk\u00e9pz\u0151 K\u00f6zpontot \u00e9rint\u0151 m\u00f3dos\u00edt\u00e1s\u00e1r\u00f3l, valamint a Tan\u00e1rk\u00e9pz\u0151 K\u00f6zpont M\u0171k\u00f6d\u00e9si Rendj\u00e9nek m\u00f3dos\u00edt\u00e1s\u00e1r\u00f3l<\/a><\/li>\n<li style=\"text-align: justify\"><a href=\"https:\/\/semmelweis.hu\/rektori-hivatal\/files\/2014\/02\/9_a_sz_I_30_hallgat\u00f3i-jogorvoslat_eljrend.pdf\" target=\"_blank\" rel=\"noopener noreferrer\">9\/a\/2014. (I.30.) sz. hat. a hallgat\u00f3i jogorvoslati elj\u00e1r\u00e1s rendj\u00e9r\u0151l<\/a><\/li>\n<li style=\"text-align: justify\"><a href=\"https:\/\/semmelweis.hu\/rektori-hivatal\/files\/2014\/02\/9_b_sz_I_30_hallgat\u00f3i-jogorv_eljrend.pdf\" target=\"_blank\" rel=\"noopener noreferrer\">9\/b\/2014. (I.30.) sz. hat. a hallgat\u00f3i jogorvoslati elj\u00e1r\u00e1s rendj\u00e9r\u0151l<\/a><\/li>\n<li style=\"text-align: justify\"><a href=\"https:\/\/semmelweis.hu\/rektori-hivatal\/files\/2014\/02\/10_sz_I_30_ETK_egy\u00fcttm_meg\u00e1llap.pdf\" target=\"_blank\" rel=\"noopener noreferrer\">10\/2014. (I.30.) sz. hat. az Eg\u00e9szs\u00e9gtudom\u00e1nyi Karon megk\u00f6tend\u0151 egy\u00fcttm\u0171k\u00f6d\u00e9si meg\u00e1llapod\u00e1sok j\u00f3v\u00e1hagy\u00e1s\u00e1r\u00f3l<\/a><\/li>\n<li style=\"text-align: justify\"><a href=\"https:\/\/semmelweis.hu\/rektori-hivatal\/files\/2014\/02\/11_a_I_30_Beszerz\u00e9siSzab\u00e1lyzat.pdf\" target=\"_blank\" rel=\"noopener noreferrer\">11\/a\/2014. (I.30.) sz. hat. a Beszerz\u00e9si Szab\u00e1lyzatr\u00f3l<\/a><\/li>\n<li style=\"text-align: justify\"><a href=\"https:\/\/semmelweis.hu\/jogigfoig\/files\/2024\/07\/11_b_I_30_Beszerzesi_Szabalyzat_k.pdf\">11\/b\/2014. (I.30.) sz. hat. a Semmelweis Egyetem Beszerz\u00e9si Szab\u00e1lyzata<\/a><\/li>\n<li style=\"text-align: justify\"><a href=\"https:\/\/semmelweis.hu\/rektori-hivatal\/files\/2014\/02\/12_a_I_30_Gazd\u00e1kod\u00e1si-Szab\u00e1lyzat.pdf\" target=\"_blank\" rel=\"noopener noreferrer\">12\/a\/2014. (I.30.) sz. hat. a Gazd\u00e1lkod\u00e1si Szab\u00e1lyzat m\u00f3dos\u00edt\u00e1s\u00e1r\u00f3l<\/a><\/li>\n<li style=\"text-align: justify\"><a href=\"https:\/\/semmelweis.hu\/rektori-hivatal\/files\/2014\/02\/12_b_I_30_Gazd\u00e1lkod\u00e1siSzab\u00e1lyzat.pdf\" target=\"_blank\" rel=\"noopener noreferrer\">12\/b\/2014. (I.30.) sz. hat. a Gazd\u00e1lkod\u00e1si Szab\u00e1lyzat<\/a><\/li>\n<li style=\"text-align: justify\"><a href=\"https:\/\/semmelweis.hu\/rektori-hivatal\/files\/2014\/02\/13_sz_I_30_Integr\u00e1lt_sz\u00fcl\u0151_csecsem\u0151.pdf\" target=\"_blank\" rel=\"noopener noreferrer\">13\/2014. (I.30.) sz. hat. az Integr\u00e1lt sz\u00fcl\u0151-csecsem\u0151 konzult\u00e1ci\u00f3 szakir\u00e1ny\u00fa tov\u00e1bbk\u00e9pz\u00e9si szak ind\u00edt\u00e1s\u00e1r\u00f3l<\/a><\/li>\n<li style=\"text-align: justify\"><a href=\"https:\/\/semmelweis.hu\/rektori-hivatal\/files\/2014\/02\/14_sz_I_30_Kor\u00e1nyi_Szakkoll_Alap\u00edt\u00f3Okirat.pdf\" target=\"_blank\" rel=\"noopener noreferrer\">14\/2014. (I.30.) sz. hat. a Kor\u00e1nyi Frigyes Szakkoll\u00e9gium alap\u00edt\u00f3 okirat\u00e1nak kiad\u00e1s\u00e1r\u00f3l<\/a><\/li>\n<li style=\"text-align: justify\"><a href=\"https:\/\/semmelweis.hu\/rektori-hivatal\/files\/2014\/02\/15_a_I_30_Munk\u00e1ltat\u00f3i_jogk\u00f6r_p\u00e1ly\u00e1ztat\u00e1s_rendje.pdf\" target=\"_blank\" rel=\"noopener noreferrer\">15\/a\/2014. (I.30.) sz. hat. a &#8222;Munk\u00e1ltat\u00f3i jogk\u00f6r gyakorl\u00e1s\u00e1nak rendje&#8221;, a &#8222;P\u00e1ly\u00e1ztat\u00e1s rendje&#8221; \u00e9s &#8222;Az Egyetem \u00e1ltal adom\u00e1nyozhat\u00f3 munkak\u00f6rh\u00f6z nem kapcsol\u00f3d\u00f3 c\u00edmek&#8221; rendelkez\u00e9seinek m\u00f3dos\u00edt\u00e1s\u00e1r\u00f3l<\/a><\/li>\n<li style=\"text-align: justify\"><a href=\"https:\/\/semmelweis.hu\/rektori-hivatal\/files\/2014\/02\/15_b_I_30_Munk\u00e1ltat\u00f3i_jogk\u00f6r_p\u00e1ly\u00e1ztat\u00e1s_rendje.pdf\" target=\"_blank\" rel=\"noopener noreferrer\">15\/b\/2014. (I.30.) sz. hat. a &#8222;Munk\u00e1ltat\u00f3i jogk\u00f6r gyakorl\u00e1s\u00e1nak rendje&#8221;, a &#8222;P\u00e1ly\u00e1ztat\u00e1s rendje&#8221; \u00e9s &#8222;Az Egyetem \u00e1ltal adom\u00e1nyozhat\u00f3 munkak\u00f6rh\u00f6z nem kapcsol\u00f3d\u00f3 c\u00edmek&#8221; rendelkez\u00e9seinek m\u00f3dos\u00edt\u00e1s\u00e1r\u00f3l<\/a><\/li>\n<li style=\"text-align: justify\"><a href=\"https:\/\/semmelweis.hu\/rektori-hivatal\/files\/2014\/02\/16_sz_I_30_SE_TwenteEgyetem_egy\u00fctm_meg\u00e1llap.pdf\" target=\"_blank\" rel=\"noopener noreferrer\">16\/2014. (I.30.) sz. hat. a Semmelweis Egyetem \u00e9s a Twente Egyetem k\u00f6z\u00f6tt a doktori k\u00e9pz\u00e9sben val\u00f3 egy\u00fcttm\u0171k\u00f6d\u00e9si meg\u00e1llapod\u00e1sr\u00f3l<\/a><\/li>\n<li style=\"text-align: justify\"><a href=\"https:\/\/semmelweis.hu\/jogigfoig\/files\/2014\/02\/17_sz_I_30_Jotanulo_josportolo.pdf\">17\/2014. (I.30.) sz\u00e1m\u00fa hat\u00e1rozat a &#8222;J\u00f3 tanul\u00f3, j\u00f3 sportol\u00f3&#8221; kit\u00fcntet\u0151 c\u00edmek oda\u00edt\u00e9l\u00e9s\u00e9r\u0151l<\/a><\/li>\n<li style=\"text-align: justify\"><a href=\"https:\/\/semmelweis.hu\/rektori-hivatal\/files\/2014\/02\/18_sz_I_30_\u00c1pol\u00e1svezet\u00e9si_OKJ_k\u00e9pz\u00e9sek.pdf\" target=\"_blank\" rel=\"noopener noreferrer\">18\/2014. (I.30.) sz. hat. az \u00c1pol\u00e1svezet\u00e9si \u00e9s Szakdolgoz\u00f3i Oktat\u00e1si Igazgat\u00f3s\u00e1g \u00e1ltal ind\u00edtott OKJ k\u00e9pz\u00e9sekr\u0151l<\/a><\/li>\n<li style=\"text-align: justify\"><a href=\"https:\/\/semmelweis.hu\/rektori-hivatal\/files\/2014\/02\/19_sz_I_30_SE_N\u00f3gr\u00e1dMegyei_egy\u00fcttm\u0171k_meg\u00e1llap.pdf\" target=\"_blank\" rel=\"noopener noreferrer\">19\/2014. (I.30.) sz. hat. a Semmelweis Egyetem \u00e9s a N\u00f3gr\u00e1d Megyei \u00d6nkorm\u00e1nyzat k\u00f6z\u00f6tt Egy\u00fcttm\u0171k\u00f6d\u00e9si Szerz\u0151d\u00e9s al\u00e1\u00edr\u00e1s\u00e1r\u00f3l<\/a><\/li>\n<li style=\"text-align: justify\"><a href=\"https:\/\/semmelweis.hu\/jogigfoig\/files\/2014\/02\/20_sz_I_30_soron_kivuli_allami_kituntetes.pdf\">20\/2014. (I.30.) sz\u00e1m\u00fa hat\u00e1rozat soron k\u00edv\u00fcli \u00e1llami kit\u00fcntet\u00e9s adom\u00e1nyoz\u00e1s\u00e1r\u00f3l<\/a><\/li>\n<\/ul>\n","protected":false},"excerpt":{"rendered":"<p><a href=\"https:\/\/semmelweis.hu\/rektori-hivatal\/files\/2014\/02\/N_I_30_Napirend-elfogad\u00e1sr\u00f3l.pdf\" target=\"_blank\" rel=\"noopener noreferrer\">N-I.30.\/2014. sz. hat. a szen\u00e1tusi \u00fcl\u00e9s napirendi pontjainak elfogad\u00e1s\u00e1r\u00f3l<\/a><br \/>\n<a href=\"https:\/\/semmelweis.hu\/rektori-hivatal\/files\/2014\/02\/1_sz_I_30_Mellkasseb\u00e9szeti-Tansz\u00e9k.pdf\" target=\"_blank\" rel=\"noopener noreferrer\">1\/2014. (I.30.) sz. hat. az \u00c1ltal\u00e1nos Orvostudom\u00e1nyi Kar Mellkasseb\u00e9szeti Tansz\u00e9k\u00e9nek klinik\u00e1v\u00e1 t\u00f6rt\u00e9n\u0151 min\u0151s\u00edt\u00e9s\u00e9r\u0151l<\/a><br \/>\n<a href=\"https:\/\/semmelweis.hu\/jogigfoig\/files\/2014\/02\/2_sz_I_30_egyetemi_tanari_allashely.pdf\">2\/2014. (I.30.) sz\u00e1m\u00fa hat\u00e1rozat a 2014. \u00e9vben meghirdetett egyetemi tan\u00e1ri \u00e1ll\u00e1shelyekre be\u00e9rkezett p\u00e1ly\u00e1zatok v\u00e9lem\u00e9nyez\u00e9s\u00e9r\u0151l<\/a><br \/>\n<a href=\"https:\/\/semmelweis.hu\/jogigfoig\/files\/2014\/02\/3_sz_I_30_Semmelweis_dij.pdf\">3\/2014. (I.30.) sz\u00e1m\u00fa hat\u00e1rozat Semmelweis &#8211; d\u00edj miniszteri kit\u00fcntet\u00e9s adom\u00e1nyoz\u00e1s\u00e1ra vonatkoz\u00f3 javaslatr\u00f3l<\/a><br \/>\n<a href=\"https:\/\/semmelweis.hu\/rektori-hivatal\/files\/2014\/02\/4_sz_I_30_Besz\u00e1mol\u00f3_hat\u00e1rozatok.pdf\" target=\"_blank\" rel=\"noopener noreferrer\">4\/2014. (I.30.) sz. hat. a Szen\u00e1tus 2013. \u00e9v II. f\u00e9l\u00e9v\u00e9ben (\u0151szi szemeszter) hozott hat\u00e1rozatainak\u00a0 v\u00e9grehajt\u00e1s\u00e1r\u00f3l el\u0151terjesztett\u00a0 besz\u00e1mol\u00f3 elfogad\u00e1s\u00e1r\u00f3l<\/a><br \/>\n<a href=\"https:\/\/semmelweis.hu\/rektori-hivatal\/files\/2014\/02\/5_sz_I_30_2014_I_Fv_munkaterv.pdf\" target=\"_blank\" rel=\"noopener noreferrer\">5\/2014. (I.30.) sz. hat. a Szen\u00e1tus 2014. \u00e9v I. f\u00e9l\u00e9vi (tavaszi szemeszter) \u00fcl\u00e9s- \u00e9s munkaterv\u00e9nek elfogad\u00e1s\u00e1r\u00f3l<\/a><br \/>\n<a href=\"https:\/\/semmelweis.hu\/rektori-hivatal\/files\/2014\/02\/6_a_sz_I_30_SZMSZ_m\u00f3d.pdf\" target=\"_blank\" rel=\"noopener noreferrer\">6\/a\/2014. (I.30.) sz. hat. a Semmelweis Egyetem\u00a0 Szervezeti \u00e9s M\u0171k\u00f6d\u00e9si Szab\u00e1lyzat\u00e1nak egyes rendelkez\u00e9sei m\u00f3dos\u00edt\u00e1s\u00e1r\u00f3l<\/a><br \/>\n<a href=\"https:\/\/semmelweis.hu\/rektori-hivatal\/files\/2014\/02\/6_b_sz_I_30_SZMSZ_m\u00f3d.pdf\" target=\"_blank\" rel=\"noopener noreferrer\">6\/b\/2014. (I.30.) sz. hat. a Semmelweis Egyetem\u00a0 Szervezeti \u00e9s M\u0171k\u00f6d\u00e9si Szab\u00e1lyzat\u00e1nak egyes rendelkez\u00e9sei m\u00f3dos\u00edt\u00e1s\u00e1r\u00f3l<\/a><br \/>\n<a href=\"https:\/\/semmelweis.hu\/jogigfoig\/files\/2014\/02\/7_sz_I_30_Alumni_Tanacs.pdf\">7\/2014. (I.30.) sz\u00e1m\u00fa hat\u00e1rozat az Alumni Tan\u00e1cs szem\u00e9lyi \u00f6sszet\u00e9tel\u00e9r\u0151l<\/a><br \/>\n<a href=\"https:\/\/semmelweis.hu\/rektori-hivatal\/files\/2014\/02\/8_a_sz_I_30_Tan\u00e1rk\u00e9pz\u0151-K\u00f6zpont.pdf\" target=\"_blank\" rel=\"noopener noreferrer\">8\/a\/2014. (I.30.) sz. hat. a Szervezeti \u00e9s M\u0171k\u00f6d\u00e9si Szab\u00e1lyzat Tan\u00e1rk\u00e9pz\u0151 K\u00f6zpontot \u00e9rint\u0151 m\u00f3dos\u00edt\u00e1s\u00e1r\u00f3l, valamint a Tan\u00e1rk\u00e9pz\u0151 K\u00f6zpont M\u0171k\u00f6d\u00e9si Rendj\u00e9nek m\u00f3dos\u00edt\u00e1s\u00e1r\u00f3l<\/a><br \/>\n<a href=\"https:\/\/semmelweis.hu\/rektori-hivatal\/files\/2014\/02\/8_b_sz_I_30_Tan\u00e1rk\u00e9pz\u0151-K\u00f6zpont.pdf\" target=\"_blank\" rel=\"noopener noreferrer\">8\/b\/2014. (I.30.) sz. hat. a Szervezeti \u00e9s M\u0171k\u00f6d\u00e9si Szab\u00e1lyzat Tan\u00e1rk\u00e9pz\u0151 K\u00f6zpontot \u00e9rint\u0151 m\u00f3dos\u00edt\u00e1s\u00e1r\u00f3l, valamint a Tan\u00e1rk\u00e9pz\u0151 K\u00f6zpont M\u0171k\u00f6d\u00e9si Rendj\u00e9nek m\u00f3dos\u00edt\u00e1s\u00e1r\u00f3l<\/a><br \/>\n<a href=\"https:\/\/semmelweis.hu\/rektori-hivatal\/files\/2014\/02\/9_a_sz_I_30_hallgat\u00f3i-jogorvoslat_eljrend.pdf\" target=\"_blank\" rel=\"noopener noreferrer\">9\/a\/2014. (I.30.) sz. hat. a hallgat\u00f3i jogorvoslati elj\u00e1r\u00e1s rendj\u00e9r\u0151l<\/a><br \/>\n<a href=\"https:\/\/semmelweis.hu\/rektori-hivatal\/files\/2014\/02\/9_b_sz_I_30_hallgat\u00f3i-jogorv_eljrend.pdf\" target=\"_blank\" rel=\"noopener noreferrer\">9\/b\/2014. (I.30.) sz. hat. a hallgat\u00f3i jogorvoslati elj\u00e1r\u00e1s rendj\u00e9r\u0151l<\/a><br \/>\n<a href=\"https:\/\/semmelweis.hu\/rektori-hivatal\/files\/2014\/02\/10_sz_I_30_ETK_egy\u00fcttm_meg\u00e1llap.pdf\" target=\"_blank\" rel=\"noopener noreferrer\">10\/2014. (I.30.) sz. hat. az Eg\u00e9szs\u00e9gtudom\u00e1nyi Karon megk\u00f6tend\u0151 egy\u00fcttm\u0171k\u00f6d\u00e9si meg\u00e1llapod\u00e1sok j\u00f3v\u00e1hagy\u00e1s\u00e1r\u00f3l<\/a><br \/>\n<a href=\"https:\/\/semmelweis.hu\/rektori-hivatal\/files\/2014\/02\/11_a_I_30_Beszerz\u00e9siSzab\u00e1lyzat.pdf\" target=\"_blank\" rel=\"noopener noreferrer\">11\/a\/2014. (I.30.) sz. hat. a Beszerz\u00e9si Szab\u00e1lyzatr\u00f3l<\/a><br \/>\n<a href=\"https:\/\/semmelweis.hu\/jogigfoig\/files\/2024\/07\/11_b_I_30_Beszerzesi_Szabalyzat_k.pdf\">11\/b\/2014. (I.30.) sz. hat. a Semmelweis Egyetem Beszerz\u00e9si Szab\u00e1lyzata<\/a><br \/>\n<a href=\"https:\/\/semmelweis.hu\/rektori-hivatal\/files\/2014\/02\/12_a_I_30_Gazd\u00e1kod\u00e1si-Szab\u00e1lyzat.pdf\" target=\"_blank\" rel=\"noopener noreferrer\">12\/a\/2014. (I.30.) sz. hat. a Gazd\u00e1lkod\u00e1si Szab\u00e1lyzat m\u00f3dos\u00edt\u00e1s\u00e1r\u00f3l<\/a><br \/>\n<a href=\"https:\/\/semmelweis.hu\/rektori-hivatal\/files\/2014\/02\/12_b_I_30_Gazd\u00e1lkod\u00e1siSzab\u00e1lyzat.pdf\" target=\"_blank\" rel=\"noopener noreferrer\">12\/b\/2014. (I.30.) sz. hat. a Gazd\u00e1lkod\u00e1si Szab\u00e1lyzat<\/a><br \/>\n<a href=\"https:\/\/semmelweis.hu\/rektori-hivatal\/files\/2014\/02\/13_sz_I_30_Integr\u00e1lt_sz\u00fcl\u0151_csecsem\u0151.pdf\" target=\"_blank\" rel=\"noopener noreferrer\">13\/2014. (I.30.) sz. hat. az Integr\u00e1lt sz\u00fcl\u0151-csecsem\u0151 konzult\u00e1ci\u00f3 szakir\u00e1ny\u00fa tov\u00e1bbk\u00e9pz\u00e9si szak ind\u00edt\u00e1s\u00e1r\u00f3l<\/a><br \/>\n<a href=\"https:\/\/semmelweis.hu\/rektori-hivatal\/files\/2014\/02\/14_sz_I_30_Kor\u00e1nyi_Szakkoll_Alap\u00edt\u00f3Okirat.pdf\" target=\"_blank\" rel=\"noopener noreferrer\">14\/2014. (I.30.) sz. hat. a Kor\u00e1nyi Frigyes Szakkoll\u00e9gium alap\u00edt\u00f3 okirat\u00e1nak kiad\u00e1s\u00e1r\u00f3l<\/a><br \/>\n<a href=\"https:\/\/semmelweis.hu\/rektori-hivatal\/files\/2014\/02\/15_a_I_30_Munk\u00e1ltat\u00f3i_jogk\u00f6r_p\u00e1ly\u00e1ztat\u00e1s_rendje.pdf\" target=\"_blank\" rel=\"noopener noreferrer\">15\/a\/2014. (I.30.) sz. hat. a &#8222;Munk\u00e1ltat\u00f3i jogk\u00f6r gyakorl\u00e1s\u00e1nak rendje&#8221;, a &#8222;P\u00e1ly\u00e1ztat\u00e1s rendje&#8221; \u00e9s &#8222;Az Egyetem \u00e1ltal adom\u00e1nyozhat\u00f3 munkak\u00f6rh\u00f6z nem kapcsol\u00f3d\u00f3 c\u00edmek&#8221; rendelkez\u00e9seinek m\u00f3dos\u00edt\u00e1s\u00e1r\u00f3l<\/a><br \/>\n<a href=\"https:\/\/semmelweis.hu\/rektori-hivatal\/files\/2014\/02\/15_b_I_30_Munk\u00e1ltat\u00f3i_jogk\u00f6r_p\u00e1ly\u00e1ztat\u00e1s_rendje.pdf\" target=\"_blank\" rel=\"noopener noreferrer\">15\/b\/2014. (I.30.) sz. hat. a &#8222;Munk\u00e1ltat\u00f3i jogk\u00f6r gyakorl\u00e1s\u00e1nak rendje&#8221;, a &#8222;P\u00e1ly\u00e1ztat\u00e1s rendje&#8221; \u00e9s &#8222;Az Egyetem \u00e1ltal adom\u00e1nyozhat\u00f3 munkak\u00f6rh\u00f6z nem kapcsol\u00f3d\u00f3 c\u00edmek&#8221; rendelkez\u00e9seinek m\u00f3dos\u00edt\u00e1s\u00e1r\u00f3l<\/a><br \/>\n<a href=\"https:\/\/semmelweis.hu\/rektori-hivatal\/files\/2014\/02\/16_sz_I_30_SE_TwenteEgyetem_egy\u00fctm_meg\u00e1llap.pdf\" target=\"_blank\" rel=\"noopener noreferrer\">16\/2014. (I.30.) sz. hat. a Semmelweis Egyetem \u00e9s a Twente Egyetem k\u00f6z\u00f6tt a doktori k\u00e9pz\u00e9sben val\u00f3 egy\u00fcttm\u0171k\u00f6d\u00e9si meg\u00e1llapod\u00e1sr\u00f3l<\/a><br \/>\n<a href=\"https:\/\/semmelweis.hu\/jogigfoig\/files\/2014\/02\/17_sz_I_30_Jotanulo_josportolo.pdf\">17\/2014. (I.30.) sz\u00e1m\u00fa hat\u00e1rozat a &#8222;J\u00f3 tanul\u00f3, j\u00f3 sportol\u00f3&#8221; kit\u00fcntet\u0151 c\u00edmek oda\u00edt\u00e9l\u00e9s\u00e9r\u0151l<\/a><br \/>\n<a href=\"https:\/\/semmelweis.hu\/rektori-hivatal\/files\/2014\/02\/18_sz_I_30_\u00c1pol\u00e1svezet\u00e9si_OKJ_k\u00e9pz\u00e9sek.pdf\" target=\"_blank\" rel=\"noopener noreferrer\">18\/2014. (I.30.) sz. hat. az \u00c1pol\u00e1svezet\u00e9si \u00e9s Szakdolgoz\u00f3i Oktat\u00e1si Igazgat\u00f3s\u00e1g \u00e1ltal ind\u00edtott OKJ k\u00e9pz\u00e9sekr\u0151l<\/a><br \/>\n<a href=\"https:\/\/semmelweis.hu\/rektori-hivatal\/files\/2014\/02\/19_sz_I_30_SE_N\u00f3gr\u00e1dMegyei_egy\u00fcttm\u0171k_meg\u00e1llap.pdf\" target=\"_blank\" rel=\"noopener noreferrer\">19\/2014. (I.30.) sz. hat. a Semmelweis Egyetem \u00e9s a N\u00f3gr\u00e1d Megyei \u00d6nkorm\u00e1nyzat k\u00f6z\u00f6tt Egy\u00fcttm\u0171k\u00f6d\u00e9si Szerz\u0151d\u00e9s al\u00e1\u00edr\u00e1s\u00e1r\u00f3l<\/a><br \/>\n<a href=\"https:\/\/semmelweis.hu\/jogigfoig\/files\/2014\/02\/20_sz_I_30_soron_kivuli_allami_kituntetes.pdf\">20\/2014. (I.30.) sz\u00e1m\u00fa hat\u00e1rozat soron k\u00edv\u00fcli \u00e1llami kit\u00fcntet\u00e9s adom\u00e1nyoz\u00e1s\u00e1r\u00f3l<\/a><\/p>\n","protected":false},"author":12,"featured_media":0,"parent":7840,"menu_order":1,"comment_status":"open","ping_status":"open","template":"","meta":{"_acf_changed":false,"footnotes":""},"categories":[1],"tags":[],"class_list":["post-2186","page","type-page","status-publish","hentry","category-egyeb"],"acf":[],"_links":{"self":[{"href":"https:\/\/semmelweis.hu\/jogigfoig\/wp-json\/wp\/v2\/pages\/2186","targetHints":{"allow":["GET"]}}],"collection":[{"href":"https:\/\/semmelweis.hu\/jogigfoig\/wp-json\/wp\/v2\/pages"}],"about":[{"href":"https:\/\/semmelweis.hu\/jogigfoig\/wp-json\/wp\/v2\/types\/page"}],"author":[{"embeddable":true,"href":"https:\/\/semmelweis.hu\/jogigfoig\/wp-json\/wp\/v2\/users\/12"}],"replies":[{"embeddable":true,"href":"https:\/\/semmelweis.hu\/jogigfoig\/wp-json\/wp\/v2\/comments?post=2186"}],"version-history":[{"count":10,"href":"https:\/\/semmelweis.hu\/jogigfoig\/wp-json\/wp\/v2\/pages\/2186\/revisions"}],"predecessor-version":[{"id":91054,"href":"https:\/\/semmelweis.hu\/jogigfoig\/wp-json\/wp\/v2\/pages\/2186\/revisions\/91054"}],"up":[{"embeddable":true,"href":"https:\/\/semmelweis.hu\/jogigfoig\/wp-json\/wp\/v2\/pages\/7840"}],"wp:attachment":[{"href":"https:\/\/semmelweis.hu\/jogigfoig\/wp-json\/wp\/v2\/media?parent=2186"}],"wp:term":[{"taxonomy":"category","embeddable":true,"href":"https:\/\/semmelweis.hu\/jogigfoig\/wp-json\/wp\/v2\/categories?post=2186"},{"taxonomy":"post_tag","embeddable":true,"href":"https:\/\/semmelweis.hu\/jogigfoig\/wp-json\/wp\/v2\/tags?post=2186"}],"curies":[{"name":"wp","href":"https:\/\/api.w.org\/{rel}","templated":true}]}}