{"id":2120,"date":"2013-12-11T14:37:11","date_gmt":"2013-12-11T14:37:11","guid":{"rendered":"http:\/\/semmelweis.hu\/rektori-hivatal\/?page_id=2120"},"modified":"2020-02-13T09:42:16","modified_gmt":"2020-02-13T08:42:16","slug":"2013-november-28","status":"publish","type":"page","link":"https:\/\/semmelweis.hu\/jogigfoig\/testuletek\/szenatus\/2013-evi-szenatusi-hatarozatok\/2013-november-28\/","title":{"rendered":"2013. november 28."},"content":{"rendered":"<ul>\n<li style=\"text-align: justify\">\u00a0<a href=\"https:\/\/semmelweis.hu\/rektori-hivatal\/files\/2013\/12\/N-XI_28_napirend_elfog.pdf\" target=\"_blank\" rel=\"noopener noreferrer\">N-XI.28.\/2013. sz. hat. a szen\u00e1tusi \u00fcl\u00e9s napirendi pontjainak elfogad\u00e1s\u00e1r\u00f3l <\/a><\/li>\n<li style=\"text-align: justify\"><a href=\"https:\/\/semmelweis.hu\/rektori-hivatal\/files\/2013\/12\/145_XI_28_gazd_f\u0151ig_p\u00e1ly\u00e1zat.pdf\" target=\"_blank\" rel=\"noopener noreferrer\">145\/2013.(XI.28.) sz. hat. a gazdas\u00e1gi f\u0151igazgat\u00f3i megb\u00edz\u00e1sra be\u00e9rkezett p\u00e1ly\u00e1zatkor\u00f3l <\/a><\/li>\n<li style=\"text-align: justify\"><a href=\"https:\/\/semmelweis.hu\/rektori-hivatal\/files\/2013\/12\/146_a_XI_28_z\u00e1r\u00f3vizsga_nyelvvizsga.pdf\" target=\"_blank\" rel=\"noopener noreferrer\">146\/a\/2013.(XI.28.) sz. hat. a z\u00e1r\u00f3vizsg\u00e1t tett, de nyelvvizsg\u00e1t nem szerzett hallgat\u00f3k oklevel\u00e9nek k\u00e9rd\u00e9s\u00e9r\u0151l <\/a><\/li>\n<li style=\"text-align: justify\"><a href=\"https:\/\/semmelweis.hu\/rektori-hivatal\/files\/2013\/12\/146_b_XI_28_z\u00e1r\u00f3vizsga_nyelvvizsga.pdf\" target=\"_blank\" rel=\"noopener noreferrer\">146\/b\/2013.(XI.28.) sz. hat. a z\u00e1r\u00f3vizsg\u00e1t tett, de nyelvvizsg\u00e1t nem szerzett hallgat\u00f3k oklevel\u00e9nek k\u00e9rd\u00e9s\u00e9r\u0151l<\/a><\/li>\n<li style=\"text-align: justify\"><a href=\"https:\/\/semmelweis.hu\/rektori-hivatal\/files\/2013\/12\/147_XI_28_ETK_egy\u00fcttm\u0171k_meg\u00e1llap.pdf\" target=\"_blank\" rel=\"noopener noreferrer\">147\/2013.(XI.28.) sz. hat. az Eg\u00e9szs\u00e9gtudom\u00e1nyi Karon megk\u00f6tend\u0151 egy\u00fcttm\u0171k\u00f6d\u00e9si meg\u00e1llapod\u00e1sok j\u00f3v\u00e1hagy\u00e1s\u00e1r\u00f3l <\/a><\/li>\n<li style=\"text-align: justify\"><a href=\"https:\/\/semmelweis.hu\/rektori-hivatal\/files\/2013\/12\/148_XI_28_ETK_BK\u00dcF_meg\u00e1llap.pdf\" target=\"_blank\" rel=\"noopener noreferrer\">148\/2013.(XI.28.) sz. hat. az Eg\u00e9szs\u00e9gtudom\u00e1nyi Kar egy\u00fcttm\u0171k\u00f6d\u00e9si meg\u00e1llapod\u00e1s\u00e1nak j\u00f3v\u00e1hagy\u00e1s\u00e1r\u00f3l <\/a><\/li>\n<li style=\"text-align: justify\"><a href=\"https:\/\/semmelweis.hu\/rektori-hivatal\/files\/2013\/12\/149_XI_28_ETK_BSc_tantervek.pdf\" target=\"_blank\" rel=\"noopener noreferrer\">149\/2013.(XI.28.) sz. hat. az Eg\u00e9szs\u00e9gtudom\u00e1nyi Kar BSc k\u00e9pz\u00e9seihez tartoz\u00f3 tantervek m\u00f3dos\u00edt\u00e1s\u00e1r\u00f3l <\/a><\/li>\n<li style=\"text-align: justify\"><a href=\"https:\/\/semmelweis.hu\/rektori-hivatal\/files\/2013\/12\/150_XI_28_egyet_bizotts_besz\u00e1mol\u00f3.pdf\" target=\"_blank\" rel=\"noopener noreferrer\">150\/2013.(XI.28.) sz. hat. a Szen\u00e1tus \u00e1ltal l\u00e9trehozott Bizotts\u00e1gok munk\u00e1j\u00e1r\u00f3l sz\u00f3l\u00f3 besz\u00e1mol\u00f3 elfogad\u00e1s\u00e1r\u00f3l <\/a><\/li>\n<li style=\"text-align: justify\"><a href=\"https:\/\/semmelweis.hu\/rektori-hivatal\/files\/2013\/12\/151_a_XI_28_Rektori_P\u00e1lyamunka_szab.pdf\" target=\"_blank\" rel=\"noopener noreferrer\">151\/a\/2013.(XI.28.) sz. hat. a Semmelweis Egyetem hallgat\u00f3i sz\u00e1m\u00e1ra ki\u00edrt rektori p\u00e1lyamunk\u00e1k \u00e9s k\u00fclf\u00f6ldi tudom\u00e1nyos \u00f6szt\u00f6nd\u00edjak szab\u00e1lyzata m\u00f3dos\u00edt\u00e1s\u00e1r\u00f3l <\/a><\/li>\n<li style=\"text-align: justify\"><a href=\"https:\/\/semmelweis.hu\/rektori-hivatal\/files\/2013\/12\/151_b_XI_28_Rektori_P\u00e1lyamunka_szab.pdf\" target=\"_blank\" rel=\"noopener noreferrer\">151\/b\/2013.(XI.28.) sz. hat. a Semmelweis Egyetem hallgat\u00f3i sz\u00e1m\u00e1ra ki\u00edrt rektori p\u00e1lyamunk\u00e1k \u00e9s k\u00fclf\u00f6ldi tudom\u00e1nyos \u00f6szt\u00f6nd\u00edjak szab\u00e1lyzata m\u00f3dos\u00edt\u00e1s\u00e1r\u00f3l<\/a><\/li>\n<li style=\"text-align: justify\"><a href=\"https:\/\/semmelweis.hu\/rektori-hivatal\/files\/2013\/12\/152_a_XI_28_SZMSZ_KariTan\u00e1cs_\u00f6sszet\u00e9tel_FOK_GYTK.pdf\" target=\"_blank\" rel=\"noopener noreferrer\">152\/a\/2013.(XI.28.) sz. hat. a Semmelweis Egyetem Szervezeti \u00e9s M\u0171k\u00f6d\u00e9si Szab\u00e1lyzat\u00e1nak a Kari Tan\u00e1cs \u00f6sszet\u00e9tel\u00e9re vonatkoz\u00f3 rendelkez\u00e9sei m\u00f3dos\u00edt\u00e1s\u00e1r\u00f3l <\/a><\/li>\n<li style=\"text-align: justify\"><a href=\"https:\/\/semmelweis.hu\/rektori-hivatal\/files\/2013\/12\/152_b_XI_28_SZMSZ_KariTan\u00e1cs_\u00f6sszet\u00e9tel_FOK_GYTK.pdf\" target=\"_blank\" rel=\"noopener noreferrer\">152\/b\/2013.(XI.28.) sz. hat. a Semmelweis Egyetem Szervezeti \u00e9s M\u0171k\u00f6d\u00e9si Szab\u00e1lyzat\u00e1nak a Kari Tan\u00e1cs \u00f6sszet\u00e9tel\u00e9re vonatkoz\u00f3 rendelkez\u00e9sei m\u00f3dos\u00edt\u00e1s\u00e1r\u00f3l<\/a><\/li>\n<li style=\"text-align: justify\"><a href=\"https:\/\/semmelweis.hu\/rektori-hivatal\/files\/2013\/12\/153_a_XI_28_SZMSZ_KariTan\u00e1cs_\u00f6sszet\u00e9tel_EKK.pdf\" target=\"_blank\" rel=\"noopener noreferrer\">153\/a\/2013.(XI.28.) sz. hat. a Semmelweis Egyetem Szervezeti \u00e9s M\u0171k\u00f6d\u00e9si Szab\u00e1lyzat\u00e1nak a Kari Tan\u00e1cs \u00f6sszet\u00e9tel\u00e9re vonatkoz\u00f3 rendelkez\u00e9sei m\u00f3dos\u00edt\u00e1s\u00e1r\u00f3l<\/a><\/li>\n<li style=\"text-align: justify\"><a href=\"https:\/\/semmelweis.hu\/rektori-hivatal\/files\/2013\/12\/153_b_XI_28_SZMSZ_KariTan\u00e1cs_\u00f6sszet\u00e9tel_EKK.pdf\" target=\"_blank\" rel=\"noopener noreferrer\">153\/b\/2013.(XI.28.) sz. hat. a Semmelweis Egyetem Szervezeti \u00e9s M\u0171k\u00f6d\u00e9si Szab\u00e1lyzat\u00e1nak a Kari Tan\u00e1cs \u00f6sszet\u00e9tel\u00e9re vonatkoz\u00f3 rendelkez\u00e9sei m\u00f3dos\u00edt\u00e1s\u00e1r\u00f3l<\/a><\/li>\n<li style=\"text-align: justify\"><a href=\"https:\/\/semmelweis.hu\/rektori-hivatal\/files\/2013\/12\/154_a_XI_28_SZMSZ_SZMR.pdf\" target=\"_blank\" rel=\"noopener noreferrer\">154\/a\/2013.(XI.28.) sz. hat. a Semmelweis Egyetem Szervezeti \u00e9s M\u0171k\u00f6d\u00e9si Szab\u00e1lyzat\u00e1nak a Szervezeti \u00e9s m\u0171k\u00f6d\u00e9si rendre vonatkoz\u00f3 egyes rendelkez\u00e9sei m\u00f3dos\u00edt\u00e1s\u00e1r\u00f3l <\/a><\/li>\n<li style=\"text-align: justify\"><a href=\"https:\/\/semmelweis.hu\/rektori-hivatal\/files\/2013\/12\/154_b_XI_28_SZMSZ_SZMR.pdf\" target=\"_blank\" rel=\"noopener noreferrer\">154\/b\/2013.(XI.28.) sz. hat. a Semmelweis Egyetem Szervezeti \u00e9s M\u0171k\u00f6d\u00e9si Szab\u00e1lyzat\u00e1nak a Szervezeti \u00e9s m\u0171k\u00f6d\u00e9si rendre vonatkoz\u00f3 egyes rendelkez\u00e9sei m\u00f3dos\u00edt\u00e1s\u00e1r\u00f3l<\/a><\/li>\n<li style=\"text-align: justify\"><a href=\"https:\/\/semmelweis.hu\/rektori-hivatal\/files\/2013\/12\/155_XI_28_2013_\u00e9vik\u00f6lts\u00e9gv_telj_likvid.pdf\" target=\"_blank\" rel=\"noopener noreferrer\">155\/2013.(XI.28.) sz. hat. a 2013. \u00e9vi k\u00f6lts\u00e9gvet\u00e9s teljes\u00edt\u00e9s\u00e9r\u0151l \u00e9s az aktu\u00e1lis, illetve az \u00e9v v\u00e9g\u00e9re v\u00e1rhat\u00f3 likvidit\u00e1si helyzetr\u0151l <\/a><\/li>\n<\/ul>\n","protected":false},"excerpt":{"rendered":"<p>\u00a0<a href=\"https:\/\/semmelweis.hu\/rektori-hivatal\/files\/2013\/12\/N-XI_28_napirend_elfog.pdf\" target=\"_blank\" rel=\"noopener noreferrer\">N-XI.28.\/2013. sz. hat. a szen\u00e1tusi \u00fcl\u00e9s napirendi pontjainak elfogad\u00e1s\u00e1r\u00f3l <\/a><br \/>\n<a href=\"https:\/\/semmelweis.hu\/rektori-hivatal\/files\/2013\/12\/145_XI_28_gazd_f\u0151ig_p\u00e1ly\u00e1zat.pdf\" target=\"_blank\" rel=\"noopener noreferrer\">145\/2013.(XI.28.) sz. hat. a gazdas\u00e1gi f\u0151igazgat\u00f3i megb\u00edz\u00e1sra be\u00e9rkezett p\u00e1ly\u00e1zatkor\u00f3l <\/a><br \/>\n<a href=\"https:\/\/semmelweis.hu\/rektori-hivatal\/files\/2013\/12\/146_a_XI_28_z\u00e1r\u00f3vizsga_nyelvvizsga.pdf\" target=\"_blank\" rel=\"noopener noreferrer\">146\/a\/2013.(XI.28.) sz. hat. a z\u00e1r\u00f3vizsg\u00e1t tett, de nyelvvizsg\u00e1t nem szerzett hallgat\u00f3k oklevel\u00e9nek k\u00e9rd\u00e9s\u00e9r\u0151l <\/a><br \/>\n<a href=\"https:\/\/semmelweis.hu\/rektori-hivatal\/files\/2013\/12\/146_b_XI_28_z\u00e1r\u00f3vizsga_nyelvvizsga.pdf\" target=\"_blank\" rel=\"noopener noreferrer\">146\/b\/2013.(XI.28.) sz. hat. a z\u00e1r\u00f3vizsg\u00e1t tett, de nyelvvizsg\u00e1t nem szerzett hallgat\u00f3k oklevel\u00e9nek k\u00e9rd\u00e9s\u00e9r\u0151l<\/a><br \/>\n<a href=\"https:\/\/semmelweis.hu\/rektori-hivatal\/files\/2013\/12\/147_XI_28_ETK_egy\u00fcttm\u0171k_meg\u00e1llap.pdf\" target=\"_blank\" rel=\"noopener noreferrer\">147\/2013.(XI.28.) sz. hat. az Eg\u00e9szs\u00e9gtudom\u00e1nyi Karon megk\u00f6tend\u0151 egy\u00fcttm\u0171k\u00f6d\u00e9si meg\u00e1llapod\u00e1sok j\u00f3v\u00e1hagy\u00e1s\u00e1r\u00f3l <\/a><br \/>\n<a href=\"https:\/\/semmelweis.hu\/rektori-hivatal\/files\/2013\/12\/148_XI_28_ETK_BK\u00dcF_meg\u00e1llap.pdf\" target=\"_blank\" rel=\"noopener noreferrer\">148\/2013.(XI.28.) sz. hat. az Eg\u00e9szs\u00e9gtudom\u00e1nyi Kar egy\u00fcttm\u0171k\u00f6d\u00e9si meg\u00e1llapod\u00e1s\u00e1nak j\u00f3v\u00e1hagy\u00e1s\u00e1r\u00f3l <\/a><br \/>\n<a href=\"https:\/\/semmelweis.hu\/rektori-hivatal\/files\/2013\/12\/149_XI_28_ETK_BSc_tantervek.pdf\" target=\"_blank\" rel=\"noopener noreferrer\">149\/2013.(XI.28.) sz. hat. az Eg\u00e9szs\u00e9gtudom\u00e1nyi Kar BSc k\u00e9pz\u00e9seihez tartoz\u00f3 tantervek m\u00f3dos\u00edt\u00e1s\u00e1r\u00f3l <\/a><br \/>\n<a href=\"https:\/\/semmelweis.hu\/rektori-hivatal\/files\/2013\/12\/150_XI_28_egyet_bizotts_besz\u00e1mol\u00f3.pdf\" target=\"_blank\" rel=\"noopener noreferrer\">150\/2013.(XI.28.) sz. hat. a Szen\u00e1tus \u00e1ltal l\u00e9trehozott Bizotts\u00e1gok munk\u00e1j\u00e1r\u00f3l sz\u00f3l\u00f3 besz\u00e1mol\u00f3 elfogad\u00e1s\u00e1r\u00f3l <\/a><br \/>\n<a href=\"https:\/\/semmelweis.hu\/rektori-hivatal\/files\/2013\/12\/151_a_XI_28_Rektori_P\u00e1lyamunka_szab.pdf\" target=\"_blank\" rel=\"noopener noreferrer\">151\/a\/2013.(XI.28.) sz. hat. a Semmelweis Egyetem hallgat\u00f3i sz\u00e1m\u00e1ra ki\u00edrt rektori p\u00e1lyamunk\u00e1k \u00e9s k\u00fclf\u00f6ldi tudom\u00e1nyos \u00f6szt\u00f6nd\u00edjak szab\u00e1lyzata m\u00f3dos\u00edt\u00e1s\u00e1r\u00f3l <\/a><br \/>\n<a href=\"https:\/\/semmelweis.hu\/rektori-hivatal\/files\/2013\/12\/151_b_XI_28_Rektori_P\u00e1lyamunka_szab.pdf\" target=\"_blank\" rel=\"noopener noreferrer\">151\/b\/2013.(XI.28.) sz. hat. a Semmelweis Egyetem hallgat\u00f3i sz\u00e1m\u00e1ra ki\u00edrt rektori p\u00e1lyamunk\u00e1k \u00e9s k\u00fclf\u00f6ldi tudom\u00e1nyos \u00f6szt\u00f6nd\u00edjak szab\u00e1lyzata m\u00f3dos\u00edt\u00e1s\u00e1r\u00f3l<\/a><br \/>\n<a href=\"https:\/\/semmelweis.hu\/rektori-hivatal\/files\/2013\/12\/152_a_XI_28_SZMSZ_KariTan\u00e1cs_\u00f6sszet\u00e9tel_FOK_GYTK.pdf\" target=\"_blank\" rel=\"noopener noreferrer\">152\/a\/2013.(XI.28.) sz. hat. a Semmelweis Egyetem Szervezeti \u00e9s M\u0171k\u00f6d\u00e9si Szab\u00e1lyzat\u00e1nak a Kari Tan\u00e1cs \u00f6sszet\u00e9tel\u00e9re vonatkoz\u00f3 rendelkez\u00e9sei m\u00f3dos\u00edt\u00e1s\u00e1r\u00f3l <\/a><br \/>\n<a href=\"https:\/\/semmelweis.hu\/rektori-hivatal\/files\/2013\/12\/152_b_XI_28_SZMSZ_KariTan\u00e1cs_\u00f6sszet\u00e9tel_FOK_GYTK.pdf\" target=\"_blank\" rel=\"noopener noreferrer\">152\/b\/2013.(XI.28.) sz. hat. a Semmelweis Egyetem Szervezeti \u00e9s M\u0171k\u00f6d\u00e9si Szab\u00e1lyzat\u00e1nak a Kari Tan\u00e1cs \u00f6sszet\u00e9tel\u00e9re vonatkoz\u00f3 rendelkez\u00e9sei m\u00f3dos\u00edt\u00e1s\u00e1r\u00f3l<\/a><br \/>\n<a href=\"https:\/\/semmelweis.hu\/rektori-hivatal\/files\/2013\/12\/153_a_XI_28_SZMSZ_KariTan\u00e1cs_\u00f6sszet\u00e9tel_EKK.pdf\" target=\"_blank\" rel=\"noopener noreferrer\">153\/a\/2013.(XI.28.) sz. hat. a Semmelweis Egyetem Szervezeti \u00e9s M\u0171k\u00f6d\u00e9si Szab\u00e1lyzat\u00e1nak a Kari Tan\u00e1cs \u00f6sszet\u00e9tel\u00e9re vonatkoz\u00f3 rendelkez\u00e9sei m\u00f3dos\u00edt\u00e1s\u00e1r\u00f3l<\/a><br \/>\n<a href=\"https:\/\/semmelweis.hu\/rektori-hivatal\/files\/2013\/12\/153_b_XI_28_SZMSZ_KariTan\u00e1cs_\u00f6sszet\u00e9tel_EKK.pdf\" target=\"_blank\" rel=\"noopener noreferrer\">153\/b\/2013.(XI.28.) sz. hat. a Semmelweis Egyetem Szervezeti \u00e9s M\u0171k\u00f6d\u00e9si Szab\u00e1lyzat\u00e1nak a Kari Tan\u00e1cs \u00f6sszet\u00e9tel\u00e9re vonatkoz\u00f3 rendelkez\u00e9sei m\u00f3dos\u00edt\u00e1s\u00e1r\u00f3l<\/a><br \/>\n<a href=\"https:\/\/semmelweis.hu\/rektori-hivatal\/files\/2013\/12\/154_a_XI_28_SZMSZ_SZMR.pdf\" target=\"_blank\" rel=\"noopener noreferrer\">154\/a\/2013.(XI.28.) sz. hat. a Semmelweis Egyetem Szervezeti \u00e9s M\u0171k\u00f6d\u00e9si Szab\u00e1lyzat\u00e1nak a Szervezeti \u00e9s m\u0171k\u00f6d\u00e9si rendre vonatkoz\u00f3 egyes rendelkez\u00e9sei m\u00f3dos\u00edt\u00e1s\u00e1r\u00f3l <\/a><br \/>\n<a href=\"https:\/\/semmelweis.hu\/rektori-hivatal\/files\/2013\/12\/154_b_XI_28_SZMSZ_SZMR.pdf\" target=\"_blank\" rel=\"noopener noreferrer\">154\/b\/2013.(XI.28.) sz. hat. a Semmelweis Egyetem Szervezeti \u00e9s M\u0171k\u00f6d\u00e9si Szab\u00e1lyzat\u00e1nak a Szervezeti \u00e9s m\u0171k\u00f6d\u00e9si rendre vonatkoz\u00f3 egyes rendelkez\u00e9sei m\u00f3dos\u00edt\u00e1s\u00e1r\u00f3l<\/a><br \/>\n<a href=\"https:\/\/semmelweis.hu\/rektori-hivatal\/files\/2013\/12\/155_XI_28_2013_\u00e9vik\u00f6lts\u00e9gv_telj_likvid.pdf\" target=\"_blank\" rel=\"noopener noreferrer\">155\/2013.(XI.28.) sz. hat. a 2013. \u00e9vi k\u00f6lts\u00e9gvet\u00e9s teljes\u00edt\u00e9s\u00e9r\u0151l \u00e9s az aktu\u00e1lis, illetve az \u00e9v v\u00e9g\u00e9re v\u00e1rhat\u00f3 likvidit\u00e1si helyzetr\u0151l <\/a><\/p>\n","protected":false},"author":12,"featured_media":0,"parent":7841,"menu_order":15,"comment_status":"open","ping_status":"open","template":"","meta":{"_acf_changed":false,"footnotes":""},"categories":[1],"tags":[],"class_list":["post-2120","page","type-page","status-publish","hentry","category-egyeb"],"acf":[],"_links":{"self":[{"href":"https:\/\/semmelweis.hu\/jogigfoig\/wp-json\/wp\/v2\/pages\/2120","targetHints":{"allow":["GET"]}}],"collection":[{"href":"https:\/\/semmelweis.hu\/jogigfoig\/wp-json\/wp\/v2\/pages"}],"about":[{"href":"https:\/\/semmelweis.hu\/jogigfoig\/wp-json\/wp\/v2\/types\/page"}],"author":[{"embeddable":true,"href":"https:\/\/semmelweis.hu\/jogigfoig\/wp-json\/wp\/v2\/users\/12"}],"replies":[{"embeddable":true,"href":"https:\/\/semmelweis.hu\/jogigfoig\/wp-json\/wp\/v2\/comments?post=2120"}],"version-history":[{"count":6,"href":"https:\/\/semmelweis.hu\/jogigfoig\/wp-json\/wp\/v2\/pages\/2120\/revisions"}],"predecessor-version":[{"id":7904,"href":"https:\/\/semmelweis.hu\/jogigfoig\/wp-json\/wp\/v2\/pages\/2120\/revisions\/7904"}],"up":[{"embeddable":true,"href":"https:\/\/semmelweis.hu\/jogigfoig\/wp-json\/wp\/v2\/pages\/7841"}],"wp:attachment":[{"href":"https:\/\/semmelweis.hu\/jogigfoig\/wp-json\/wp\/v2\/media?parent=2120"}],"wp:term":[{"taxonomy":"category","embeddable":true,"href":"https:\/\/semmelweis.hu\/jogigfoig\/wp-json\/wp\/v2\/categories?post=2120"},{"taxonomy":"post_tag","embeddable":true,"href":"https:\/\/semmelweis.hu\/jogigfoig\/wp-json\/wp\/v2\/tags?post=2120"}],"curies":[{"name":"wp","href":"https:\/\/api.w.org\/{rel}","templated":true}]}}