{"id":2072,"date":"2013-11-27T15:35:25","date_gmt":"2013-11-27T15:35:25","guid":{"rendered":"http:\/\/semmelweis.hu\/rektori-hivatal\/?page_id=2072"},"modified":"2020-02-13T09:42:07","modified_gmt":"2020-02-13T08:42:07","slug":"2013-oktober-31","status":"publish","type":"page","link":"https:\/\/semmelweis.hu\/jogigfoig\/testuletek\/szenatus\/2013-evi-szenatusi-hatarozatok\/2013-oktober-31\/","title":{"rendered":"2013. okt\u00f3ber 31."},"content":{"rendered":"<ul>\n<li style=\"text-align: justify\"><a href=\"https:\/\/semmelweis.hu\/rektori-hivatal\/files\/2013\/11\/N_10_31_2013_Napirend-elfogad\u00e1s\u00e1r\u00f3l.pdf\" target=\"_blank\" rel=\"noopener noreferrer\">N-X.31\/2013. \u00a0sz. hat. a szen\u00e1tusi \u00fcl\u00e9s napirendi pontjainak elfogad\u00e1s\u00e1r\u00f3l<\/a><\/li>\n<li style=\"text-align: justify\"><a href=\"https:\/\/semmelweis.hu\/jogigfoig\/files\/2013\/11\/123_sz_X_31_2013_evi_koltsegvetes_telj_likvid.pdf\" target=\"_blank\" rel=\"noopener noreferrer\">123\/2013. (X.31.) sz\u00e1m\u00fa hat\u00e1rozat A 2013. \u00e9vi k\u00f6lts\u00e9gvet\u00e9s teljes\u00edt\u00e9s\u00e9r\u0151l \u00e9s az aktu\u00e1lis, illetve az \u00e9v v\u00e9g\u00e9re v\u00e1rhat\u00f3 likvidit\u00e1si helyzetr\u0151l<\/a><\/li>\n<li style=\"text-align: justify\"><a href=\"https:\/\/semmelweis.hu\/jogigfoig\/files\/2013\/11\/124_sz_X_31_fotitkar.pdf\">124\/2013. (X.31.) sz\u00e1m\u00fa hat\u00e1rozata a f\u0151titk\u00e1ri megb\u00edz\u00e1sra be\u00e9rkezett p\u00e1ly\u00e1zatok v\u00e9lem\u00e9nyez\u00e9s\u00e9r\u0151l<\/a><\/li>\n<li style=\"text-align: justify\"><a href=\"https:\/\/semmelweis.hu\/jogigfoig\/files\/2013\/11\/125_sz_X_31_FOK_dekanhelyettes.pdf\">125\/2013. (X.31.) sz\u00e1m\u00fa hat\u00e1rozata a Fogorvostudom\u00e1nyi Karon d\u00e9k\u00e1nhelyettesi megb\u00edz\u00e1sra be\u00e9rkezett p\u00e1ly\u00e1zatok v\u00e9lem\u00e9nyez\u00e9s\u00e9r\u0151l<\/a><\/li>\n<li style=\"text-align: justify\"><a href=\"https:\/\/semmelweis.hu\/jogigfoig\/files\/2013\/11\/126_sz_X_31_ProUniv.pdf\">126\/2013. (X.31.) sz\u00e1m\u00fa hat\u00e1rozata Pro Universitate d\u00edj adom\u00e1nyoz\u00e1s\u00e1r\u00f3l<\/a><\/li>\n<li style=\"text-align: justify\"><a href=\"https:\/\/semmelweis.hu\/jogigfoig\/files\/2013\/11\/127_sz_X_31_TSK_konyvtarigazg.pdf\">127\/2013. (X.31.) sz\u00e1m\u00fa hat\u00e1rozata a Testnevel\u00e9si \u00e9s Sporttudom\u00e1nyi Karon meghirdetett k\u00f6nyvt\u00e1r igazgat\u00f3i p\u00e1ly\u00e1zat v\u00e9lem\u00e9nyez\u00e9s\u00e9r\u0151l<\/a><\/li>\n<li style=\"text-align: justify\"><a href=\"https:\/\/semmelweis.hu\/jogigfoig\/files\/2013\/11\/128_sz_X_31_ETK_foisk_docens.pdf\">128\/2013. (X.31.) sz\u00e1m\u00fa hat\u00e1rozata az Eg\u00e9szs\u00e9gtudom\u00e1nyi Karon meghirdetett f\u0151iskolai docensi \u00e1ll\u00e1shelyre be\u00e9rkezett p\u00e1ly\u00e1zat v\u00e9lem\u00e9nyez\u00e9s\u00e9r\u0151l<\/a><\/li>\n<li style=\"text-align: justify\"><a href=\"https:\/\/semmelweis.hu\/jogigfoig\/files\/2013\/11\/129_sz_X_31_DI_ujtorzstag.pdf\">129\/2013. (X.31.) sz\u00e1m\u00fa hat\u00e1rozata a Doktori Iskola \u00faj t\u00f6rzstagjair\u00f3l<\/a><\/li>\n<li style=\"text-align: justify\"><a href=\"https:\/\/semmelweis.hu\/jogigfoig\/files\/2013\/11\/130_sz_X_31_EDT_ujtagok.pdf\">130\/2013. (X.31.) sz\u00e1m\u00fa hat\u00e1rozata az Egyetemi Doktori Tan\u00e1cs \u00faj tagjair\u00f3l<\/a><\/li>\n<li style=\"text-align: justify\"><a href=\"https:\/\/semmelweis.hu\/jogigfoig\/files\/2013\/11\/131_sz_X_31_TSK_KreditatvBizotts.pdf\">131\/2013. (X.31.) sz\u00e1m\u00fa hat\u00e1rozata a Testnevl\u00e9si \u00e9s Sporttudom\u00e1nyi Kar Szen\u00e1tus \u00e1ltal l\u00e9trehozott Kredit\u00e1tviteli Bizotts\u00e1ga tagj\u00e1nak megv\u00e1laszt\u00e1s\u00e1r\u00f3l<\/a><\/li>\n<li style=\"text-align: justify\"><a href=\"https:\/\/semmelweis.hu\/jogigfoig\/files\/2013\/11\/132_sz_X_31_FOK_alladobizotts.pdf\">132\/2013. (X.31.) sz\u00e1m\u00fa hat\u00e1rozata a Fogorvostudom\u00e1nyi Kar Szen\u00e1tus \u00e1ltal l\u00e9trehozott karon m\u0171k\u00f6d\u0151 \u00e1lland\u00f3 bizotts\u00e1gai szem\u00e9lyi \u00f6sszet\u00e9tel\u00e9nek m\u00f3dos\u00edt\u00e1s\u00e1r\u00f3l<\/a><\/li>\n<li style=\"text-align: justify\"><a href=\"https:\/\/semmelweis.hu\/rektori-hivatal\/files\/2013\/11\/133_sz_X_31_H\u00d6K_Alapszab\u00e1ly.pdf\" target=\"_blank\" rel=\"noopener noreferrer\">133\/2013. (X.31.) sz. hat. a Hallgat\u00f3i \u00d6nkorm\u00e1nyzat Alapszab\u00e1ly\u00e1nak m\u00f3dos\u00edt\u00e1s\u00e1val \u00f6sszef\u00fcgg\u00e9sben <\/a><\/li>\n<li style=\"text-align: justify\"><a href=\"https:\/\/semmelweis.hu\/rektori-hivatal\/files\/2013\/11\/134_a_sz_X_31_SZMSZ_KariTan\u00e1cs_\u00f6sszet\u00e9tel.pdf\" target=\"_blank\" rel=\"noopener noreferrer\">134\/a\/2013. (X.31.) sz. hat. a Semmelweis Egyetem Szervezeti \u00e9s M\u0171k\u00f6d\u00e9si Szab\u00e1lyzat\u00e1nak a Kari Tan\u00e1cs \u00f6sszet\u00e9tel\u00e9re vonatkoz\u00f3 rendelkez\u00e9sei m\u00f3dos\u00edt\u00e1s\u00e1r\u00f3l <\/a><\/li>\n<li style=\"text-align: justify\"><a href=\"https:\/\/semmelweis.hu\/rektori-hivatal\/files\/2013\/11\/134_b_sz_X_31_SZMSZ_KariTan\u00e1cs_\u00f6sszet\u00e9tel.pdf\" target=\"_blank\" rel=\"noopener noreferrer\">134\/b\/2013. (X.31.) sz. hat. a Semmelweis Egyetem Szervezeti \u00e9s M\u0171k\u00f6d\u00e9si Szab\u00e1lyzat\u00e1nak a Kari Tan\u00e1cs \u00f6sszet\u00e9tel\u00e9re vonatkoz\u00f3 rendelkez\u00e9sei m\u00f3dos\u00edt\u00e1s\u00e1r\u00f3l<\/a><\/li>\n<li style=\"text-align: justify\"><a href=\"https:\/\/semmelweis.hu\/rektori-hivatal\/files\/2013\/11\/135_a_sz_X_31_SZMSZ_vezet\u0151test\u00fcleti_tags\u00e1g.pdf\" target=\"_blank\" rel=\"noopener noreferrer\">135\/a\/2013. (X.31.) sz. hat. a Szervezeti \u00e9s M\u0171k\u00f6d\u00e9si Szab\u00e1lyzatnak az egyetemi vezet\u0151 test\u00fcleti \u00e9s bizotts\u00e1gi tags\u00e1g\u00e1ra vonatkoz\u00f3 rendelkez\u00e9sei m\u00f3dos\u00edt\u00e1s\u00e1r\u00f3l <\/a><\/li>\n<li style=\"text-align: justify\"><a href=\"https:\/\/semmelweis.hu\/rektori-hivatal\/files\/2013\/11\/135_b_sz_X_31_SZMSZ_vezet\u0151tes\u00fcleti_tags\u00e1g.pdf\" target=\"_blank\" rel=\"noopener noreferrer\">135\/b\/2013. (X.31.) sz. hat. a Szervezeti \u00e9s M\u0171k\u00f6d\u00e9si Szab\u00e1lyzatnak az egyetemi vezet\u0151 test\u00fcleti \u00e9s bizotts\u00e1gi tags\u00e1g\u00e1ra vonatkoz\u00f3 rendelkez\u00e9sei m\u00f3dos\u00edt\u00e1s\u00e1r\u00f3l<\/a><\/li>\n<li style=\"text-align: justify\"><a href=\"https:\/\/semmelweis.hu\/rektori-hivatal\/files\/2013\/11\/136_a_sz_X_31_SZMSZ_m\u00f3d.pdf\" target=\"_blank\" rel=\"noopener noreferrer\">136\/a\/2013. (X.31.) sz. hat. a Semmelweis Egyetem Szervezeti \u00e9s M\u0171k\u00f6d\u00e9si Szab\u00e1lyzat\u00e1nak m\u00f3dos\u00edt\u00e1s\u00e1r\u00f3l <\/a><\/li>\n<li style=\"text-align: justify\"><a href=\"https:\/\/semmelweis.hu\/rektori-hivatal\/files\/2013\/11\/136_b_sz_X_31_SZMSZ_m\u00f3d.pdf\" target=\"_blank\" rel=\"noopener noreferrer\">136\/b\/2013. (X.31.) sz. hat. a Semmelweis Egyetem Szervezeti \u00e9s M\u0171k\u00f6d\u00e9si Szab\u00e1lyzat\u00e1nak m\u00f3dos\u00edt\u00e1s\u00e1r\u00f3l<\/a><\/li>\n<li style=\"text-align: justify\"><a href=\"https:\/\/semmelweis.hu\/rektori-hivatal\/files\/2013\/11\/137_a_sz_X_31_vagyonnyilatk_t\u00e9tel_szab\u00e1lyzat.pdf\" target=\"_blank\" rel=\"noopener noreferrer\">137\/a\/2013. (X.31.) sz. hat. a Semmelweis Egyetem vagyonnyilatkozat-t\u00e9teli \u00a0k\u00f6telezetts\u00e9g teljes\u00edt\u00e9s\u00e9re vonatkoz\u00f3 szab\u00e1lyoz\u00e1s\u00e1r\u00f3l <\/a><\/li>\n<li style=\"text-align: justify\"><a href=\"https:\/\/semmelweis.hu\/rektori-hivatal\/files\/2013\/11\/137_b_X_31_Vagyonnyilatkozat_t\u00e9tel-rendje.pdf\" target=\"_blank\" rel=\"noopener noreferrer\">137\/b\/2013. (X.31.) sz. hat. a Semmelweis Egyetem vagyonnyilatkozat-t\u00e9teli k\u00f6telezetts\u00e9g teljes\u00edt\u00e9s\u00e9re vonatkoz\u00f3 szab\u00e1lyoz\u00e1s\u00e1r\u00f3l<\/a><\/li>\n<li style=\"text-align: justify\"><a href=\"https:\/\/semmelweis.hu\/rektori-hivatal\/files\/2013\/11\/138_X_31_lak\u00e1sc\u00e9l\u00fa_munk\u00e1ltat\u00f3ik\u00f6lcs\u00f6n.pdf\" target=\"_blank\" rel=\"noopener noreferrer\">138\/2013. (X.31.) sz. hat. lak\u00e1sc\u00e9l\u00fa munk\u00e1ltat\u00f3i k\u00f6lcs\u00f6n foly\u00f3s\u00edt\u00e1s\u00e1r\u00f3l<\/a><\/li>\n<li style=\"text-align: justify\"><a href=\"https:\/\/semmelweis.hu\/rektori-hivatal\/files\/2013\/11\/139_X_31_BionikaiKft_t\u00f6rzst\u0151keemel.pdf\" target=\"_blank\" rel=\"noopener noreferrer\">139\/2013. (X.31.) sz. hat. a Bionikai Innov\u00e1ci\u00f3s K\u00f6zpont Nonprofit Kft. t\u00f6rzst\u0151ke emel\u00e9s\u00e9r\u0151l <\/a><\/li>\n<li style=\"text-align: justify\"><a href=\"https:\/\/semmelweis.hu\/rektori-hivatal\/files\/2013\/11\/140_X_31_ETK_egy\u00fcttmmeg\u00e1llap.pdf\" target=\"_blank\" rel=\"noopener noreferrer\">140\/2013. (X.31.) sz. hat. az Eg\u00e9szs\u00e9gtudom\u00e1nyi Karon megk\u00f6tend\u0151 egy\u00fcttm\u0171k\u00f6d\u00e9si meg\u00e1llapod\u00e1sok j\u00f3v\u00e1hagy\u00e1s\u00e1r\u00f3l <\/a><\/li>\n<li style=\"text-align: justify\"><a href=\"https:\/\/semmelweis.hu\/rektori-hivatal\/files\/2013\/11\/141_X_31-_Tsukuba-Egyetem-egy\u00fcttm\u0171k\u00f6d\u00e9s.pdf\" target=\"_blank\" rel=\"noopener noreferrer\">141\/2013. (X.31.) sz. hat. a Semmelweis Egyetem (Magyarorsz\u00e1g) \u00e9s a Tsukuba Egyetem (Jap\u00e1n)\u00a0 k\u00f6z\u00f6tt egy\u00fcttm\u0171k\u00f6d\u00e9si meg\u00e1llapod\u00e1s j\u00f3v\u00e1hagy\u00e1s\u00e1r\u00f3l <\/a><\/li>\n<li style=\"text-align: justify\"><a href=\"https:\/\/semmelweis.hu\/rektori-hivatal\/files\/2013\/11\/142_a_X_31_Szervezeti-\u00e9s-M\u0171k\u00f6d\u00e9si-Szab\u00e1lyzat-m\u00f3dos\u00edt\u00e1s\u00e1r\u00f3l.pdf\" target=\"_blank\" rel=\"noopener noreferrer\">142\/a\/2013. (X.31.) sz. hat. a Semmelweis Egyetem Szervezeti \u00e9s M\u0171k\u00f6d\u00e9si Szab\u00e1lyzat\u00e1nak m\u00f3dos\u00edt\u00e1s\u00e1r\u00f3l <\/a><\/li>\n<li style=\"text-align: justify\"><a href=\"https:\/\/semmelweis.hu\/rektori-hivatal\/files\/2013\/11\/142_b_X_31_Szervezeti-\u00e9s-M\u0171k\u00f6d\u00e9si-Szab\u00e1lyzat-m\u00f3dos\u00edt\u00e1s\u00e1r\u00f3l.pdf\" target=\"_blank\" rel=\"noopener noreferrer\">142\/b\/2013. (X.31.) sz. hat. a Semmelweis Egyetem Szervezeti \u00e9s M\u0171k\u00f6d\u00e9si Szab\u00e1lyzat\u00e1nak m\u00f3dos\u00edt\u00e1s\u00e1r\u00f3l<\/a><\/li>\n<li style=\"text-align: justify\"><a href=\"https:\/\/semmelweis.hu\/rektori-hivatal\/files\/2013\/11\/143_sz_X_31_ETK_strukt\u00fara.pdf\" target=\"_blank\" rel=\"noopener noreferrer\">143\/2013. (X.31.) sz. hat. az Eg\u00e9szs\u00e9gtudom\u00e1nyi Kar strukt\u00far\u00e1j\u00e1nak m\u00f3dos\u00edt\u00e1s\u00e1r\u00f3l <\/a><\/li>\n<li style=\"text-align: justify\"><a href=\"https:\/\/semmelweis.hu\/rektori-hivatal\/files\/2013\/11\/144_X_31_egyet_vagyonkez_ingatlanok.pdf\" target=\"_blank\" rel=\"noopener noreferrer\">144\/2013. (X.31.) sz. hat. egyetemi vagyonkezel\u00e9sbe vett ingatlanok m\u0171k\u00f6dtet\u00e9s\u00e9r\u0151l <\/a><\/li>\n<\/ul>\n","protected":false},"excerpt":{"rendered":"<p><a href=\"https:\/\/semmelweis.hu\/rektori-hivatal\/files\/2013\/11\/N_10_31_2013_Napirend-elfogad\u00e1s\u00e1r\u00f3l.pdf\" target=\"_blank\" rel=\"noopener noreferrer\">N-X.31\/2013. \u00a0sz. hat. a szen\u00e1tusi \u00fcl\u00e9s napirendi pontjainak elfogad\u00e1s\u00e1r\u00f3l<\/a><br \/>\n<a href=\"https:\/\/semmelweis.hu\/jogigfoig\/files\/2013\/11\/123_sz_X_31_2013_evi_koltsegvetes_telj_likvid.pdf\" target=\"_blank\" rel=\"noopener noreferrer\">123\/2013. (X.31.) sz\u00e1m\u00fa hat\u00e1rozat A 2013. \u00e9vi k\u00f6lts\u00e9gvet\u00e9s teljes\u00edt\u00e9s\u00e9r\u0151l \u00e9s az aktu\u00e1lis, illetve az \u00e9v v\u00e9g\u00e9re v\u00e1rhat\u00f3 likvidit\u00e1si helyzetr\u0151l<\/a><br \/>\n<a href=\"https:\/\/semmelweis.hu\/jogigfoig\/files\/2013\/11\/124_sz_X_31_fotitkar.pdf\">124\/2013. (X.31.) sz\u00e1m\u00fa hat\u00e1rozata a f\u0151titk\u00e1ri megb\u00edz\u00e1sra be\u00e9rkezett p\u00e1ly\u00e1zatok v\u00e9lem\u00e9nyez\u00e9s\u00e9r\u0151l<\/a><br \/>\n<a href=\"https:\/\/semmelweis.hu\/jogigfoig\/files\/2013\/11\/125_sz_X_31_FOK_dekanhelyettes.pdf\">125\/2013. (X.31.) sz\u00e1m\u00fa hat\u00e1rozata a Fogorvostudom\u00e1nyi Karon d\u00e9k\u00e1nhelyettesi megb\u00edz\u00e1sra be\u00e9rkezett p\u00e1ly\u00e1zatok v\u00e9lem\u00e9nyez\u00e9s\u00e9r\u0151l<\/a><br \/>\n<a href=\"https:\/\/semmelweis.hu\/jogigfoig\/files\/2013\/11\/126_sz_X_31_ProUniv.pdf\">126\/2013. (X.31.) sz\u00e1m\u00fa hat\u00e1rozata Pro Universitate d\u00edj adom\u00e1nyoz\u00e1s\u00e1r\u00f3l<\/a><br \/>\n<a href=\"https:\/\/semmelweis.hu\/jogigfoig\/files\/2013\/11\/127_sz_X_31_TSK_konyvtarigazg.pdf\">127\/2013. (X.31.) sz\u00e1m\u00fa hat\u00e1rozata a Testnevel\u00e9si \u00e9s Sporttudom\u00e1nyi Karon meghirdetett k\u00f6nyvt\u00e1r igazgat\u00f3i p\u00e1ly\u00e1zat v\u00e9lem\u00e9nyez\u00e9s\u00e9r\u0151l<\/a><br \/>\n<a href=\"https:\/\/semmelweis.hu\/jogigfoig\/files\/2013\/11\/128_sz_X_31_ETK_foisk_docens.pdf\">128\/2013. (X.31.) sz\u00e1m\u00fa hat\u00e1rozata az Eg\u00e9szs\u00e9gtudom\u00e1nyi Karon meghirdetett f\u0151iskolai docensi \u00e1ll\u00e1shelyre be\u00e9rkezett p\u00e1ly\u00e1zat v\u00e9lem\u00e9nyez\u00e9s\u00e9r\u0151l<\/a><br \/>\n<a href=\"https:\/\/semmelweis.hu\/jogigfoig\/files\/2013\/11\/129_sz_X_31_DI_ujtorzstag.pdf\">129\/2013. (X.31.) sz\u00e1m\u00fa hat\u00e1rozata a Doktori Iskola \u00faj t\u00f6rzstagjair\u00f3l<\/a><br \/>\n<a href=\"https:\/\/semmelweis.hu\/jogigfoig\/files\/2013\/11\/130_sz_X_31_EDT_ujtagok.pdf\">130\/2013. (X.31.) sz\u00e1m\u00fa hat\u00e1rozata az Egyetemi Doktori Tan\u00e1cs \u00faj tagjair\u00f3l<\/a><br \/>\n<a href=\"https:\/\/semmelweis.hu\/jogigfoig\/files\/2013\/11\/131_sz_X_31_TSK_KreditatvBizotts.pdf\">131\/2013. (X.31.) sz\u00e1m\u00fa hat\u00e1rozata a Testnevl\u00e9si \u00e9s Sporttudom\u00e1nyi Kar Szen\u00e1tus \u00e1ltal l\u00e9trehozott Kredit\u00e1tviteli Bizotts\u00e1ga tagj\u00e1nak megv\u00e1laszt\u00e1s\u00e1r\u00f3l<\/a><br \/>\n<a href=\"https:\/\/semmelweis.hu\/jogigfoig\/files\/2013\/11\/132_sz_X_31_FOK_alladobizotts.pdf\">132\/2013. (X.31.) sz\u00e1m\u00fa hat\u00e1rozata a Fogorvostudom\u00e1nyi Kar Szen\u00e1tus \u00e1ltal l\u00e9trehozott karon m\u0171k\u00f6d\u0151 \u00e1lland\u00f3 bizotts\u00e1gai szem\u00e9lyi \u00f6sszet\u00e9tel\u00e9nek m\u00f3dos\u00edt\u00e1s\u00e1r\u00f3l<\/a><br \/>\n<a href=\"https:\/\/semmelweis.hu\/rektori-hivatal\/files\/2013\/11\/133_sz_X_31_H\u00d6K_Alapszab\u00e1ly.pdf\" target=\"_blank\" rel=\"noopener noreferrer\">133\/2013. (X.31.) sz. hat. a Hallgat\u00f3i \u00d6nkorm\u00e1nyzat Alapszab\u00e1ly\u00e1nak m\u00f3dos\u00edt\u00e1s\u00e1val \u00f6sszef\u00fcgg\u00e9sben <\/a><br \/>\n<a href=\"https:\/\/semmelweis.hu\/rektori-hivatal\/files\/2013\/11\/134_a_sz_X_31_SZMSZ_KariTan\u00e1cs_\u00f6sszet\u00e9tel.pdf\" target=\"_blank\" rel=\"noopener noreferrer\">134\/a\/2013. (X.31.) sz. hat. a Semmelweis Egyetem Szervezeti \u00e9s M\u0171k\u00f6d\u00e9si Szab\u00e1lyzat\u00e1nak a Kari Tan\u00e1cs \u00f6sszet\u00e9tel\u00e9re vonatkoz\u00f3 rendelkez\u00e9sei m\u00f3dos\u00edt\u00e1s\u00e1r\u00f3l <\/a><br \/>\n<a href=\"https:\/\/semmelweis.hu\/rektori-hivatal\/files\/2013\/11\/134_b_sz_X_31_SZMSZ_KariTan\u00e1cs_\u00f6sszet\u00e9tel.pdf\" target=\"_blank\" rel=\"noopener noreferrer\">134\/b\/2013. (X.31.) sz. hat. a Semmelweis Egyetem Szervezeti \u00e9s M\u0171k\u00f6d\u00e9si Szab\u00e1lyzat\u00e1nak a Kari Tan\u00e1cs \u00f6sszet\u00e9tel\u00e9re vonatkoz\u00f3 rendelkez\u00e9sei m\u00f3dos\u00edt\u00e1s\u00e1r\u00f3l<\/a><br \/>\n<a href=\"https:\/\/semmelweis.hu\/rektori-hivatal\/files\/2013\/11\/135_a_sz_X_31_SZMSZ_vezet\u0151test\u00fcleti_tags\u00e1g.pdf\" target=\"_blank\" rel=\"noopener noreferrer\">135\/a\/2013. (X.31.) sz. hat. a Szervezeti \u00e9s M\u0171k\u00f6d\u00e9si Szab\u00e1lyzatnak az egyetemi vezet\u0151 test\u00fcleti \u00e9s bizotts\u00e1gi tags\u00e1g\u00e1ra vonatkoz\u00f3 rendelkez\u00e9sei m\u00f3dos\u00edt\u00e1s\u00e1r\u00f3l <\/a><br \/>\n<a href=\"https:\/\/semmelweis.hu\/rektori-hivatal\/files\/2013\/11\/135_b_sz_X_31_SZMSZ_vezet\u0151tes\u00fcleti_tags\u00e1g.pdf\" target=\"_blank\" rel=\"noopener noreferrer\">135\/b\/2013. (X.31.) sz. hat. a Szervezeti \u00e9s M\u0171k\u00f6d\u00e9si Szab\u00e1lyzatnak az egyetemi vezet\u0151 test\u00fcleti \u00e9s bizotts\u00e1gi tags\u00e1g\u00e1ra vonatkoz\u00f3 rendelkez\u00e9sei m\u00f3dos\u00edt\u00e1s\u00e1r\u00f3l<\/a><br \/>\n<a href=\"https:\/\/semmelweis.hu\/rektori-hivatal\/files\/2013\/11\/136_a_sz_X_31_SZMSZ_m\u00f3d.pdf\" target=\"_blank\" rel=\"noopener noreferrer\">136\/a\/2013. (X.31.) sz. hat. a Semmelweis Egyetem Szervezeti \u00e9s M\u0171k\u00f6d\u00e9si Szab\u00e1lyzat\u00e1nak m\u00f3dos\u00edt\u00e1s\u00e1r\u00f3l <\/a><br \/>\n<a href=\"https:\/\/semmelweis.hu\/rektori-hivatal\/files\/2013\/11\/136_b_sz_X_31_SZMSZ_m\u00f3d.pdf\" target=\"_blank\" rel=\"noopener noreferrer\">136\/b\/2013. (X.31.) sz. hat. a Semmelweis Egyetem Szervezeti \u00e9s M\u0171k\u00f6d\u00e9si Szab\u00e1lyzat\u00e1nak m\u00f3dos\u00edt\u00e1s\u00e1r\u00f3l<\/a><br \/>\n<a href=\"https:\/\/semmelweis.hu\/rektori-hivatal\/files\/2013\/11\/137_a_sz_X_31_vagyonnyilatk_t\u00e9tel_szab\u00e1lyzat.pdf\" target=\"_blank\" rel=\"noopener noreferrer\">137\/a\/2013. (X.31.) sz. hat. a Semmelweis Egyetem vagyonnyilatkozat-t\u00e9teli \u00a0k\u00f6telezetts\u00e9g teljes\u00edt\u00e9s\u00e9re vonatkoz\u00f3 szab\u00e1lyoz\u00e1s\u00e1r\u00f3l <\/a><br \/>\n<a href=\"https:\/\/semmelweis.hu\/rektori-hivatal\/files\/2013\/11\/137_b_X_31_Vagyonnyilatkozat_t\u00e9tel-rendje.pdf\" target=\"_blank\" rel=\"noopener noreferrer\">137\/b\/2013. (X.31.) sz. hat. a Semmelweis Egyetem vagyonnyilatkozat-t\u00e9teli k\u00f6telezetts\u00e9g teljes\u00edt\u00e9s\u00e9re vonatkoz\u00f3 szab\u00e1lyoz\u00e1s\u00e1r\u00f3l<\/a><br \/>\n<a href=\"https:\/\/semmelweis.hu\/rektori-hivatal\/files\/2013\/11\/138_X_31_lak\u00e1sc\u00e9l\u00fa_munk\u00e1ltat\u00f3ik\u00f6lcs\u00f6n.pdf\" target=\"_blank\" rel=\"noopener noreferrer\">138\/2013. (X.31.) sz. hat. lak\u00e1sc\u00e9l\u00fa munk\u00e1ltat\u00f3i k\u00f6lcs\u00f6n foly\u00f3s\u00edt\u00e1s\u00e1r\u00f3l<\/a><br \/>\n<a href=\"https:\/\/semmelweis.hu\/rektori-hivatal\/files\/2013\/11\/139_X_31_BionikaiKft_t\u00f6rzst\u0151keemel.pdf\" target=\"_blank\" rel=\"noopener noreferrer\">139\/2013. (X.31.) sz. hat. a Bionikai Innov\u00e1ci\u00f3s K\u00f6zpont Nonprofit Kft. t\u00f6rzst\u0151ke emel\u00e9s\u00e9r\u0151l <\/a><br \/>\n<a href=\"https:\/\/semmelweis.hu\/rektori-hivatal\/files\/2013\/11\/140_X_31_ETK_egy\u00fcttmmeg\u00e1llap.pdf\" target=\"_blank\" rel=\"noopener noreferrer\">140\/2013. (X.31.) sz. hat. az Eg\u00e9szs\u00e9gtudom\u00e1nyi Karon megk\u00f6tend\u0151 egy\u00fcttm\u0171k\u00f6d\u00e9si meg\u00e1llapod\u00e1sok j\u00f3v\u00e1hagy\u00e1s\u00e1r\u00f3l <\/a><br \/>\n<a href=\"https:\/\/semmelweis.hu\/rektori-hivatal\/files\/2013\/11\/141_X_31-_Tsukuba-Egyetem-egy\u00fcttm\u0171k\u00f6d\u00e9s.pdf\" target=\"_blank\" rel=\"noopener noreferrer\">141\/2013. (X.31.) sz. hat. a Semmelweis Egyetem (Magyarorsz\u00e1g) \u00e9s a Tsukuba Egyetem (Jap\u00e1n)\u00a0 k\u00f6z\u00f6tt egy\u00fcttm\u0171k\u00f6d\u00e9si meg\u00e1llapod\u00e1s j\u00f3v\u00e1hagy\u00e1s\u00e1r\u00f3l <\/a><br \/>\n<a href=\"https:\/\/semmelweis.hu\/rektori-hivatal\/files\/2013\/11\/142_a_X_31_Szervezeti-\u00e9s-M\u0171k\u00f6d\u00e9si-Szab\u00e1lyzat-m\u00f3dos\u00edt\u00e1s\u00e1r\u00f3l.pdf\" target=\"_blank\" rel=\"noopener noreferrer\">142\/a\/2013. (X.31.) sz. hat. a Semmelweis Egyetem Szervezeti \u00e9s M\u0171k\u00f6d\u00e9si Szab\u00e1lyzat\u00e1nak m\u00f3dos\u00edt\u00e1s\u00e1r\u00f3l <\/a><br \/>\n<a href=\"https:\/\/semmelweis.hu\/rektori-hivatal\/files\/2013\/11\/142_b_X_31_Szervezeti-\u00e9s-M\u0171k\u00f6d\u00e9si-Szab\u00e1lyzat-m\u00f3dos\u00edt\u00e1s\u00e1r\u00f3l.pdf\" target=\"_blank\" rel=\"noopener noreferrer\">142\/b\/2013. (X.31.) sz. hat. a Semmelweis Egyetem Szervezeti \u00e9s M\u0171k\u00f6d\u00e9si Szab\u00e1lyzat\u00e1nak m\u00f3dos\u00edt\u00e1s\u00e1r\u00f3l<\/a><br \/>\n<a href=\"https:\/\/semmelweis.hu\/rektori-hivatal\/files\/2013\/11\/143_sz_X_31_ETK_strukt\u00fara.pdf\" target=\"_blank\" rel=\"noopener noreferrer\">143\/2013. (X.31.) sz. hat. az Eg\u00e9szs\u00e9gtudom\u00e1nyi Kar strukt\u00far\u00e1j\u00e1nak m\u00f3dos\u00edt\u00e1s\u00e1r\u00f3l <\/a><br \/>\n<a href=\"https:\/\/semmelweis.hu\/rektori-hivatal\/files\/2013\/11\/144_X_31_egyet_vagyonkez_ingatlanok.pdf\" target=\"_blank\" rel=\"noopener noreferrer\">144\/2013. (X.31.) sz. hat. egyetemi vagyonkezel\u00e9sbe vett ingatlanok m\u0171k\u00f6dtet\u00e9s\u00e9r\u0151l <\/a><\/p>\n","protected":false},"author":12,"featured_media":0,"parent":7841,"menu_order":14,"comment_status":"open","ping_status":"open","template":"","meta":{"_acf_changed":false,"footnotes":""},"categories":[1],"tags":[],"class_list":["post-2072","page","type-page","status-publish","hentry","category-egyeb"],"acf":[],"_links":{"self":[{"href":"https:\/\/semmelweis.hu\/jogigfoig\/wp-json\/wp\/v2\/pages\/2072","targetHints":{"allow":["GET"]}}],"collection":[{"href":"https:\/\/semmelweis.hu\/jogigfoig\/wp-json\/wp\/v2\/pages"}],"about":[{"href":"https:\/\/semmelweis.hu\/jogigfoig\/wp-json\/wp\/v2\/types\/page"}],"author":[{"embeddable":true,"href":"https:\/\/semmelweis.hu\/jogigfoig\/wp-json\/wp\/v2\/users\/12"}],"replies":[{"embeddable":true,"href":"https:\/\/semmelweis.hu\/jogigfoig\/wp-json\/wp\/v2\/comments?post=2072"}],"version-history":[{"count":11,"href":"https:\/\/semmelweis.hu\/jogigfoig\/wp-json\/wp\/v2\/pages\/2072\/revisions"}],"predecessor-version":[{"id":7905,"href":"https:\/\/semmelweis.hu\/jogigfoig\/wp-json\/wp\/v2\/pages\/2072\/revisions\/7905"}],"up":[{"embeddable":true,"href":"https:\/\/semmelweis.hu\/jogigfoig\/wp-json\/wp\/v2\/pages\/7841"}],"wp:attachment":[{"href":"https:\/\/semmelweis.hu\/jogigfoig\/wp-json\/wp\/v2\/media?parent=2072"}],"wp:term":[{"taxonomy":"category","embeddable":true,"href":"https:\/\/semmelweis.hu\/jogigfoig\/wp-json\/wp\/v2\/categories?post=2072"},{"taxonomy":"post_tag","embeddable":true,"href":"https:\/\/semmelweis.hu\/jogigfoig\/wp-json\/wp\/v2\/tags?post=2072"}],"curies":[{"name":"wp","href":"https:\/\/api.w.org\/{rel}","templated":true}]}}