{"id":1952,"date":"2013-10-11T07:59:03","date_gmt":"2013-10-11T07:59:03","guid":{"rendered":"http:\/\/semmelweis-egyetem.hu\/rektori-hivatal\/?page_id=1952"},"modified":"2020-02-13T09:41:59","modified_gmt":"2020-02-13T08:41:59","slug":"2013-szeptember-26","status":"publish","type":"page","link":"https:\/\/semmelweis.hu\/jogigfoig\/testuletek\/szenatus\/2013-evi-szenatusi-hatarozatok\/2013-szeptember-26\/","title":{"rendered":"2013. szeptember 26."},"content":{"rendered":"<ul>\n<li style=\"text-align: justify\">\u00a0<a href=\"https:\/\/semmelweis.hu\/rektori-hivatal\/files\/2013\/10\/N-IX_26_napirendelf.pdf\" target=\"_blank\" rel=\"noopener noreferrer\">N-IX.26\/2013. sz. hat. a szen\u00e1tusi \u00fcl\u00e9s napirendi pontjainak elfogad\u00e1s\u00e1r\u00f3l <\/a><\/li>\n<li style=\"text-align: justify\"><a href=\"https:\/\/semmelweis.hu\/rektori-hivatal\/files\/2013\/10\/104_sz_IX_26_2013_besz\u00e1m_2013_I_f\u00e9l\u00e9v_hat\u00e1roz.pdf\" target=\"_blank\" rel=\"noopener noreferrer\">104\/2013.(IX.26.) sz. hat. a Szen\u00e1tus 2013. \u00e9vi I. f\u00e9l\u00e9v\u00e9ben (tavaszi szemeszter) hozott hat\u00e1rozatainak v\u00e9grehajt\u00e1s\u00e1r\u00f3l el\u0151terjesztett besz\u00e1mol\u00f3 elfogad\u00e1s\u00e1r\u00f3l <\/a><\/li>\n<li style=\"text-align: justify\"><a href=\"https:\/\/semmelweis.hu\/rektori-hivatal\/files\/2013\/10\/105_sz_IX_26_2013_II_f\u00e9l\u00e9v_munkaterv.pdf\" target=\"_blank\" rel=\"noopener noreferrer\">105\/2013.(IX.26.) sz. hat. a Szen\u00e1tus 2013. \u00e9v II. f\u00e9l\u00e9vi (\u0151szi szemeszter) \u00fcl\u00e9s- \u00e9s munkaterv\u00e9nek elfogad\u00e1s\u00e1r\u00f3l <\/a><\/li>\n<li style=\"text-align: justify\"><a href=\"https:\/\/semmelweis.hu\/rektori-hivatal\/files\/2013\/10\/106_a_sz_IX_26_2013_\u00c1llatv\u00e9dSzab.pdf\" target=\"_blank\" rel=\"noopener noreferrer\">106\/a\/2013.(IX.26.) sz. hat. a Semmelweis Egyetem \u00c1llatv\u00e9delmi Szab\u00e1lyzat\u00e1r\u00f3l <\/a><\/li>\n<li style=\"text-align: justify\"><a href=\"https:\/\/semmelweis.hu\/rektori-hivatal\/files\/2013\/10\/106_b_sz_IX_26_2013_\u00c1llatv\u00e9dSzab.pdf\" target=\"_blank\" rel=\"noopener noreferrer\">106\/b\/2013.(IX.26.) sz. hat. a Semmelweis Egyetem \u00c1llatv\u00e9delmi Szab\u00e1lyzata<\/a><\/li>\n<li style=\"text-align: justify\"><a href=\"https:\/\/semmelweis.hu\/jogigfoig\/files\/2013\/10\/107_sz_IX_26_MinosegertBizotts.pdf\">107\/2013. (IX.26.) sz\u00e1m\u00fa hat\u00e1rozat a Min\u0151s\u00e9gfejleszt\u00e9si \u00e9s Min\u0151s\u00e9g\u00e9rt\u00e9kel\u0151 Bizotts\u00e1g eln\u00f6k\u00e9nek megv\u00e1laszt\u00e1s\u00e1r\u00f3l<\/a><\/li>\n<li style=\"text-align: justify\"><a href=\"https:\/\/semmelweis.hu\/rektori-hivatal\/files\/2013\/10\/108_sz_IX_26_2013_2014\u00e9vi-egyetemi-tan\u00e1ri-\u00e1ll\u00e1sh.pdf\" target=\"_blank\" rel=\"noopener noreferrer\">108\/2013.(IX.26.) sz. hat. a 2014. \u00e9vre meghirdetni tervezett egyetemi tan\u00e1ri \u00e1ll\u00e1shely l\u00e9trehoz\u00e1s\u00e1r\u00f3l <\/a><\/li>\n<li style=\"text-align: justify\"><a href=\"https:\/\/semmelweis.hu\/rektori-hivatal\/files\/2013\/10\/109_sz_IX_26_2013_egyet.f\u0151isk.docens.\u00e1ll\u00e1sh.pdf\" target=\"_blank\" rel=\"noopener noreferrer\">109\/2013.(IX.26.) sz. hat. a 2014. \u00e9vre meghirdetni tervezett egyetemi\/f\u0151iskolai docensi \u00e1ll\u00e1shelyek l\u00e9trehoz\u00e1s\u00e1r\u00f3l<\/a><\/li>\n<li style=\"text-align: justify\"><a href=\"https:\/\/semmelweis.hu\/jogigfoig\/files\/2013\/10\/110_sz_IX_26_Tanarkepzokozp_foig.pdf\">110\/2013. (IX.26.) sz\u00e1m\u00fa hat\u00e1rozat a Semmelweis Egyetem Tan\u00e1rk\u00e9pz\u0151 K\u00f6zpontj\u00e1nak f\u0151igazgat\u00f3i magasabb vezet\u0151i megb\u00edz\u00e1sra be\u00e9rkezett p\u00e1ly\u00e1zat v\u00e9lem\u00e9nyez\u00e9s\u00e9r\u0151l<\/a><\/li>\n<li style=\"text-align: justify\"><a href=\"https:\/\/semmelweis.hu\/jogigfoig\/files\/2013\/10\/111_sz_IX_26_I_Sz_Gyerek_II_Sz_Sebeszet_igazg.pdf\">111\/2013. (IX.26.) sz\u00e1m\u00fa hat\u00e1rozat az \u00c1ltal\u00e1nos Orvostudom\u00e1nyi Karon az I. sz. Gyermekgy\u00f3gy\u00e1szati Klinik\u00e1ra, valamint a II. sz. Seb\u00e9szeti Klinik\u00e1ra 2013. \u00e9vre meghirdetett vezet\u0151i megb\u00edz\u00e1sokra be\u00e9rkezett p\u00e1ly\u00e1zatokr\u00f3l<\/a><\/li>\n<li style=\"text-align: justify\"><a href=\"https:\/\/semmelweis.hu\/jogigfoig\/files\/2013\/10\/112_sz_IX_26_BeszerzIgazg_igazg.pdf\">112\/2013. (IX.26.) sz\u00e1m\u00fa hat\u00e1rozat a Semmelweis Egyetem Beszerz\u00e9si Igazgat\u00f3s\u00e1g igazgat\u00f3i megb\u00edz\u00e1s\u00e1ra be\u00e9rkezett p\u00e1ly\u00e1zatok v\u00e9lem\u00e9nyez\u00e9s\u00e9r\u0151l<\/a><\/li>\n<li style=\"text-align: justify\"><a href=\"https:\/\/semmelweis.hu\/jogigfoig\/files\/2013\/10\/113_sz_IX_26_2014_evi_miniszetri_kitunt.pdf\">113\/2013. (IX.26.) sz\u00e1m\u00fa hat\u00e1rozat a 2014. \u00e9vi \u00e1llami, miniszteri szint\u0171 kit\u00fcntet\u00e9sek adom\u00e1nyoz\u00e1s\u00e1r\u00f3l<\/a><\/li>\n<li style=\"text-align: justify\"><a href=\"https:\/\/semmelweis.hu\/jogigfoig\/files\/2013\/10\/114_sz_IX_26_cimz_egyet_doc_magant_mestero.pdf\">114\/2013. (IX.26.) sz\u00e1m\u00fa hat\u00e1rozat C\u00edmzetes egyetemi tan\u00e1ri, c\u00edmzetes egyetemi docensi, mag\u00e1ntan\u00e1ri \u00e9s mesteroktat\u00f3i c\u00edmek adom\u00e1nyoz\u00e1s\u00e1nak v\u00e9lem\u00e9nyez\u00e9s\u00e9r\u0151l<\/a><\/li>\n<li style=\"text-align: justify\"><a href=\"https:\/\/semmelweis.hu\/rektori-hivatal\/files\/2013\/10\/115_sz_IX_26_SemmBudAward.pdf\" target=\"_blank\" rel=\"noopener noreferrer\">115\/2013.(IX.26.) sz. hat. a &#8222;Semmelweis Budapest Award&#8221; nemzetk\u00f6zi d\u00edj oda\u00edt\u00e9l\u00e9s\u00e9r\u0151l <\/a><\/li>\n<li style=\"text-align: justify\"><a href=\"https:\/\/semmelweis.hu\/rektori-hivatal\/files\/2013\/10\/116_a_IX_26_2013_SZMR_m\u00f3d.pdf\" target=\"_blank\" rel=\"noopener noreferrer\">116\/a\/2013.(IX.26.) sz. hat. a Semmelweis Egyetem Szervezeti \u00e9s m\u0171k\u00f6d\u00e9si rendj\u00e9nek m\u00f3dos\u00edt\u00e1s\u00e1r\u00f3l <\/a><\/li>\n<li style=\"text-align: justify\"><a href=\"https:\/\/semmelweis.hu\/rektori-hivatal\/files\/2013\/10\/116_b_IX_26_2013_SZMR_m\u00f3d.pdf\" target=\"_blank\" rel=\"noopener noreferrer\">116\/b\/2013.(IX.26.) sz. hat. a Semmelweis Egyetem Szervezeti \u00e9s m\u0171k\u00f6d\u00e9si rendj\u00e9nek m\u00f3dos\u00edt\u00e1s\u00e1r\u00f3l <\/a><\/li>\n<li style=\"text-align: justify\"><a href=\"https:\/\/semmelweis.hu\/rektori-hivatal\/files\/2013\/10\/117_a_IX_26_2013_MJGYR_PR.pdf\" target=\"_blank\" rel=\"noopener noreferrer\">117\/a\/2013.(IX.26.) sz. hat. a &#8222;Munk\u00e1ltat\u00f3i jogk\u00f6r gyakorl\u00e1s\u00e1nak&#8221; rendje \u00e9s a &#8222;P\u00e1ly\u00e1ztat\u00e1s rendj\u00e9nek&#8221; m\u00f3dos\u00edt\u00e1s\u00e1r\u00f3l <\/a><\/li>\n<li style=\"text-align: justify\"><a href=\"https:\/\/semmelweis.hu\/rektori-hivatal\/files\/2013\/10\/117.b_IX_26_2013_MJGYR_P\u00e1ly\u00e1ztat\u00e1srendje.pdf\" target=\"_blank\" rel=\"noopener noreferrer\">117\/b\/2013.(IX.26.) sz. hat. a &#8222;Munk\u00e1ltat\u00f3i jogk\u00f6r gyakorl\u00e1s\u00e1nak&#8221; rendje \u00e9s a &#8222;P\u00e1ly\u00e1ztat\u00e1s rendj\u00e9nek&#8221; m\u00f3dos\u00edt\u00e1s\u00e1r\u00f3l <\/a><\/li>\n<li style=\"text-align: justify\"><a href=\"https:\/\/semmelweis.hu\/rektori-hivatal\/files\/2013\/10\/118_sz_IX_26_2013_TSK_szervezeti\u00e1talak.pdf\" target=\"_blank\" rel=\"noopener noreferrer\">118\/2013.(IX.26.) sz. hat. a Testnevel\u00e9si \u00e9s Sporttudom\u00e1nyi Kar szervezeti \u00e1talak\u00edt\u00e1s\u00e1r\u00f3l <\/a><\/li>\n<li style=\"text-align: justify\"><a href=\"https:\/\/semmelweis.hu\/rektori-hivatal\/files\/2013\/10\/119_sz_IX_26_2013_TSK_egy\u00fcttm.meg\u00e1llap.pdf\" target=\"_blank\" rel=\"noopener noreferrer\">119\/2013.(IX.26.) sz. hat. a Testnevel\u00e9si \u00e9s Sporttudom\u00e1nyi Kar egy\u00fcttm\u0171k\u00f6d\u00e9si meg\u00e1llapod\u00e1sai j\u00f3v\u00e1hagy\u00e1s\u00e1r\u00f3l <\/a><\/li>\n<li style=\"text-align: justify\"><a href=\"https:\/\/semmelweis.hu\/rektori-hivatal\/files\/2013\/10\/120_sz_IX_26_2013_EKK_eg\u00e9szs_menedzs.mesterszak.pdf\" target=\"_blank\" rel=\"noopener noreferrer\">120\/2013.(IX.26.) sz. hat. az Eg\u00e9szs\u00e9g\u00fcgyi K\u00f6zszolg\u00e1lati Kar Eg\u00e9szs\u00e9g\u00fcgyi Menedzserk\u00e9pz\u0151 K\u00f6zpont Eg\u00e9szs\u00e9g\u00fcgyi menedzser mesterk\u00e9pz\u00e9si szak mintaterv\u00e9nek m\u00f3dos\u00edt\u00e1s\u00e1r\u00f3l <\/a><\/li>\n<li style=\"text-align: justify\"><a href=\"https:\/\/semmelweis.hu\/rektori-hivatal\/files\/2013\/10\/121_sz_IX_26_2013_EKK_eg\u00e9szs_menedzs_szlov\u00e1k_mintatanterv.pdf\" target=\"_blank\" rel=\"noopener noreferrer\">121\/2013.(IX.26.) sz. hat. az Eg\u00e9szs\u00e9g\u00fcgyi K\u00f6zszolg\u00e1lati Kar Eg\u00e9szs\u00e9g\u00fcgyi Menedzserk\u00e9pz\u0151 K\u00f6zpont Eg\u00e9szs\u00e9g\u00fcgyi menedzser mesterk\u00e9pz\u00e9si szak szlov\u00e1k nyelv\u0171 k\u00e9pz\u00e9se mintaterv\u00e9nek m\u00f3dos\u00edt\u00e1s\u00e1r\u00f3l<\/a><\/li>\n<li style=\"text-align: justify\"><a href=\"https:\/\/semmelweis.hu\/rektori-hivatal\/files\/2013\/10\/122_sz_IX_26_2013_eg\u00e9szs_szakmen_KKK_m\u00f3d.pdf\" target=\"_blank\" rel=\"noopener noreferrer\">122\/2013.(IX.26.) sz. hat. az Eg\u00e9szs\u00e9g\u00fcgyi K\u00f6zszolg\u00e1lati Kar Eg\u00e9szs\u00e9g\u00fcgyi Menedzserk\u00e9pz\u0151 K\u00f6zpont &#8222;Executive eg\u00e9szs\u00e9g\u00fcgyi szakmenedzser szakir\u00e1ny\u00fa tov\u00e1bbk\u00e9pz\u00e9si szak&#8221; k\u00e9pz\u00e9si \u00e9s kimeneti k\u00f6vetelm\u00e9nyeinek m\u00f3dos\u00edt\u00e1s\u00e1r\u00f3l <\/a><\/li>\n<\/ul>\n","protected":false},"excerpt":{"rendered":"<p>\u00a0<a href=\"https:\/\/semmelweis.hu\/rektori-hivatal\/files\/2013\/10\/N-IX_26_napirendelf.pdf\" target=\"_blank\" rel=\"noopener noreferrer\">N-IX.26\/2013. sz. hat. a szen\u00e1tusi \u00fcl\u00e9s napirendi pontjainak elfogad\u00e1s\u00e1r\u00f3l <\/a><br \/>\n<a href=\"https:\/\/semmelweis.hu\/rektori-hivatal\/files\/2013\/10\/104_sz_IX_26_2013_besz\u00e1m_2013_I_f\u00e9l\u00e9v_hat\u00e1roz.pdf\" target=\"_blank\" rel=\"noopener noreferrer\">104\/2013.(IX.26.) sz. hat. a Szen\u00e1tus 2013. \u00e9vi I. f\u00e9l\u00e9v\u00e9ben (tavaszi szemeszter) hozott hat\u00e1rozatainak v\u00e9grehajt\u00e1s\u00e1r\u00f3l el\u0151terjesztett besz\u00e1mol\u00f3 elfogad\u00e1s\u00e1r\u00f3l <\/a><br \/>\n<a href=\"https:\/\/semmelweis.hu\/rektori-hivatal\/files\/2013\/10\/105_sz_IX_26_2013_II_f\u00e9l\u00e9v_munkaterv.pdf\" target=\"_blank\" rel=\"noopener noreferrer\">105\/2013.(IX.26.) sz. hat. a Szen\u00e1tus 2013. \u00e9v II. f\u00e9l\u00e9vi (\u0151szi szemeszter) \u00fcl\u00e9s- \u00e9s munkaterv\u00e9nek elfogad\u00e1s\u00e1r\u00f3l <\/a><br \/>\n<a href=\"https:\/\/semmelweis.hu\/rektori-hivatal\/files\/2013\/10\/106_a_sz_IX_26_2013_\u00c1llatv\u00e9dSzab.pdf\" target=\"_blank\" rel=\"noopener noreferrer\">106\/a\/2013.(IX.26.) sz. hat. a Semmelweis Egyetem \u00c1llatv\u00e9delmi Szab\u00e1lyzat\u00e1r\u00f3l <\/a><br \/>\n<a href=\"https:\/\/semmelweis.hu\/rektori-hivatal\/files\/2013\/10\/106_b_sz_IX_26_2013_\u00c1llatv\u00e9dSzab.pdf\" target=\"_blank\" rel=\"noopener noreferrer\">106\/b\/2013.(IX.26.) sz. hat. a Semmelweis Egyetem \u00c1llatv\u00e9delmi Szab\u00e1lyzata<\/a><br \/>\n<a href=\"https:\/\/semmelweis.hu\/jogigfoig\/files\/2013\/10\/107_sz_IX_26_MinosegertBizotts.pdf\">107\/2013. (IX.26.) sz\u00e1m\u00fa hat\u00e1rozat a Min\u0151s\u00e9gfejleszt\u00e9si \u00e9s Min\u0151s\u00e9g\u00e9rt\u00e9kel\u0151 Bizotts\u00e1g eln\u00f6k\u00e9nek megv\u00e1laszt\u00e1s\u00e1r\u00f3l<\/a><br \/>\n<a href=\"https:\/\/semmelweis.hu\/rektori-hivatal\/files\/2013\/10\/108_sz_IX_26_2013_2014\u00e9vi-egyetemi-tan\u00e1ri-\u00e1ll\u00e1sh.pdf\" target=\"_blank\" rel=\"noopener noreferrer\">108\/2013.(IX.26.) sz. hat. a 2014. \u00e9vre meghirdetni tervezett egyetemi tan\u00e1ri \u00e1ll\u00e1shely l\u00e9trehoz\u00e1s\u00e1r\u00f3l <\/a><br \/>\n<a href=\"https:\/\/semmelweis.hu\/rektori-hivatal\/files\/2013\/10\/109_sz_IX_26_2013_egyet.f\u0151isk.docens.\u00e1ll\u00e1sh.pdf\" target=\"_blank\" rel=\"noopener noreferrer\">109\/2013.(IX.26.) sz. hat. a 2014. \u00e9vre meghirdetni tervezett egyetemi\/f\u0151iskolai docensi \u00e1ll\u00e1shelyek l\u00e9trehoz\u00e1s\u00e1r\u00f3l<\/a><br \/>\n<a href=\"https:\/\/semmelweis.hu\/jogigfoig\/files\/2013\/10\/110_sz_IX_26_Tanarkepzokozp_foig.pdf\">110\/2013. (IX.26.) sz\u00e1m\u00fa hat\u00e1rozat a Semmelweis Egyetem Tan\u00e1rk\u00e9pz\u0151 K\u00f6zpontj\u00e1nak f\u0151igazgat\u00f3i magasabb vezet\u0151i megb\u00edz\u00e1sra be\u00e9rkezett p\u00e1ly\u00e1zat v\u00e9lem\u00e9nyez\u00e9s\u00e9r\u0151l<\/a><br \/>\n<a href=\"https:\/\/semmelweis.hu\/jogigfoig\/files\/2013\/10\/111_sz_IX_26_I_Sz_Gyerek_II_Sz_Sebeszet_igazg.pdf\">111\/2013. (IX.26.) sz\u00e1m\u00fa hat\u00e1rozat az \u00c1ltal\u00e1nos Orvostudom\u00e1nyi Karon az I. sz. Gyermekgy\u00f3gy\u00e1szati Klinik\u00e1ra, valamint a II. sz. Seb\u00e9szeti Klinik\u00e1ra 2013. \u00e9vre meghirdetett vezet\u0151i megb\u00edz\u00e1sokra be\u00e9rkezett p\u00e1ly\u00e1zatokr\u00f3l<\/a><br \/>\n<a href=\"https:\/\/semmelweis.hu\/jogigfoig\/files\/2013\/10\/112_sz_IX_26_BeszerzIgazg_igazg.pdf\">112\/2013. (IX.26.) sz\u00e1m\u00fa hat\u00e1rozat a Semmelweis Egyetem Beszerz\u00e9si Igazgat\u00f3s\u00e1g igazgat\u00f3i megb\u00edz\u00e1s\u00e1ra be\u00e9rkezett p\u00e1ly\u00e1zatok v\u00e9lem\u00e9nyez\u00e9s\u00e9r\u0151l<\/a><br \/>\n<a href=\"https:\/\/semmelweis.hu\/jogigfoig\/files\/2013\/10\/113_sz_IX_26_2014_evi_miniszetri_kitunt.pdf\">113\/2013. (IX.26.) sz\u00e1m\u00fa hat\u00e1rozat a 2014. \u00e9vi \u00e1llami, miniszteri szint\u0171 kit\u00fcntet\u00e9sek adom\u00e1nyoz\u00e1s\u00e1r\u00f3l<\/a><br \/>\n<a href=\"https:\/\/semmelweis.hu\/jogigfoig\/files\/2013\/10\/114_sz_IX_26_cimz_egyet_doc_magant_mestero.pdf\">114\/2013. (IX.26.) sz\u00e1m\u00fa hat\u00e1rozat C\u00edmzetes egyetemi tan\u00e1ri, c\u00edmzetes egyetemi docensi, mag\u00e1ntan\u00e1ri \u00e9s mesteroktat\u00f3i c\u00edmek adom\u00e1nyoz\u00e1s\u00e1nak v\u00e9lem\u00e9nyez\u00e9s\u00e9r\u0151l<\/a><br \/>\n<a href=\"https:\/\/semmelweis.hu\/rektori-hivatal\/files\/2013\/10\/115_sz_IX_26_SemmBudAward.pdf\" target=\"_blank\" rel=\"noopener noreferrer\">115\/2013.(IX.26.) sz. hat. a &#8222;Semmelweis Budapest Award&#8221; nemzetk\u00f6zi d\u00edj oda\u00edt\u00e9l\u00e9s\u00e9r\u0151l <\/a><br \/>\n<a href=\"https:\/\/semmelweis.hu\/rektori-hivatal\/files\/2013\/10\/116_a_IX_26_2013_SZMR_m\u00f3d.pdf\" target=\"_blank\" rel=\"noopener noreferrer\">116\/a\/2013.(IX.26.) sz. hat. a Semmelweis Egyetem Szervezeti \u00e9s m\u0171k\u00f6d\u00e9si rendj\u00e9nek m\u00f3dos\u00edt\u00e1s\u00e1r\u00f3l <\/a><br \/>\n<a href=\"https:\/\/semmelweis.hu\/rektori-hivatal\/files\/2013\/10\/116_b_IX_26_2013_SZMR_m\u00f3d.pdf\" target=\"_blank\" rel=\"noopener noreferrer\">116\/b\/2013.(IX.26.) sz. hat. a Semmelweis Egyetem Szervezeti \u00e9s m\u0171k\u00f6d\u00e9si rendj\u00e9nek m\u00f3dos\u00edt\u00e1s\u00e1r\u00f3l <\/a><br \/>\n<a href=\"https:\/\/semmelweis.hu\/rektori-hivatal\/files\/2013\/10\/117_a_IX_26_2013_MJGYR_PR.pdf\" target=\"_blank\" rel=\"noopener noreferrer\">117\/a\/2013.(IX.26.) sz. hat. a &#8222;Munk\u00e1ltat\u00f3i jogk\u00f6r gyakorl\u00e1s\u00e1nak&#8221; rendje \u00e9s a &#8222;P\u00e1ly\u00e1ztat\u00e1s rendj\u00e9nek&#8221; m\u00f3dos\u00edt\u00e1s\u00e1r\u00f3l <\/a><br \/>\n<a href=\"https:\/\/semmelweis.hu\/rektori-hivatal\/files\/2013\/10\/117.b_IX_26_2013_MJGYR_P\u00e1ly\u00e1ztat\u00e1srendje.pdf\" target=\"_blank\" rel=\"noopener noreferrer\">117\/b\/2013.(IX.26.) sz. hat. a &#8222;Munk\u00e1ltat\u00f3i jogk\u00f6r gyakorl\u00e1s\u00e1nak&#8221; rendje \u00e9s a &#8222;P\u00e1ly\u00e1ztat\u00e1s rendj\u00e9nek&#8221; m\u00f3dos\u00edt\u00e1s\u00e1r\u00f3l <\/a><br \/>\n<a href=\"https:\/\/semmelweis.hu\/rektori-hivatal\/files\/2013\/10\/118_sz_IX_26_2013_TSK_szervezeti\u00e1talak.pdf\" target=\"_blank\" rel=\"noopener noreferrer\">118\/2013.(IX.26.) sz. hat. a Testnevel\u00e9si \u00e9s Sporttudom\u00e1nyi Kar szervezeti \u00e1talak\u00edt\u00e1s\u00e1r\u00f3l <\/a><br \/>\n<a href=\"https:\/\/semmelweis.hu\/rektori-hivatal\/files\/2013\/10\/119_sz_IX_26_2013_TSK_egy\u00fcttm.meg\u00e1llap.pdf\" target=\"_blank\" rel=\"noopener noreferrer\">119\/2013.(IX.26.) sz. hat. a Testnevel\u00e9si \u00e9s Sporttudom\u00e1nyi Kar egy\u00fcttm\u0171k\u00f6d\u00e9si meg\u00e1llapod\u00e1sai j\u00f3v\u00e1hagy\u00e1s\u00e1r\u00f3l <\/a><br \/>\n<a href=\"https:\/\/semmelweis.hu\/rektori-hivatal\/files\/2013\/10\/120_sz_IX_26_2013_EKK_eg\u00e9szs_menedzs.mesterszak.pdf\" target=\"_blank\" rel=\"noopener noreferrer\">120\/2013.(IX.26.) sz. hat. az Eg\u00e9szs\u00e9g\u00fcgyi K\u00f6zszolg\u00e1lati Kar Eg\u00e9szs\u00e9g\u00fcgyi Menedzserk\u00e9pz\u0151 K\u00f6zpont Eg\u00e9szs\u00e9g\u00fcgyi menedzser mesterk\u00e9pz\u00e9si szak mintaterv\u00e9nek m\u00f3dos\u00edt\u00e1s\u00e1r\u00f3l <\/a><br \/>\n<a href=\"https:\/\/semmelweis.hu\/rektori-hivatal\/files\/2013\/10\/121_sz_IX_26_2013_EKK_eg\u00e9szs_menedzs_szlov\u00e1k_mintatanterv.pdf\" target=\"_blank\" rel=\"noopener noreferrer\">121\/2013.(IX.26.) sz. hat. az Eg\u00e9szs\u00e9g\u00fcgyi K\u00f6zszolg\u00e1lati Kar Eg\u00e9szs\u00e9g\u00fcgyi Menedzserk\u00e9pz\u0151 K\u00f6zpont Eg\u00e9szs\u00e9g\u00fcgyi menedzser mesterk\u00e9pz\u00e9si szak szlov\u00e1k nyelv\u0171 k\u00e9pz\u00e9se mintaterv\u00e9nek m\u00f3dos\u00edt\u00e1s\u00e1r\u00f3l<\/a><br \/>\n<a href=\"https:\/\/semmelweis.hu\/rektori-hivatal\/files\/2013\/10\/122_sz_IX_26_2013_eg\u00e9szs_szakmen_KKK_m\u00f3d.pdf\" target=\"_blank\" rel=\"noopener noreferrer\">122\/2013.(IX.26.) sz. hat. az Eg\u00e9szs\u00e9g\u00fcgyi K\u00f6zszolg\u00e1lati Kar Eg\u00e9szs\u00e9g\u00fcgyi Menedzserk\u00e9pz\u0151 K\u00f6zpont &#8222;Executive eg\u00e9szs\u00e9g\u00fcgyi szakmenedzser szakir\u00e1ny\u00fa tov\u00e1bbk\u00e9pz\u00e9si szak&#8221; k\u00e9pz\u00e9si \u00e9s kimeneti k\u00f6vetelm\u00e9nyeinek m\u00f3dos\u00edt\u00e1s\u00e1r\u00f3l <\/a><\/p>\n","protected":false},"author":12,"featured_media":0,"parent":7841,"menu_order":13,"comment_status":"open","ping_status":"open","template":"","meta":{"_acf_changed":false,"footnotes":""},"categories":[1],"tags":[],"class_list":["post-1952","page","type-page","status-publish","hentry","category-egyeb"],"acf":[],"_links":{"self":[{"href":"https:\/\/semmelweis.hu\/jogigfoig\/wp-json\/wp\/v2\/pages\/1952","targetHints":{"allow":["GET"]}}],"collection":[{"href":"https:\/\/semmelweis.hu\/jogigfoig\/wp-json\/wp\/v2\/pages"}],"about":[{"href":"https:\/\/semmelweis.hu\/jogigfoig\/wp-json\/wp\/v2\/types\/page"}],"author":[{"embeddable":true,"href":"https:\/\/semmelweis.hu\/jogigfoig\/wp-json\/wp\/v2\/users\/12"}],"replies":[{"embeddable":true,"href":"https:\/\/semmelweis.hu\/jogigfoig\/wp-json\/wp\/v2\/comments?post=1952"}],"version-history":[{"count":11,"href":"https:\/\/semmelweis.hu\/jogigfoig\/wp-json\/wp\/v2\/pages\/1952\/revisions"}],"predecessor-version":[{"id":7906,"href":"https:\/\/semmelweis.hu\/jogigfoig\/wp-json\/wp\/v2\/pages\/1952\/revisions\/7906"}],"up":[{"embeddable":true,"href":"https:\/\/semmelweis.hu\/jogigfoig\/wp-json\/wp\/v2\/pages\/7841"}],"wp:attachment":[{"href":"https:\/\/semmelweis.hu\/jogigfoig\/wp-json\/wp\/v2\/media?parent=1952"}],"wp:term":[{"taxonomy":"category","embeddable":true,"href":"https:\/\/semmelweis.hu\/jogigfoig\/wp-json\/wp\/v2\/categories?post=1952"},{"taxonomy":"post_tag","embeddable":true,"href":"https:\/\/semmelweis.hu\/jogigfoig\/wp-json\/wp\/v2\/tags?post=1952"}],"curies":[{"name":"wp","href":"https:\/\/api.w.org\/{rel}","templated":true}]}}