{"id":1785,"date":"2013-08-01T08:56:00","date_gmt":"2013-08-01T08:56:00","guid":{"rendered":"http:\/\/semmelweis-egyetem.hu\/rektori-hivatal\/?page_id=1785"},"modified":"2020-02-13T09:41:36","modified_gmt":"2020-02-13T08:41:36","slug":"2013-julius-17-elektronikus-szavazas","status":"publish","type":"page","link":"https:\/\/semmelweis.hu\/jogigfoig\/testuletek\/szenatus\/2013-evi-szenatusi-hatarozatok\/2013-julius-17-elektronikus-szavazas\/","title":{"rendered":"2013. j\u00falius 17. (elektronikus szavaz\u00e1s)"},"content":{"rendered":"<ul>\n<li><a href=\"https:\/\/semmelweis.hu\/rektori-hivatal\/files\/2013\/08\/99_A_2013_VII_17_karibizotts_SZMSZm\u00f3d.pdf\" target=\"_blank\" rel=\"noopener noreferrer\">99\/a\/2013.(VII.17.) sz. hat. a Szervezeti \u00e9s M\u0171k\u00f6d\u00e9si Szab\u00e1lyzat m\u00f3dos\u00edt\u00e1s\u00e1r\u00f3l a kari bizotts\u00e1gokkal kapcsolatos szab\u00e1lyoz\u00e1ssal \u00f6sszef\u00fcgg\u00e9sben<\/a><\/li>\n<li><a href=\"https:\/\/semmelweis.hu\/rektori-hivatal\/files\/2013\/08\/99_B_2013_VII_17_karibizotts_SZMSZm\u00f3d.pdf\" target=\"_blank\" rel=\"noopener noreferrer\">99\/b\/2013.(VII.17.) sz. hat. a Szervezeti \u00e9s M\u0171k\u00f6d\u00e9si Szab\u00e1lyzat m\u00f3dos\u00edt\u00e1s\u00e1r\u00f3l a kari bizotts\u00e1gokkal kapcsolatos szab\u00e1lyoz\u00e1ssal \u00f6sszef\u00fcgg\u00e9sben<\/a><\/li>\n<\/ul>\n<p>&nbsp;<\/p>\n","protected":false},"excerpt":{"rendered":"<p><a href=\"https:\/\/semmelweis.hu\/rektori-hivatal\/files\/2013\/08\/99_A_2013_VII_17_karibizotts_SZMSZm\u00f3d.pdf\" target=\"_blank\" rel=\"noopener noreferrer\">99\/a\/2013.(VII.17.) sz. hat. a Szervezeti \u00e9s M\u0171k\u00f6d\u00e9si Szab\u00e1lyzat m\u00f3dos\u00edt\u00e1s\u00e1r\u00f3l a kari bizotts\u00e1gokkal kapcsolatos szab\u00e1lyoz\u00e1ssal \u00f6sszef\u00fcgg\u00e9sben<\/a><br \/>\n<a href=\"https:\/\/semmelweis.hu\/rektori-hivatal\/files\/2013\/08\/99_B_2013_VII_17_karibizotts_SZMSZm\u00f3d.pdf\" target=\"_blank\" rel=\"noopener noreferrer\">99\/b\/2013.(VII.17.) sz. hat. a Szervezeti \u00e9s M\u0171k\u00f6d\u00e9si Szab\u00e1lyzat m\u00f3dos\u00edt\u00e1s\u00e1r\u00f3l a kari bizotts\u00e1gokkal kapcsolatos szab\u00e1lyoz\u00e1ssal \u00f6sszef\u00fcgg\u00e9sben<\/a><\/p>\n<p>&nbsp;<\/p>\n","protected":false},"author":12,"featured_media":0,"parent":7841,"menu_order":10,"comment_status":"open","ping_status":"open","template":"","meta":{"_acf_changed":false,"footnotes":""},"categories":[1],"tags":[],"class_list":["post-1785","page","type-page","status-publish","hentry","category-egyeb"],"acf":[],"_links":{"self":[{"href":"https:\/\/semmelweis.hu\/jogigfoig\/wp-json\/wp\/v2\/pages\/1785","targetHints":{"allow":["GET"]}}],"collection":[{"href":"https:\/\/semmelweis.hu\/jogigfoig\/wp-json\/wp\/v2\/pages"}],"about":[{"href":"https:\/\/semmelweis.hu\/jogigfoig\/wp-json\/wp\/v2\/types\/page"}],"author":[{"embeddable":true,"href":"https:\/\/semmelweis.hu\/jogigfoig\/wp-json\/wp\/v2\/users\/12"}],"replies":[{"embeddable":true,"href":"https:\/\/semmelweis.hu\/jogigfoig\/wp-json\/wp\/v2\/comments?post=1785"}],"version-history":[{"count":6,"href":"https:\/\/semmelweis.hu\/jogigfoig\/wp-json\/wp\/v2\/pages\/1785\/revisions"}],"predecessor-version":[{"id":7908,"href":"https:\/\/semmelweis.hu\/jogigfoig\/wp-json\/wp\/v2\/pages\/1785\/revisions\/7908"}],"up":[{"embeddable":true,"href":"https:\/\/semmelweis.hu\/jogigfoig\/wp-json\/wp\/v2\/pages\/7841"}],"wp:attachment":[{"href":"https:\/\/semmelweis.hu\/jogigfoig\/wp-json\/wp\/v2\/media?parent=1785"}],"wp:term":[{"taxonomy":"category","embeddable":true,"href":"https:\/\/semmelweis.hu\/jogigfoig\/wp-json\/wp\/v2\/categories?post=1785"},{"taxonomy":"post_tag","embeddable":true,"href":"https:\/\/semmelweis.hu\/jogigfoig\/wp-json\/wp\/v2\/tags?post=1785"}],"curies":[{"name":"wp","href":"https:\/\/api.w.org\/{rel}","templated":true}]}}