{"id":1780,"date":"2013-08-01T08:58:58","date_gmt":"2013-08-01T08:58:58","guid":{"rendered":"http:\/\/semmelweis-egyetem.hu\/rektori-hivatal\/?page_id=1780"},"modified":"2024-07-25T10:50:59","modified_gmt":"2024-07-25T08:50:59","slug":"2013-julius-4","status":"publish","type":"page","link":"https:\/\/semmelweis.hu\/jogigfoig\/testuletek\/szenatus\/2013-evi-szenatusi-hatarozatok\/2013-julius-4\/","title":{"rendered":"2013. j\u00falius 4."},"content":{"rendered":"<ul>\n<li style=\"text-align: justify\"><a href=\"https:\/\/semmelweis.hu\/rektori-hivatal\/files\/2013\/07\/N_VII_4_2013_napirend_elfog.pdf\" target=\"_blank\" rel=\"noopener noreferrer\">N-VII.04.\/2013. sz. hat. a szen\u00e1tusi \u00fcl\u00e9s napirendi pontjainak elfogad\u00e1s\u00e1r\u00f3l<\/a><\/li>\n<li style=\"text-align: justify\"><a href=\"https:\/\/semmelweis.hu\/jogigfoig\/files\/2013\/08\/87_2013_oktat_rektorh_szenatusitag.pdf\">87\/2013. (VII.4.) sz\u00e1m\u00fa hat\u00e1rozat a Semmelweis Egyetem oktat\u00e1si rektorhelyettes\u00e9nek szen\u00e1tusi tagg\u00e1 v\u00e1laszt\u00e1s\u00e1r\u00f3l<\/a><\/li>\n<li style=\"text-align: justify\"><a href=\"https:\/\/semmelweis.hu\/jogigfoig\/files\/2013\/08\/88_2013_cimz_egyet_tanar_Asklepios.pdf\">88\/2013. (VII.4.) sz\u00e1m\u00fa hat\u00e1rozat c\u00edmzetes egyetemi tan\u00e1ri c\u00edm adom\u00e1nyoz\u00e1s\u00e1r\u00f3l az Asklepios Campus Hamburg Oktat\u00e1si Centrumban<\/a><\/li>\n<li style=\"text-align: justify\"><a href=\"https:\/\/semmelweis.hu\/jogigfoig\/files\/2013\/08\/89_2013_Semmelweis_Ignac_emlekerem.pdf\">89\/2013. (VII.4.) sz\u00e1m\u00fa hat\u00e1rozat a 2013. \u00e9vi Semmelweis Ign\u00e1c eml\u00e9k\u00e9rem \u00e9s jutalomd\u00edj adom\u00e1nyoz\u00e1s\u00e1r\u00f3l<\/a><\/li>\n<li style=\"text-align: justify\"><a href=\"https:\/\/semmelweis.hu\/rektori-hivatal\/files\/2013\/07\/90_A_2013_hallg_jogv_k\u00e9relmek_elb\u00edr\u00e1l\u00e1s.pdf\" target=\"_blank\" rel=\"noopener noreferrer\">90\/a\/2013.(VII.4.) sz. hat. a hallgat\u00f3i jogviszonnyal kapcsolatosan beny\u00fajtott k\u00e9relmek elb\u00edr\u00e1l\u00e1snak rendj\u00e9r\u0151l<\/a><\/li>\n<li style=\"text-align: justify\"><a href=\"https:\/\/semmelweis.hu\/rektori-hivatal\/files\/2013\/07\/90_B_2013_VII_4_hallgat_jogv_k\u00e9relmek.pdf\" target=\"_blank\" rel=\"noopener noreferrer\">90\/b\/2013.(VII.4.) sz. hat. a hallgat\u00f3i jogviszonnyal kapcsolatosan beny\u00fajtott k\u00e9relmek elb\u00edr\u00e1l\u00e1s\u00e1nak rendj\u00e9r\u0151l<\/a><\/li>\n<li style=\"text-align: justify\"><a href=\"https:\/\/semmelweis.hu\/rektori-hivatal\/files\/2013\/07\/91_A_sz_2013_VII_4_Koll\u00e9giumok_F\u0151ig.pdf\" target=\"_blank\" rel=\"noopener noreferrer\">91\/a\/2013.(VII.4.) sz. hat. a Semmelweis Egyetem Szervezeti \u00e9s M\u0171k\u00f6d\u00e9si Szab\u00e1lyzat\u00e1nak m\u00f3dos\u00edt\u00e1s\u00e1r\u00f3l a Koll\u00e9giumok F\u0151igazgat\u00f3s\u00e1g\u00e1nak m\u0171k\u00f6d\u00e9s\u00e9vel \u00f6sszef\u00fcgg\u00e9sben<\/a><\/li>\n<li style=\"text-align: justify\"><a href=\"https:\/\/semmelweis.hu\/rektori-hivatal\/files\/2013\/07\/91_B_2013_VII_4_SZMSZ_Koll\u00e9giumok_F\u0151ig.pdf\" target=\"_blank\" rel=\"noopener noreferrer\">91\/b\/2013.(VII.4.) sz. hat. a Semmelweis Egyetem Szervezeti \u00e9s M\u0171k\u00f6d\u00e9si Szab\u00e1lyzat\u00e1nak m\u00f3dos\u00edt\u00e1s\u00e1r\u00f3l a Koll\u00e9giumok F\u0151igazgat\u00f3s\u00e1g\u00e1nak m\u0171k\u00f6d\u00e9s\u00e9vel \u00f6sszef\u00fcgg\u00e9sben<\/a><\/li>\n<li style=\"text-align: justify\"><a href=\"https:\/\/semmelweis.hu\/rektori-hivatal\/files\/2013\/07\/92_A_sz_2013_VII_4_K\u00f6rnyezetv\u00e9d_Szab.pdf\" target=\"_blank\" rel=\"noopener noreferrer\">92\/a\/2013.(VII.4.) sz. hat. a K\u00f6rnyezetv\u00e9delmi Szab\u00e1lyzat m\u00f3dos\u00edt\u00e1s\u00e1r\u00f3l<\/a><\/li>\n<li style=\"text-align: justify\"><a href=\"https:\/\/semmelweis.hu\/jogigfoig\/files\/2024\/07\/92_B_2013_VII_4_Kornyezetved_Szab.pdf\">92\/b\/2013.(VII.4.) sz. hat. a K\u00f6rnyezetv\u00e9delmi Szab\u00e1lyzat m\u00f3dos\u00edt\u00e1s\u00e1r\u00f3l<\/a><\/li>\n<li style=\"text-align: justify\"><a href=\"https:\/\/semmelweis.hu\/rektori-hivatal\/files\/2013\/07\/93_sz_2013_VII_4_Ideiglenes-K\u00f6vetel\u00e9skezel\u00e9si-Szab\u00e1lyzat-hat\u00e1rozat.pdf\" target=\"_blank\" rel=\"noopener noreferrer\">93\/2013.(VII.4.) sz. hat. az Ideiglenes K\u00f6vetel\u00e9skezel\u00e9si Szab\u00e1lyzatr\u00f3l<\/a><\/li>\n<li style=\"text-align: justify\"><a href=\"https:\/\/semmelweis.hu\/jogigfoig\/files\/2013\/08\/94_sz_VII_-4_egyetemi_foiskolai_tanari.pdf\">94\/2013. (VII.4.) sz\u00e1m\u00fa hat\u00e1rozat 2014. \u00e9vre meghirdetett egyetemi\/f\u0151iskolai tan\u00e1ri \u00e1ll\u00e1shely l\u00e9trehoz\u00e1s\u00e1r\u00f3l<\/a><\/li>\n<li style=\"text-align: justify\"><a href=\"https:\/\/semmelweis.hu\/rektori-hivatal\/files\/2013\/07\/95_sz_2013_VII_4_docensi.pdf\" target=\"_blank\" rel=\"noopener noreferrer\">95\/2013.(VII.4.) sz. hat. 2013. \u00e9vre meghirdetni tervezett f\u0151iskolai docensi \u00e1ll\u00e1shely l\u00e9trehoz\u00e1s\u00e1r\u00f3l<\/a><\/li>\n<li style=\"text-align: justify\"><a href=\"https:\/\/semmelweis.hu\/rektori-hivatal\/files\/2013\/07\/96_A_sz_2013_VII_4_D\u00d6K.pdf\" target=\"_blank\" rel=\"noopener noreferrer\">96\/a\/2013.(VII.4.) sz. hat. A Doktorandusz \u00d6nkorm\u00e1nyzat Alapszab\u00e1ly\u00e1nak m\u00f3dos\u00edt\u00e1s\u00e1r\u00f3l<\/a><\/li>\n<li style=\"text-align: justify\"><a href=\"https:\/\/semmelweis.hu\/rektori-hivatal\/files\/2013\/07\/96_B_sz_2013_VII_4_D\u00d6K.pdf\" target=\"_blank\" rel=\"noopener noreferrer\">96\/b\/2013.(VII.4.) sz. hat. a Doktorandusz \u00d6nkorm\u00e1nyzat Alapszab\u00e1ly\u00e1r\u00f3l<\/a><\/li>\n<li style=\"text-align: justify\"><a href=\"https:\/\/semmelweis.hu\/rektori-hivatal\/files\/2013\/07\/97_sz_2013_VII_4_Besz\u00e1mol\u00f3-k\u00f6lts\u00e9gvet\u00e9s.pdf\" target=\"_blank\" rel=\"noopener noreferrer\">97\/2013.(VII.4.) sz. hat. Besz\u00e1mol\u00f3 a 2013. \u00e9vi k\u00f6lts\u00e9gvet\u00e9s teljes\u00edt\u00e9s\u00e9r\u0151l \u00e9s az aktu\u00e1lis, illetve az \u00e9v v\u00e9g\u00e9re v\u00e1rhat\u00f3 likvidit\u00e1si helyzetr\u0151l<\/a><\/li>\n<li style=\"text-align: justify\"><a href=\"https:\/\/semmelweis.hu\/rektori-hivatal\/files\/2013\/07\/98_A_sz_2013_VII_4_EKK-k\u00e9pz\u00e9si-tanterv.pdf\" target=\"_blank\" rel=\"noopener noreferrer\">98\/a\/2013.(VII.4.) sz. hat. az Eg\u00e9szs\u00e9g\u00fcgyi K\u00f6zszolg\u00e1lati Kar k\u00e9pz\u00e9si tanterveinek elfogad\u00e1s\u00e1r\u00f3l, m\u00f3dos\u00edt\u00e1s\u00e1r\u00f3l<\/a><\/li>\n<li style=\"text-align: justify\"><a href=\"https:\/\/semmelweis.hu\/rektori-hivatal\/files\/2013\/07\/98_B_sz_2013_VII_4_EKK-CTA-szak.pdf\" target=\"_blank\" rel=\"noopener noreferrer\">98\/b\/2013.(VII.4.) sz. hat. az Eg\u00e9szs\u00e9g\u00fcgyi K\u00f6zszolg\u00e1lati Kar Eg\u00e9szs\u00e9g\u00fcgyi Informatikai Fejleszt\u0151 \u00e9s Tov\u00e1bbk\u00e9pz\u0151 Int\u00e9zet &#8222;Klinikai vizsg\u00e1lati asszisztens (CTA) szakir\u00e1ny\u00fa tov\u00e1bbk\u00e9pz\u00e9si szak&#8221; bemeneti k\u00f6vetelm\u00e9nyeinek m\u00f3dos\u00edt\u00e1s\u00e1r\u00f3l<\/a><\/li>\n<\/ul>\n<p>&nbsp;<\/p>\n","protected":false},"excerpt":{"rendered":"<p><a href=\"https:\/\/semmelweis.hu\/rektori-hivatal\/files\/2013\/07\/N_VII_4_2013_napirend_elfog.pdf\" target=\"_blank\" rel=\"noopener noreferrer\">N-VII.04.\/2013. sz. hat. a szen\u00e1tusi \u00fcl\u00e9s napirendi pontjainak elfogad\u00e1s\u00e1r\u00f3l<\/a><br \/>\n<a href=\"https:\/\/semmelweis.hu\/jogigfoig\/files\/2013\/08\/87_2013_oktat_rektorh_szenatusitag.pdf\">87\/2013. (VII.4.) sz\u00e1m\u00fa hat\u00e1rozat a Semmelweis Egyetem oktat\u00e1si rektorhelyettes\u00e9nek szen\u00e1tusi tagg\u00e1 v\u00e1laszt\u00e1s\u00e1r\u00f3l<\/a><br \/>\n<a href=\"https:\/\/semmelweis.hu\/jogigfoig\/files\/2013\/08\/88_2013_cimz_egyet_tanar_Asklepios.pdf\">88\/2013. (VII.4.) sz\u00e1m\u00fa hat\u00e1rozat c\u00edmzetes egyetemi tan\u00e1ri c\u00edm adom\u00e1nyoz\u00e1s\u00e1r\u00f3l az Asklepios Campus Hamburg Oktat\u00e1si Centrumban<\/a><br \/>\n<a href=\"https:\/\/semmelweis.hu\/jogigfoig\/files\/2013\/08\/89_2013_Semmelweis_Ignac_emlekerem.pdf\">89\/2013. (VII.4.) sz\u00e1m\u00fa hat\u00e1rozat a 2013. \u00e9vi Semmelweis Ign\u00e1c eml\u00e9k\u00e9rem \u00e9s jutalomd\u00edj adom\u00e1nyoz\u00e1s\u00e1r\u00f3l<\/a><br \/>\n<a href=\"https:\/\/semmelweis.hu\/rektori-hivatal\/files\/2013\/07\/90_A_2013_hallg_jogv_k\u00e9relmek_elb\u00edr\u00e1l\u00e1s.pdf\" target=\"_blank\" rel=\"noopener noreferrer\">90\/a\/2013.(VII.4.) sz. hat. a hallgat\u00f3i jogviszonnyal kapcsolatosan beny\u00fajtott k\u00e9relmek elb\u00edr\u00e1l\u00e1snak rendj\u00e9r\u0151l<\/a><br \/>\n<a href=\"https:\/\/semmelweis.hu\/rektori-hivatal\/files\/2013\/07\/90_B_2013_VII_4_hallgat_jogv_k\u00e9relmek.pdf\" target=\"_blank\" rel=\"noopener noreferrer\">90\/b\/2013.(VII.4.) sz. hat. a hallgat\u00f3i jogviszonnyal kapcsolatosan beny\u00fajtott k\u00e9relmek elb\u00edr\u00e1l\u00e1s\u00e1nak rendj\u00e9r\u0151l<\/a><br \/>\n<a href=\"https:\/\/semmelweis.hu\/rektori-hivatal\/files\/2013\/07\/91_A_sz_2013_VII_4_Koll\u00e9giumok_F\u0151ig.pdf\" target=\"_blank\" rel=\"noopener noreferrer\">91\/a\/2013.(VII.4.) sz. hat. a Semmelweis Egyetem Szervezeti \u00e9s M\u0171k\u00f6d\u00e9si Szab\u00e1lyzat\u00e1nak m\u00f3dos\u00edt\u00e1s\u00e1r\u00f3l a Koll\u00e9giumok F\u0151igazgat\u00f3s\u00e1g\u00e1nak m\u0171k\u00f6d\u00e9s\u00e9vel \u00f6sszef\u00fcgg\u00e9sben<\/a><br \/>\n<a href=\"https:\/\/semmelweis.hu\/rektori-hivatal\/files\/2013\/07\/91_B_2013_VII_4_SZMSZ_Koll\u00e9giumok_F\u0151ig.pdf\" target=\"_blank\" rel=\"noopener noreferrer\">91\/b\/2013.(VII.4.) sz. hat. a Semmelweis Egyetem Szervezeti \u00e9s M\u0171k\u00f6d\u00e9si Szab\u00e1lyzat\u00e1nak m\u00f3dos\u00edt\u00e1s\u00e1r\u00f3l a Koll\u00e9giumok F\u0151igazgat\u00f3s\u00e1g\u00e1nak m\u0171k\u00f6d\u00e9s\u00e9vel \u00f6sszef\u00fcgg\u00e9sben<\/a><br \/>\n<a href=\"https:\/\/semmelweis.hu\/rektori-hivatal\/files\/2013\/07\/92_A_sz_2013_VII_4_K\u00f6rnyezetv\u00e9d_Szab.pdf\" target=\"_blank\" rel=\"noopener noreferrer\">92\/a\/2013.(VII.4.) sz. hat. a K\u00f6rnyezetv\u00e9delmi Szab\u00e1lyzat m\u00f3dos\u00edt\u00e1s\u00e1r\u00f3l<\/a><br \/>\n<a href=\"https:\/\/semmelweis.hu\/jogigfoig\/files\/2024\/07\/92_B_2013_VII_4_Kornyezetved_Szab.pdf\">92\/b\/2013.(VII.4.) sz. hat. a K\u00f6rnyezetv\u00e9delmi Szab\u00e1lyzat m\u00f3dos\u00edt\u00e1s\u00e1r\u00f3l<\/a><br \/>\n<a href=\"https:\/\/semmelweis.hu\/rektori-hivatal\/files\/2013\/07\/93_sz_2013_VII_4_Ideiglenes-K\u00f6vetel\u00e9skezel\u00e9si-Szab\u00e1lyzat-hat\u00e1rozat.pdf\" target=\"_blank\" rel=\"noopener noreferrer\">93\/2013.(VII.4.) sz. hat. az Ideiglenes K\u00f6vetel\u00e9skezel\u00e9si Szab\u00e1lyzatr\u00f3l<\/a><br \/>\n<a href=\"https:\/\/semmelweis.hu\/jogigfoig\/files\/2013\/08\/94_sz_VII_-4_egyetemi_foiskolai_tanari.pdf\">94\/2013. (VII.4.) sz\u00e1m\u00fa hat\u00e1rozat 2014. \u00e9vre meghirdetett egyetemi\/f\u0151iskolai tan\u00e1ri \u00e1ll\u00e1shely l\u00e9trehoz\u00e1s\u00e1r\u00f3l<\/a><br \/>\n<a href=\"https:\/\/semmelweis.hu\/rektori-hivatal\/files\/2013\/07\/95_sz_2013_VII_4_docensi.pdf\" target=\"_blank\" rel=\"noopener noreferrer\">95\/2013.(VII.4.) sz. hat. 2013. \u00e9vre meghirdetni tervezett f\u0151iskolai docensi \u00e1ll\u00e1shely l\u00e9trehoz\u00e1s\u00e1r\u00f3l<\/a><br \/>\n<a href=\"https:\/\/semmelweis.hu\/rektori-hivatal\/files\/2013\/07\/96_A_sz_2013_VII_4_D\u00d6K.pdf\" target=\"_blank\" rel=\"noopener noreferrer\">96\/a\/2013.(VII.4.) sz. hat. A Doktorandusz \u00d6nkorm\u00e1nyzat Alapszab\u00e1ly\u00e1nak m\u00f3dos\u00edt\u00e1s\u00e1r\u00f3l<\/a><br \/>\n<a href=\"https:\/\/semmelweis.hu\/rektori-hivatal\/files\/2013\/07\/96_B_sz_2013_VII_4_D\u00d6K.pdf\" target=\"_blank\" rel=\"noopener noreferrer\">96\/b\/2013.(VII.4.) sz. hat. a Doktorandusz \u00d6nkorm\u00e1nyzat Alapszab\u00e1ly\u00e1r\u00f3l<\/a><br \/>\n<a href=\"https:\/\/semmelweis.hu\/rektori-hivatal\/files\/2013\/07\/97_sz_2013_VII_4_Besz\u00e1mol\u00f3-k\u00f6lts\u00e9gvet\u00e9s.pdf\" target=\"_blank\" rel=\"noopener noreferrer\">97\/2013.(VII.4.) sz. hat. Besz\u00e1mol\u00f3 a 2013. \u00e9vi k\u00f6lts\u00e9gvet\u00e9s teljes\u00edt\u00e9s\u00e9r\u0151l \u00e9s az aktu\u00e1lis, illetve az \u00e9v v\u00e9g\u00e9re v\u00e1rhat\u00f3 likvidit\u00e1si helyzetr\u0151l<\/a><br \/>\n<a href=\"https:\/\/semmelweis.hu\/rektori-hivatal\/files\/2013\/07\/98_A_sz_2013_VII_4_EKK-k\u00e9pz\u00e9si-tanterv.pdf\" target=\"_blank\" rel=\"noopener noreferrer\">98\/a\/2013.(VII.4.) sz. hat. az Eg\u00e9szs\u00e9g\u00fcgyi K\u00f6zszolg\u00e1lati Kar k\u00e9pz\u00e9si tanterveinek elfogad\u00e1s\u00e1r\u00f3l, m\u00f3dos\u00edt\u00e1s\u00e1r\u00f3l<\/a><br \/>\n<a href=\"https:\/\/semmelweis.hu\/rektori-hivatal\/files\/2013\/07\/98_B_sz_2013_VII_4_EKK-CTA-szak.pdf\" target=\"_blank\" rel=\"noopener noreferrer\">98\/b\/2013.(VII.4.) sz. hat. az Eg\u00e9szs\u00e9g\u00fcgyi K\u00f6zszolg\u00e1lati Kar Eg\u00e9szs\u00e9g\u00fcgyi Informatikai Fejleszt\u0151 \u00e9s Tov\u00e1bbk\u00e9pz\u0151 Int\u00e9zet &#8222;Klinikai vizsg\u00e1lati asszisztens (CTA) szakir\u00e1ny\u00fa tov\u00e1bbk\u00e9pz\u00e9si szak&#8221; bemeneti k\u00f6vetelm\u00e9nyeinek m\u00f3dos\u00edt\u00e1s\u00e1r\u00f3l<\/a><\/p>\n<p>&nbsp;<\/p>\n","protected":false},"author":12,"featured_media":0,"parent":7841,"menu_order":9,"comment_status":"open","ping_status":"open","template":"","meta":{"_acf_changed":false,"footnotes":""},"categories":[1],"tags":[],"class_list":["post-1780","page","type-page","status-publish","hentry","category-egyeb"],"acf":[],"_links":{"self":[{"href":"https:\/\/semmelweis.hu\/jogigfoig\/wp-json\/wp\/v2\/pages\/1780","targetHints":{"allow":["GET"]}}],"collection":[{"href":"https:\/\/semmelweis.hu\/jogigfoig\/wp-json\/wp\/v2\/pages"}],"about":[{"href":"https:\/\/semmelweis.hu\/jogigfoig\/wp-json\/wp\/v2\/types\/page"}],"author":[{"embeddable":true,"href":"https:\/\/semmelweis.hu\/jogigfoig\/wp-json\/wp\/v2\/users\/12"}],"replies":[{"embeddable":true,"href":"https:\/\/semmelweis.hu\/jogigfoig\/wp-json\/wp\/v2\/comments?post=1780"}],"version-history":[{"count":10,"href":"https:\/\/semmelweis.hu\/jogigfoig\/wp-json\/wp\/v2\/pages\/1780\/revisions"}],"predecessor-version":[{"id":91045,"href":"https:\/\/semmelweis.hu\/jogigfoig\/wp-json\/wp\/v2\/pages\/1780\/revisions\/91045"}],"up":[{"embeddable":true,"href":"https:\/\/semmelweis.hu\/jogigfoig\/wp-json\/wp\/v2\/pages\/7841"}],"wp:attachment":[{"href":"https:\/\/semmelweis.hu\/jogigfoig\/wp-json\/wp\/v2\/media?parent=1780"}],"wp:term":[{"taxonomy":"category","embeddable":true,"href":"https:\/\/semmelweis.hu\/jogigfoig\/wp-json\/wp\/v2\/categories?post=1780"},{"taxonomy":"post_tag","embeddable":true,"href":"https:\/\/semmelweis.hu\/jogigfoig\/wp-json\/wp\/v2\/tags?post=1780"}],"curies":[{"name":"wp","href":"https:\/\/api.w.org\/{rel}","templated":true}]}}