{"id":1712,"date":"2013-08-01T09:00:27","date_gmt":"2013-08-01T09:00:27","guid":{"rendered":"http:\/\/semmelweis-egyetem.hu\/rektori-hivatal\/?page_id=1712"},"modified":"2024-07-25T11:14:17","modified_gmt":"2024-07-25T09:14:17","slug":"2013-junius-27","status":"publish","type":"page","link":"https:\/\/semmelweis.hu\/jogigfoig\/testuletek\/szenatus\/2013-evi-szenatusi-hatarozatok\/2013-junius-27\/","title":{"rendered":"2013. j\u00fanius 27."},"content":{"rendered":"<ul>\n<li style=\"text-align: justify\"><a href=\"https:\/\/semmelweis.hu\/rektori-hivatal\/files\/2013\/07\/N_VI_27_napirend_elfog.pdf\" target=\"_blank\" rel=\"noopener noreferrer\">N-VI.27.\/2013. sz. hat. a szen\u00e1tusi \u00fcl\u00e9s napirendi pontjainak elfogad\u00e1s\u00e1r\u00f3l <\/a><\/li>\n<li style=\"text-align: justify\"><a href=\"https:\/\/semmelweis.hu\/jogigfoig\/files\/2013\/08\/78_2013_VI_27_oktatasi_rektorh.pdf\">78\/2013. (VI.27.) sz\u00e1m\u00fa hat\u00e1rozata Oktat\u00e1si rektorhelyettesi megb\u00edz\u00e1sra be\u00e9rkezett p\u00e1ly\u00e1zat v\u00e9lem\u00e9nyez\u00e9s\u00e9r\u0151l<\/a><\/li>\n<li style=\"text-align: justify\"><a href=\"https:\/\/semmelweis.hu\/jogigfoig\/files\/2013\/08\/79_2013_VI_27_dekan_ETK_EKK.pdf\">79\/2013. (VI.27.) sz\u00e1m\u00fa hat\u00e1rozata az Eg\u00e9szs\u00e9gtudom\u00e1nyi Kar, valamint az Eg\u00e9szs\u00e9g\u00fcgyi K\u00f6zszolg\u00e1lati Kar d\u00e9k\u00e1ni megb\u00edz\u00e1s\u00e1ra be\u00e9rkezett p\u00e1ly\u00e1zatok v\u00e9lem\u00e9nyez\u00e9s\u00e9r\u0151l<\/a><\/li>\n<li style=\"text-align: justify\"><a href=\"https:\/\/semmelweis.hu\/jogigfoig\/files\/2013\/08\/80_2013_VI_27_AOK_dekanhelyettesek.pdf\">80\/2013. (VI.27.) sz\u00e1m\u00fa hat\u00e1rozata az \u00c1ltal\u00e1nos Orvostudom\u00e1nyi Karon d\u00e9k\u00e1nhelyettesi megb\u00edz\u00e1sra be\u00e9rkezett p\u00e1ly\u00e1zatok v\u00e9lem\u00e9nyez\u00e9s\u00e9r\u0151l<\/a><\/li>\n<li style=\"text-align: justify\"><a href=\"https:\/\/semmelweis.hu\/rektori-hivatal\/files\/2013\/07\/81_a_2013_VI_27_TJSZ_m\u00f3d.pdf\" target=\"_blank\" rel=\"noopener noreferrer\">81\/a\/2013. (VI.27.) sz. hat. a Semmelweis Egyetem Szervezeti \u00e9s M\u0171k\u00f6d\u00e9si Szab\u00e1lyzat\u00e1nak r\u00e9sz\u00e9t k\u00e9pez\u0151\u00a0 T\u00e9r\u00edt\u00e9si \u00e9s juttat\u00e1si szab\u00e1lyzat m\u00f3dos\u00edt\u00e1s\u00e1r\u00f3l <\/a><\/li>\n<li style=\"text-align: justify\"><a href=\"https:\/\/semmelweis.hu\/jogigfoig\/files\/2024\/07\/81_b_VI_27_TJSZ_mod-1.pdf\">81\/b\/2013. (VI.27.) sz. hat. a Semmelweis Egyetem Szervezeti \u00e9s M\u0171k\u00f6d\u00e9si Szab\u00e1lyzat\u00e1nak r\u00e9sz\u00e9t k\u00e9pez\u0151 T\u00e9r\u00edt\u00e9si \u00e9s juttat\u00e1si szab\u00e1lyzat m\u00f3dos\u00edt\u00e1s\u00e1r\u00f3l<\/a><\/li>\n<li style=\"text-align: justify\"><a href=\"https:\/\/semmelweis.hu\/jogigfoig\/files\/2013\/08\/82_2013_VI_27_ETK_FOK_GYTK_EKK_vezetoimegbizasok.pdf\">82\/2013. (VI.27.) sz\u00e1m\u00fa hat\u00e1rozata az Eg\u00e9szs\u00e9gtudom\u00e1nyi Karon, a Fogorvostudom\u00e1nyi Karon, a Gy\u00f3gyszer\u00e9sztudom\u00e1nyi Karon \u00e9s az Eg\u00e9szs\u00e9g\u00fcgyi K\u00f6zszolg\u00e1lati Karon 2013. \u00e9vre meghirdetett vezet\u0151i megb\u00edz\u00e1sokra be\u00e9rkezett p\u00e1ly\u00e1zatokr\u00f3l<\/a><\/li>\n<li style=\"text-align: justify\"><a href=\"https:\/\/semmelweis.hu\/jogigfoig\/files\/2013\/08\/83_2013_VI_27_ProUniv.pdf\">83\/2013. (VI.27.) sz\u00e1m\u00fa hat\u00e1rozata Pro Universitate d\u00edj-adom\u00e1nyoz\u00e1s\u00e1r\u00f3l<\/a><\/li>\n<li style=\"text-align: justify\"><a href=\"https:\/\/semmelweis.hu\/jogigfoig\/files\/2013\/08\/84_2013_kozponti_vezetok.pdf\">84\/2013. (VI.27.) sz\u00e1m\u00fa hat\u00e1rozata a 2013.meghirdetett k\u00f6zponti szervezeti egys\u00e9gek vezet\u0151i megb\u00edz\u00e1sokr\u00f3l sz\u00f3l\u00f3 p\u00e1ly\u00e1zatok v\u00e9lem\u00e9nyez\u00e9s\u00e9r\u0151l<\/a><\/li>\n<li style=\"text-align: justify\"><a href=\"https:\/\/semmelweis.hu\/rektori-hivatal\/files\/2013\/07\/85_a_2013_VI_27_hallg_jogorv_elj\u00e1r\u00e1s.pdf\" target=\"_blank\" rel=\"noopener noreferrer\">85\/A\/2013. (VI.27.) sz. hat. a hallgat\u00f3i jogorvoslati elj\u00e1r\u00e1s rendj\u00e9r\u0151l <\/a><\/li>\n<li style=\"text-align: justify\"><a href=\"https:\/\/semmelweis.hu\/rektori-hivatal\/files\/2013\/07\/85_b_2013_VI_27_hallgat_jogorv_elj.pdf\" target=\"_blank\" rel=\"noopener noreferrer\">85\/B\/2013. \u00a0(VI.27.) sz. hat. a hallgat\u00f3i jogorvoslati elj\u00e1r\u00e1s rendj\u00e9r\u0151l<\/a><\/li>\n<li style=\"text-align: justify\"><a href=\"https:\/\/semmelweis.hu\/jogigfoig\/files\/2013\/08\/86_2013_FelulbiralatiBizottsag.pdf\">86\/2013. (VI.27.) sz\u00e1m\u00fa hat\u00e1rozata a Fel\u00fclb\u00edr\u00e1lati Bizotts\u00e1g szem\u00e9lyi \u00f6sszet\u00e9tel\u00e9r\u0151l<\/a><\/li>\n<\/ul>\n<p>&nbsp;<\/p>\n","protected":false},"excerpt":{"rendered":"<p><a href=\"https:\/\/semmelweis.hu\/rektori-hivatal\/files\/2013\/07\/N_VI_27_napirend_elfog.pdf\" target=\"_blank\" rel=\"noopener noreferrer\">N-VI.27.\/2013. sz. hat. a szen\u00e1tusi \u00fcl\u00e9s napirendi pontjainak elfogad\u00e1s\u00e1r\u00f3l <\/a><br \/>\n<a href=\"https:\/\/semmelweis.hu\/jogigfoig\/files\/2013\/08\/78_2013_VI_27_oktatasi_rektorh.pdf\">78\/2013. (VI.27.) sz\u00e1m\u00fa hat\u00e1rozata Oktat\u00e1si rektorhelyettesi megb\u00edz\u00e1sra be\u00e9rkezett p\u00e1ly\u00e1zat v\u00e9lem\u00e9nyez\u00e9s\u00e9r\u0151l<\/a><br \/>\n<a href=\"https:\/\/semmelweis.hu\/jogigfoig\/files\/2013\/08\/79_2013_VI_27_dekan_ETK_EKK.pdf\">79\/2013. (VI.27.) sz\u00e1m\u00fa hat\u00e1rozata az Eg\u00e9szs\u00e9gtudom\u00e1nyi Kar, valamint az Eg\u00e9szs\u00e9g\u00fcgyi K\u00f6zszolg\u00e1lati Kar d\u00e9k\u00e1ni megb\u00edz\u00e1s\u00e1ra be\u00e9rkezett p\u00e1ly\u00e1zatok v\u00e9lem\u00e9nyez\u00e9s\u00e9r\u0151l<\/a><br \/>\n<a href=\"https:\/\/semmelweis.hu\/jogigfoig\/files\/2013\/08\/80_2013_VI_27_AOK_dekanhelyettesek.pdf\">80\/2013. (VI.27.) sz\u00e1m\u00fa hat\u00e1rozata az \u00c1ltal\u00e1nos Orvostudom\u00e1nyi Karon d\u00e9k\u00e1nhelyettesi megb\u00edz\u00e1sra be\u00e9rkezett p\u00e1ly\u00e1zatok v\u00e9lem\u00e9nyez\u00e9s\u00e9r\u0151l<\/a><br \/>\n<a href=\"https:\/\/semmelweis.hu\/rektori-hivatal\/files\/2013\/07\/81_a_2013_VI_27_TJSZ_m\u00f3d.pdf\" target=\"_blank\" rel=\"noopener noreferrer\">81\/a\/2013. (VI.27.) sz. hat. a Semmelweis Egyetem Szervezeti \u00e9s M\u0171k\u00f6d\u00e9si Szab\u00e1lyzat\u00e1nak r\u00e9sz\u00e9t k\u00e9pez\u0151\u00a0 T\u00e9r\u00edt\u00e9si \u00e9s juttat\u00e1si szab\u00e1lyzat m\u00f3dos\u00edt\u00e1s\u00e1r\u00f3l <\/a><br \/>\n<a href=\"https:\/\/semmelweis.hu\/jogigfoig\/files\/2024\/07\/81_b_VI_27_TJSZ_mod-1.pdf\">81\/b\/2013. (VI.27.) sz. hat. a Semmelweis Egyetem Szervezeti \u00e9s M\u0171k\u00f6d\u00e9si Szab\u00e1lyzat\u00e1nak r\u00e9sz\u00e9t k\u00e9pez\u0151 T\u00e9r\u00edt\u00e9si \u00e9s juttat\u00e1si szab\u00e1lyzat m\u00f3dos\u00edt\u00e1s\u00e1r\u00f3l<\/a><br \/>\n<a href=\"https:\/\/semmelweis.hu\/jogigfoig\/files\/2013\/08\/82_2013_VI_27_ETK_FOK_GYTK_EKK_vezetoimegbizasok.pdf\">82\/2013. (VI.27.) sz\u00e1m\u00fa hat\u00e1rozata az Eg\u00e9szs\u00e9gtudom\u00e1nyi Karon, a Fogorvostudom\u00e1nyi Karon, a Gy\u00f3gyszer\u00e9sztudom\u00e1nyi Karon \u00e9s az Eg\u00e9szs\u00e9g\u00fcgyi K\u00f6zszolg\u00e1lati Karon 2013. \u00e9vre meghirdetett vezet\u0151i megb\u00edz\u00e1sokra be\u00e9rkezett p\u00e1ly\u00e1zatokr\u00f3l<\/a><br \/>\n<a href=\"https:\/\/semmelweis.hu\/jogigfoig\/files\/2013\/08\/83_2013_VI_27_ProUniv.pdf\">83\/2013. (VI.27.) sz\u00e1m\u00fa hat\u00e1rozata Pro Universitate d\u00edj-adom\u00e1nyoz\u00e1s\u00e1r\u00f3l<\/a><br \/>\n<a href=\"https:\/\/semmelweis.hu\/jogigfoig\/files\/2013\/08\/84_2013_kozponti_vezetok.pdf\">84\/2013. (VI.27.) sz\u00e1m\u00fa hat\u00e1rozata a 2013.meghirdetett k\u00f6zponti szervezeti egys\u00e9gek vezet\u0151i megb\u00edz\u00e1sokr\u00f3l sz\u00f3l\u00f3 p\u00e1ly\u00e1zatok v\u00e9lem\u00e9nyez\u00e9s\u00e9r\u0151l<\/a><br \/>\n<a href=\"https:\/\/semmelweis.hu\/rektori-hivatal\/files\/2013\/07\/85_a_2013_VI_27_hallg_jogorv_elj\u00e1r\u00e1s.pdf\" target=\"_blank\" rel=\"noopener noreferrer\">85\/A\/2013. (VI.27.) sz. hat. a hallgat\u00f3i jogorvoslati elj\u00e1r\u00e1s rendj\u00e9r\u0151l <\/a><br \/>\n<a href=\"https:\/\/semmelweis.hu\/rektori-hivatal\/files\/2013\/07\/85_b_2013_VI_27_hallgat_jogorv_elj.pdf\" target=\"_blank\" rel=\"noopener noreferrer\">85\/B\/2013. \u00a0(VI.27.) sz. hat. a hallgat\u00f3i jogorvoslati elj\u00e1r\u00e1s rendj\u00e9r\u0151l<\/a><br \/>\n<a href=\"https:\/\/semmelweis.hu\/jogigfoig\/files\/2013\/08\/86_2013_FelulbiralatiBizottsag.pdf\">86\/2013. (VI.27.) sz\u00e1m\u00fa hat\u00e1rozata a Fel\u00fclb\u00edr\u00e1lati Bizotts\u00e1g szem\u00e9lyi \u00f6sszet\u00e9tel\u00e9r\u0151l<\/a><\/p>\n<p>&nbsp;<\/p>\n","protected":false},"author":12,"featured_media":0,"parent":7841,"menu_order":8,"comment_status":"open","ping_status":"open","template":"","meta":{"_acf_changed":false,"footnotes":""},"categories":[1],"tags":[],"class_list":["post-1712","page","type-page","status-publish","hentry","category-egyeb"],"acf":[],"_links":{"self":[{"href":"https:\/\/semmelweis.hu\/jogigfoig\/wp-json\/wp\/v2\/pages\/1712","targetHints":{"allow":["GET"]}}],"collection":[{"href":"https:\/\/semmelweis.hu\/jogigfoig\/wp-json\/wp\/v2\/pages"}],"about":[{"href":"https:\/\/semmelweis.hu\/jogigfoig\/wp-json\/wp\/v2\/types\/page"}],"author":[{"embeddable":true,"href":"https:\/\/semmelweis.hu\/jogigfoig\/wp-json\/wp\/v2\/users\/12"}],"replies":[{"embeddable":true,"href":"https:\/\/semmelweis.hu\/jogigfoig\/wp-json\/wp\/v2\/comments?post=1712"}],"version-history":[{"count":9,"href":"https:\/\/semmelweis.hu\/jogigfoig\/wp-json\/wp\/v2\/pages\/1712\/revisions"}],"predecessor-version":[{"id":91059,"href":"https:\/\/semmelweis.hu\/jogigfoig\/wp-json\/wp\/v2\/pages\/1712\/revisions\/91059"}],"up":[{"embeddable":true,"href":"https:\/\/semmelweis.hu\/jogigfoig\/wp-json\/wp\/v2\/pages\/7841"}],"wp:attachment":[{"href":"https:\/\/semmelweis.hu\/jogigfoig\/wp-json\/wp\/v2\/media?parent=1712"}],"wp:term":[{"taxonomy":"category","embeddable":true,"href":"https:\/\/semmelweis.hu\/jogigfoig\/wp-json\/wp\/v2\/categories?post=1712"},{"taxonomy":"post_tag","embeddable":true,"href":"https:\/\/semmelweis.hu\/jogigfoig\/wp-json\/wp\/v2\/tags?post=1712"}],"curies":[{"name":"wp","href":"https:\/\/api.w.org\/{rel}","templated":true}]}}