{"id":1611,"date":"2013-06-25T13:19:17","date_gmt":"2013-06-25T13:19:17","guid":{"rendered":"http:\/\/semmelweis-egyetem.hu\/rektori-hivatal\/?page_id=1611"},"modified":"2020-02-13T09:41:14","modified_gmt":"2020-02-13T08:41:14","slug":"2013-junius-24-elektronikus-szavazas","status":"publish","type":"page","link":"https:\/\/semmelweis.hu\/jogigfoig\/testuletek\/szenatus\/2013-evi-szenatusi-hatarozatok\/2013-junius-24-elektronikus-szavazas\/","title":{"rendered":"2013. j\u00fanius 24. (elektronikus szavaz\u00e1s)"},"content":{"rendered":"<ul>\n<li style=\"text-align: justify\"><a href=\"https:\/\/semmelweis.hu\/rektori-hivatal\/files\/2013\/06\/77_2013_VI_24_C\u00edmzetes-egyetemi-tan.c\u00edm_Asklepios.pdf\" target=\"_blank\" rel=\"noopener noreferrer\">77\/2013. (VI.24.) sz. hat. A c\u00edmzetes egyetemi tan\u00e1ri c\u00edm adom\u00e1nyoz\u00e1s\u00e1nak felt\u00e9tele az Asklepios Campus Hamburg Oktat\u00e1si Centrum\u00e1ban<\/a> \u00a0<\/li>\n<\/ul>\n","protected":false},"excerpt":{"rendered":"<p><a href=\"https:\/\/semmelweis.hu\/rektori-hivatal\/files\/2013\/06\/77_2013_VI_24_C\u00edmzetes-egyetemi-tan.c\u00edm_Asklepios.pdf\" target=\"_blank\" rel=\"noopener noreferrer\">77\/2013. (VI.24.) sz. hat. A c\u00edmzetes egyetemi tan\u00e1ri c\u00edm adom\u00e1nyoz\u00e1s\u00e1nak felt\u00e9tele az Asklepios Campus Hamburg Oktat\u00e1si Centrum\u00e1ban<\/a> \u00a0<\/p>\n","protected":false},"author":12,"featured_media":0,"parent":7841,"menu_order":7,"comment_status":"open","ping_status":"open","template":"","meta":{"_acf_changed":false,"footnotes":""},"categories":[1],"tags":[],"class_list":["post-1611","page","type-page","status-publish","hentry","category-egyeb"],"acf":[],"_links":{"self":[{"href":"https:\/\/semmelweis.hu\/jogigfoig\/wp-json\/wp\/v2\/pages\/1611","targetHints":{"allow":["GET"]}}],"collection":[{"href":"https:\/\/semmelweis.hu\/jogigfoig\/wp-json\/wp\/v2\/pages"}],"about":[{"href":"https:\/\/semmelweis.hu\/jogigfoig\/wp-json\/wp\/v2\/types\/page"}],"author":[{"embeddable":true,"href":"https:\/\/semmelweis.hu\/jogigfoig\/wp-json\/wp\/v2\/users\/12"}],"replies":[{"embeddable":true,"href":"https:\/\/semmelweis.hu\/jogigfoig\/wp-json\/wp\/v2\/comments?post=1611"}],"version-history":[{"count":8,"href":"https:\/\/semmelweis.hu\/jogigfoig\/wp-json\/wp\/v2\/pages\/1611\/revisions"}],"predecessor-version":[{"id":7911,"href":"https:\/\/semmelweis.hu\/jogigfoig\/wp-json\/wp\/v2\/pages\/1611\/revisions\/7911"}],"up":[{"embeddable":true,"href":"https:\/\/semmelweis.hu\/jogigfoig\/wp-json\/wp\/v2\/pages\/7841"}],"wp:attachment":[{"href":"https:\/\/semmelweis.hu\/jogigfoig\/wp-json\/wp\/v2\/media?parent=1611"}],"wp:term":[{"taxonomy":"category","embeddable":true,"href":"https:\/\/semmelweis.hu\/jogigfoig\/wp-json\/wp\/v2\/categories?post=1611"},{"taxonomy":"post_tag","embeddable":true,"href":"https:\/\/semmelweis.hu\/jogigfoig\/wp-json\/wp\/v2\/tags?post=1611"}],"curies":[{"name":"wp","href":"https:\/\/api.w.org\/{rel}","templated":true}]}}