{"id":1591,"date":"2013-06-19T13:39:09","date_gmt":"2013-06-19T13:39:09","guid":{"rendered":"http:\/\/semmelweis-egyetem.hu\/rektori-hivatal\/?page_id=1591"},"modified":"2020-02-13T09:41:07","modified_gmt":"2020-02-13T08:41:07","slug":"2013-junius-17-elektronikus-szavazas","status":"publish","type":"page","link":"https:\/\/semmelweis.hu\/jogigfoig\/testuletek\/szenatus\/2013-evi-szenatusi-hatarozatok\/2013-junius-17-elektronikus-szavazas\/","title":{"rendered":"2013. j\u00fanius 17. (elektronikus szavaz\u00e1s)"},"content":{"rendered":"<ul>\n<li style=\"text-align: justify\"><a href=\"https:\/\/semmelweis.hu\/rektori-hivatal\/files\/2013\/06\/76.sz_.VI_.17._Mellkasseb\u00e9szeti-Tansz\u00e9k-l\u00e9trehoz\u00e1sa.pdf\" target=\"_blank\" rel=\"noopener noreferrer\">76\/2013. (VI.17.) sz. hat. az \u00c1ltal\u00e1nos Orvostudom\u00e1nyi Karon (az Orsz\u00e1gos Onkol\u00f3giai Int\u00e9zet b\u00e1zis\u00e1n) Mellkasseb\u00e9szeti\u00a0 Tansz\u00e9k l\u00e9trehoz\u00e1s\u00e1ra<\/a> \u00a0<\/li>\n<\/ul>\n","protected":false},"excerpt":{"rendered":"<p><a href=\"https:\/\/semmelweis.hu\/rektori-hivatal\/files\/2013\/06\/76.sz_.VI_.17._Mellkasseb\u00e9szeti-Tansz\u00e9k-l\u00e9trehoz\u00e1sa.pdf\" target=\"_blank\" rel=\"noopener noreferrer\">76\/2013. (VI.17.) sz. hat. az \u00c1ltal\u00e1nos Orvostudom\u00e1nyi Karon (az Orsz\u00e1gos Onkol\u00f3giai Int\u00e9zet b\u00e1zis\u00e1n) Mellkasseb\u00e9szeti\u00a0 Tansz\u00e9k l\u00e9trehoz\u00e1s\u00e1ra<\/a> \u00a0<\/p>\n","protected":false},"author":12,"featured_media":0,"parent":7841,"menu_order":6,"comment_status":"open","ping_status":"open","template":"","meta":{"_acf_changed":false,"footnotes":""},"categories":[1],"tags":[],"class_list":["post-1591","page","type-page","status-publish","hentry","category-egyeb"],"acf":[],"_links":{"self":[{"href":"https:\/\/semmelweis.hu\/jogigfoig\/wp-json\/wp\/v2\/pages\/1591","targetHints":{"allow":["GET"]}}],"collection":[{"href":"https:\/\/semmelweis.hu\/jogigfoig\/wp-json\/wp\/v2\/pages"}],"about":[{"href":"https:\/\/semmelweis.hu\/jogigfoig\/wp-json\/wp\/v2\/types\/page"}],"author":[{"embeddable":true,"href":"https:\/\/semmelweis.hu\/jogigfoig\/wp-json\/wp\/v2\/users\/12"}],"replies":[{"embeddable":true,"href":"https:\/\/semmelweis.hu\/jogigfoig\/wp-json\/wp\/v2\/comments?post=1591"}],"version-history":[{"count":7,"href":"https:\/\/semmelweis.hu\/jogigfoig\/wp-json\/wp\/v2\/pages\/1591\/revisions"}],"predecessor-version":[{"id":7912,"href":"https:\/\/semmelweis.hu\/jogigfoig\/wp-json\/wp\/v2\/pages\/1591\/revisions\/7912"}],"up":[{"embeddable":true,"href":"https:\/\/semmelweis.hu\/jogigfoig\/wp-json\/wp\/v2\/pages\/7841"}],"wp:attachment":[{"href":"https:\/\/semmelweis.hu\/jogigfoig\/wp-json\/wp\/v2\/media?parent=1591"}],"wp:term":[{"taxonomy":"category","embeddable":true,"href":"https:\/\/semmelweis.hu\/jogigfoig\/wp-json\/wp\/v2\/categories?post=1591"},{"taxonomy":"post_tag","embeddable":true,"href":"https:\/\/semmelweis.hu\/jogigfoig\/wp-json\/wp\/v2\/tags?post=1591"}],"curies":[{"name":"wp","href":"https:\/\/api.w.org\/{rel}","templated":true}]}}