{"id":1544,"date":"2013-06-14T09:15:17","date_gmt":"2013-06-14T09:15:17","guid":{"rendered":"http:\/\/semmelweis-egyetem.hu\/rektori-hivatal\/?page_id=1544"},"modified":"2021-02-01T15:58:58","modified_gmt":"2021-02-01T14:58:58","slug":"2013-majus-30","status":"publish","type":"page","link":"https:\/\/semmelweis.hu\/jogigfoig\/testuletek\/szenatus\/2013-evi-szenatusi-hatarozatok\/2013-majus-30\/","title":{"rendered":"2013. m\u00e1jus 30."},"content":{"rendered":"<ul>\n<li style=\"text-align: justify\"><a href=\"https:\/\/semmelweis.hu\/rektori-hivatal\/files\/2013\/06\/N-V.30_2013.-sz._napirend-elfogad\u00e1sa.pdf\" target=\"_blank\" rel=\"noopener noreferrer\">N_V.30.\/2013. sz. hat. a szen\u00e1tusi \u00fcl\u00e9s napirendi pontjainak elfogad\u00e1s\u00e1r\u00f3l<\/a><\/li>\n<li style=\"text-align: justify\"><a href=\"https:\/\/semmelweis.hu\/jogigfoig\/files\/2013\/06\/51_sz_V_30_HC.pdf\">51\/2013. (V.30.) sz\u00e1m\u00fa hat\u00e1rozat Doctor Honoris Causa c\u00edm adom\u00e1nyoz\u00e1s\u00e1r\u00f3l<\/a><\/li>\n<li style=\"text-align: justify\"><a href=\"https:\/\/semmelweis.hu\/jogigfoig\/files\/2013\/06\/52_sz_V_30_AOK_vezetoi.pdf\">52\/2013. (V.30.) sz\u00e1m\u00fa hat\u00e1rozat az \u00c1ltal\u00e1nos Orvostudom\u00e1nyi Karon 2013. \u00e9vre meghirdetett vezet\u0151i megb\u00edz\u00e1sokra be\u00e9rkezett p\u00e1ly\u00e1zatokr\u00f3l<\/a><\/li>\n<li style=\"text-align: justify\"><a href=\"https:\/\/semmelweis.hu\/jogigfoig\/files\/2013\/06\/53_sz_V_30_Leveltar_vezeto.pdf\">53\/2013. (V.30.) sz\u00e1m\u00fa hat\u00e1rozat a K\u00f6zponti Lev\u00e9lt\u00e1r vezet\u0151i megb\u00edz\u00e1s\u00e1ra be\u00e9rkezett p\u00e1ly\u00e1zat v\u00e9lem\u00e9nyez\u00e9s\u00e9r\u0151l<\/a><\/li>\n<li style=\"text-align: justify\"><a href=\"https:\/\/semmelweis.hu\/jogigfoig\/files\/2013\/06\/54_sz_V_30_ProfEmerit.pdf\">54\/2013. (V.30.) sz\u00e1m\u00fa hat\u00e1rozat a &#8222;Professor Emeritus&#8221; \u00e9s &#8222;Professor Emerita&#8221; c\u00edm adom\u00e1nyoz\u00e1s\u00e1r\u00f3l<\/a><\/li>\n<li style=\"text-align: justify\"><a href=\"https:\/\/semmelweis.hu\/jogigfoig\/files\/2013\/06\/55_sz_V_30_ProUniv.pdf\">55\/2013. (V.30.) sz\u00e1m\u00fa hat\u00e1rozat a Pro Universitate d\u00edj adom\u00e1nyoz\u00e1s\u00e1r\u00f3l<\/a><\/li>\n<li style=\"text-align: justify\"><a href=\"https:\/\/semmelweis.hu\/jogigfoig\/files\/2013\/06\/56_sz_V_30_egyet_docensi.pdf\">56\/2013. (V.30.) sz\u00e1m\u00fa hat\u00e1rozat a 2013. \u00e9vben meghirdetett egyetemi docensi \u00e1ll\u00e1shelyekre be\u00e9rkezett p\u00e1ly\u00e1zatok v\u00e9lem\u00e9nyez\u00e9s\u00e9r\u0151l<\/a><\/li>\n<li style=\"text-align: justify\"><a href=\"https:\/\/semmelweis.hu\/jogigfoig\/files\/2013\/06\/57_sz_V_30_foisk_tanari.pdf\">57\/2013. (V.30.) sz\u00e1m\u00fa hat\u00e1rozat a 2013. \u00e9vben meghirdetett f\u0151iskolai tan\u00e1ri \u00e1ll\u00e1shelyekre be\u00e9rkezett p\u00e1ly\u00e1zatok v\u00e9lem\u00e9nyez\u00e9s\u00e9r\u0151l<\/a><\/li>\n<li style=\"text-align: justify\"><a href=\"https:\/\/semmelweis.hu\/jogigfoig\/files\/2013\/06\/58_sz_V_30_ETK_karibizotts.pdf\">58\/2013. (V.30.) sz\u00e1m\u00fa hat\u00e1rozat az Eg\u00e9szs\u00e9gtudom\u00e1nyi Kar bizotts\u00e1gai szem\u00e9lyi \u00f6sszet\u00e9tel\u00e9nek meg\u00faj\u00edt\u00e1s\u00e1r\u00f3l<\/a><\/li>\n<li style=\"text-align: justify\"><a href=\"https:\/\/semmelweis.hu\/jogigfoig\/files\/2013\/06\/59_sz_V_30_Hugonnai.pdf\">59\/2013. (V.30.) sz\u00e1m\u00fa hat\u00e1rozat a 2013. \u00e9vi Hugonnai Vilma eml\u00e9k\u00e9rem \u00e9s jutalomd\u00edj adom\u00e1nyoz\u00e1s\u00e1r\u00f3l<\/a><\/li>\n<li style=\"text-align: justify\"><a href=\"https:\/\/semmelweis.hu\/jogigfoig\/files\/2013\/06\/60_sz_V_30_Huzella.pdf\">60\/2013. (V.30.) sz\u00e1m\u00fa hat\u00e1rozat a 2013. \u00e9vi Huzella Tivadar eml\u00e9k\u00e9rem \u00e9s jutalomd\u00edj adom\u00e1nyoz\u00e1s\u00e1r\u00f3l<\/a><\/li>\n<li style=\"text-align: justify\"><a href=\"https:\/\/semmelweis.hu\/jogigfoig\/files\/2013\/06\/61_sz_V_30_Jendrassik.pdf\">61\/2013. (V.30.) sz\u00e1m\u00fa hat\u00e1rozat a 2013. \u00e9vi Jendrassik Ern\u0151 eml\u00e9k\u00e9rem \u00e9s jutalomd\u00edj adom\u00e1nyoz\u00e1s\u00e1r\u00f3l<\/a><\/li>\n<li style=\"text-align: justify\"><a href=\"https:\/\/semmelweis.hu\/jogigfoig\/files\/2013\/06\/62_sz_V_30_SemmSymposium.pdf\">62\/2013. (V.30.) sz\u00e1m\u00fa hat\u00e1rozat a 2014. \u00e9vi Semmelweis Symposium megrendez\u00e9s\u00e9re beny\u00fajtott p\u00e1ly\u00e1zatok elb\u00edr\u00e1l\u00e1s\u00e1r\u00f3l<\/a><\/li>\n<li style=\"text-align: justify\"><a href=\"https:\/\/semmelweis.hu\/rektori-hivatal\/files\/2013\/06\/63.a.sz_.-V.30._Innov\u00e1ci\u00f3sK\u00f6zpont.pdf\" target=\"_blank\" rel=\"noopener noreferrer\">63\/a\/2013.(V.30.) sz. hat. az Innov\u00e1ci\u00f3s K\u00f6zpont l\u00e9trehoz\u00e1s\u00e1r\u00f3l<\/a><\/li>\n<li style=\"text-align: justify\"><a href=\"https:\/\/semmelweis.hu\/rektori-hivatal\/files\/2013\/06\/63.b.sz_.-_V.30.__Innov\u00e1ci\u00f3sK\u00f6zpont.pdf\" target=\"_blank\" rel=\"noopener noreferrer\">63\/b\/2013.(V.30.) sz. hat. az Innov\u00e1ci\u00f3s K\u00f6zpont l\u00e9trehoz\u00e1s\u00e1r\u00f3l<\/a><\/li>\n<li style=\"text-align: justify\"><a href=\"https:\/\/semmelweis.hu\/rektori-hivatal\/files\/2013\/06\/64.sz_.-V.30._IT_Igazg_l\u00e9treh.pdf\" target=\"_blank\" rel=\"noopener noreferrer\">64\/2013.(V.30.) sz\u00e1m\u00fa hat\u00e1rozat az Informatikai-Technol\u00f3giai \u00e9s \u00dczemeltet\u00e9si Igazgat\u00f3s\u00e1g l\u00e9trehoz\u00e1s\u00e1r\u00f3l<\/a><\/li>\n<li style=\"text-align: justify\"><a href=\"https:\/\/semmelweis.hu\/rektori-hivatal\/files\/2013\/06\/65.a.sz_.-V.30._Operat\u00edvF\u0151ig_l\u00e9treh.pdf\" target=\"_blank\" rel=\"noopener noreferrer\">65\/a\/2013.(V.30.) sz. hat. az Operat\u00edv F\u0151igazgat\u00f3s\u00e1g l\u00e9trehoz\u00e1s\u00e1r\u00f3l<\/a><\/li>\n<li style=\"text-align: justify\"><a href=\"https:\/\/semmelweis.hu\/rektori-hivatal\/files\/2013\/06\/65.b.sz_.-V.30._Operat\u00edvF\u0151ig_l\u00e9treh.pdf\" target=\"_blank\" rel=\"noopener noreferrer\">65\/b\/2013.(V.30.) sz. hat. az Operat\u00edv F\u0151igazgat\u00f3s\u00e1g l\u00e9trehoz\u00e1s\u00e1r\u00f3l<\/a><\/li>\n<li style=\"text-align: justify\"><a href=\"https:\/\/semmelweis.hu\/rektori-hivatal\/files\/2013\/06\/66.a.sz_.-V.30._Sz\u00e1mviteliPolitika.pdf\" target=\"_blank\" rel=\"noopener noreferrer\">66\/a\/2013.(V.30.) sz. hat. a Sz\u00e1mviteli politika c\u00edm\u0171 szab\u00e1lyzatr\u00f3l<\/a><\/li>\n<li style=\"text-align: justify\"><a href=\"https:\/\/semmelweis.hu\/rektori-hivatal\/files\/2013\/06\/66.b-sz.-V.30._Sz\u00e1mviteliPolitika.pdf\" target=\"_blank\" rel=\"noopener noreferrer\">66\/b\/2013.(V.30.) sz. hat. a Sz\u00e1mviteli politika c\u00edm\u0171 szab\u00e1lyzatr\u00f3l<\/a><\/li>\n<li style=\"text-align: justify\"><a href=\"https:\/\/semmelweis.hu\/rektori-hivatal\/files\/2013\/06\/67.a.-sz.-V.30._Eszk\u00f6z\u00f6k_Forr\u00e1sok_Szab.pdf\" target=\"_blank\" rel=\"noopener noreferrer\">67\/a\/2013.(V.30.) sz. hat. az Eszk\u00f6z\u00f6k \u00e9s forr\u00e1sok \u00e9rt\u00e9kel\u00e9si szab\u00e1lyzat\u00e1r\u00f3l<\/a><\/li>\n<li style=\"text-align: justify\"><a href=\"https:\/\/semmelweis.hu\/rektori-hivatal\/files\/2013\/06\/67.b.-sz.-_V.30.__Eszk\u00f6z\u00f6k_Forr\u00e1sok_Szab.pdf\" target=\"_blank\" rel=\"noopener noreferrer\">67\/b\/2013.(V.30.) sz. hat. az Eszk\u00f6z\u00f6k \u00e9s forr\u00e1sok \u00e9rt\u00e9kel\u00e9si szab\u00e1lyzat\u00e1r\u00f3l<\/a><\/li>\n<li style=\"text-align: justify\"><a href=\"https:\/\/semmelweis.hu\/rektori-hivatal\/files\/2013\/06\/68.a.-sz.-V.30._Sz\u00e1mlarend.pdf\" target=\"_blank\" rel=\"noopener noreferrer\">68\/a\/2013.(V.30.) sz. hat. a Sz\u00e1mlarend c\u00edm\u0171 szab\u00e1lyzatr\u00f3l<\/a><\/li>\n<li style=\"text-align: justify\"><a href=\"https:\/\/semmelweis.hu\/rektori-hivatal\/files\/2013\/06\/68.b.sz_.-_V.30.__Sz\u00e1mlarend.pdf\" target=\"_blank\" rel=\"noopener noreferrer\">68\/b\/2013.(V.30.) sz. hat. a Sz\u00e1mlarend c\u00edm\u0171 szab\u00e1lyzatr\u00f3l<\/a><\/li>\n<li style=\"text-align: justify\"><a href=\"https:\/\/semmelweis.hu\/rektori-hivatal\/files\/2013\/06\/69.a.sz_.-V.30._Sz\u00e1mlat\u00fck\u00f6r.pdf\" target=\"_blank\" rel=\"noopener noreferrer\">69\/a\/2013.(V.30.) sz. hat. a Sz\u00e1mlat\u00fck\u00f6r c\u00edm\u0171 szab\u00e1lyzatr\u00f3l<\/a><\/li>\n<li style=\"text-align: justify\"><a href=\"https:\/\/semmelweis.hu\/rektori-hivatal\/files\/2013\/06\/69.b.sz_.-V.30._Sz\u00e1mlat\u00fck\u00f6r.pdf\" target=\"_blank\" rel=\"noopener noreferrer\">69\/b\/2013.(V.30.) sz.\u00a0 hat. a Sz\u00e1mlat\u00fck\u00f6r c\u00edm\u0171 szab\u00e1lyzatr\u00f3l<\/a><\/li>\n<li style=\"text-align: justify\"><a href=\"https:\/\/semmelweis.hu\/rektori-hivatal\/files\/2013\/06\/70.a.-sz.-V.30._Beszerz\u00e9siIgazg.pdf\" target=\"_blank\" rel=\"noopener noreferrer\">70\/a\/2013.(V.30.) sz. hat. a Beszerz\u00e9si Igazgat\u00f3s\u00e1g l\u00e9trehoz\u00e1s\u00e1r\u00f3l<\/a><\/li>\n<li style=\"text-align: justify\"><a href=\"https:\/\/semmelweis.hu\/rektori-hivatal\/files\/2013\/06\/70.b.-sz.-V.30._Beszerz\u00e9siIgazg.pdf\" target=\"_blank\" rel=\"noopener noreferrer\">70\/b\/2013.(V.30.) sz. hat. a Beszerz\u00e9si Igazgat\u00f3s\u00e1g l\u00e9trehoz\u00e1s\u00e1r\u00f3l<\/a><\/li>\n<li style=\"text-align: justify\"><a href=\"https:\/\/semmelweis.hu\/rektori-hivatal\/files\/2013\/06\/71.a.-sz.-V.30._Doktori_Szab\u00e1lyzat.pdf\" target=\"_blank\" rel=\"noopener noreferrer\">71\/a\/2013.(V.30.) sz. hat. a Semmelweis Egyetem Doktori Szab\u00e1lyzat\u00e1r\u00f3l<\/a><\/li>\n<li style=\"text-align: justify\"><a href=\"https:\/\/semmelweis.hu\/rektori-hivatal\/files\/2013\/06\/71.b.sz_.-_V.30.__Doktori-Szab\u00e1lyzat.pdf\" target=\"_blank\" rel=\"noopener noreferrer\">71\/b\/2013.(V.30.) sz. hat. a Semmelweis Egyetem Doktori Szab\u00e1lyzat\u00e1r\u00f3l<\/a><\/li>\n<li style=\"text-align: justify\"><a href=\"https:\/\/semmelweis.hu\/rektori-hivatal\/files\/2013\/06\/72.-sz.-V.30._PlasztikaiSeb\u00e9szetiCsoport.pdf\" target=\"_blank\" rel=\"noopener noreferrer\">72\/2013.(V.30.) sz. hat. Plasztikai Seb\u00e9szeti Tansz\u00e9ki Csoport l\u00e9trehoz\u00e1s\u00e1r\u00f3l<\/a><\/li>\n<li style=\"text-align: justify\"><a href=\"https:\/\/semmelweis.hu\/rektori-hivatal\/files\/2013\/06\/73.-sz.-V.30._ETK_egy\u00fcttm_meg\u00e1ll.pdf\" target=\"_blank\" rel=\"noopener noreferrer\">73\/2013.(V.30.) sz. hat. az Eg\u00e9szs\u00e9gtudom\u00e1nyi Karon megk\u00f6tend\u0151 egy\u00fcttm\u0171k\u00f6d\u00e9si meg\u00e1llapod\u00e1sok j\u00f3v\u00e1hagy\u00e1s\u00e1r\u00f3l<\/a><\/li>\n<li style=\"text-align: justify\"><a href=\"https:\/\/semmelweis.hu\/rektori-hivatal\/files\/2013\/06\/74.-sz.-V.30._emeritus_t\u00e1mogat\u00e1s.pdf\" target=\"_blank\" rel=\"noopener noreferrer\">74\/2013.V.30.) sz. hat. az emerita \u00e9s emeritus professzorok laborat\u00f3riumi k\u00eds\u00e9rleteihez biztos\u00edtott t\u00e1mogat\u00e1sr\u00f3l<\/a><\/li>\n<li style=\"text-align: justify\"><a href=\"https:\/\/semmelweis.hu\/rektori-hivatal\/files\/2013\/06\/75.sz_.-V.30._f\u0151igazgat\u00f3i_\u00e1ll\u00e1sh.pdf\" target=\"_blank\" rel=\"noopener noreferrer\">75\/2013.(V.30.) sz. hat. a f\u0151igazgat\u00f3i \u00e1ll\u00e1shelyek l\u00e9trehoz\u00e1s\u00e1r\u00f3l a Semmelweis Egyetemen<\/a><\/li>\n<\/ul>\n","protected":false},"excerpt":{"rendered":"<p><a href=\"https:\/\/semmelweis.hu\/rektori-hivatal\/files\/2013\/06\/N-V.30_2013.-sz._napirend-elfogad\u00e1sa.pdf\" target=\"_blank\" rel=\"noopener noreferrer\">N_V.30.\/2013. sz. hat. a szen\u00e1tusi \u00fcl\u00e9s napirendi pontjainak elfogad\u00e1s\u00e1r\u00f3l<\/a><br \/>\n<a href=\"https:\/\/semmelweis.hu\/jogigfoig\/files\/2013\/06\/51_sz_V_30_HC.pdf\">51\/2013. (V.30.) sz\u00e1m\u00fa hat\u00e1rozat Doctor Honoris Causa c\u00edm adom\u00e1nyoz\u00e1s\u00e1r\u00f3l<\/a><br \/>\n<a href=\"https:\/\/semmelweis.hu\/jogigfoig\/files\/2013\/06\/52_sz_V_30_AOK_vezetoi.pdf\">52\/2013. (V.30.) sz\u00e1m\u00fa hat\u00e1rozat az \u00c1ltal\u00e1nos Orvostudom\u00e1nyi Karon 2013. \u00e9vre meghirdetett vezet\u0151i megb\u00edz\u00e1sokra be\u00e9rkezett p\u00e1ly\u00e1zatokr\u00f3l<\/a><br \/>\n<a href=\"https:\/\/semmelweis.hu\/jogigfoig\/files\/2013\/06\/53_sz_V_30_Leveltar_vezeto.pdf\">53\/2013. (V.30.) sz\u00e1m\u00fa hat\u00e1rozat a K\u00f6zponti Lev\u00e9lt\u00e1r vezet\u0151i megb\u00edz\u00e1s\u00e1ra be\u00e9rkezett p\u00e1ly\u00e1zat v\u00e9lem\u00e9nyez\u00e9s\u00e9r\u0151l<\/a><br \/>\n<a href=\"https:\/\/semmelweis.hu\/jogigfoig\/files\/2013\/06\/54_sz_V_30_ProfEmerit.pdf\">54\/2013. (V.30.) sz\u00e1m\u00fa hat\u00e1rozat a &#8222;Professor Emeritus&#8221; \u00e9s &#8222;Professor Emerita&#8221; c\u00edm adom\u00e1nyoz\u00e1s\u00e1r\u00f3l<\/a><br \/>\n<a href=\"https:\/\/semmelweis.hu\/jogigfoig\/files\/2013\/06\/55_sz_V_30_ProUniv.pdf\">55\/2013. (V.30.) sz\u00e1m\u00fa hat\u00e1rozat a Pro Universitate d\u00edj adom\u00e1nyoz\u00e1s\u00e1r\u00f3l<\/a><br \/>\n<a href=\"https:\/\/semmelweis.hu\/jogigfoig\/files\/2013\/06\/56_sz_V_30_egyet_docensi.pdf\">56\/2013. (V.30.) sz\u00e1m\u00fa hat\u00e1rozat a 2013. \u00e9vben meghirdetett egyetemi docensi \u00e1ll\u00e1shelyekre be\u00e9rkezett p\u00e1ly\u00e1zatok v\u00e9lem\u00e9nyez\u00e9s\u00e9r\u0151l<\/a><br \/>\n<a href=\"https:\/\/semmelweis.hu\/jogigfoig\/files\/2013\/06\/57_sz_V_30_foisk_tanari.pdf\">57\/2013. (V.30.) sz\u00e1m\u00fa hat\u00e1rozat a 2013. \u00e9vben meghirdetett f\u0151iskolai tan\u00e1ri \u00e1ll\u00e1shelyekre be\u00e9rkezett p\u00e1ly\u00e1zatok v\u00e9lem\u00e9nyez\u00e9s\u00e9r\u0151l<\/a><br \/>\n<a href=\"https:\/\/semmelweis.hu\/jogigfoig\/files\/2013\/06\/58_sz_V_30_ETK_karibizotts.pdf\">58\/2013. (V.30.) sz\u00e1m\u00fa hat\u00e1rozat az Eg\u00e9szs\u00e9gtudom\u00e1nyi Kar bizotts\u00e1gai szem\u00e9lyi \u00f6sszet\u00e9tel\u00e9nek meg\u00faj\u00edt\u00e1s\u00e1r\u00f3l<\/a><br \/>\n<a href=\"https:\/\/semmelweis.hu\/jogigfoig\/files\/2013\/06\/59_sz_V_30_Hugonnai.pdf\">59\/2013. (V.30.) sz\u00e1m\u00fa hat\u00e1rozat a 2013. \u00e9vi Hugonnai Vilma eml\u00e9k\u00e9rem \u00e9s jutalomd\u00edj adom\u00e1nyoz\u00e1s\u00e1r\u00f3l<\/a><br \/>\n<a href=\"https:\/\/semmelweis.hu\/jogigfoig\/files\/2013\/06\/60_sz_V_30_Huzella.pdf\">60\/2013. (V.30.) sz\u00e1m\u00fa hat\u00e1rozat a 2013. \u00e9vi Huzella Tivadar eml\u00e9k\u00e9rem \u00e9s jutalomd\u00edj adom\u00e1nyoz\u00e1s\u00e1r\u00f3l<\/a><br \/>\n<a href=\"https:\/\/semmelweis.hu\/jogigfoig\/files\/2013\/06\/61_sz_V_30_Jendrassik.pdf\">61\/2013. (V.30.) sz\u00e1m\u00fa hat\u00e1rozat a 2013. \u00e9vi Jendrassik Ern\u0151 eml\u00e9k\u00e9rem \u00e9s jutalomd\u00edj adom\u00e1nyoz\u00e1s\u00e1r\u00f3l<\/a><br \/>\n<a href=\"https:\/\/semmelweis.hu\/jogigfoig\/files\/2013\/06\/62_sz_V_30_SemmSymposium.pdf\">62\/2013. (V.30.) sz\u00e1m\u00fa hat\u00e1rozat a 2014. \u00e9vi Semmelweis Symposium megrendez\u00e9s\u00e9re beny\u00fajtott p\u00e1ly\u00e1zatok elb\u00edr\u00e1l\u00e1s\u00e1r\u00f3l<\/a><br \/>\n<a href=\"https:\/\/semmelweis.hu\/rektori-hivatal\/files\/2013\/06\/63.a.sz_.-V.30._Innov\u00e1ci\u00f3sK\u00f6zpont.pdf\" target=\"_blank\" rel=\"noopener noreferrer\">63\/a\/2013.(V.30.) sz. hat. az Innov\u00e1ci\u00f3s K\u00f6zpont l\u00e9trehoz\u00e1s\u00e1r\u00f3l<\/a><br \/>\n<a href=\"https:\/\/semmelweis.hu\/rektori-hivatal\/files\/2013\/06\/63.b.sz_.-_V.30.__Innov\u00e1ci\u00f3sK\u00f6zpont.pdf\" target=\"_blank\" rel=\"noopener noreferrer\">63\/b\/2013.(V.30.) sz. hat. az Innov\u00e1ci\u00f3s K\u00f6zpont l\u00e9trehoz\u00e1s\u00e1r\u00f3l<\/a><br \/>\n<a href=\"https:\/\/semmelweis.hu\/rektori-hivatal\/files\/2013\/06\/64.sz_.-V.30._IT_Igazg_l\u00e9treh.pdf\" target=\"_blank\" rel=\"noopener noreferrer\">64\/2013.(V.30.) sz\u00e1m\u00fa hat\u00e1rozat az Informatikai-Technol\u00f3giai \u00e9s \u00dczemeltet\u00e9si Igazgat\u00f3s\u00e1g l\u00e9trehoz\u00e1s\u00e1r\u00f3l<\/a><br \/>\n<a href=\"https:\/\/semmelweis.hu\/rektori-hivatal\/files\/2013\/06\/65.a.sz_.-V.30._Operat\u00edvF\u0151ig_l\u00e9treh.pdf\" target=\"_blank\" rel=\"noopener noreferrer\">65\/a\/2013.(V.30.) sz. hat. az Operat\u00edv F\u0151igazgat\u00f3s\u00e1g l\u00e9trehoz\u00e1s\u00e1r\u00f3l<\/a><br \/>\n<a href=\"https:\/\/semmelweis.hu\/rektori-hivatal\/files\/2013\/06\/65.b.sz_.-V.30._Operat\u00edvF\u0151ig_l\u00e9treh.pdf\" target=\"_blank\" rel=\"noopener noreferrer\">65\/b\/2013.(V.30.) sz. hat. az Operat\u00edv F\u0151igazgat\u00f3s\u00e1g l\u00e9trehoz\u00e1s\u00e1r\u00f3l<\/a><br \/>\n<a href=\"https:\/\/semmelweis.hu\/rektori-hivatal\/files\/2013\/06\/66.a.sz_.-V.30._Sz\u00e1mviteliPolitika.pdf\" target=\"_blank\" rel=\"noopener noreferrer\">66\/a\/2013.(V.30.) sz. hat. a Sz\u00e1mviteli politika c\u00edm\u0171 szab\u00e1lyzatr\u00f3l<\/a><br \/>\n<a href=\"https:\/\/semmelweis.hu\/rektori-hivatal\/files\/2013\/06\/66.b-sz.-V.30._Sz\u00e1mviteliPolitika.pdf\" target=\"_blank\" rel=\"noopener noreferrer\">66\/b\/2013.(V.30.) sz. hat. a Sz\u00e1mviteli politika c\u00edm\u0171 szab\u00e1lyzatr\u00f3l<\/a><br \/>\n<a href=\"https:\/\/semmelweis.hu\/rektori-hivatal\/files\/2013\/06\/67.a.-sz.-V.30._Eszk\u00f6z\u00f6k_Forr\u00e1sok_Szab.pdf\" target=\"_blank\" rel=\"noopener noreferrer\">67\/a\/2013.(V.30.) sz. hat. az Eszk\u00f6z\u00f6k \u00e9s forr\u00e1sok \u00e9rt\u00e9kel\u00e9si szab\u00e1lyzat\u00e1r\u00f3l<\/a><br \/>\n<a href=\"https:\/\/semmelweis.hu\/rektori-hivatal\/files\/2013\/06\/67.b.-sz.-_V.30.__Eszk\u00f6z\u00f6k_Forr\u00e1sok_Szab.pdf\" target=\"_blank\" rel=\"noopener noreferrer\">67\/b\/2013.(V.30.) sz. hat. az Eszk\u00f6z\u00f6k \u00e9s forr\u00e1sok \u00e9rt\u00e9kel\u00e9si szab\u00e1lyzat\u00e1r\u00f3l<\/a><br \/>\n<a href=\"https:\/\/semmelweis.hu\/rektori-hivatal\/files\/2013\/06\/68.a.-sz.-V.30._Sz\u00e1mlarend.pdf\" target=\"_blank\" rel=\"noopener noreferrer\">68\/a\/2013.(V.30.) sz. hat. a Sz\u00e1mlarend c\u00edm\u0171 szab\u00e1lyzatr\u00f3l<\/a><br \/>\n<a href=\"https:\/\/semmelweis.hu\/rektori-hivatal\/files\/2013\/06\/68.b.sz_.-_V.30.__Sz\u00e1mlarend.pdf\" target=\"_blank\" rel=\"noopener noreferrer\">68\/b\/2013.(V.30.) sz. hat. a Sz\u00e1mlarend c\u00edm\u0171 szab\u00e1lyzatr\u00f3l<\/a><br \/>\n<a href=\"https:\/\/semmelweis.hu\/rektori-hivatal\/files\/2013\/06\/69.a.sz_.-V.30._Sz\u00e1mlat\u00fck\u00f6r.pdf\" target=\"_blank\" rel=\"noopener noreferrer\">69\/a\/2013.(V.30.) sz. hat. a Sz\u00e1mlat\u00fck\u00f6r c\u00edm\u0171 szab\u00e1lyzatr\u00f3l<\/a><br \/>\n<a href=\"https:\/\/semmelweis.hu\/rektori-hivatal\/files\/2013\/06\/69.b.sz_.-V.30._Sz\u00e1mlat\u00fck\u00f6r.pdf\" target=\"_blank\" rel=\"noopener noreferrer\">69\/b\/2013.(V.30.) sz.\u00a0 hat. a Sz\u00e1mlat\u00fck\u00f6r c\u00edm\u0171 szab\u00e1lyzatr\u00f3l<\/a><br \/>\n<a href=\"https:\/\/semmelweis.hu\/rektori-hivatal\/files\/2013\/06\/70.a.-sz.-V.30._Beszerz\u00e9siIgazg.pdf\" target=\"_blank\" rel=\"noopener noreferrer\">70\/a\/2013.(V.30.) sz. hat. a Beszerz\u00e9si Igazgat\u00f3s\u00e1g l\u00e9trehoz\u00e1s\u00e1r\u00f3l<\/a><br \/>\n<a href=\"https:\/\/semmelweis.hu\/rektori-hivatal\/files\/2013\/06\/70.b.-sz.-V.30._Beszerz\u00e9siIgazg.pdf\" target=\"_blank\" rel=\"noopener noreferrer\">70\/b\/2013.(V.30.) sz. hat. a Beszerz\u00e9si Igazgat\u00f3s\u00e1g l\u00e9trehoz\u00e1s\u00e1r\u00f3l<\/a><br \/>\n<a href=\"https:\/\/semmelweis.hu\/rektori-hivatal\/files\/2013\/06\/71.a.-sz.-V.30._Doktori_Szab\u00e1lyzat.pdf\" target=\"_blank\" rel=\"noopener noreferrer\">71\/a\/2013.(V.30.) sz. hat. a Semmelweis Egyetem Doktori Szab\u00e1lyzat\u00e1r\u00f3l<\/a><br \/>\n<a href=\"https:\/\/semmelweis.hu\/rektori-hivatal\/files\/2013\/06\/71.b.sz_.-_V.30.__Doktori-Szab\u00e1lyzat.pdf\" target=\"_blank\" rel=\"noopener noreferrer\">71\/b\/2013.(V.30.) sz. hat. a Semmelweis Egyetem Doktori Szab\u00e1lyzat\u00e1r\u00f3l<\/a><br \/>\n<a href=\"https:\/\/semmelweis.hu\/rektori-hivatal\/files\/2013\/06\/72.-sz.-V.30._PlasztikaiSeb\u00e9szetiCsoport.pdf\" target=\"_blank\" rel=\"noopener noreferrer\">72\/2013.(V.30.) sz. hat. Plasztikai Seb\u00e9szeti Tansz\u00e9ki Csoport l\u00e9trehoz\u00e1s\u00e1r\u00f3l<\/a><br \/>\n<a href=\"https:\/\/semmelweis.hu\/rektori-hivatal\/files\/2013\/06\/73.-sz.-V.30._ETK_egy\u00fcttm_meg\u00e1ll.pdf\" target=\"_blank\" rel=\"noopener noreferrer\">73\/2013.(V.30.) sz. hat. az Eg\u00e9szs\u00e9gtudom\u00e1nyi Karon megk\u00f6tend\u0151 egy\u00fcttm\u0171k\u00f6d\u00e9si meg\u00e1llapod\u00e1sok j\u00f3v\u00e1hagy\u00e1s\u00e1r\u00f3l<\/a><br \/>\n<a href=\"https:\/\/semmelweis.hu\/rektori-hivatal\/files\/2013\/06\/74.-sz.-V.30._emeritus_t\u00e1mogat\u00e1s.pdf\" target=\"_blank\" rel=\"noopener noreferrer\">74\/2013.V.30.) sz. hat. az emerita \u00e9s emeritus professzorok laborat\u00f3riumi k\u00eds\u00e9rleteihez biztos\u00edtott t\u00e1mogat\u00e1sr\u00f3l<\/a><br \/>\n<a href=\"https:\/\/semmelweis.hu\/rektori-hivatal\/files\/2013\/06\/75.sz_.-V.30._f\u0151igazgat\u00f3i_\u00e1ll\u00e1sh.pdf\" target=\"_blank\" rel=\"noopener noreferrer\">75\/2013.(V.30.) sz. hat. a f\u0151igazgat\u00f3i \u00e1ll\u00e1shelyek l\u00e9trehoz\u00e1s\u00e1r\u00f3l a Semmelweis Egyetemen<\/a><\/p>\n","protected":false},"author":12,"featured_media":0,"parent":7841,"menu_order":5,"comment_status":"closed","ping_status":"closed","template":"","meta":{"_acf_changed":false,"footnotes":""},"categories":[],"tags":[],"class_list":["post-1544","page","type-page","status-publish","hentry"],"acf":[],"_links":{"self":[{"href":"https:\/\/semmelweis.hu\/jogigfoig\/wp-json\/wp\/v2\/pages\/1544","targetHints":{"allow":["GET"]}}],"collection":[{"href":"https:\/\/semmelweis.hu\/jogigfoig\/wp-json\/wp\/v2\/pages"}],"about":[{"href":"https:\/\/semmelweis.hu\/jogigfoig\/wp-json\/wp\/v2\/types\/page"}],"author":[{"embeddable":true,"href":"https:\/\/semmelweis.hu\/jogigfoig\/wp-json\/wp\/v2\/users\/12"}],"replies":[{"embeddable":true,"href":"https:\/\/semmelweis.hu\/jogigfoig\/wp-json\/wp\/v2\/comments?post=1544"}],"version-history":[{"count":11,"href":"https:\/\/semmelweis.hu\/jogigfoig\/wp-json\/wp\/v2\/pages\/1544\/revisions"}],"predecessor-version":[{"id":79316,"href":"https:\/\/semmelweis.hu\/jogigfoig\/wp-json\/wp\/v2\/pages\/1544\/revisions\/79316"}],"up":[{"embeddable":true,"href":"https:\/\/semmelweis.hu\/jogigfoig\/wp-json\/wp\/v2\/pages\/7841"}],"wp:attachment":[{"href":"https:\/\/semmelweis.hu\/jogigfoig\/wp-json\/wp\/v2\/media?parent=1544"}],"wp:term":[{"taxonomy":"category","embeddable":true,"href":"https:\/\/semmelweis.hu\/jogigfoig\/wp-json\/wp\/v2\/categories?post=1544"},{"taxonomy":"post_tag","embeddable":true,"href":"https:\/\/semmelweis.hu\/jogigfoig\/wp-json\/wp\/v2\/tags?post=1544"}],"curies":[{"name":"wp","href":"https:\/\/api.w.org\/{rel}","templated":true}]}}