{"id":1446,"date":"2013-05-08T13:48:02","date_gmt":"2013-05-08T13:48:02","guid":{"rendered":"http:\/\/semmelweis-egyetem.hu\/rektori-hivatal\/?page_id=1446"},"modified":"2020-02-13T09:40:50","modified_gmt":"2020-02-13T08:40:50","slug":"2013-aprilis-25","status":"publish","type":"page","link":"https:\/\/semmelweis.hu\/jogigfoig\/testuletek\/szenatus\/2013-evi-szenatusi-hatarozatok\/2013-aprilis-25\/","title":{"rendered":"2013. \u00e1prilis 25."},"content":{"rendered":"<ul>\n<li style=\"text-align: justify\"><a href=\"https:\/\/semmelweis.hu\/jogigfoig\/files\/2013\/05\/N_IV_25_napirendelf.pdf\">N.IV.25\/2013. sz\u00e1m\u00fa hat\u00e1rozat a szen\u00e1tusi \u00fcl\u00e9s naprendi pontjainak elfogad\u00e1s\u00e1r\u00f3l<\/a><\/li>\n<li style=\"text-align: justify\"><a href=\"https:\/\/semmelweis.hu\/rektori-hivatal\/files\/2013\/05\/38_a_sz_IV_25-Habilit\u00e1ci\u00f3sSzab\u00e1lyzat_m\u00f3d.pdf\" target=\"_blank\" rel=\"noopener noreferrer\">38\/a\/2013.(IV.25.) sz. hat. a Habilit\u00e1ci\u00f3s Szab\u00e1lyzat m\u00f3dos\u00edt\u00e1s\u00e1r\u00f3l<\/a><\/li>\n<li style=\"text-align: justify\"><a href=\"https:\/\/semmelweis.hu\/rektori-hivatal\/files\/2013\/05\/38_b_sz_IV_25_Habilit\u00e1ci\u00f3sSzab\u00e1lyzat.pdf\" target=\"_blank\" rel=\"noopener noreferrer\">38\/b\/2013.(IV.25.) sz. hat. a Semmelweis Egyetem Habilit\u00e1ci\u00f3s Szab\u00e1lyzat\u00e1nak m\u00f3dos\u00edt\u00e1s\u00e1r\u00f3l<\/a><\/li>\n<li style=\"text-align: justify\"><a href=\"https:\/\/semmelweis.hu\/rektori-hivatal\/files\/2013\/05\/39_a_sz_KlinikaiPreklin_Szab.pdf\" target=\"_blank\" rel=\"noopener noreferrer\">39\/a\/2013.(IV.25.) sz. hat. a Semmelweis Egyetem Klinikai \u00e9s Preklinikai Kutat\u00e1si Szab\u00e1lyzat\u00e1nak m\u00f3dos\u00edt\u00e1s\u00e1r\u00f3l<\/a><\/li>\n<li style=\"text-align: justify\"><a href=\"https:\/\/semmelweis.hu\/rektori-hivatal\/files\/2013\/05\/39_b_sz_IV_25_KlinikaiPreklin_Szab.pdf\" target=\"_blank\" rel=\"noopener noreferrer\">39\/b\/2013.(IV.25.) sz. hat. a Semmelweis Egyetem Klinikai \u00e9s Preklinikai Kutat\u00e1si Szab\u00e1lyzat\u00e1nak m\u00f3dos\u00edt\u00e1s\u00e1r\u00f3l<\/a><\/li>\n<li style=\"text-align: justify\"><a href=\"https:\/\/semmelweis.hu\/jogigfoig\/files\/2013\/05\/40_sz_IV_25_egyet_foisk_docens.pdf\">40\/2013. (IV.25.) sz\u00e1m\u00fa hat\u00e1rozat a 2013. \u00e9vre meghirdetett egyetemi\/f\u0151iskolai docensi \u00e1ll\u00e1shirdet\u00e9sre be\u00e9rezett p\u00e1ly\u00e1zatok v\u00e9lem\u00e9nyez\u00e9s\u00e9r\u0151l<\/a><\/li>\n<li style=\"text-align: justify\"><a href=\"https:\/\/semmelweis.hu\/jogigfoig\/files\/2013\/05\/41_sz_IV_25_arany_pecsetgyuru.pdf\">41\/2013. (IV.25.) sz\u00e1m\u00fa hat\u00e1rozat az Egyetem c\u00edmer\u00e9vel d\u00edsz\u00edtett arany pecs\u00e9tgy\u0171r\u0171 adom\u00e1nyoz\u00e1s\u00e1r\u00f3l<\/a><\/li>\n<li style=\"text-align: justify\"><a href=\"https:\/\/semmelweis.hu\/jogigfoig\/files\/2013\/05\/42_sz_IV_25_kivalo_oktato.pdf\">42\/2013. (IV.25.) sz\u00e1m\u00fa hat\u00e1rozat a 2013. \u00e9vi Semmelweis Egyetem Kiv\u00e1l\u00f3 Oktat\u00f3ja kit\u00fcntet\u0151 c\u00edm adom\u00e1nyoz\u00e1s\u00e1r\u00f3l<\/a><\/li>\n<li style=\"text-align: justify\"><a href=\"https:\/\/semmelweis.hu\/jogigfoig\/files\/2013\/05\/43_sz_IV_25_Asklepios_cim.pdf\">43\/2013. (IV.25.) sz\u00e1m\u00fa hat\u00e1rozat a &#8222;Semmelweis Egyetem professzora az Asklepios Campus Hamburg Oktat\u00e1si Centrumban&#8221; c\u00edm adom\u00e1nyoz\u00e1s\u00e1r\u00f3l<\/a><\/li>\n<li style=\"text-align: justify\"><a href=\"https:\/\/semmelweis.hu\/jogigfoig\/files\/2013\/05\/44_sz_IV_25_FogyatekosHUFB_szemosszetetel.pdf\">44\/2013. (IV.25.) sz\u00e1m\u00fa hat\u00e1rozat a Fogyat\u00e9kos Hallgat\u00f3k \u00dcgyeivel Foglalkoz\u00f3 Bizotts\u00e1g szem\u00e9lyi \u00f6sszet\u00e9tel\u00e9r\u0151l<\/a><\/li>\n<li style=\"text-align: justify\"><a href=\"https:\/\/semmelweis.hu\/rektori-hivatal\/files\/2013\/05\/45_a_sz_IV_25_Oktat\u00f3i-munka-hallgat\u00f3i-v\u00e9lem\u00e9myez\u00e9s\u00e9r\u0151l.pdf\" target=\"_blank\" rel=\"noopener noreferrer\">45\/a\/2013.(IV.25.) sz. hat. az oktat\u00f3i munka hallgat\u00f3i v\u00e9lem\u00e9nyez\u00e9s\u00e9r\u0151l sz\u00f3l\u00f3 szab\u00e1lyzatr\u00f3l<\/a><\/li>\n<li style=\"text-align: justify\"><a href=\"https:\/\/semmelweis.hu\/rektori-hivatal\/files\/2013\/05\/45_b_sz_IV_25_Oktat\u00f3-munka-hallgat\u00f3i-v\u00e9lem\u00e9nyez\u00e9s\u00e9r\u0151l.pdf\" target=\"_blank\" rel=\"noopener noreferrer\">45\/b\/2013.(IV.25.) sz. hat. az oktat\u00f3i munka hallgat\u00f3i v\u00e9lem\u00e9nyez\u00e9s\u00e9r\u0151l sz\u00f3l\u00f3 szab\u00e1lyzatr\u00f3l<\/a><\/li>\n<li style=\"text-align: justify\"><a href=\"https:\/\/semmelweis.hu\/rektori-hivatal\/files\/2013\/05\/46_a_sz_IV_25_Tan\u00e1rk\u00e9pz\u0151-K\u00f6zpont.pdf\" target=\"_blank\" rel=\"noopener noreferrer\">46\/a\/2013.(IV.25.) sz. hat. a Tan\u00e1rk\u00e9pz\u0151 K\u00f6zpont Szervezeti \u00e9s M\u0171k\u00f6d\u00e9si Rendj\u00e9nek elfogad\u00e1s\u00e1r\u00f3l<\/a><\/li>\n<li style=\"text-align: justify\"><a href=\"https:\/\/semmelweis.hu\/rektori-hivatal\/files\/2013\/05\/46_b_sz_IV_25_Tan\u00e1rk\u00e9pz\u0151-K\u00f6zpont_m\u0171k\u00f6d\u00e9si-rendje.pdf\" target=\"_blank\" rel=\"noopener noreferrer\">46\/b\/2013.(IV.25.) sz. hat. a Tan\u00e1rk\u00e9pz\u0151 K\u00f6zpont Szervezeti \u00e9s M\u0171k\u00f6d\u00e9si Rendj\u00e9nek elfogad\u00e1s\u00e1r\u00f3l<\/a><\/li>\n<li style=\"text-align: justify\"><a href=\"https:\/\/semmelweis.hu\/rektori-hivatal\/files\/2013\/05\/47_sz_IV_25_gazd_t\u00e1rs_2012.pdf\" target=\"_blank\" rel=\"noopener noreferrer\">47\/2013.(IV.25.) sz. hat. a Semmelweis Egyetem tulajdonosi joggyakorl\u00e1sa al\u00e1 tartoz\u00f3 gazdas\u00e1gi t\u00e1rsas\u00e1gok 2012. \u00e9vi m\u0171k\u00f6d\u00e9s\u00e9r\u0151l sz\u00f3l\u00f3 el\u0151terjeszt\u00e9s\u00e9r\u0151l<\/a><\/li>\n<li style=\"text-align: justify\"><a href=\"https:\/\/semmelweis.hu\/rektori-hivatal\/files\/2013\/05\/48_sz_IV_25_egy\u00fcttm_meg\u00e1ll_ETK.pdf\" target=\"_blank\" rel=\"noopener noreferrer\">48\/2013.(IV.25.) sz.\u00a0 hat. az Eg\u00e9szs\u00e9gtudom\u00e1nyi Karon megk\u00f6tend\u0151 egy\u00fcttm\u0171k\u00f6d\u00e9si meg\u00e1llapod\u00e1sok j\u00f3v\u00e1hagy\u00e1s\u00e1r\u00f3l<\/a><\/li>\n<li style=\"text-align: justify\"><a href=\"https:\/\/semmelweis.hu\/rektori-hivatal\/files\/2013\/05\/49_sz_IV_25_H\u00d6K_Alapszab_m\u00f3d.pdf\" target=\"_blank\" rel=\"noopener noreferrer\">49\/2013.(IV.25.) sz. hat a Hallgat\u00f3i \u00d6nkorm\u00e1nyzat Alapszab\u00e1lya m\u00f3dos\u00edt\u00e1s\u00e1nak j\u00f3v\u00e1hagy\u00e1s\u00e1r\u00f3l<\/a><\/li>\n<li style=\"text-align: justify\"><a href=\"https:\/\/semmelweis.hu\/rektori-hivatal\/files\/2013\/05\/50_sz_IV_25_Tud_etikai_K\u00f3dex.pdf\" target=\"_blank\" rel=\"noopener noreferrer\">50\/2013.(IV.25.) sz. hat. a Magyar Tudom\u00e1nyos Akad\u00e9mia Tudom\u00e1nyetikai K\u00f3dex\u00e9nek elfogad\u00e1s\u00e1r\u00f3l<\/a><\/li>\n<\/ul>\n","protected":false},"excerpt":{"rendered":"<p><a href=\"https:\/\/semmelweis.hu\/jogigfoig\/files\/2013\/05\/N_IV_25_napirendelf.pdf\">N.IV.25\/2013. sz\u00e1m\u00fa hat\u00e1rozat a szen\u00e1tusi \u00fcl\u00e9s naprendi pontjainak elfogad\u00e1s\u00e1r\u00f3l<\/a><br \/>\n<a href=\"https:\/\/semmelweis.hu\/rektori-hivatal\/files\/2013\/05\/38_a_sz_IV_25-Habilit\u00e1ci\u00f3sSzab\u00e1lyzat_m\u00f3d.pdf\" target=\"_blank\" rel=\"noopener noreferrer\">38\/a\/2013.(IV.25.) sz. hat. a Habilit\u00e1ci\u00f3s Szab\u00e1lyzat m\u00f3dos\u00edt\u00e1s\u00e1r\u00f3l<\/a><br \/>\n<a href=\"https:\/\/semmelweis.hu\/rektori-hivatal\/files\/2013\/05\/38_b_sz_IV_25_Habilit\u00e1ci\u00f3sSzab\u00e1lyzat.pdf\" target=\"_blank\" rel=\"noopener noreferrer\">38\/b\/2013.(IV.25.) sz. hat. a Semmelweis Egyetem Habilit\u00e1ci\u00f3s Szab\u00e1lyzat\u00e1nak m\u00f3dos\u00edt\u00e1s\u00e1r\u00f3l<\/a><br \/>\n<a href=\"https:\/\/semmelweis.hu\/rektori-hivatal\/files\/2013\/05\/39_a_sz_KlinikaiPreklin_Szab.pdf\" target=\"_blank\" rel=\"noopener noreferrer\">39\/a\/2013.(IV.25.) sz. hat. a Semmelweis Egyetem Klinikai \u00e9s Preklinikai Kutat\u00e1si Szab\u00e1lyzat\u00e1nak m\u00f3dos\u00edt\u00e1s\u00e1r\u00f3l<\/a><br \/>\n<a href=\"https:\/\/semmelweis.hu\/rektori-hivatal\/files\/2013\/05\/39_b_sz_IV_25_KlinikaiPreklin_Szab.pdf\" target=\"_blank\" rel=\"noopener noreferrer\">39\/b\/2013.(IV.25.) sz. hat. a Semmelweis Egyetem Klinikai \u00e9s Preklinikai Kutat\u00e1si Szab\u00e1lyzat\u00e1nak m\u00f3dos\u00edt\u00e1s\u00e1r\u00f3l<\/a><br \/>\n<a href=\"https:\/\/semmelweis.hu\/jogigfoig\/files\/2013\/05\/40_sz_IV_25_egyet_foisk_docens.pdf\">40\/2013. (IV.25.) sz\u00e1m\u00fa hat\u00e1rozat a 2013. \u00e9vre meghirdetett egyetemi\/f\u0151iskolai docensi \u00e1ll\u00e1shirdet\u00e9sre be\u00e9rezett p\u00e1ly\u00e1zatok v\u00e9lem\u00e9nyez\u00e9s\u00e9r\u0151l<\/a><br \/>\n<a href=\"https:\/\/semmelweis.hu\/jogigfoig\/files\/2013\/05\/41_sz_IV_25_arany_pecsetgyuru.pdf\">41\/2013. (IV.25.) sz\u00e1m\u00fa hat\u00e1rozat az Egyetem c\u00edmer\u00e9vel d\u00edsz\u00edtett arany pecs\u00e9tgy\u0171r\u0171 adom\u00e1nyoz\u00e1s\u00e1r\u00f3l<\/a><br \/>\n<a href=\"https:\/\/semmelweis.hu\/jogigfoig\/files\/2013\/05\/42_sz_IV_25_kivalo_oktato.pdf\">42\/2013. (IV.25.) sz\u00e1m\u00fa hat\u00e1rozat a 2013. \u00e9vi Semmelweis Egyetem Kiv\u00e1l\u00f3 Oktat\u00f3ja kit\u00fcntet\u0151 c\u00edm adom\u00e1nyoz\u00e1s\u00e1r\u00f3l<\/a><br \/>\n<a href=\"https:\/\/semmelweis.hu\/jogigfoig\/files\/2013\/05\/43_sz_IV_25_Asklepios_cim.pdf\">43\/2013. (IV.25.) sz\u00e1m\u00fa hat\u00e1rozat a &#8222;Semmelweis Egyetem professzora az Asklepios Campus Hamburg Oktat\u00e1si Centrumban&#8221; c\u00edm adom\u00e1nyoz\u00e1s\u00e1r\u00f3l<\/a><br \/>\n<a href=\"https:\/\/semmelweis.hu\/jogigfoig\/files\/2013\/05\/44_sz_IV_25_FogyatekosHUFB_szemosszetetel.pdf\">44\/2013. (IV.25.) sz\u00e1m\u00fa hat\u00e1rozat a Fogyat\u00e9kos Hallgat\u00f3k \u00dcgyeivel Foglalkoz\u00f3 Bizotts\u00e1g szem\u00e9lyi \u00f6sszet\u00e9tel\u00e9r\u0151l<\/a><br \/>\n<a href=\"https:\/\/semmelweis.hu\/rektori-hivatal\/files\/2013\/05\/45_a_sz_IV_25_Oktat\u00f3i-munka-hallgat\u00f3i-v\u00e9lem\u00e9myez\u00e9s\u00e9r\u0151l.pdf\" target=\"_blank\" rel=\"noopener noreferrer\">45\/a\/2013.(IV.25.) sz. hat. az oktat\u00f3i munka hallgat\u00f3i v\u00e9lem\u00e9nyez\u00e9s\u00e9r\u0151l sz\u00f3l\u00f3 szab\u00e1lyzatr\u00f3l<\/a><br \/>\n<a href=\"https:\/\/semmelweis.hu\/rektori-hivatal\/files\/2013\/05\/45_b_sz_IV_25_Oktat\u00f3-munka-hallgat\u00f3i-v\u00e9lem\u00e9nyez\u00e9s\u00e9r\u0151l.pdf\" target=\"_blank\" rel=\"noopener noreferrer\">45\/b\/2013.(IV.25.) sz. hat. az oktat\u00f3i munka hallgat\u00f3i v\u00e9lem\u00e9nyez\u00e9s\u00e9r\u0151l sz\u00f3l\u00f3 szab\u00e1lyzatr\u00f3l<\/a><br \/>\n<a href=\"https:\/\/semmelweis.hu\/rektori-hivatal\/files\/2013\/05\/46_a_sz_IV_25_Tan\u00e1rk\u00e9pz\u0151-K\u00f6zpont.pdf\" target=\"_blank\" rel=\"noopener noreferrer\">46\/a\/2013.(IV.25.) sz. hat. a Tan\u00e1rk\u00e9pz\u0151 K\u00f6zpont Szervezeti \u00e9s M\u0171k\u00f6d\u00e9si Rendj\u00e9nek elfogad\u00e1s\u00e1r\u00f3l<\/a><br \/>\n<a href=\"https:\/\/semmelweis.hu\/rektori-hivatal\/files\/2013\/05\/46_b_sz_IV_25_Tan\u00e1rk\u00e9pz\u0151-K\u00f6zpont_m\u0171k\u00f6d\u00e9si-rendje.pdf\" target=\"_blank\" rel=\"noopener noreferrer\">46\/b\/2013.(IV.25.) sz. hat. a Tan\u00e1rk\u00e9pz\u0151 K\u00f6zpont Szervezeti \u00e9s M\u0171k\u00f6d\u00e9si Rendj\u00e9nek elfogad\u00e1s\u00e1r\u00f3l<\/a><br \/>\n<a href=\"https:\/\/semmelweis.hu\/rektori-hivatal\/files\/2013\/05\/47_sz_IV_25_gazd_t\u00e1rs_2012.pdf\" target=\"_blank\" rel=\"noopener noreferrer\">47\/2013.(IV.25.) sz. hat. a Semmelweis Egyetem tulajdonosi joggyakorl\u00e1sa al\u00e1 tartoz\u00f3 gazdas\u00e1gi t\u00e1rsas\u00e1gok 2012. \u00e9vi m\u0171k\u00f6d\u00e9s\u00e9r\u0151l sz\u00f3l\u00f3 el\u0151terjeszt\u00e9s\u00e9r\u0151l<\/a><br \/>\n<a href=\"https:\/\/semmelweis.hu\/rektori-hivatal\/files\/2013\/05\/48_sz_IV_25_egy\u00fcttm_meg\u00e1ll_ETK.pdf\" target=\"_blank\" rel=\"noopener noreferrer\">48\/2013.(IV.25.) sz.\u00a0 hat. az Eg\u00e9szs\u00e9gtudom\u00e1nyi Karon megk\u00f6tend\u0151 egy\u00fcttm\u0171k\u00f6d\u00e9si meg\u00e1llapod\u00e1sok j\u00f3v\u00e1hagy\u00e1s\u00e1r\u00f3l<\/a><br \/>\n<a href=\"https:\/\/semmelweis.hu\/rektori-hivatal\/files\/2013\/05\/49_sz_IV_25_H\u00d6K_Alapszab_m\u00f3d.pdf\" target=\"_blank\" rel=\"noopener noreferrer\">49\/2013.(IV.25.) sz. hat a Hallgat\u00f3i \u00d6nkorm\u00e1nyzat Alapszab\u00e1lya m\u00f3dos\u00edt\u00e1s\u00e1nak j\u00f3v\u00e1hagy\u00e1s\u00e1r\u00f3l<\/a><br \/>\n<a href=\"https:\/\/semmelweis.hu\/rektori-hivatal\/files\/2013\/05\/50_sz_IV_25_Tud_etikai_K\u00f3dex.pdf\" target=\"_blank\" rel=\"noopener noreferrer\">50\/2013.(IV.25.) sz. hat. a Magyar Tudom\u00e1nyos Akad\u00e9mia Tudom\u00e1nyetikai K\u00f3dex\u00e9nek elfogad\u00e1s\u00e1r\u00f3l<\/a><\/p>\n","protected":false},"author":12,"featured_media":0,"parent":7841,"menu_order":4,"comment_status":"open","ping_status":"open","template":"","meta":{"_acf_changed":false,"footnotes":""},"categories":[1],"tags":[],"class_list":["post-1446","page","type-page","status-publish","hentry","category-egyeb"],"acf":[],"_links":{"self":[{"href":"https:\/\/semmelweis.hu\/jogigfoig\/wp-json\/wp\/v2\/pages\/1446","targetHints":{"allow":["GET"]}}],"collection":[{"href":"https:\/\/semmelweis.hu\/jogigfoig\/wp-json\/wp\/v2\/pages"}],"about":[{"href":"https:\/\/semmelweis.hu\/jogigfoig\/wp-json\/wp\/v2\/types\/page"}],"author":[{"embeddable":true,"href":"https:\/\/semmelweis.hu\/jogigfoig\/wp-json\/wp\/v2\/users\/12"}],"replies":[{"embeddable":true,"href":"https:\/\/semmelweis.hu\/jogigfoig\/wp-json\/wp\/v2\/comments?post=1446"}],"version-history":[{"count":11,"href":"https:\/\/semmelweis.hu\/jogigfoig\/wp-json\/wp\/v2\/pages\/1446\/revisions"}],"predecessor-version":[{"id":7914,"href":"https:\/\/semmelweis.hu\/jogigfoig\/wp-json\/wp\/v2\/pages\/1446\/revisions\/7914"}],"up":[{"embeddable":true,"href":"https:\/\/semmelweis.hu\/jogigfoig\/wp-json\/wp\/v2\/pages\/7841"}],"wp:attachment":[{"href":"https:\/\/semmelweis.hu\/jogigfoig\/wp-json\/wp\/v2\/media?parent=1446"}],"wp:term":[{"taxonomy":"category","embeddable":true,"href":"https:\/\/semmelweis.hu\/jogigfoig\/wp-json\/wp\/v2\/categories?post=1446"},{"taxonomy":"post_tag","embeddable":true,"href":"https:\/\/semmelweis.hu\/jogigfoig\/wp-json\/wp\/v2\/tags?post=1446"}],"curies":[{"name":"wp","href":"https:\/\/api.w.org\/{rel}","templated":true}]}}