{"id":1378,"date":"2013-04-16T10:23:38","date_gmt":"2013-04-16T10:23:38","guid":{"rendered":"http:\/\/semmelweis-egyetem.hu\/rektori-hivatal\/?page_id=1378"},"modified":"2020-02-13T09:40:43","modified_gmt":"2020-02-13T08:40:43","slug":"2013-marcius-28","status":"publish","type":"page","link":"https:\/\/semmelweis.hu\/jogigfoig\/testuletek\/szenatus\/2013-evi-szenatusi-hatarozatok\/2013-marcius-28\/","title":{"rendered":"2013. m\u00e1rcius 28."},"content":{"rendered":"<ul>\n<li style=\"text-align: justify\"><a href=\"https:\/\/semmelweis.hu\/rektori-hivatal\/files\/2013\/04\/N_III_28_2013_napirendelf.pdf\" target=\"_blank\" rel=\"noopener noreferrer\">N-III. 28\/2013. sz. hat. a szen\u00e1tusi \u00fcl\u00e9s napirendi pontjainak elfogad\u00e1s\u00e1r\u00f3l<\/a><\/li>\n<li style=\"text-align: justify\"><a href=\"https:\/\/semmelweis.hu\/jogigfoig\/files\/2013\/04\/29_sz_III_28_SDI_elnok.pdf\" target=\"_blank\" rel=\"noopener noreferrer\">29\/2013. (III.28.) sz\u00e1m\u00fa hat\u00e1rozata a Sporttudom\u00e1nyok Doktori Iskola \u00faj vezet\u0151j\u00e9nek megv\u00e1laszt\u00e1s\u00e1r\u00f3l<\/a><\/li>\n<li style=\"text-align: justify\"><a href=\"https:\/\/semmelweis.hu\/jogigfoig\/files\/2013\/04\/30_a_III_28_AOKdekan.pdf\" target=\"_blank\" rel=\"noopener noreferrer\">30\/a\/2013. (III.28.) sz\u00e1m\u00fa hat\u00e1rozata az \u00c1ltal\u00e1nos Orvostudom\u00e1nyi Kar d\u00e9k\u00e1ni megb\u00edz\u00e1s\u00e1r\u00f3l<\/a><\/li>\n<li style=\"text-align: justify\"><a href=\"https:\/\/semmelweis.hu\/jogigfoig\/files\/2013\/04\/30_b_III_28_FOKdekan.pdf\" target=\"_blank\" rel=\"noopener noreferrer\">30\/b\/2013. (III.28.) sz\u00e1m\u00fa hat\u00e1rozata a Fogorvostudom\u00e1nyi Kar d\u00e9k\u00e1ni megb\u00edz\u00e1s\u00e1r\u00f3l<\/a><\/li>\n<li style=\"text-align: justify\"><a href=\"https:\/\/semmelweis.hu\/jogigfoig\/files\/2013\/04\/30_c_III_28_GYTK_dekan.pdf\" target=\"_blank\" rel=\"noopener noreferrer\">30\/c\/2013. (III.28.) sz\u00e1m\u00fa hat\u00e1rozata a Gy\u00f3gyszer\u00e9sztudom\u00e1nyi Kar d\u00e9k\u00e1ni megb\u00edz\u00e1s\u00e1r\u00f3l<\/a><\/li>\n<li style=\"text-align: justify\"><a href=\"https:\/\/semmelweis.hu\/jogigfoig\/files\/2013\/04\/31_sz_III_28_TSK_Bionika_tanszekvezeto.pdf\" target=\"_blank\" rel=\"noopener noreferrer\">31\/2013. (III.28.) sz\u00e1m\u00fa hat\u00e1rozata a Testnevel\u00e9si \u00e9s Sporttudom\u00e1nyi Kar Biomechanika, Kineziol\u00f3gia \u00e9s Informatika Tansz\u00e9k 2013. \u00e9vre meghirdetett tansz\u00e9kvezet\u0151i megb\u00edz\u00e1sra be\u00e9rkezett p\u00e1ly\u00e1zatr\u00f3l<\/a><\/li>\n<li style=\"text-align: justify\"><a href=\"https:\/\/semmelweis.hu\/jogigfoig\/files\/2013\/04\/32_sz_III_28_TSK_dekanhelyettesek.pdf\" target=\"_blank\" rel=\"noopener noreferrer\">32\/2013. (III.28.) sz\u00e1m\u00fa hat\u00e1rozata a Testnevel\u00e9si \u00e9s Sporttudom\u00e1nyi Kar \u00e1ltal\u00e1nos d\u00e9k\u00e1nhelyettesi \u00e9s tudom\u00e1nyos d\u00e9k\u00e1nhelyettesi megb\u00edz\u00e1s\u00e1r\u00f3l<\/a><\/li>\n<li style=\"text-align: justify\"><a href=\"https:\/\/semmelweis.hu\/rektori-hivatal\/files\/2013\/04\/33_sz_III_28_Szimul\u00e1ci\u00f3sTansz\u00e9kiCsop.pdf\" target=\"_blank\" rel=\"noopener noreferrer\">33\/2013. III\/28. sz. hat. az Aneszteziol\u00f3giai \u00e9s Intenz\u00edv Ter\u00e1pi\u00e1s Klinika b\u00e1zis\u00e1n Klinikai Szimul\u00e1ci\u00f3s Tansz\u00e9ki Csoport l\u00e9trehoz\u00e1s\u00e1r\u00f3l <\/a><\/li>\n<li style=\"text-align: justify\"><a href=\"https:\/\/semmelweis.hu\/rektori-hivatal\/files\/2013\/04\/34_a_III_28_AlumniTan\u00e1cs_l\u00e9treh.pdf\" target=\"_blank\" rel=\"noopener noreferrer\">34\/a\/2013. III\/28. sz. hat. a Semmelweis Alumni Tan\u00e1cs l\u00e9trehoz\u00e1s\u00e1r\u00f3l \u00e9s az Alumni k\u00f6z\u00f6ss\u00e9g meger\u0151s\u00edt\u00e9s\u00e9r\u0151l<\/a><\/li>\n<li style=\"text-align: justify\"><a href=\"https:\/\/semmelweis.hu\/rektori-hivatal\/files\/2013\/04\/34_b_III_28_AlumniTan\u00e1cs_l\u00e9treh.pdf\" target=\"_blank\" rel=\"noopener noreferrer\">34\/b\/2013. III\/28. sz. hat. a Semmelweis Alumni Tan\u00e1cs l\u00e9trehoz\u00e1s\u00e1r\u00f3l \u00e9s az Alumni k\u00f6z\u00f6ss\u00e9g meger\u0151s\u00edt\u00e9s\u00e9r\u0151l<\/a><\/li>\n<li style=\"text-align: justify\"><a href=\"https:\/\/semmelweis.hu\/rektori-hivatal\/files\/2013\/04\/35_sz_III_28_BionikaiKft_alap\u00edt\u00e1s.pdf\" target=\"_blank\" rel=\"noopener noreferrer\">35\/2013. III\/28. sz. hat. a Bionikai Innov\u00e1ci\u00f3s K\u00f6zpont Nonprofit Kft. alap\u00edt\u00e1s\u00e1r\u00f3l<\/a><\/li>\n<li style=\"text-align: justify\"><a href=\"https:\/\/semmelweis.hu\/rektori-hivatal\/files\/2013\/04\/36_sz_III_28_ETKegy\u00fcttmmeg\u00e1ll.pdf\" target=\"_blank\" rel=\"noopener noreferrer\">36\/2013. III\/28. sz. hat. az Eg\u00e9szs\u00e9gtudom\u00e1nyi Karon megk\u00f6tend\u0151 egy\u00fcttm\u0171k\u00f6d\u00e9si meg\u00e1llapod\u00e1sok j\u00f3v\u00e1hagy\u00e1s\u00e1r\u00f3l<\/a><\/li>\n<li style=\"text-align: justify\"><a href=\"https:\/\/semmelweis.hu\/rektori-hivatal\/files\/2013\/04\/37_a_III_28_Stomatol\u00f3gia.pdf\" target=\"_blank\" rel=\"noopener noreferrer\">37\/a\/2013. III\/28. sz. hat. a K\u00f6zponti Stomatol\u00f3giai Int\u00e9zet beolvad\u00e1s\u00e1val \u00f6sszef\u00fcgg\u00e9sben a Fog\u00e1szati \u00e9s Sz\u00e1jseb\u00e9szeti Oktat\u00f3 Int\u00e9zetr\u0151l<\/a><\/li>\n<li style=\"text-align: justify\"><a href=\"https:\/\/semmelweis.hu\/rektori-hivatal\/files\/2013\/04\/37_b_III_28_Stomatol\u00f3gia.pdf\" target=\"_blank\" rel=\"noopener noreferrer\">37\/b\/2013. III\/28. sz. hat. a K\u00f6zponti Stomatol\u00f3giai Int\u00e9zet beolvad\u00e1s\u00e1val \u00f6sszef\u00fcgg\u00e9sben a Fog\u00e1szati \u00e9s Sz\u00e1jseb\u00e9szeti Oktat\u00f3 Int\u00e9zetr\u0151l<\/a><\/li>\n<\/ul>\n<p>&nbsp;<\/p>\n","protected":false},"excerpt":{"rendered":"<p><a href=\"https:\/\/semmelweis.hu\/rektori-hivatal\/files\/2013\/04\/N_III_28_2013_napirendelf.pdf\" target=\"_blank\" rel=\"noopener noreferrer\">N-III. 28\/2013. sz. hat. a szen\u00e1tusi \u00fcl\u00e9s napirendi pontjainak elfogad\u00e1s\u00e1r\u00f3l<\/a><br \/>\n<a href=\"https:\/\/semmelweis.hu\/jogigfoig\/files\/2013\/04\/29_sz_III_28_SDI_elnok.pdf\" target=\"_blank\" rel=\"noopener noreferrer\">29\/2013. (III.28.) sz\u00e1m\u00fa hat\u00e1rozata a Sporttudom\u00e1nyok Doktori Iskola \u00faj vezet\u0151j\u00e9nek megv\u00e1laszt\u00e1s\u00e1r\u00f3l<\/a><br \/>\n<a href=\"https:\/\/semmelweis.hu\/jogigfoig\/files\/2013\/04\/30_a_III_28_AOKdekan.pdf\" target=\"_blank\" rel=\"noopener noreferrer\">30\/a\/2013. (III.28.) sz\u00e1m\u00fa hat\u00e1rozata az \u00c1ltal\u00e1nos Orvostudom\u00e1nyi Kar d\u00e9k\u00e1ni megb\u00edz\u00e1s\u00e1r\u00f3l<\/a><br \/>\n<a href=\"https:\/\/semmelweis.hu\/jogigfoig\/files\/2013\/04\/30_b_III_28_FOKdekan.pdf\" target=\"_blank\" rel=\"noopener noreferrer\">30\/b\/2013. (III.28.) sz\u00e1m\u00fa hat\u00e1rozata a Fogorvostudom\u00e1nyi Kar d\u00e9k\u00e1ni megb\u00edz\u00e1s\u00e1r\u00f3l<\/a><br \/>\n<a href=\"https:\/\/semmelweis.hu\/jogigfoig\/files\/2013\/04\/30_c_III_28_GYTK_dekan.pdf\" target=\"_blank\" rel=\"noopener noreferrer\">30\/c\/2013. (III.28.) sz\u00e1m\u00fa hat\u00e1rozata a Gy\u00f3gyszer\u00e9sztudom\u00e1nyi Kar d\u00e9k\u00e1ni megb\u00edz\u00e1s\u00e1r\u00f3l<\/a><br \/>\n<a href=\"https:\/\/semmelweis.hu\/jogigfoig\/files\/2013\/04\/31_sz_III_28_TSK_Bionika_tanszekvezeto.pdf\" target=\"_blank\" rel=\"noopener noreferrer\">31\/2013. (III.28.) sz\u00e1m\u00fa hat\u00e1rozata a Testnevel\u00e9si \u00e9s Sporttudom\u00e1nyi Kar Biomechanika, Kineziol\u00f3gia \u00e9s Informatika Tansz\u00e9k 2013. \u00e9vre meghirdetett tansz\u00e9kvezet\u0151i megb\u00edz\u00e1sra be\u00e9rkezett p\u00e1ly\u00e1zatr\u00f3l<\/a><br \/>\n<a href=\"https:\/\/semmelweis.hu\/jogigfoig\/files\/2013\/04\/32_sz_III_28_TSK_dekanhelyettesek.pdf\" target=\"_blank\" rel=\"noopener noreferrer\">32\/2013. (III.28.) sz\u00e1m\u00fa hat\u00e1rozata a Testnevel\u00e9si \u00e9s Sporttudom\u00e1nyi Kar \u00e1ltal\u00e1nos d\u00e9k\u00e1nhelyettesi \u00e9s tudom\u00e1nyos d\u00e9k\u00e1nhelyettesi megb\u00edz\u00e1s\u00e1r\u00f3l<\/a><br \/>\n<a href=\"https:\/\/semmelweis.hu\/rektori-hivatal\/files\/2013\/04\/33_sz_III_28_Szimul\u00e1ci\u00f3sTansz\u00e9kiCsop.pdf\" target=\"_blank\" rel=\"noopener noreferrer\">33\/2013. III\/28. sz. hat. az Aneszteziol\u00f3giai \u00e9s Intenz\u00edv Ter\u00e1pi\u00e1s Klinika b\u00e1zis\u00e1n Klinikai Szimul\u00e1ci\u00f3s Tansz\u00e9ki Csoport l\u00e9trehoz\u00e1s\u00e1r\u00f3l <\/a><br \/>\n<a href=\"https:\/\/semmelweis.hu\/rektori-hivatal\/files\/2013\/04\/34_a_III_28_AlumniTan\u00e1cs_l\u00e9treh.pdf\" target=\"_blank\" rel=\"noopener noreferrer\">34\/a\/2013. III\/28. sz. hat. a Semmelweis Alumni Tan\u00e1cs l\u00e9trehoz\u00e1s\u00e1r\u00f3l \u00e9s az Alumni k\u00f6z\u00f6ss\u00e9g meger\u0151s\u00edt\u00e9s\u00e9r\u0151l<\/a><br \/>\n<a href=\"https:\/\/semmelweis.hu\/rektori-hivatal\/files\/2013\/04\/34_b_III_28_AlumniTan\u00e1cs_l\u00e9treh.pdf\" target=\"_blank\" rel=\"noopener noreferrer\">34\/b\/2013. III\/28. sz. hat. a Semmelweis Alumni Tan\u00e1cs l\u00e9trehoz\u00e1s\u00e1r\u00f3l \u00e9s az Alumni k\u00f6z\u00f6ss\u00e9g meger\u0151s\u00edt\u00e9s\u00e9r\u0151l<\/a><br \/>\n<a href=\"https:\/\/semmelweis.hu\/rektori-hivatal\/files\/2013\/04\/35_sz_III_28_BionikaiKft_alap\u00edt\u00e1s.pdf\" target=\"_blank\" rel=\"noopener noreferrer\">35\/2013. III\/28. sz. hat. a Bionikai Innov\u00e1ci\u00f3s K\u00f6zpont Nonprofit Kft. alap\u00edt\u00e1s\u00e1r\u00f3l<\/a><br \/>\n<a href=\"https:\/\/semmelweis.hu\/rektori-hivatal\/files\/2013\/04\/36_sz_III_28_ETKegy\u00fcttmmeg\u00e1ll.pdf\" target=\"_blank\" rel=\"noopener noreferrer\">36\/2013. III\/28. sz. hat. az Eg\u00e9szs\u00e9gtudom\u00e1nyi Karon megk\u00f6tend\u0151 egy\u00fcttm\u0171k\u00f6d\u00e9si meg\u00e1llapod\u00e1sok j\u00f3v\u00e1hagy\u00e1s\u00e1r\u00f3l<\/a><br \/>\n<a href=\"https:\/\/semmelweis.hu\/rektori-hivatal\/files\/2013\/04\/37_a_III_28_Stomatol\u00f3gia.pdf\" target=\"_blank\" rel=\"noopener noreferrer\">37\/a\/2013. III\/28. sz. hat. a K\u00f6zponti Stomatol\u00f3giai Int\u00e9zet beolvad\u00e1s\u00e1val \u00f6sszef\u00fcgg\u00e9sben a Fog\u00e1szati \u00e9s Sz\u00e1jseb\u00e9szeti Oktat\u00f3 Int\u00e9zetr\u0151l<\/a><br \/>\n<a href=\"https:\/\/semmelweis.hu\/rektori-hivatal\/files\/2013\/04\/37_b_III_28_Stomatol\u00f3gia.pdf\" target=\"_blank\" rel=\"noopener noreferrer\">37\/b\/2013. III\/28. sz. hat. a K\u00f6zponti Stomatol\u00f3giai Int\u00e9zet beolvad\u00e1s\u00e1val \u00f6sszef\u00fcgg\u00e9sben a Fog\u00e1szati \u00e9s Sz\u00e1jseb\u00e9szeti Oktat\u00f3 Int\u00e9zetr\u0151l<\/a><\/p>\n<p>&nbsp;<\/p>\n","protected":false},"author":12,"featured_media":0,"parent":7841,"menu_order":3,"comment_status":"open","ping_status":"open","template":"","meta":{"_acf_changed":false,"footnotes":""},"categories":[1],"tags":[],"class_list":["post-1378","page","type-page","status-publish","hentry","category-egyeb"],"acf":[],"_links":{"self":[{"href":"https:\/\/semmelweis.hu\/jogigfoig\/wp-json\/wp\/v2\/pages\/1378","targetHints":{"allow":["GET"]}}],"collection":[{"href":"https:\/\/semmelweis.hu\/jogigfoig\/wp-json\/wp\/v2\/pages"}],"about":[{"href":"https:\/\/semmelweis.hu\/jogigfoig\/wp-json\/wp\/v2\/types\/page"}],"author":[{"embeddable":true,"href":"https:\/\/semmelweis.hu\/jogigfoig\/wp-json\/wp\/v2\/users\/12"}],"replies":[{"embeddable":true,"href":"https:\/\/semmelweis.hu\/jogigfoig\/wp-json\/wp\/v2\/comments?post=1378"}],"version-history":[{"count":10,"href":"https:\/\/semmelweis.hu\/jogigfoig\/wp-json\/wp\/v2\/pages\/1378\/revisions"}],"predecessor-version":[{"id":7915,"href":"https:\/\/semmelweis.hu\/jogigfoig\/wp-json\/wp\/v2\/pages\/1378\/revisions\/7915"}],"up":[{"embeddable":true,"href":"https:\/\/semmelweis.hu\/jogigfoig\/wp-json\/wp\/v2\/pages\/7841"}],"wp:attachment":[{"href":"https:\/\/semmelweis.hu\/jogigfoig\/wp-json\/wp\/v2\/media?parent=1378"}],"wp:term":[{"taxonomy":"category","embeddable":true,"href":"https:\/\/semmelweis.hu\/jogigfoig\/wp-json\/wp\/v2\/categories?post=1378"},{"taxonomy":"post_tag","embeddable":true,"href":"https:\/\/semmelweis.hu\/jogigfoig\/wp-json\/wp\/v2\/tags?post=1378"}],"curies":[{"name":"wp","href":"https:\/\/api.w.org\/{rel}","templated":true}]}}