{"id":1257,"date":"2013-03-13T09:44:22","date_gmt":"2013-03-13T09:44:22","guid":{"rendered":"http:\/\/semmelweis-egyetem.hu\/rektori-hivatal\/?page_id=1257"},"modified":"2026-04-07T14:29:12","modified_gmt":"2026-04-07T12:29:12","slug":"munkavedelmi-szabalyzat-archivum","status":"publish","type":"page","link":"https:\/\/semmelweis.hu\/jogigfoig\/dokumentumtar\/szabalyzattar-archivum\/munkavedelmi-szabalyzat-archivum\/","title":{"rendered":"Munkahelyi biztons\u00e1gszervez\u00e9si szab\u00e1lyzat (Arch\u00edvum)"},"content":{"rendered":"<div class=\"responsive-tabs\">\n<h2 class=\"tabtitle\">Szab\u00e1lyzat arch\u00edv v\u00e1ltozatai<\/h2>\n<div class=\"tabcontent\">\n\n<ul>\n<li><a href=\"https:\/\/semmelweis.hu\/jogigfoig\/files\/2021\/02\/Munkavedelmi_Szabalyzat_20171003_20200804.pdf\">2020. augusztus 4-ig<\/a><\/li>\n<li><a href=\"https:\/\/semmelweis.hu\/jogigfoig\/files\/2020\/08\/Munkavedelmi_szabelyzat_hatalyos_20200805.pdf\">2021. j\u00falius 27-ig<\/a><\/li>\n<li><a href=\"https:\/\/semmelweis.hu\/jogigfoig\/files\/2021\/07\/Munkav%C3%A9delmi-szab%C3%A1lyzat_hat%C3%A1lyos_2021.07.28.pdf\">2022. szeptember 9-ig<\/a><\/li>\n<li>2022. szeptember 10 &#8211; 2024. okt\u00f3ber 31.\n<ul>\n<li><a href=\"https:\/\/semmelweis.hu\/jogigfoig\/files\/2022\/09\/MBSZ_I_Konyv_Munkavedelmi_szabalyzat_hataly_2022.IX_.10-tol.pdf\">I. K\u00f6nyv: Munkav\u00e9delmi szab\u00e1lyzat<\/a><\/li>\n<li><a href=\"https:\/\/semmelweis.hu\/jogigfoig\/files\/2022\/09\/MBSZ_II_Konyv_Tuzvedelmi_szabalyzat_hataly_2022.IX_.10-tol.pdf\">II. K\u00f6nyv: T\u0171zv\u00e9delmi szab\u00e1lyzat<\/a><\/li>\n<li><a href=\"https:\/\/semmelweis.hu\/jogigfoig\/files\/2022\/09\/MBSZ_III_Konyv_Kornyezetvedelmi_szabalyzat_hataly_2022.IX_.10-tol.pdf\">III. K\u00f6nyv: K\u00f6rnyezetv\u00e9delmi szab\u00e1lyzat<\/a><\/li>\n<li><a href=\"https:\/\/semmelweis.hu\/jogigfoig\/files\/2022\/09\/MBSZ_IV_Konyv_Katasztrofavedelmi_es_polgari_vedelmi_szabalyzat_hataly_2022.IX_.10-tol.pdf\">IV. K\u00f6nyv: Katasztr\u00f3fav\u00e9delmi \u00e9s polg\u00e1ri v\u00e9delmi szab\u00e1lyzat<\/a><\/li>\n<li><a href=\"https:\/\/semmelweis.hu\/jogigfoig\/files\/2023\/12\/MBSZ_V_Konyv_VRSz_hataly_2023.XII_.21.pdf\">V. K\u00f6nyv: Vagyonv\u00e9delmi \u00e9s rend\u00e9szeti szab\u00e1lyzat<\/a><\/li>\n<\/ul>\n<\/li>\n<li>2024. november 1 &#8211; 2024. december 19.\n<ul>\n<li><a href=\"https:\/\/semmelweis.hu\/jogigfoig\/files\/2024\/10\/MBSZ_II_Konyv_Tuzvedelmi_szabalyzat_hataly_2024.XI_.01-tol.pdf\">II. K\u00f6nyv: T\u0171zv\u00e9delmi szab\u00e1lyzat<\/a><\/li>\n<li><a href=\"https:\/\/semmelweis.hu\/jogigfoig\/files\/2024\/10\/MBSZ_III_Konyv_Kornyezetvedelmi_szabalyzat_hataly_2024.XI_.01-tol.pdf\">III. K\u00f6nyv: K\u00f6rnyezetv\u00e9delmi szab\u00e1lyzat<\/a><\/li>\n<li><a href=\"https:\/\/semmelweis.hu\/jogigfoig\/files\/2024\/10\/MBSZ_IV_Konyv_Katasztrofavedelmi_es_polgari_vedelmi_szabalyzat_hataly_2024.XI_.01-tol.pdf\">IV. K\u00f6nyv: Katasztr\u00f3fav\u00e9delmi \u00e9s polg\u00e1ri v\u00e9delmi szab\u00e1lyzat<\/a><\/li>\n<\/ul>\n<\/li>\n<li>2024. november 1 &#8211; 2025. \u00e1prilis 30.\n<ul>\n<li><a href=\"https:\/\/semmelweis.hu\/jogigfoig\/files\/2024\/10\/MBSZ_III_Konyv_Kornyezetvedelmi_szabalyzat_hataly_2024.XI_.01-tol.pdf\">Munkahelyi biztons\u00e1gszervez\u00e9si szab\u00e1lyzat \u2013 III. K\u00f6nyv \u2013 K\u00f6rnyezetv\u00e9delmi szab\u00e1lyzat<\/a><\/li>\n<\/ul>\n<\/li>\n<li>2024. november 01 &#8211; 2025. augusztus 06.\n<ul>\n<li><a href=\"https:\/\/semmelweis.hu\/jogigfoig\/files\/2024\/10\/MBSZ_V_Konyv_VRSz_hataly_2024.XI_.01.pdf\">Munkahelyi biztons\u00e1gszervez\u00e9si szab\u00e1lyzat \u2013 V. K\u00f6nyv \u2013 Vagyonv\u00e9delmi \u00e9s rend\u00e9szeti szab\u00e1lyzat<\/a><\/li>\n<\/ul>\n<\/li>\n<li>2025. augusztus 07 &#8211; 2026. m\u00e1rcius 31.\n<ul>\n<li><a href=\"https:\/\/semmelweis.hu\/jogigfoig\/files\/2025\/08\/MBSZ_V_Konyv_VRSz_hataly_20250807.pdf\">Munkahelyi biztons\u00e1gszervez\u00e9si szab\u00e1lyzat V. K\u00f6nyv Vagyonv\u00e9delmi \u00e9s rend\u00e9szeti szab\u00e1lyzat<\/a><\/li>\n<\/ul>\n<\/li>\n<\/ul>\n\n<\/div><h2 class=\"tabtitle\">M\u00f3dos\u00edt\u00f3<br \/>\nhat\u00e1rozat<\/h2>\n<div class=\"tabcontent\">\n\n<ul>\n<li><a href=\"https:\/\/semmelweis.hu\/jogigfoig\/files\/2023\/12\/113_2023_Szabalyzatok-Konyve-VI.pdf\" target=\"_blank\" rel=\"noopener\">113\/2023. (XII.13.)<\/a><\/li>\n<li><a href=\"https:\/\/semmelweis.hu\/jogigfoig\/files\/2024\/10\/82_2024_SzMSz-modositas-GFI.pdf\">82\/2024. (X.03.)<\/a><\/li>\n<li><a href=\"https:\/\/semmelweis.hu\/jogigfoig\/files\/2026\/04\/31_2026_egyes-szabalyzatok-modositasarol.pdf\">31\/2026. (III.25.)<\/a><\/li>\n<\/ul>\n\n<\/div><h2 class=\"tabtitle\">Hat\u00e1lyon k\u00edv\u00fcl helyezett <br \/>\nhat\u00e1rozatok<\/h2>\n<div class=\"tabcontent\">\n\n<ul>\n<li><a href=\"https:\/\/semmelweis.hu\/jogigfoig\/files\/2017\/11\/33_2006_IV_27_szamu_szenatusi_hatarozat.pdf\">33\/2006. (IV.27.)<\/a><\/li>\n<li><a href=\"https:\/\/semmelweis.hu\/jogigfoig\/files\/2017\/12\/34_2006_IV27_szenatusi_hatarozat.pdf\">34\/2006. (IV.27.)<\/a><\/li>\n<li><a href=\"https:\/\/semmelweis.hu\/jogigfoig\/files\/2017\/09\/92_2006_X_26_szenatusi_hatarozat.pdf\">92\/2006. (X.26.)<\/a><\/li>\n<li><a href=\"https:\/\/semmelweis.hu\/jogigfoig\/files\/2017\/10\/20_b_2013_II_28_szenatusi_hatarozat.pdf\">20\/b\/2013. (II.28.)<\/a><\/li>\n<li><a href=\"https:\/\/semmelweis.hu\/jogigfoig\/files\/2013\/07\/92_B_2013_VII_4_K%C3%B6rnyezetv%C3%A9d_Szab.pdf\">92\/b\/2013. (VII.4.)<\/a><\/li>\n<li>K\/7\/2015. (VIII.31.)<\/li>\n<li><a href=\"https:\/\/semmelweis.hu\/jogigfoig\/files\/2017\/10\/107_2015_IX_24_szenatusi_hatarozat.pdf\">107\/2015. (IX.24.)<\/a><\/li>\n<li><a href=\"https:\/\/semmelweis.hu\/jogigfoig\/files\/2017\/09\/113_2015_X_29_szenatusi_hatarozat.pdf\">113\/2015. (X.29.)<\/a><\/li>\n<li><a href=\"https:\/\/semmelweis.hu\/jogigfoig\/files\/2022\/11\/114_2015_X._29_szenatusi_hatarozat.pdf\">114\/2015. (X.29.)<\/a><\/li>\n<li><a href=\"https:\/\/semmelweis.hu\/jogigfoig\/files\/2016\/01\/K_14_2015_XII_21_Tuzvedelmi_Szab_mod.pdf\">K\/14\/2015. (XII.21.)<\/a><\/li>\n<li><a href=\"https:\/\/semmelweis.hu\/jogigfoig\/files\/2017\/12\/160_2015_XII17_szneatusi_hatarozat_KVPV_elfogadasarol.pdf\">160\/2015 (XII.17.)<\/a><\/li>\n<li><a href=\"https:\/\/semmelweis.hu\/jogigfoig\/files\/2017\/09\/k_4_2017_0210_kornyezetvedelmi_mod_2_alairt_hatarozat.pdf\">K\/4\/2017. (II.10.)<\/a><\/li>\n<li><a href=\"https:\/\/semmelweis.hu\/jogigfoig\/files\/2017\/09\/K_32_2017_IX_26_kancellari_hatarozat.pdf\">K\/32\/2017. (IX.26.).<\/a><\/li>\n<li><a href=\"https:\/\/semmelweis.hu\/jogigfoig\/files\/2017\/10\/K_33_2017_IX_29_kancellari_hatarozat.pdf\">K\/33\/2017. (IX.29.)<\/a><\/li>\n<li><a href=\"https:\/\/semmelweis.hu\/jogigfoig\/files\/2017\/11\/K_38_2017_XI_28_szamu_kancellari_hatarozat_Tuzvedelmi_Szab_modositasarol.pdf\">K\/38\/2017. (XI.28.)<\/a><\/li>\n<li><a href=\"https:\/\/semmelweis.hu\/jogigfoig\/files\/2017\/12\/K_44_2017_XII13_kancellari_hatarozat.pdf\">K\/44\/2017. (XII.13.)<\/a><\/li>\n<li><a href=\"https:\/\/semmelweis.hu\/jogigfoig\/files\/2020\/08\/K_18_2020_VIII_03_kancellari_hatarozat.pdf\">K\/18\/2020 (VIII.03.)<\/a><\/li>\n<li><a href=\"https:\/\/semmelweis.hu\/jogigfoig\/files\/2020\/01\/K_11_2019_XII_11_kancellari_hatarozat.pdf\">K\/11\/2019. (XII.11.)<\/a><\/li>\n<li><a href=\"https:\/\/semmelweis.hu\/jogigfoig\/files\/2020\/06\/K_8_2020_VI_08_kancellari_hatarozat.pdf\">K\/8\/2020. (VI.08.)<\/a><\/li>\n<li><a href=\"https:\/\/semmelweis.hu\/jogigfoig\/files\/2020\/08\/K_22_2020_VIII_03_kancellari_hatarozat.pdf\">K\/22\/2020. (VIII.03.)<\/a><\/li>\n<li><a href=\"https:\/\/semmelweis.hu\/jogigfoig\/files\/2020\/08\/K_25_2020_VIII_03_kancellari_hatarozat.pdf\">K\/25\/2020. (VIII.03.)<\/a><\/li>\n<li><a href=\"https:\/\/semmelweis.hu\/jogigfoig\/files\/2020\/08\/K_26_2020_VIII_03_kancellari_hatarozat.pdf\">K\/26\/2020. (VIII.03.)<\/a><\/li>\n<li><a href=\"https:\/\/semmelweis.hu\/jogigfoig\/files\/2021\/07\/K_16_2021_VI_10_kancellari_hatarozat.pdf\">K\/16\/2021. (VI.10.)<\/a><\/li>\n<li><a href=\"https:\/\/semmelweis.hu\/jogigfoig\/files\/2021\/07\/K_18_2021_VI_10_kancellari_hatarozat.pdf\">K\/18\/2021. (VI.10.)<\/a><\/li>\n<li><a href=\"https:\/\/semmelweis.hu\/jogigfoig\/files\/2021\/07\/K_20_2021_VI_10_kancellari_hatarozat.pdf\">K\/20\/2021. (VI.10.)<\/a><\/li>\n<li><a href=\"https:\/\/semmelweis.hu\/jogigfoig\/files\/2022\/09\/65_2022_Szabalyzatok_III_utem_kancellarival.pdf\">65\/2022. (IX.02.)<\/a><\/li>\n<\/ul>\n<\/div><\/div>\n","protected":false},"excerpt":{"rendered":"<p><a href=\"https:\/\/semmelweis.hu\/jogigfoig\/files\/2021\/02\/Munkavedelmi_Szabalyzat_20171003_20200804.pdf\">2020. augusztus 4-ig<\/a> <a href=\"https:\/\/semmelweis.hu\/jogigfoig\/files\/2020\/08\/Munkavedelmi_szabelyzat_hatalyos_20200805.pdf\">2021. j\u00falius 27-ig<\/a> <a href=\"https:\/\/semmelweis.hu\/jogigfoig\/files\/2021\/07\/Munkav%C3%A9delmi-szab%C3%A1lyzat_hat%C3%A1lyos_2021.07.28.pdf\">2022. szeptember 9-ig<\/a> 2022. szeptember 10 &#8211; 2024. okt\u00f3ber 31. <a href=\"https:\/\/semmelweis.hu\/jogigfoig\/files\/2022\/09\/MBSZ_I_Konyv_Munkavedelmi_szabalyzat_hataly_2022.IX_.10-tol.pdf\">I. K\u00f6nyv: Munkav\u00e9delmi szab\u00e1lyzat<\/a> <a href=\"https:\/\/semmelweis.hu\/jogigfoig\/files\/2022\/09\/MBSZ_II_Konyv_Tuzvedelmi_szabalyzat_hataly_2022.IX_.10-tol.pdf\">II. K\u00f6nyv: T\u0171zv\u00e9delmi szab\u00e1lyzat<\/a> <a href=\"https:\/\/semmelweis.hu\/jogigfoig\/files\/2022\/09\/MBSZ_III_Konyv_Kornyezetvedelmi_szabalyzat_hataly_2022.IX_.10-tol.pdf\">III. K\u00f6nyv: K\u00f6rnyezetv\u00e9delmi szab\u00e1lyzat<\/a> <a href=\"https:\/\/semmelweis.hu\/jogigfoig\/files\/2022\/09\/MBSZ_IV_Konyv_Katasztrofavedelmi_es_polgari_vedelmi_szabalyzat_hataly_2022.IX_.10-tol.pdf\">IV. K\u00f6nyv: Katasztr\u00f3fav\u00e9delmi \u00e9s polg\u00e1ri v\u00e9delmi szab\u00e1lyzat<\/a> <a href=\"https:\/\/semmelweis.hu\/jogigfoig\/files\/2023\/12\/MBSZ_V_Konyv_VRSz_hataly_2023.XII_.21.pdf\">V. K\u00f6nyv: Vagyonv\u00e9delmi \u00e9s rend\u00e9szeti szab\u00e1lyzat<\/a> 2024. november 1 &#8211; 2024. december 19. <a href=\"https:\/\/semmelweis.hu\/jogigfoig\/files\/2024\/10\/MBSZ_II_Konyv_Tuzvedelmi_szabalyzat_hataly_2024.XI_.01-tol.pdf\">II. K\u00f6nyv: T\u0171zv\u00e9delmi szab\u00e1lyzat<\/a> <a href=\"https:\/\/semmelweis.hu\/jogigfoig\/files\/2024\/10\/MBSZ_III_Konyv_Kornyezetvedelmi_szabalyzat_hataly_2024.XI_.01-tol.pdf\">III. K\u00f6nyv: K\u00f6rnyezetv\u00e9delmi szab\u00e1lyzat<\/a> <a href=\"https:\/\/semmelweis.hu\/jogigfoig\/files\/2024\/10\/MBSZ_IV_Konyv_Katasztrofavedelmi_es_polgari_vedelmi_szabalyzat_hataly_2024.XI_.01-tol.pdf\">IV. K\u00f6nyv: Katasztr\u00f3fav\u00e9delmi \u00e9s polg\u00e1ri v\u00e9delmi szab\u00e1lyzat<\/a> 2024. november 1 &#8211; 2025. \u00e1prilis 30. <a href=\"https:\/\/semmelweis.hu\/jogigfoig\/files\/2024\/10\/MBSZ_III_Konyv_Kornyezetvedelmi_szabalyzat_hataly_2024.XI_.01-tol.pdf\">Munkahelyi biztons\u00e1gszervez\u00e9si szab\u00e1lyzat \u2013 III. K\u00f6nyv \u2013 K\u00f6rnyezetv\u00e9delmi szab\u00e1lyzat<\/a> 2024. november 01 &#8211; 2025. augusztus 06. <a href=\"https:\/\/semmelweis.hu\/jogigfoig\/files\/2024\/10\/MBSZ_V_Konyv_VRSz_hataly_2024.XI_.01.pdf\">Munkahelyi biztons\u00e1gszervez\u00e9si szab\u00e1lyzat \u2013 V. K\u00f6nyv \u2013 Vagyonv\u00e9delmi \u00e9s rend\u00e9szeti szab\u00e1lyzat<\/a> 2025. augusztus 07 &#8211; 2026. m\u00e1rcius 31. <a href=\"https:\/\/semmelweis.hu\/jogigfoig\/files\/2025\/08\/MBSZ_V_Konyv_VRSz_hataly_20250807.pdf\">Munkahelyi biztons\u00e1gszervez\u00e9si szab\u00e1lyzat V. K\u00f6nyv Vagyonv\u00e9delmi \u00e9s rend\u00e9szeti szab\u00e1lyzat<\/a> <a href=\"https:\/\/semmelweis.hu\/jogigfoig\/files\/2023\/12\/113_2023_Szabalyzatok-Konyve-VI.pdf\" target=\"_blank\" rel=\"noopener\">113\/2023. (XII.13.)<\/a> <a href=\"https:\/\/semmelweis.hu\/jogigfoig\/files\/2024\/10\/82_2024_SzMSz-modositas-GFI.pdf\">82\/2024. (X.03.)<\/a> <a href=\"https:\/\/semmelweis.hu\/jogigfoig\/files\/2026\/04\/31_2026_egyes-szabalyzatok-modositasarol.pdf\">31\/2026. (III.25.)<\/a> <a href=\"https:\/\/semmelweis.hu\/jogigfoig\/files\/2017\/11\/33_2006_IV_27_szamu_szenatusi_hatarozat.pdf\">33\/2006. (IV.27.)<\/a> <a href=\"https:\/\/semmelweis.hu\/jogigfoig\/files\/2017\/12\/34_2006_IV27_szenatusi_hatarozat.pdf\">34\/2006. (IV.27.)<\/a> <a href=\"https:\/\/semmelweis.hu\/jogigfoig\/files\/2017\/09\/92_2006_X_26_szenatusi_hatarozat.pdf\">92\/2006. (X.26.)<\/a> <a href=\"https:\/\/semmelweis.hu\/jogigfoig\/files\/2017\/10\/20_b_2013_II_28_szenatusi_hatarozat.pdf\">20\/b\/2013. (II.28.)<\/a> <a href=\"https:\/\/semmelweis.hu\/jogigfoig\/files\/2013\/07\/92_B_2013_VII_4_K%C3%B6rnyezetv%C3%A9d_Szab.pdf\">92\/b\/2013. (VII.4.)<\/a> K\/7\/2015. (VIII.31.) <a href=\"https:\/\/semmelweis.hu\/jogigfoig\/files\/2017\/10\/107_2015_IX_24_szenatusi_hatarozat.pdf\">107\/2015. (IX.24.)<\/a> <a href=\"https:\/\/semmelweis.hu\/jogigfoig\/files\/2017\/09\/113_2015_X_29_szenatusi_hatarozat.pdf\">113\/2015. (X.29.)<\/a> <a href=\"https:\/\/semmelweis.hu\/jogigfoig\/files\/2022\/11\/114_2015_X._29_szenatusi_hatarozat.pdf\">114\/2015. (X.29.)<\/a> <a href=\"https:\/\/semmelweis.hu\/jogigfoig\/files\/2016\/01\/K_14_2015_XII_21_Tuzvedelmi_Szab_mod.pdf\">K\/14\/2015. (XII.21.)<\/a> <a href=\"https:\/\/semmelweis.hu\/jogigfoig\/files\/2017\/12\/160_2015_XII17_szneatusi_hatarozat_KVPV_elfogadasarol.pdf\">160\/2015 (XII.17.)<\/a> <a href=\"https:\/\/semmelweis.hu\/jogigfoig\/files\/2017\/09\/k_4_2017_0210_kornyezetvedelmi_mod_2_alairt_hatarozat.pdf\">K\/4\/2017. (II.10.)<\/a> <a href=\"https:\/\/semmelweis.hu\/jogigfoig\/files\/2017\/09\/K_32_2017_IX_26_kancellari_hatarozat.pdf\">K\/32\/2017. (IX.26.).<\/a> <a href=\"https:\/\/semmelweis.hu\/jogigfoig\/files\/2017\/10\/K_33_2017_IX_29_kancellari_hatarozat.pdf\">K\/33\/2017. (IX.29.)<\/a> <a href=\"https:\/\/semmelweis.hu\/jogigfoig\/files\/2017\/11\/K_38_2017_XI_28_szamu_kancellari_hatarozat_Tuzvedelmi_Szab_modositasarol.pdf\">K\/38\/2017. (XI.28.)<\/a> <a href=\"https:\/\/semmelweis.hu\/jogigfoig\/files\/2017\/12\/K_44_2017_XII13_kancellari_hatarozat.pdf\">K\/44\/2017. (XII.13.)<\/a> <a href=\"https:\/\/semmelweis.hu\/jogigfoig\/files\/2020\/08\/K_18_2020_VIII_03_kancellari_hatarozat.pdf\">K\/18\/2020 (VIII.03.)<\/a> <a href=\"https:\/\/semmelweis.hu\/jogigfoig\/files\/2020\/01\/K_11_2019_XII_11_kancellari_hatarozat.pdf\">K\/11\/2019. (XII.11.)<\/a> <a href=\"https:\/\/semmelweis.hu\/jogigfoig\/files\/2020\/06\/K_8_2020_VI_08_kancellari_hatarozat.pdf\">K\/8\/2020. (VI.08.)<\/a> <a href=\"https:\/\/semmelweis.hu\/jogigfoig\/files\/2020\/08\/K_22_2020_VIII_03_kancellari_hatarozat.pdf\">K\/22\/2020. (VIII.03.)<\/a> <a href=\"https:\/\/semmelweis.hu\/jogigfoig\/files\/2020\/08\/K_25_2020_VIII_03_kancellari_hatarozat.pdf\">K\/25\/2020. (VIII.03.)<\/a> <a href=\"https:\/\/semmelweis.hu\/jogigfoig\/files\/2020\/08\/K_26_2020_VIII_03_kancellari_hatarozat.pdf\">K\/26\/2020. (VIII.03.)<\/a> <a href=\"https:\/\/semmelweis.hu\/jogigfoig\/files\/2021\/07\/K_16_2021_VI_10_kancellari_hatarozat.pdf\">K\/16\/2021. (VI.10.)<\/a> <a href=\"https:\/\/semmelweis.hu\/jogigfoig\/files\/2021\/07\/K_18_2021_VI_10_kancellari_hatarozat.pdf\">K\/18\/2021. (VI.10.)<\/a> <a href=\"https:\/\/semmelweis.hu\/jogigfoig\/files\/2021\/07\/K_20_2021_VI_10_kancellari_hatarozat.pdf\">K\/20\/2021. (VI.10.)<\/a> &hellip;<\/p>\n","protected":false},"author":128,"featured_media":0,"parent":362,"menu_order":0,"comment_status":"closed","ping_status":"closed","template":"","meta":{"_acf_changed":false,"footnotes":""},"categories":[],"tags":[],"class_list":["post-1257","page","type-page","status-publish","hentry"],"acf":[],"_links":{"self":[{"href":"https:\/\/semmelweis.hu\/jogigfoig\/wp-json\/wp\/v2\/pages\/1257","targetHints":{"allow":["GET"]}}],"collection":[{"href":"https:\/\/semmelweis.hu\/jogigfoig\/wp-json\/wp\/v2\/pages"}],"about":[{"href":"https:\/\/semmelweis.hu\/jogigfoig\/wp-json\/wp\/v2\/types\/page"}],"author":[{"embeddable":true,"href":"https:\/\/semmelweis.hu\/jogigfoig\/wp-json\/wp\/v2\/users\/128"}],"replies":[{"embeddable":true,"href":"https:\/\/semmelweis.hu\/jogigfoig\/wp-json\/wp\/v2\/comments?post=1257"}],"version-history":[{"count":11,"href":"https:\/\/semmelweis.hu\/jogigfoig\/wp-json\/wp\/v2\/pages\/1257\/revisions"}],"predecessor-version":[{"id":106185,"href":"https:\/\/semmelweis.hu\/jogigfoig\/wp-json\/wp\/v2\/pages\/1257\/revisions\/106185"}],"up":[{"embeddable":true,"href":"https:\/\/semmelweis.hu\/jogigfoig\/wp-json\/wp\/v2\/pages\/362"}],"wp:attachment":[{"href":"https:\/\/semmelweis.hu\/jogigfoig\/wp-json\/wp\/v2\/media?parent=1257"}],"wp:term":[{"taxonomy":"category","embeddable":true,"href":"https:\/\/semmelweis.hu\/jogigfoig\/wp-json\/wp\/v2\/categories?post=1257"},{"taxonomy":"post_tag","embeddable":true,"href":"https:\/\/semmelweis.hu\/jogigfoig\/wp-json\/wp\/v2\/tags?post=1257"}],"curies":[{"name":"wp","href":"https:\/\/api.w.org\/{rel}","templated":true}]}}