{"id":1183,"date":"2013-03-08T09:02:14","date_gmt":"2013-03-08T09:02:14","guid":{"rendered":"http:\/\/semmelweis-egyetem.hu\/rektori-hivatal\/?page_id=1183"},"modified":"2022-11-21T14:25:12","modified_gmt":"2022-11-21T13:25:12","slug":"2011-junius-30-an-elfogadott-modositasok","status":"publish","type":"page","link":"https:\/\/semmelweis.hu\/jogigfoig\/testuletek\/szenatus\/2011-evi-szenatusi-hatarozatok\/2011-junius-30-an-elfogadott-modositasok\/","title":{"rendered":"2011. j\u00fanius 30-\u00e1n elfogadott m\u00f3dos\u00edt\u00e1sok"},"content":{"rendered":"<p>&nbsp;<\/p>\n<ul>\n<li>\u00a077\/2011. (VI.30.) sz. hat. a Szervezeti \u00e9s M\u0171k\u00f6d\u00e9si Szab\u00e1lyzat m\u00f3dos\u00edt\u00e1s\u00e1r\u00f3l<\/li>\n<\/ul>\n<p>&nbsp;<\/p>\n<p style=\"padding-left: 90px\">El\u0151terjeszt\u00e9s I.<\/p>\n<p>&nbsp;<\/p>\n<p style=\"padding-left: 90px\">El\u0151terjeszt\u00e9s II.<\/p>\n<p>&nbsp;<\/p>\n<ul>\n<li>78\/2011. (VI.30.) sz. hat. a Tanulm\u00e1nyi \u00e9s Vizsgaszab\u00e1lyzat elfogad\u00e1s\u00e1r\u00f3l az Eg\u00e9szs\u00e9g\u00fcgyi K\u00f6zszolg\u00e1lati Karon<\/li>\n<\/ul>\n<p>&nbsp;<\/p>\n<p style=\"padding-left: 90px\">El\u0151terjeszt\u00e9s<\/p>\n<p>&nbsp;<\/p>\n<ul>\n<li>88\/2011. (VI.30.) sz. hat. a Semmelweis Egyetem Szervezeti \u00e9s M\u0171k\u00f6d\u00e9si Szab\u00e1lyzat\u00e1nak m\u00f3dos\u00edt\u00e1s\u00e1r\u00f3l<\/li>\n<\/ul>\n<p>&nbsp;<\/p>\n<p style=\"padding-left: 90px\">El\u0151terjeszt\u00e9s<\/p>\n<p>&nbsp;<\/p>\n<p style=\"padding-left: 90px\">Organogram<\/p>\n<p>&nbsp;<\/p>\n<p>&nbsp;<\/p>\n<p>&nbsp;<\/p>\n<p>&nbsp;<\/p>\n<p>&nbsp;<\/p>\n","protected":false},"excerpt":{"rendered":"<p>&nbsp;<\/p>\n<p>\u00a077\/2011. (VI.30.) sz. hat. a Szervezeti \u00e9s M\u0171k\u00f6d\u00e9si Szab\u00e1lyzat m\u00f3dos\u00edt\u00e1s\u00e1r\u00f3l<\/p>\n<p>&nbsp;<br \/>\nEl\u0151terjeszt\u00e9s I.<br \/>\n&nbsp;<br \/>\nEl\u0151terjeszt\u00e9s II.<br \/>\n&nbsp;<\/p>\n<p>78\/2011. (VI.30.) sz. hat. a Tanulm\u00e1nyi \u00e9s Vizsgaszab\u00e1lyzat elfogad\u00e1s\u00e1r\u00f3l az Eg\u00e9szs\u00e9g\u00fcgyi K\u00f6zszolg\u00e1lati Karon<\/p>\n<p>&nbsp;<br \/>\nEl\u0151terjeszt\u00e9s<br \/>\n&nbsp;<\/p>\n<p>88\/2011. (VI.30.) sz. hat. a Semmelweis Egyetem Szervezeti \u00e9s M\u0171k\u00f6d\u00e9si Szab\u00e1lyzat\u00e1nak m\u00f3dos\u00edt\u00e1s\u00e1r\u00f3l<\/p>\n<p>&nbsp;<br \/>\nEl\u0151terjeszt\u00e9s<br \/>\n&nbsp;<br \/>\nOrganogram<br \/>\n&nbsp;<br \/>\n&nbsp;<br \/>\n&nbsp;<br \/>\n&nbsp;<br \/>\n&nbsp;<\/p>\n","protected":false},"author":128,"featured_media":0,"parent":7843,"menu_order":2,"comment_status":"closed","ping_status":"closed","template":"","meta":{"_acf_changed":false,"footnotes":""},"categories":[],"tags":[],"class_list":["post-1183","page","type-page","status-publish","hentry"],"acf":[],"_links":{"self":[{"href":"https:\/\/semmelweis.hu\/jogigfoig\/wp-json\/wp\/v2\/pages\/1183","targetHints":{"allow":["GET"]}}],"collection":[{"href":"https:\/\/semmelweis.hu\/jogigfoig\/wp-json\/wp\/v2\/pages"}],"about":[{"href":"https:\/\/semmelweis.hu\/jogigfoig\/wp-json\/wp\/v2\/types\/page"}],"author":[{"embeddable":true,"href":"https:\/\/semmelweis.hu\/jogigfoig\/wp-json\/wp\/v2\/users\/128"}],"replies":[{"embeddable":true,"href":"https:\/\/semmelweis.hu\/jogigfoig\/wp-json\/wp\/v2\/comments?post=1183"}],"version-history":[{"count":9,"href":"https:\/\/semmelweis.hu\/jogigfoig\/wp-json\/wp\/v2\/pages\/1183\/revisions"}],"predecessor-version":[{"id":10535,"href":"https:\/\/semmelweis.hu\/jogigfoig\/wp-json\/wp\/v2\/pages\/1183\/revisions\/10535"}],"up":[{"embeddable":true,"href":"https:\/\/semmelweis.hu\/jogigfoig\/wp-json\/wp\/v2\/pages\/7843"}],"wp:attachment":[{"href":"https:\/\/semmelweis.hu\/jogigfoig\/wp-json\/wp\/v2\/media?parent=1183"}],"wp:term":[{"taxonomy":"category","embeddable":true,"href":"https:\/\/semmelweis.hu\/jogigfoig\/wp-json\/wp\/v2\/categories?post=1183"},{"taxonomy":"post_tag","embeddable":true,"href":"https:\/\/semmelweis.hu\/jogigfoig\/wp-json\/wp\/v2\/tags?post=1183"}],"curies":[{"name":"wp","href":"https:\/\/api.w.org\/{rel}","templated":true}]}}