{"id":1143,"date":"2013-03-07T17:07:34","date_gmt":"2013-03-07T17:07:34","guid":{"rendered":"http:\/\/semmelweis-egyetem.hu\/rektori-hivatal\/?page_id=1143"},"modified":"2021-01-27T15:29:41","modified_gmt":"2021-01-27T14:29:41","slug":"2011-januar-27-en-elfogadott-modositasok","status":"publish","type":"page","link":"https:\/\/semmelweis.hu\/jogigfoig\/testuletek\/szenatus\/2011-evi-szenatusi-hatarozatok\/2011-januar-27-en-elfogadott-modositasok\/","title":{"rendered":"2011. janu\u00e1r 27-\u00e9n elfogadott m\u00f3dos\u00edt\u00e1sok"},"content":{"rendered":"<p><a href=\"https:\/\/semmelweis.hu\/rektori-hivatal\/files\/2013\/03\/11_A_2011_I_27_sz_hat.pdf\" target=\"_blank\" rel=\"noopener noreferrer\">11.A\/2011. (I.27.) sz. hat. a Szervezeti \u00e9s M\u0171k\u00f6d\u00e9si Szab\u00e1lyzat m\u00f3dos\u00edt\u00e1s\u00e1r\u00f3l a fels\u0151oktat\u00e1si t\u00f6rv\u00e9nyben bek\u00f6vetkezett v\u00e1ltoz\u00e1sok nyom\u00e1n<\/a><\/p>\n<p><a href=\"https:\/\/semmelweis.hu\/rektori-hivatal\/files\/2013\/03\/Eloterjesztes_SzMSz_hatalyositas_2011-01-20-.pdf\" target=\"_blank\" rel=\"noopener noreferrer\">El\u0151terjeszt\u00e9s<\/a><\/p>\n<p>&nbsp;<\/p>\n<p>&nbsp;<\/p>\n<p>&nbsp;<\/p>\n<p>&nbsp;<\/p>\n<p>&nbsp;<\/p>\n<p>&nbsp;<\/p>\n","protected":false},"excerpt":{"rendered":"<p><a href=\"https:\/\/semmelweis.hu\/rektori-hivatal\/files\/2013\/03\/11_A_2011_I_27_sz_hat.pdf\" target=\"_blank\" rel=\"noopener noreferrer\">11.A\/2011. (I.27.) sz. hat. a Szervezeti \u00e9s M\u0171k\u00f6d\u00e9si Szab\u00e1lyzat m\u00f3dos\u00edt\u00e1s\u00e1r\u00f3l a fels\u0151oktat\u00e1si t\u00f6rv\u00e9nyben bek\u00f6vetkezett v\u00e1ltoz\u00e1sok nyom\u00e1n<\/a><br \/>\n<a href=\"https:\/\/semmelweis.hu\/rektori-hivatal\/files\/2013\/03\/Eloterjesztes_SzMSz_hatalyositas_2011-01-20-.pdf\" target=\"_blank\" rel=\"noopener noreferrer\">El\u0151terjeszt\u00e9s<\/a><br \/>\n&nbsp;<br \/>\n&nbsp;<br \/>\n&nbsp;<br \/>\n&nbsp;<br \/>\n&nbsp;<br \/>\n&nbsp;<\/p>\n","protected":false},"author":128,"featured_media":0,"parent":7843,"menu_order":0,"comment_status":"closed","ping_status":"closed","template":"","meta":{"_acf_changed":false,"footnotes":""},"categories":[],"tags":[],"class_list":["post-1143","page","type-page","status-publish","hentry"],"acf":[],"_links":{"self":[{"href":"https:\/\/semmelweis.hu\/jogigfoig\/wp-json\/wp\/v2\/pages\/1143","targetHints":{"allow":["GET"]}}],"collection":[{"href":"https:\/\/semmelweis.hu\/jogigfoig\/wp-json\/wp\/v2\/pages"}],"about":[{"href":"https:\/\/semmelweis.hu\/jogigfoig\/wp-json\/wp\/v2\/types\/page"}],"author":[{"embeddable":true,"href":"https:\/\/semmelweis.hu\/jogigfoig\/wp-json\/wp\/v2\/users\/128"}],"replies":[{"embeddable":true,"href":"https:\/\/semmelweis.hu\/jogigfoig\/wp-json\/wp\/v2\/comments?post=1143"}],"version-history":[{"count":10,"href":"https:\/\/semmelweis.hu\/jogigfoig\/wp-json\/wp\/v2\/pages\/1143\/revisions"}],"predecessor-version":[{"id":79190,"href":"https:\/\/semmelweis.hu\/jogigfoig\/wp-json\/wp\/v2\/pages\/1143\/revisions\/79190"}],"up":[{"embeddable":true,"href":"https:\/\/semmelweis.hu\/jogigfoig\/wp-json\/wp\/v2\/pages\/7843"}],"wp:attachment":[{"href":"https:\/\/semmelweis.hu\/jogigfoig\/wp-json\/wp\/v2\/media?parent=1143"}],"wp:term":[{"taxonomy":"category","embeddable":true,"href":"https:\/\/semmelweis.hu\/jogigfoig\/wp-json\/wp\/v2\/categories?post=1143"},{"taxonomy":"post_tag","embeddable":true,"href":"https:\/\/semmelweis.hu\/jogigfoig\/wp-json\/wp\/v2\/tags?post=1143"}],"curies":[{"name":"wp","href":"https:\/\/api.w.org\/{rel}","templated":true}]}}