{"id":11,"date":"2011-11-18T13:50:46","date_gmt":"2011-11-18T12:50:46","guid":{"rendered":"http:\/\/semmelweis-egyetem.hu\/rektori-hivatal\/?page_id=11"},"modified":"2025-07-07T15:42:17","modified_gmt":"2025-07-07T13:42:17","slug":"rolunk","status":"publish","type":"page","link":"https:\/\/semmelweis.hu\/jogigfoig\/rolunk\/","title":{"rendered":"R\u00f3lunk"},"content":{"rendered":"<p style=\"text-align: justify\">A Jogi \u00e9s Igazgat\u00e1si F\u0151igazgat\u00f3s\u00e1g a Semmelweis Egyetem \u00f6n\u00e1ll\u00f3 keretgazd\u00e1lkod\u00e1si jogk\u00f6rrel rendelkez\u0151 k\u00f6zponti funkcion\u00e1lis szervezeti egys\u00e9ge, amely a Kancell\u00e1r k\u00f6zvetlen ir\u00e1ny\u00edt\u00e1sa mellett ell\u00e1tja az Egyetem \u00e1ltal\u00e1nos jogi, igazgat\u00e1si, szab\u00e1lyoz\u00e1si, szerz\u0151d\u00e9sk\u00f6t\u00e9si, jogi k\u00e9pviseleti \u00e9s egy\u00e9b jogi feladatait, valamint szervezi, ir\u00e1ny\u00edtja \u00e9s fel\u00fcgyeli a Semmelweis Egyetem adatv\u00e9delmi \u00e9s betegjogi tev\u00e9kenys\u00e9g\u00e9t.<\/p>\n<p style=\"text-align: justify\">A Jogi \u00e9s Igazgat\u00e1si F\u0151igazgat\u00f3s\u00e1g n\u00e9gy nagyobb szervezeti egys\u00e9gre tagol\u00f3dik, a Jogi Igazgat\u00f3s\u00e1gra, a Perk\u00e9pviseleti Igazgat\u00f3s\u00e1gra, a Szervez\u00e9si \u00e9s Igazgat\u00e1si K\u00f6zpontra \u00e9s Adatv\u00e9delmi \u00e9s Betegjogi K\u00f6zpontra.<\/p>\n<div id=\"GroupWiseSection_1581072170000_omrai.amarilla@semmelweis-univ.hu_209ADD0119530000B4706F6437386235_\" class=\"GroupWiseMessageBody active\">\u00a0<\/div>\n","protected":false},"excerpt":{"rendered":"<p>A Jogi \u00e9s Igazgat\u00e1si F\u0151igazgat\u00f3s\u00e1g a Semmelweis Egyetem \u00f6n\u00e1ll\u00f3 keretgazd\u00e1lkod\u00e1si jogk\u00f6rrel rendelkez\u0151 k\u00f6zponti funkcion\u00e1lis szervezeti egys\u00e9ge, amely a Kancell\u00e1r k\u00f6zvetlen ir\u00e1ny\u00edt\u00e1sa mellett ell\u00e1tja az Egyetem \u00e1ltal\u00e1nos jogi, igazgat\u00e1si, szab\u00e1lyoz\u00e1si, szerz\u0151d\u00e9sk\u00f6t\u00e9si, jogi k\u00e9pviseleti \u00e9s egy\u00e9b jogi feladatait, valamint szervezi, ir\u00e1ny\u00edtja \u00e9s fel\u00fcgyeli a Semmelweis Egyetem adatv\u00e9delmi \u00e9s betegjogi tev\u00e9kenys\u00e9g\u00e9t. A Jogi \u00e9s Igazgat\u00e1si F\u0151igazgat\u00f3s\u00e1g n\u00e9gy nagyobb &hellip;<\/p>\n","protected":false},"author":158,"featured_media":453,"parent":0,"menu_order":0,"comment_status":"open","ping_status":"closed","template":"","meta":{"_acf_changed":false,"footnotes":""},"categories":[],"tags":[],"class_list":["post-11","page","type-page","status-publish","has-post-thumbnail","hentry"],"acf":[],"_links":{"self":[{"href":"https:\/\/semmelweis.hu\/jogigfoig\/wp-json\/wp\/v2\/pages\/11","targetHints":{"allow":["GET"]}}],"collection":[{"href":"https:\/\/semmelweis.hu\/jogigfoig\/wp-json\/wp\/v2\/pages"}],"about":[{"href":"https:\/\/semmelweis.hu\/jogigfoig\/wp-json\/wp\/v2\/types\/page"}],"author":[{"embeddable":true,"href":"https:\/\/semmelweis.hu\/jogigfoig\/wp-json\/wp\/v2\/users\/158"}],"replies":[{"embeddable":true,"href":"https:\/\/semmelweis.hu\/jogigfoig\/wp-json\/wp\/v2\/comments?post=11"}],"version-history":[{"count":12,"href":"https:\/\/semmelweis.hu\/jogigfoig\/wp-json\/wp\/v2\/pages\/11\/revisions"}],"predecessor-version":[{"id":99654,"href":"https:\/\/semmelweis.hu\/jogigfoig\/wp-json\/wp\/v2\/pages\/11\/revisions\/99654"}],"wp:featuredmedia":[{"embeddable":true,"href":"https:\/\/semmelweis.hu\/jogigfoig\/wp-json\/wp\/v2\/media\/453"}],"wp:attachment":[{"href":"https:\/\/semmelweis.hu\/jogigfoig\/wp-json\/wp\/v2\/media?parent=11"}],"wp:term":[{"taxonomy":"category","embeddable":true,"href":"https:\/\/semmelweis.hu\/jogigfoig\/wp-json\/wp\/v2\/categories?post=11"},{"taxonomy":"post_tag","embeddable":true,"href":"https:\/\/semmelweis.hu\/jogigfoig\/wp-json\/wp\/v2\/tags?post=11"}],"curies":[{"name":"wp","href":"https:\/\/api.w.org\/{rel}","templated":true}]}}