{"id":10924,"date":"2018-04-04T15:04:40","date_gmt":"2018-04-04T13:04:40","guid":{"rendered":"http:\/\/semmelweis.hu\/jogigfoig\/?page_id=10924"},"modified":"2020-02-07T15:05:38","modified_gmt":"2020-02-07T14:05:38","slug":"2018-marcius-29","status":"publish","type":"page","link":"https:\/\/semmelweis.hu\/jogigfoig\/testuletek\/szenatus\/2018-evi-szenatusi-hatarozatok\/2018-marcius-29\/","title":{"rendered":"2018. m\u00e1rcius 29."},"content":{"rendered":"<ul>\n<li style=\"text-align: justify\"><a href=\"https:\/\/semmelweis.hu\/jogigfoig\/files\/2018\/04\/24_III_29_2018.pdf\">24\/2018 (III.29.) sz\u00e1m\u00fa hat\u00e1rozata a Semmelweis Egyetem 2017. \u00e9vi gazd\u00e1lkod\u00e1s\u00e1r\u00f3l sz\u00f3l\u00f3 besz\u00e1mol\u00f3 elfogad\u00e1s\u00e1r\u00f3l<\/a><\/li>\n<li style=\"text-align: justify\"><a href=\"https:\/\/semmelweis.hu\/jogigfoig\/files\/2018\/04\/25__III_29_2018.pdf\">25\/2018. (III.29.) sz\u00e1m\u00fa hat\u00e1rozata A Szervezeti \u00e9s M\u0171k\u00f6d\u00e9si Szab\u00e1lyzat III. r\u00e9sz V. fejezet a fegyelmi \u00e9s k\u00e1rt\u00e9r\u00edt\u00e9si \u00fcgyek elb\u00edr\u00e1l\u00e1s\u00e1nak elj\u00e1r\u00e1srendj\u00e9r\u0151l<\/a><\/li>\n<li><a href=\"https:\/\/semmelweis.hu\/jogigfoig\/files\/2018\/04\/25__III_29_2018_mellekl.pdf\">25\/2018. (III.29.) sz\u00e1m\u00fa hat\u00e1rozata A Szervezeti \u00e9s M\u0171k\u00f6d\u00e9si Szab\u00e1lyzat III. r\u00e9sz V. fejezet a fegyelmi \u00e9s k\u00e1rt\u00e9r\u00edt\u00e9si \u00fcgyek elb\u00edr\u00e1l\u00e1s\u00e1nak elj\u00e1r\u00e1srendj\u00e9r\u0151l mell\u00e9klete<\/a><\/li>\n<li style=\"text-align: justify\"><a href=\"https:\/\/semmelweis.hu\/jogigfoig\/files\/2018\/04\/26_III_29_2018.pdf\">26\/2018. (III.29.) sz\u00e1m\u00fa hat\u00e1rozata A Szervezeti \u00e9s M\u0171k\u00f6d\u00e9si Szab\u00e1lyzat III. r\u00e9sz VI. fejezet a hallgat\u00f3i jogorvoslati elj\u00e1r\u00e1s rendj\u00e9r\u0151l sz\u00f3l\u00f3 szab\u00e1lyzat elfogad\u00e1s\u00e1r\u00f3l<\/a><\/li>\n<li><a href=\"https:\/\/semmelweis.hu\/jogigfoig\/files\/2018\/04\/26__III_29_2018_mellekl.pdf\">26\/2018. (III.29.) sz\u00e1m\u00fa hat\u00e1rozata A Szervezeti \u00e9s M\u0171k\u00f6d\u00e9si Szab\u00e1lyzat III. r\u00e9sz VI. fejezet a hallgat\u00f3i jogorvoslati elj\u00e1r\u00e1s rendj\u00e9r\u0151l sz\u00f3l\u00f3 szab\u00e1lyzat elfogad\u00e1s\u00e1r\u00f3l mell\u00e9klete<\/a><\/li>\n<li style=\"text-align: justify\"><a href=\"https:\/\/semmelweis.hu\/jogigfoig\/files\/2018\/04\/27__III_29_2018.pdf\">27\/2018. (III. 29.) hat\u00e1rozata az Egyetem c\u00edmer\u00e9vel d\u00edsz\u00edtett arany pecs\u00e9tgy\u0171r\u0171 adom\u00e1nyoz\u00e1s\u00e1r\u00f3l<\/a><\/li>\n<li style=\"text-align: justify\"><a href=\"https:\/\/semmelweis.hu\/jogigfoig\/files\/2018\/04\/28_III_29_2018.pdf\">28\/2018. (III. 29.) hat\u00e1rozata Pro Universitate d\u00edj adom\u00e1nyoz\u00e1s\u00e1r\u00f3l<\/a><\/li>\n<li style=\"text-align: justify\"><a href=\"https:\/\/semmelweis.hu\/jogigfoig\/files\/2018\/04\/29__III_29_2018.pdf\">29\/2018. (III. 29.) hat\u00e1rozata Tiszteletbeli Szen\u00e1tor (Senator Honoris Causa) kit\u00fcntet\u0151 c\u00edm adom\u00e1nyoz\u00e1s\u00e1r\u00f3l<\/a><\/li>\n<li style=\"text-align: justify\"><a href=\"https:\/\/semmelweis.hu\/jogigfoig\/files\/2018\/04\/30__III_29_2018.pdf\">30\/2018. (III. 29.) sz\u00e1m\u00fa hat\u00e1rozata a K\u00fclf\u00f6ldi Hallgat\u00f3k Titk\u00e1rs\u00e1g\u00e1nak igazgat\u00f3helyettesi megb\u00edz\u00e1s\u00e1ra be\u00e9rkezett p\u00e1ly\u00e1zat v\u00e9lem\u00e9nyez\u00e9s\u00e9r\u0151l<\/a><\/li>\n<li style=\"text-align: justify\"><a href=\"https:\/\/semmelweis.hu\/jogigfoig\/files\/2018\/04\/31__III_29_2018.pdf\">31\/2018. (III. 29.) sz\u00e1m\u00fa hat\u00e1rozata a Besz\u00e1mol\u00f3 a Szen\u00e1tus \u00e1ltal l\u00e9trehozott, (Tanulm\u00e1nyi \u00e9s Vizsga Bizotts\u00e1g, Szoci\u00e1lis \u00e9s Es\u00e9lyegyenl\u0151s\u00e9gi Bizotts\u00e1g, Kredit\u00e1tviteli Bizotts\u00e1g, Etikai \u00e9s Fegyelmi Bizotts\u00e1g, a Pet\u0151 Andr\u00e1s Kar tekintet\u00e9ben tov\u00e1bbi k\u00e9t bizotts\u00e1g a Gyakorlati K\u00e9pz\u00e9si Bizotts\u00e1g \u00e9s a Kiad\u00f3i \u00e9s K\u00f6nyvt\u00e1r Bizotts\u00e1g) karokon m\u0171k\u00f6d\u0151 \u00e1lland\u00f3 bizotts\u00e1gok munk\u00e1j\u00e1r\u00f3l c\u00edm\u0171 el\u0151terjeszt\u00e9sr\u0151l<\/a><\/li>\n<li style=\"text-align: justify\"><a href=\"https:\/\/semmelweis.hu\/jogigfoig\/files\/2018\/04\/32__III_29_2018.pdf\">32\/2018. (III. 29.) sz\u00e1m\u00fa hat\u00e1rozata a Doktorandusz \u00d6nkorm\u00e1nyzat \u00e1ltal az Egyetemi Etikai Bizotts\u00e1gba deleg\u00e1lt tag megv\u00e1laszt\u00e1s\u00e1r\u00f3l<\/a><\/li>\n<li style=\"text-align: justify\"><a href=\"https:\/\/semmelweis.hu\/jogigfoig\/files\/2018\/04\/N_III_29_2018.pdf\">N-III.29.\/2018. sz\u00e1m\u00fa hat\u00e1rozata a szen\u00e1tusi \u00fcl\u00e9s m\u00f3dos\u00edtott napirendi pontjainak elfogad\u00e1s\u00e1r\u00f3l<\/a><\/li>\n<\/ul>\n","protected":false},"excerpt":{"rendered":"<p><a href=\"https:\/\/semmelweis.hu\/jogigfoig\/files\/2018\/04\/24_III_29_2018.pdf\">24\/2018 (III.29.) sz\u00e1m\u00fa hat\u00e1rozata a Semmelweis Egyetem 2017. \u00e9vi gazd\u00e1lkod\u00e1s\u00e1r\u00f3l sz\u00f3l\u00f3 besz\u00e1mol\u00f3 elfogad\u00e1s\u00e1r\u00f3l<\/a><br \/>\n<a href=\"https:\/\/semmelweis.hu\/jogigfoig\/files\/2018\/04\/25__III_29_2018.pdf\">25\/2018. (III.29.) sz\u00e1m\u00fa hat\u00e1rozata A Szervezeti \u00e9s M\u0171k\u00f6d\u00e9si Szab\u00e1lyzat III. r\u00e9sz V. fejezet a fegyelmi \u00e9s k\u00e1rt\u00e9r\u00edt\u00e9si \u00fcgyek elb\u00edr\u00e1l\u00e1s\u00e1nak elj\u00e1r\u00e1srendj\u00e9r\u0151l<\/a><br \/>\n<a href=\"https:\/\/semmelweis.hu\/jogigfoig\/files\/2018\/04\/25__III_29_2018_mellekl.pdf\">25\/2018. (III.29.) sz\u00e1m\u00fa hat\u00e1rozata A Szervezeti \u00e9s M\u0171k\u00f6d\u00e9si Szab\u00e1lyzat III. r\u00e9sz V. fejezet a fegyelmi \u00e9s k\u00e1rt\u00e9r\u00edt\u00e9si \u00fcgyek elb\u00edr\u00e1l\u00e1s\u00e1nak elj\u00e1r\u00e1srendj\u00e9r\u0151l mell\u00e9klete<\/a><br \/>\n<a href=\"https:\/\/semmelweis.hu\/jogigfoig\/files\/2018\/04\/26_III_29_2018.pdf\">26\/2018. (III.29.) sz\u00e1m\u00fa hat\u00e1rozata A Szervezeti \u00e9s M\u0171k\u00f6d\u00e9si Szab\u00e1lyzat III. r\u00e9sz VI. fejezet a hallgat\u00f3i jogorvoslati elj\u00e1r\u00e1s rendj\u00e9r\u0151l sz\u00f3l\u00f3 szab\u00e1lyzat elfogad\u00e1s\u00e1r\u00f3l<\/a><br \/>\n<a href=\"https:\/\/semmelweis.hu\/jogigfoig\/files\/2018\/04\/26__III_29_2018_mellekl.pdf\">26\/2018. (III.29.) sz\u00e1m\u00fa hat\u00e1rozata A Szervezeti \u00e9s M\u0171k\u00f6d\u00e9si Szab\u00e1lyzat III. r\u00e9sz VI. fejezet a hallgat\u00f3i jogorvoslati elj\u00e1r\u00e1s rendj\u00e9r\u0151l sz\u00f3l\u00f3 szab\u00e1lyzat elfogad\u00e1s\u00e1r\u00f3l mell\u00e9klete<\/a><br \/>\n<a href=\"https:\/\/semmelweis.hu\/jogigfoig\/files\/2018\/04\/27__III_29_2018.pdf\">27\/2018. (III. 29.) hat\u00e1rozata az Egyetem c\u00edmer\u00e9vel d\u00edsz\u00edtett arany pecs\u00e9tgy\u0171r\u0171 adom\u00e1nyoz\u00e1s\u00e1r\u00f3l<\/a><br \/>\n<a href=\"https:\/\/semmelweis.hu\/jogigfoig\/files\/2018\/04\/28_III_29_2018.pdf\">28\/2018. (III. 29.) hat\u00e1rozata Pro Universitate d\u00edj adom\u00e1nyoz\u00e1s\u00e1r\u00f3l<\/a><br \/>\n<a href=\"https:\/\/semmelweis.hu\/jogigfoig\/files\/2018\/04\/29__III_29_2018.pdf\">29\/2018. (III. 29.) hat\u00e1rozata Tiszteletbeli Szen\u00e1tor (Senator Honoris Causa) kit\u00fcntet\u0151 c\u00edm adom\u00e1nyoz\u00e1s\u00e1r\u00f3l<\/a><br \/>\n<a href=\"https:\/\/semmelweis.hu\/jogigfoig\/files\/2018\/04\/30__III_29_2018.pdf\">30\/2018. (III. 29.) sz\u00e1m\u00fa hat\u00e1rozata a K\u00fclf\u00f6ldi Hallgat\u00f3k Titk\u00e1rs\u00e1g\u00e1nak igazgat\u00f3helyettesi megb\u00edz\u00e1s\u00e1ra be\u00e9rkezett p\u00e1ly\u00e1zat v\u00e9lem\u00e9nyez\u00e9s\u00e9r\u0151l<\/a><br \/>\n<a href=\"https:\/\/semmelweis.hu\/jogigfoig\/files\/2018\/04\/31__III_29_2018.pdf\">31\/2018. (III. 29.) sz\u00e1m\u00fa hat\u00e1rozata a Besz\u00e1mol\u00f3 a Szen\u00e1tus \u00e1ltal l\u00e9trehozott, (Tanulm\u00e1nyi \u00e9s Vizsga Bizotts\u00e1g, Szoci\u00e1lis \u00e9s Es\u00e9lyegyenl\u0151s\u00e9gi Bizotts\u00e1g, Kredit\u00e1tviteli Bizotts\u00e1g, Etikai \u00e9s Fegyelmi Bizotts\u00e1g, a Pet\u0151 Andr\u00e1s Kar tekintet\u00e9ben tov\u00e1bbi k\u00e9t bizotts\u00e1g a Gyakorlati K\u00e9pz\u00e9si Bizotts\u00e1g \u00e9s a Kiad\u00f3i \u00e9s K\u00f6nyvt\u00e1r Bizotts\u00e1g) karokon m\u0171k\u00f6d\u0151 \u00e1lland\u00f3 bizotts\u00e1gok munk\u00e1j\u00e1r\u00f3l c\u00edm\u0171 el\u0151terjeszt\u00e9sr\u0151l<\/a><br \/>\n<a href=\"https:\/\/semmelweis.hu\/jogigfoig\/files\/2018\/04\/32__III_29_2018.pdf\">32\/2018. (III. 29.) sz\u00e1m\u00fa hat\u00e1rozata a Doktorandusz \u00d6nkorm\u00e1nyzat \u00e1ltal az Egyetemi Etikai Bizotts\u00e1gba deleg\u00e1lt tag megv\u00e1laszt\u00e1s\u00e1r\u00f3l<\/a><br \/>\n<a href=\"https:\/\/semmelweis.hu\/jogigfoig\/files\/2018\/04\/N_III_29_2018.pdf\">N-III.29.\/2018. sz\u00e1m\u00fa hat\u00e1rozata a szen\u00e1tusi \u00fcl\u00e9s m\u00f3dos\u00edtott napirendi pontjainak elfogad\u00e1s\u00e1r\u00f3l<\/a><\/p>\n","protected":false},"author":101117,"featured_media":0,"parent":10434,"menu_order":4,"comment_status":"closed","ping_status":"closed","template":"","meta":{"_acf_changed":false,"footnotes":""},"categories":[],"tags":[],"class_list":["post-10924","page","type-page","status-publish","hentry"],"acf":[],"_links":{"self":[{"href":"https:\/\/semmelweis.hu\/jogigfoig\/wp-json\/wp\/v2\/pages\/10924","targetHints":{"allow":["GET"]}}],"collection":[{"href":"https:\/\/semmelweis.hu\/jogigfoig\/wp-json\/wp\/v2\/pages"}],"about":[{"href":"https:\/\/semmelweis.hu\/jogigfoig\/wp-json\/wp\/v2\/types\/page"}],"author":[{"embeddable":true,"href":"https:\/\/semmelweis.hu\/jogigfoig\/wp-json\/wp\/v2\/users\/101117"}],"replies":[{"embeddable":true,"href":"https:\/\/semmelweis.hu\/jogigfoig\/wp-json\/wp\/v2\/comments?post=10924"}],"version-history":[{"count":1,"href":"https:\/\/semmelweis.hu\/jogigfoig\/wp-json\/wp\/v2\/pages\/10924\/revisions"}],"predecessor-version":[{"id":10937,"href":"https:\/\/semmelweis.hu\/jogigfoig\/wp-json\/wp\/v2\/pages\/10924\/revisions\/10937"}],"up":[{"embeddable":true,"href":"https:\/\/semmelweis.hu\/jogigfoig\/wp-json\/wp\/v2\/pages\/10434"}],"wp:attachment":[{"href":"https:\/\/semmelweis.hu\/jogigfoig\/wp-json\/wp\/v2\/media?parent=10924"}],"wp:term":[{"taxonomy":"category","embeddable":true,"href":"https:\/\/semmelweis.hu\/jogigfoig\/wp-json\/wp\/v2\/categories?post=10924"},{"taxonomy":"post_tag","embeddable":true,"href":"https:\/\/semmelweis.hu\/jogigfoig\/wp-json\/wp\/v2\/tags?post=10924"}],"curies":[{"name":"wp","href":"https:\/\/api.w.org\/{rel}","templated":true}]}}