{"id":10904,"date":"2018-03-28T08:14:33","date_gmt":"2018-03-28T06:14:33","guid":{"rendered":"http:\/\/semmelweis.hu\/jogigfoig\/?page_id=10904"},"modified":"2018-03-28T15:27:49","modified_gmt":"2018-03-28T13:27:49","slug":"2018-marcius-23","status":"publish","type":"page","link":"https:\/\/semmelweis.hu\/jogigfoig\/testuletek\/konzisztorium\/2018-marcius-23\/","title":{"rendered":"2018. m\u00e1rcius 23."},"content":{"rendered":"<ul>\n<li style=\"text-align: justify\"><a href=\"https:\/\/semmelweis.hu\/jogigfoig\/files\/2018\/03\/1_2018_III_23_2017_konziszt_hatarozat.pdf\">A Semmelweis Egyetem Konziszt\u00f3rium\u00e1nak 1\/2018. (III.23.) sz\u00e1m\u00fa hat\u00e1rozata a Semmelweis Egyetem 2017. \u00e9vi gazd\u00e1lkod\u00e1s\u00e1r\u00f3l sz\u00f3l\u00f3 besz\u00e1mol\u00f3 elfogad\u00e1s\u00e1r\u00f3l<\/a><\/li>\n<li style=\"text-align: justify\"><a href=\"https:\/\/semmelweis.hu\/jogigfoig\/files\/2018\/03\/2_2018_III_23_konziszt_hatarozat.pdf\">A Semmelweis Egyetem Konziszt\u00f3rium\u00e1nak 2\/2018. (III.23.) sz\u00e1m\u00fa hat\u00e1rozata a &#8222;Semmelweis Egyetem 2018. \u00e9vi Vagyongazd\u00e1lkod\u00e1si Terve&#8221; c\u00edm\u0171 el\u0151terjeszt\u00e9sr\u0151l<\/a><\/li>\n<\/ul>\n","protected":false},"excerpt":{"rendered":"<p><a href=\"https:\/\/semmelweis.hu\/jogigfoig\/files\/2018\/03\/1_2018_III_23_2017_konziszt_hatarozat.pdf\">A Semmelweis Egyetem Konziszt\u00f3rium\u00e1nak 1\/2018. (III.23.) sz\u00e1m\u00fa hat\u00e1rozata a Semmelweis Egyetem 2017. \u00e9vi gazd\u00e1lkod\u00e1s\u00e1r\u00f3l sz\u00f3l\u00f3 besz\u00e1mol\u00f3 elfogad\u00e1s\u00e1r\u00f3l<\/a><br \/>\n<a href=\"https:\/\/semmelweis.hu\/jogigfoig\/files\/2018\/03\/2_2018_III_23_konziszt_hatarozat.pdf\">A Semmelweis Egyetem Konziszt\u00f3rium\u00e1nak 2\/2018. (III.23.) sz\u00e1m\u00fa hat\u00e1rozata a &#8222;Semmelweis Egyetem 2018. \u00e9vi Vagyongazd\u00e1lkod\u00e1si Terve&#8221; c\u00edm\u0171 el\u0151terjeszt\u00e9sr\u0151l<\/a><\/p>\n","protected":false},"author":101117,"featured_media":0,"parent":4612,"menu_order":12,"comment_status":"closed","ping_status":"closed","template":"","meta":{"_acf_changed":false,"footnotes":""},"categories":[],"tags":[],"class_list":["post-10904","page","type-page","status-publish","hentry"],"acf":[],"_links":{"self":[{"href":"https:\/\/semmelweis.hu\/jogigfoig\/wp-json\/wp\/v2\/pages\/10904","targetHints":{"allow":["GET"]}}],"collection":[{"href":"https:\/\/semmelweis.hu\/jogigfoig\/wp-json\/wp\/v2\/pages"}],"about":[{"href":"https:\/\/semmelweis.hu\/jogigfoig\/wp-json\/wp\/v2\/types\/page"}],"author":[{"embeddable":true,"href":"https:\/\/semmelweis.hu\/jogigfoig\/wp-json\/wp\/v2\/users\/101117"}],"replies":[{"embeddable":true,"href":"https:\/\/semmelweis.hu\/jogigfoig\/wp-json\/wp\/v2\/comments?post=10904"}],"version-history":[{"count":1,"href":"https:\/\/semmelweis.hu\/jogigfoig\/wp-json\/wp\/v2\/pages\/10904\/revisions"}],"predecessor-version":[{"id":10907,"href":"https:\/\/semmelweis.hu\/jogigfoig\/wp-json\/wp\/v2\/pages\/10904\/revisions\/10907"}],"up":[{"embeddable":true,"href":"https:\/\/semmelweis.hu\/jogigfoig\/wp-json\/wp\/v2\/pages\/4612"}],"wp:attachment":[{"href":"https:\/\/semmelweis.hu\/jogigfoig\/wp-json\/wp\/v2\/media?parent=10904"}],"wp:term":[{"taxonomy":"category","embeddable":true,"href":"https:\/\/semmelweis.hu\/jogigfoig\/wp-json\/wp\/v2\/categories?post=10904"},{"taxonomy":"post_tag","embeddable":true,"href":"https:\/\/semmelweis.hu\/jogigfoig\/wp-json\/wp\/v2\/tags?post=10904"}],"curies":[{"name":"wp","href":"https:\/\/api.w.org\/{rel}","templated":true}]}}