{"id":10768,"date":"2018-03-06T17:13:16","date_gmt":"2018-03-06T16:13:16","guid":{"rendered":"http:\/\/semmelweis.hu\/jogigfoig\/?page_id=10768"},"modified":"2020-02-07T15:05:30","modified_gmt":"2020-02-07T14:05:30","slug":"10768-2","status":"publish","type":"page","link":"https:\/\/semmelweis.hu\/jogigfoig\/testuletek\/szenatus\/2018-evi-szenatusi-hatarozatok\/10768-2\/","title":{"rendered":"2018. m\u00e1rcius 1."},"content":{"rendered":"<p style=\"text-align: justify\"><a href=\"https:\/\/semmelweis.hu\/jogigfoig\/files\/2018\/04\/9_III_1_2018_SZMSZ_Hkr_e_index_PAK.pdf\">9\/2018. (III.1.) sz\u00e1m\u00fa hat\u00e1rozata a Semmelweis Egyetem Szervezeti \u00e9s M\u0171k\u00f6d\u00e9si Szab\u00e1lyzat III. r\u00e9sz Hallgat\u00f3i k\u00f6vetelm\u00e9nyrendszer IV\/A. fejezet a Pet\u0151 Andr\u00e1s Karra vonatkoz\u00f3 tanulm\u00e1nyi k\u00f6vetelm\u00e9nyek \u00e9s a t\u00e9r\u00edt\u00e9si \u00e9s juttat\u00e1si szab\u00e1lyok c\u00edm\u0171 szab\u00e1lyzat m\u00f3dos\u00edt\u00e1s\u00e1nak elfogad\u00e1s\u00e1r\u00f3l<\/a><\/p>\n<p style=\"text-align: justify\"><a href=\"https:\/\/semmelweis.hu\/jogigfoig\/files\/2018\/03\/10_III.1._2018_SZMSZ_egyes-rendelk._JIF.pdf\"><span style=\"font-size: 12pt\">10\/2018. (III.1.) sz\u00e1m\u00fa hat\u00e1rozata\u00a0az SZMSZ egyes rendelkez\u00e9seinek m\u00f3dos\u00edt\u00e1s\u00e1r\u00f3l<\/span><\/a><\/p>\n<p style=\"text-align: justify\"><a href=\"https:\/\/semmelweis.hu\/jogigfoig\/files\/2018\/03\/11_III.1._2018_SZMSZ-egyes-rendekl._HEGI.pdf\"><span style=\"font-size: 12pt\">11\/2018. (III. 1.) sz\u00e1m\u00fa hat\u00e1rozata\u00a0a Szervezeti \u00e9s M\u0171k\u00f6d\u00e9si Szab\u00e1lyzat egyes rendelkez\u00e9seinek m\u00f3dos\u00edt\u00e1s\u00e1r\u00f3l<\/span><\/a><\/p>\n<p style=\"text-align: justify\"><a href=\"https:\/\/semmelweis.hu\/jogigfoig\/files\/2018\/03\/12_III.1._2018_Kiemelt-beruh\u00e1z\u00e1si_szerv.egys_.-l\u00e9treh.pdf\">12\/2018. (III.1.) sz\u00e1m\u00fa hat\u00e1rozata\u00a0Javaslat a kiemelt beruh\u00e1z\u00e1si, fejleszt\u00e9si feladatok v\u00e9grehajt\u00e1s\u00e1\u00e9rt felel\u0151s szervezeti egys\u00e9g l\u00e9trehoz\u00e1s\u00e1r\u00f3l c\u00edm\u0171 el\u0151terjeszt\u00e9s elfogad\u00e1s\u00e1r\u00f3l<\/a><\/p>\n<p style=\"text-align: justify\"><a href=\"https:\/\/semmelweis.hu\/jogigfoig\/files\/2018\/03\/13_III.1._2018_\u00c1OK_egyetemi-tan\u00e1ri.pdf\">13\/2018. (III. 1.) sz\u00e1m\u00fa hat\u00e1rozata\u00a0az \u00c1ltal\u00e1nos Orvostudom\u00e1nyi Kar \u00e1ltal meghirdetett egyetemi tan\u00e1ri \u00e1ll\u00e1shelyekre be\u00e9rkezett p\u00e1ly\u00e1zatok v\u00e9lem\u00e9nyez\u00e9s\u00e9r\u0151l<\/a><\/p>\n<p style=\"text-align: justify\"><a href=\"https:\/\/semmelweis.hu\/jogigfoig\/files\/2018\/03\/14_III.1._2018_Neuropszichol\u00f3gia-TszCsop.-l\u00e9treh.pdf\">14\/2018 (III.1.) sz\u00e1m\u00fa hat\u00e1rozata\u00a0a Neuropszichol\u00f3giai Szakpszichol\u00f3gia Tansz\u00e9ki Csoport l\u00e9trehoz\u00e1s\u00e1r\u00f3l a Pszichi\u00e1triai \u00e9s Pszichoter\u00e1pi\u00e1s Klinik\u00e1hoz rendelten\u00a0c\u00edm\u0171 el\u0151terjeszt\u00e9s elfogad\u00e1s\u00e1r\u00f3l<\/a><\/p>\n<p style=\"text-align: justify\"><span style=\"color: #333399\"><a href=\"https:\/\/semmelweis.hu\/jogigfoig\/files\/2018\/03\/15_III.1._2018_Hum\u00e1n-Agysz\u00f6vet-Bank-l\u00e9treh.pdf\">15\/2018. (III. 1.) sz\u00e1m\u00fa hat\u00e1rozata\u00a0a Hum\u00e1n Agysz\u00f6vet Bank \u00e9s Laborat\u00f3rium l\u00e9trehoz\u00e1s\u00e1r\u00f3l az \u00c1ltal\u00e1nos Orvostudom\u00e1nyi Karon, valamint a Szervezeti \u00e9s M\u0171k\u00f6d\u00e9si Szab\u00e1lyzat m\u00f3dos\u00edt\u00e1s\u00e1r\u00f3l\u00a0<\/a><a href=\"https:\/\/semmelweis.hu\/jogigfoig\/files\/2018\/03\/15_III.1._2018_Hum\u00e1n-Agysz\u00f6vet-Bank-l\u00e9treh.pdf\">c\u00edm\u0171 el\u0151terjeszt\u00e9s elfogad\u00e1s\u00e1r\u00f3l<\/a>\u00a0 \u00a0 \u00a0 <a href=\"https:\/\/semmelweis.hu\/jogigfoig\/files\/2018\/03\/15_III.1._2018_Hum\u00e1n-Agysz\u00f6vet-Bank-l\u00e9treh._mell\u00e9kl.organogram.pdf\">Kapcsol\u00f3d\u00f3 mell\u00e9klet (Organogram)<\/a><\/span><\/p>\n<p style=\"text-align: justify\"><a href=\"https:\/\/semmelweis.hu\/jogigfoig\/files\/2018\/03\/16_III.1._2018_FOK-bizotts\u00e1gok.pdf\">16\/2018. (III.1.) sz\u00e1m\u00fa hat\u00e1rozata\u00a0a Semmelweis Egyetem Fogorvostudom\u00e1nyi Karon m\u0171k\u00f6d\u0151 szen\u00e1tusi\u00a0bizotts\u00e1gok szem\u00e9lyi \u00f6sszet\u00e9tel\u00e9nek v\u00e1ltoztat\u00e1s\u00e1nak\u00a0elfogad\u00e1s\u00e1r\u00f3l<\/a><\/p>\n<p style=\"text-align: justify\"><a href=\"https:\/\/semmelweis.hu\/jogigfoig\/files\/2018\/03\/17_III.1._2018_ETK_7_2018.-tant\u00e1rgyi-programok.pdf\">17\/2018. (III. 1.) sz\u00e1m\u00fa hat\u00e1rozata\u00a0a 7\/2018. (I.25.) sz\u00e1m\u00fa hat\u00e1rozattal elfogadott tantervekhez tartoz\u00f3 tant\u00e1rgyi programok elfogad\u00e1s\u00e1r\u00f3l<\/a><\/p>\n<p style=\"text-align: justify\"><a href=\"https:\/\/semmelweis.hu\/jogigfoig\/files\/2018\/03\/18_III.1._2018_ETK_kar-bizotts._szem\u00e9lyi-\u00f6ssz.pdf\">18\/2018. (III. 1.) sz\u00e1m\u00fa hat\u00e1rozata\u00a0az Eg\u00e9szs\u00e9gtudom\u00e1nyi Karon m\u0171k\u00f6d\u0151 Szen\u00e1tus \u00e1ltal l\u00e9trehozott bizotts\u00e1gok szem\u00e9lyi \u00f6sszet\u00e9tel\u00e9nek m\u00f3dos\u00edt\u00e1s\u00e1r\u00f3l<\/a><\/p>\n<p style=\"text-align: justify\"><a href=\"https:\/\/semmelweis.hu\/jogigfoig\/files\/2018\/03\/19_III.1._2018_EKK_allando_bizottsagok.pdf\">19\/2018 (III. 1.) sz\u00e1m\u00fa hat\u00e1rozata\u00a0Az Eg\u00e9szs\u00e9g\u00fcgyi K\u00f6zszolg\u00e1lati Kar Szen\u00e1tus \u00e1ltal l\u00e9trehozott Curriculum, Kredit\u00e1tviteli \u00e9s Oktat\u00e1si Bizotts\u00e1g, valamint a Szoci\u00e1lis \u00e9s Es\u00e9lyegyenl\u0151s\u00e9gi Bizotts\u00e1g szem\u00e9lyi \u00f6sszet\u00e9tel\u00e9nek meg\u00faj\u00edt\u00e1s\u00e1r\u00f3l<\/a><\/p>\n<p style=\"text-align: justify\"><a href=\"https:\/\/semmelweis.hu\/jogigfoig\/files\/2018\/03\/20_III.1._2018_EKK_MHI_mentalhigi\u00e9n\u00e9_KKK.pdf\">20\/2018. (III.1.) hat\u00e1rozata\u00a0az Eg\u00e9szs\u00e9g\u00fcgyi K\u00f6zszolg\u00e1lati Kar Ment\u00e1lhigi\u00e9n\u00e9 Int\u00e9zet\u00a0ment\u00e1lhigi\u00e9n\u00e9 szakir\u00e1ny\u00fa tov\u00e1bbk\u00e9pz\u00e9si szak k\u00e9pz\u00e9si \u00e9s kimeneti k\u00f6vetelm\u00e9nyeinek m\u00f3dos\u00edt\u00e1s\u00e1r\u00f3l<\/a><\/p>\n<p style=\"text-align: justify\"><a href=\"https:\/\/semmelweis.hu\/jogigfoig\/files\/2018\/03\/21_III.1._2018_EKK_MHI_mediacio_mintatanterv.pdf\">21\/2018. (III.1.) hat\u00e1rozata\u00a0a Semmelweis Egyetem Szen\u00e1tusa sz\u00e1m\u00e1ra\u00a0az Eg\u00e9szs\u00e9g\u00fcgyi K\u00f6zszolg\u00e1lati Kar Ment\u00e1lhigi\u00e9n\u00e9 Int\u00e9zet\u00a0k\u00f6z\u00f6ss\u00e9gi \u00e9s csal\u00e1di medi\u00e1ci\u00f3 szakir\u00e1ny\u00fa tov\u00e1bbk\u00e9pz\u00e9si szak sz\u00e9khelyen k\u00edv\u00fcli k\u00e9pz\u00e9sk\u00e9nt val\u00f3 ind\u00edt\u00e1s\u00e1r\u00f3l EFOP 3.4.3.-16-2016-0007 p\u00e1ly\u00e1zat keret\u00e9ben, valamint a k\u00e9pz\u00e9s mintatanterv\u00e9nek m\u00f3dos\u00edt\u00e1s\u00e1r\u00f3l<\/a><\/p>\n<p style=\"text-align: justify\"><a href=\"https:\/\/semmelweis.hu\/jogigfoig\/files\/2018\/03\/22_III.1._2018_EKK_lakt\u00e1ci\u00f3s_KKK.pdf\">22\/2018. (III.1.) hat\u00e1rozata\u00a0az Eg\u00e9szs\u00e9g\u00fcgyi K\u00f6zszolg\u00e1lati Kar Ment\u00e1lhigi\u00e9n\u00e9 Int\u00e9zet\u00a0lakt\u00e1ci\u00f3s szaktan\u00e1csad\u00f3 szakir\u00e1ny\u00fa tov\u00e1bbk\u00e9pz\u00e9si szak k\u00e9pz\u00e9si \u00e9s kimeneti k\u00f6vetelm\u00e9nyeinek m\u00f3dos\u00edt\u00e1s\u00e1r\u00f3l<\/a><\/p>\n<p style=\"text-align: justify\"><a href=\"https:\/\/semmelweis.hu\/jogigfoig\/files\/2018\/03\/23_III.1._2018_\u00c1OK-kurrikulum-m\u00f3d.pdf\">23\/2018. (III.1.) sz\u00e1m\u00fa hat\u00e1rozata\u00a0az \u00c1ltal\u00e1nos Orvostudom\u00e1nyi Kar Kurrikulum\u00e1nak m\u00f3dos\u00edt\u00e1s\u00e1r\u00f3l<\/a><\/p>\n<p style=\"text-align: justify\"><a href=\"https:\/\/semmelweis.hu\/jogigfoig\/files\/2018\/03\/N-III.1_2018.-sz\u00e1m\u00fa-hat\u00e1rozat-a-szen\u00e1tusi-\u00fcl\u00e9s-m\u00f3dos\u00edtott-napirendi-pontjainak-elfogad\u00e1s\u00e1r\u00f3l.pdf\">N-III.1.\/2018. sz\u00e1m\u00fa\u00a0hat\u00e1rozata\u00a0a szen\u00e1tusi \u00fcl\u00e9s m\u00f3dos\u00edtott napirendi pontjainak elfogad\u00e1s\u00e1r\u00f3l<\/a><\/p>\n","protected":false},"excerpt":{"rendered":"<p><a href=\"https:\/\/semmelweis.hu\/jogigfoig\/files\/2018\/04\/9_III_1_2018_SZMSZ_Hkr_e_index_PAK.pdf\">9\/2018. (III.1.) sz\u00e1m\u00fa hat\u00e1rozata a Semmelweis Egyetem Szervezeti \u00e9s M\u0171k\u00f6d\u00e9si Szab\u00e1lyzat III. r\u00e9sz Hallgat\u00f3i k\u00f6vetelm\u00e9nyrendszer IV\/A. fejezet a Pet\u0151 Andr\u00e1s Karra vonatkoz\u00f3 tanulm\u00e1nyi k\u00f6vetelm\u00e9nyek \u00e9s a t\u00e9r\u00edt\u00e9si \u00e9s juttat\u00e1si szab\u00e1lyok c\u00edm\u0171 szab\u00e1lyzat m\u00f3dos\u00edt\u00e1s\u00e1nak elfogad\u00e1s\u00e1r\u00f3l<\/a><br \/>\n<a href=\"https:\/\/semmelweis.hu\/jogigfoig\/files\/2018\/03\/10_III.1._2018_SZMSZ_egyes-rendelk._JIF.pdf\">10\/2018. (III.1.) sz\u00e1m\u00fa hat\u00e1rozata\u00a0az SZMSZ egyes rendelkez\u00e9seinek m\u00f3dos\u00edt\u00e1s\u00e1r\u00f3l<\/a><br \/>\n<a href=\"https:\/\/semmelweis.hu\/jogigfoig\/files\/2018\/03\/11_III.1._2018_SZMSZ-egyes-rendekl._HEGI.pdf\">11\/2018. (III. 1.) sz\u00e1m\u00fa hat\u00e1rozata\u00a0a Szervezeti \u00e9s M\u0171k\u00f6d\u00e9si Szab\u00e1lyzat egyes rendelkez\u00e9seinek m\u00f3dos\u00edt\u00e1s\u00e1r\u00f3l<\/a><br \/>\n<a href=\"https:\/\/semmelweis.hu\/jogigfoig\/files\/2018\/03\/12_III.1._2018_Kiemelt-beruh\u00e1z\u00e1si_szerv.egys_.-l\u00e9treh.pdf\">12\/2018. (III.1.) sz\u00e1m\u00fa hat\u00e1rozata\u00a0Javaslat a kiemelt beruh\u00e1z\u00e1si, fejleszt\u00e9si feladatok v\u00e9grehajt\u00e1s\u00e1\u00e9rt felel\u0151s szervezeti egys\u00e9g l\u00e9trehoz\u00e1s\u00e1r\u00f3l c\u00edm\u0171 el\u0151terjeszt\u00e9s elfogad\u00e1s\u00e1r\u00f3l<\/a><br \/>\n<a href=\"https:\/\/semmelweis.hu\/jogigfoig\/files\/2018\/03\/13_III.1._2018_\u00c1OK_egyetemi-tan\u00e1ri.pdf\">13\/2018. (III. 1.) sz\u00e1m\u00fa hat\u00e1rozata\u00a0az \u00c1ltal\u00e1nos Orvostudom\u00e1nyi Kar \u00e1ltal meghirdetett egyetemi tan\u00e1ri \u00e1ll\u00e1shelyekre be\u00e9rkezett p\u00e1ly\u00e1zatok v\u00e9lem\u00e9nyez\u00e9s\u00e9r\u0151l<\/a><br \/>\n<a href=\"https:\/\/semmelweis.hu\/jogigfoig\/files\/2018\/03\/14_III.1._2018_Neuropszichol\u00f3gia-TszCsop.-l\u00e9treh.pdf\">14\/2018 (III.1.) sz\u00e1m\u00fa hat\u00e1rozata\u00a0a Neuropszichol\u00f3giai Szakpszichol\u00f3gia Tansz\u00e9ki Csoport l\u00e9trehoz\u00e1s\u00e1r\u00f3l a Pszichi\u00e1triai \u00e9s Pszichoter\u00e1pi\u00e1s Klinik\u00e1hoz rendelten\u00a0c\u00edm\u0171 el\u0151terjeszt\u00e9s elfogad\u00e1s\u00e1r\u00f3l<\/a><br \/>\n<a href=\"https:\/\/semmelweis.hu\/jogigfoig\/files\/2018\/03\/15_III.1._2018_Hum\u00e1n-Agysz\u00f6vet-Bank-l\u00e9treh.pdf\">15\/2018. (III. 1.) sz\u00e1m\u00fa hat\u00e1rozata\u00a0a Hum\u00e1n Agysz\u00f6vet Bank \u00e9s Laborat\u00f3rium l\u00e9trehoz\u00e1s\u00e1r\u00f3l az \u00c1ltal\u00e1nos Orvostudom\u00e1nyi Karon, valamint a Szervezeti \u00e9s M\u0171k\u00f6d\u00e9si Szab\u00e1lyzat m\u00f3dos\u00edt\u00e1s\u00e1r\u00f3l\u00a0<\/a><a href=\"https:\/\/semmelweis.hu\/jogigfoig\/files\/2018\/03\/15_III.1._2018_Hum\u00e1n-Agysz\u00f6vet-Bank-l\u00e9treh.pdf\">c\u00edm\u0171 el\u0151terjeszt\u00e9s elfogad\u00e1s\u00e1r\u00f3l<\/a>\u00a0 \u00a0 \u00a0 <a href=\"https:\/\/semmelweis.hu\/jogigfoig\/files\/2018\/03\/15_III.1._2018_Hum\u00e1n-Agysz\u00f6vet-Bank-l\u00e9treh._mell\u00e9kl.organogram.pdf\">Kapcsol\u00f3d\u00f3 mell\u00e9klet (Organogram)<\/a><br \/>\n<a href=\"https:\/\/semmelweis.hu\/jogigfoig\/files\/2018\/03\/16_III.1._2018_FOK-bizotts\u00e1gok.pdf\">16\/2018. (III.1.) sz\u00e1m\u00fa hat\u00e1rozata\u00a0a Semmelweis Egyetem Fogorvostudom\u00e1nyi Karon m\u0171k\u00f6d\u0151 szen\u00e1tusi\u00a0bizotts\u00e1gok szem\u00e9lyi \u00f6sszet\u00e9tel\u00e9nek v\u00e1ltoztat\u00e1s\u00e1nak\u00a0elfogad\u00e1s\u00e1r\u00f3l<\/a><br \/>\n<a href=\"https:\/\/semmelweis.hu\/jogigfoig\/files\/2018\/03\/17_III.1._2018_ETK_7_2018.-tant\u00e1rgyi-programok.pdf\">17\/2018. (III. 1.) sz\u00e1m\u00fa hat\u00e1rozata\u00a0a 7\/2018. (I.25.) sz\u00e1m\u00fa hat\u00e1rozattal elfogadott tantervekhez tartoz\u00f3 tant\u00e1rgyi programok elfogad\u00e1s\u00e1r\u00f3l<\/a><br \/>\n<a href=\"https:\/\/semmelweis.hu\/jogigfoig\/files\/2018\/03\/18_III.1._2018_ETK_kar-bizotts._szem\u00e9lyi-\u00f6ssz.pdf\">18\/2018. (III. 1.) sz\u00e1m\u00fa hat\u00e1rozata\u00a0az Eg\u00e9szs\u00e9gtudom\u00e1nyi Karon m\u0171k\u00f6d\u0151 Szen\u00e1tus \u00e1ltal l\u00e9trehozott bizotts\u00e1gok szem\u00e9lyi \u00f6sszet\u00e9tel\u00e9nek m\u00f3dos\u00edt\u00e1s\u00e1r\u00f3l<\/a><br \/>\n<a href=\"https:\/\/semmelweis.hu\/jogigfoig\/files\/2018\/03\/19_III.1._2018_EKK_allando_bizottsagok.pdf\">19\/2018 (III. 1.) sz\u00e1m\u00fa hat\u00e1rozata\u00a0Az Eg\u00e9szs\u00e9g\u00fcgyi K\u00f6zszolg\u00e1lati Kar Szen\u00e1tus \u00e1ltal l\u00e9trehozott Curriculum, Kredit\u00e1tviteli \u00e9s Oktat\u00e1si Bizotts\u00e1g, valamint a Szoci\u00e1lis \u00e9s Es\u00e9lyegyenl\u0151s\u00e9gi Bizotts\u00e1g szem\u00e9lyi \u00f6sszet\u00e9tel\u00e9nek meg\u00faj\u00edt\u00e1s\u00e1r\u00f3l<\/a><br \/>\n<a href=\"https:\/\/semmelweis.hu\/jogigfoig\/files\/2018\/03\/20_III.1._2018_EKK_MHI_mentalhigi\u00e9n\u00e9_KKK.pdf\">20\/2018. (III.1.) hat\u00e1rozata\u00a0az Eg\u00e9szs\u00e9g\u00fcgyi K\u00f6zszolg\u00e1lati Kar Ment\u00e1lhigi\u00e9n\u00e9 Int\u00e9zet\u00a0ment\u00e1lhigi\u00e9n\u00e9 szakir\u00e1ny\u00fa tov\u00e1bbk\u00e9pz\u00e9si szak k\u00e9pz\u00e9si \u00e9s kimeneti k\u00f6vetelm\u00e9nyeinek m\u00f3dos\u00edt\u00e1s\u00e1r\u00f3l<\/a><br \/>\n<a href=\"https:\/\/semmelweis.hu\/jogigfoig\/files\/2018\/03\/21_III.1._2018_EKK_MHI_mediacio_mintatanterv.pdf\">21\/2018. (III.1.) hat\u00e1rozata\u00a0a Semmelweis Egyetem Szen\u00e1tusa sz\u00e1m\u00e1ra\u00a0az Eg\u00e9szs\u00e9g\u00fcgyi K\u00f6zszolg\u00e1lati Kar Ment\u00e1lhigi\u00e9n\u00e9 Int\u00e9zet\u00a0k\u00f6z\u00f6ss\u00e9gi \u00e9s csal\u00e1di medi\u00e1ci\u00f3 szakir\u00e1ny\u00fa tov\u00e1bbk\u00e9pz\u00e9si szak sz\u00e9khelyen k\u00edv\u00fcli k\u00e9pz\u00e9sk\u00e9nt val\u00f3 ind\u00edt\u00e1s\u00e1r\u00f3l EFOP 3.4.3.-16-2016-0007 p\u00e1ly\u00e1zat keret\u00e9ben, valamint a k\u00e9pz\u00e9s mintatanterv\u00e9nek m\u00f3dos\u00edt\u00e1s\u00e1r\u00f3l<\/a><br \/>\n<a href=\"https:\/\/semmelweis.hu\/jogigfoig\/files\/2018\/03\/22_III.1._2018_EKK_lakt\u00e1ci\u00f3s_KKK.pdf\">22\/2018. (III.1.) hat\u00e1rozata\u00a0az Eg\u00e9szs\u00e9g\u00fcgyi K\u00f6zszolg\u00e1lati Kar Ment\u00e1lhigi\u00e9n\u00e9 Int\u00e9zet\u00a0lakt\u00e1ci\u00f3s szaktan\u00e1csad\u00f3 szakir\u00e1ny\u00fa tov\u00e1bbk\u00e9pz\u00e9si szak k\u00e9pz\u00e9si \u00e9s kimeneti k\u00f6vetelm\u00e9nyeinek m\u00f3dos\u00edt\u00e1s\u00e1r\u00f3l<\/a><br \/>\n<a href=\"https:\/\/semmelweis.hu\/jogigfoig\/files\/2018\/03\/23_III.1._2018_\u00c1OK-kurrikulum-m\u00f3d.pdf\">23\/2018. (III.1.) sz\u00e1m\u00fa hat\u00e1rozata\u00a0az \u00c1ltal\u00e1nos Orvostudom\u00e1nyi Kar Kurrikulum\u00e1nak m\u00f3dos\u00edt\u00e1s\u00e1r\u00f3l<\/a><br \/>\n<a href=\"https:\/\/semmelweis.hu\/jogigfoig\/files\/2018\/03\/N-III.1_2018.-sz\u00e1m\u00fa-hat\u00e1rozat-a-szen\u00e1tusi-\u00fcl\u00e9s-m\u00f3dos\u00edtott-napirendi-pontjainak-elfogad\u00e1s\u00e1r\u00f3l.pdf\">N-III.1.\/2018. sz\u00e1m\u00fa\u00a0hat\u00e1rozata\u00a0a szen\u00e1tusi \u00fcl\u00e9s m\u00f3dos\u00edtott napirendi pontjainak elfogad\u00e1s\u00e1r\u00f3l<\/a><\/p>\n","protected":false},"author":101095,"featured_media":0,"parent":10434,"menu_order":3,"comment_status":"closed","ping_status":"closed","template":"","meta":{"_acf_changed":false,"footnotes":""},"categories":[],"tags":[],"class_list":["post-10768","page","type-page","status-publish","hentry"],"acf":[],"_links":{"self":[{"href":"https:\/\/semmelweis.hu\/jogigfoig\/wp-json\/wp\/v2\/pages\/10768","targetHints":{"allow":["GET"]}}],"collection":[{"href":"https:\/\/semmelweis.hu\/jogigfoig\/wp-json\/wp\/v2\/pages"}],"about":[{"href":"https:\/\/semmelweis.hu\/jogigfoig\/wp-json\/wp\/v2\/types\/page"}],"author":[{"embeddable":true,"href":"https:\/\/semmelweis.hu\/jogigfoig\/wp-json\/wp\/v2\/users\/101095"}],"replies":[{"embeddable":true,"href":"https:\/\/semmelweis.hu\/jogigfoig\/wp-json\/wp\/v2\/comments?post=10768"}],"version-history":[{"count":10,"href":"https:\/\/semmelweis.hu\/jogigfoig\/wp-json\/wp\/v2\/pages\/10768\/revisions"}],"predecessor-version":[{"id":75266,"href":"https:\/\/semmelweis.hu\/jogigfoig\/wp-json\/wp\/v2\/pages\/10768\/revisions\/75266"}],"up":[{"embeddable":true,"href":"https:\/\/semmelweis.hu\/jogigfoig\/wp-json\/wp\/v2\/pages\/10434"}],"wp:attachment":[{"href":"https:\/\/semmelweis.hu\/jogigfoig\/wp-json\/wp\/v2\/media?parent=10768"}],"wp:term":[{"taxonomy":"category","embeddable":true,"href":"https:\/\/semmelweis.hu\/jogigfoig\/wp-json\/wp\/v2\/categories?post=10768"},{"taxonomy":"post_tag","embeddable":true,"href":"https:\/\/semmelweis.hu\/jogigfoig\/wp-json\/wp\/v2\/tags?post=10768"}],"curies":[{"name":"wp","href":"https:\/\/api.w.org\/{rel}","templated":true}]}}