{"id":10709,"date":"2018-02-22T22:54:03","date_gmt":"2018-02-22T21:54:03","guid":{"rendered":"http:\/\/semmelweis.hu\/jogigfoig\/?page_id=10709"},"modified":"2021-02-17T20:27:12","modified_gmt":"2021-02-17T19:27:12","slug":"peto-andras-kar","status":"publish","type":"page","link":"https:\/\/semmelweis.hu\/jogigfoig\/testuletek\/kari-bizottsagok\/peto-andras-kar\/","title":{"rendered":"Pet\u0151 Andr\u00e1s Kar"},"content":{"rendered":"<p>Pet\u0151 Andr\u00e1s Karon m\u0171k\u00f6d\u0151 Szen\u00e1tus \u00e1ltal l\u00e9trehozott \u00e1lland\u00f3 bizotts\u00e1gok:<\/p>\n<ul>\n<li class=\"page_item page-item-10729 current_page_item\"><a href=\"https:\/\/semmelweis.hu\/jogigfoig\/testuletek\/kari-bizottsagok\/peto-andras-kar\/tanulmanyi-es-vizsgabizottsag\/\" target=\"_blank\" rel=\"noopener noreferrer\">Tanulm\u00e1nyi \u00e9s Vizsgabizotts\u00e1g<\/a><\/li>\n<li class=\"page_item page-item-10735\"><a href=\"https:\/\/semmelweis.hu\/jogigfoig\/testuletek\/kari-bizottsagok\/peto-andras-kar\/kreditatviteli-bizottsag\/\" target=\"_blank\" rel=\"noopener noreferrer\">Kredit\u00e1tviteli Bizotts\u00e1g<\/a><\/li>\n<li class=\"page_item page-item-10737\"><a href=\"https:\/\/semmelweis.hu\/jogigfoig\/testuletek\/kari-bizottsagok\/peto-andras-kar\/etikai-es-fegyelmi-bizottsag\/\" target=\"_blank\" rel=\"noopener noreferrer\">Etikai \u00e9s Fegyelmi Bizotts\u00e1g<\/a><\/li>\n<li class=\"page_item page-item-10741\"><a href=\"https:\/\/semmelweis.hu\/jogigfoig\/testuletek\/kari-bizottsagok\/peto-andras-kar\/kiadoi-es-konyvtar-bizottsag\/\" target=\"_blank\" rel=\"noopener noreferrer\">Kiad\u00f3i \u00e9s K\u00f6nyvt\u00e1r Bizotts\u00e1g<\/a><\/li>\n<li class=\"page_item page-item-10739\"><a href=\"https:\/\/semmelweis.hu\/jogigfoig\/testuletek\/kari-bizottsagok\/peto-andras-kar\/gyakorlati-kepzesi-bizottsag\/\" target=\"_blank\" rel=\"noopener noreferrer\">Gyakorlati K\u00e9pz\u00e9si Bizotts\u00e1g<\/a><\/li>\n<\/ul>\n","protected":false},"excerpt":{"rendered":"<p>Pet\u0151 Andr\u00e1s Karon m\u0171k\u00f6d\u0151 Szen\u00e1tus \u00e1ltal l\u00e9trehozott \u00e1lland\u00f3 bizotts\u00e1gok:<\/p>\n<p><a href=\"https:\/\/semmelweis.hu\/jogigfoig\/testuletek\/kari-bizottsagok\/peto-andras-kar\/tanulmanyi-es-vizsgabizottsag\/\" target=\"_blank\" rel=\"noopener noreferrer\">Tanulm\u00e1nyi \u00e9s Vizsgabizotts\u00e1g<\/a><br \/>\n<a href=\"https:\/\/semmelweis.hu\/jogigfoig\/testuletek\/kari-bizottsagok\/peto-andras-kar\/kreditatviteli-bizottsag\/\" target=\"_blank\" rel=\"noopener noreferrer\">Kredit\u00e1tviteli Bizotts\u00e1g<\/a><br \/>\n<a href=\"https:\/\/semmelweis.hu\/jogigfoig\/testuletek\/kari-bizottsagok\/peto-andras-kar\/etikai-es-fegyelmi-bizottsag\/\" target=\"_blank\" rel=\"noopener noreferrer\">Etikai \u00e9s Fegyelmi Bizotts\u00e1g<\/a><br \/>\n<a href=\"https:\/\/semmelweis.hu\/jogigfoig\/testuletek\/kari-bizottsagok\/peto-andras-kar\/kiadoi-es-konyvtar-bizottsag\/\" target=\"_blank\" rel=\"noopener noreferrer\">Kiad\u00f3i \u00e9s K\u00f6nyvt\u00e1r Bizotts\u00e1g<\/a><br \/>\n<a href=\"https:\/\/semmelweis.hu\/jogigfoig\/testuletek\/kari-bizottsagok\/peto-andras-kar\/gyakorlati-kepzesi-bizottsag\/\" target=\"_blank\" rel=\"noopener noreferrer\">Gyakorlati K\u00e9pz\u00e9si Bizotts\u00e1g<\/a><\/p>\n","protected":false},"author":101117,"featured_media":0,"parent":10677,"menu_order":5,"comment_status":"closed","ping_status":"closed","template":"","meta":{"_acf_changed":false,"footnotes":""},"categories":[],"tags":[],"class_list":["post-10709","page","type-page","status-publish","hentry"],"acf":[],"_links":{"self":[{"href":"https:\/\/semmelweis.hu\/jogigfoig\/wp-json\/wp\/v2\/pages\/10709","targetHints":{"allow":["GET"]}}],"collection":[{"href":"https:\/\/semmelweis.hu\/jogigfoig\/wp-json\/wp\/v2\/pages"}],"about":[{"href":"https:\/\/semmelweis.hu\/jogigfoig\/wp-json\/wp\/v2\/types\/page"}],"author":[{"embeddable":true,"href":"https:\/\/semmelweis.hu\/jogigfoig\/wp-json\/wp\/v2\/users\/101117"}],"replies":[{"embeddable":true,"href":"https:\/\/semmelweis.hu\/jogigfoig\/wp-json\/wp\/v2\/comments?post=10709"}],"version-history":[{"count":10,"href":"https:\/\/semmelweis.hu\/jogigfoig\/wp-json\/wp\/v2\/pages\/10709\/revisions"}],"predecessor-version":[{"id":79663,"href":"https:\/\/semmelweis.hu\/jogigfoig\/wp-json\/wp\/v2\/pages\/10709\/revisions\/79663"}],"up":[{"embeddable":true,"href":"https:\/\/semmelweis.hu\/jogigfoig\/wp-json\/wp\/v2\/pages\/10677"}],"wp:attachment":[{"href":"https:\/\/semmelweis.hu\/jogigfoig\/wp-json\/wp\/v2\/media?parent=10709"}],"wp:term":[{"taxonomy":"category","embeddable":true,"href":"https:\/\/semmelweis.hu\/jogigfoig\/wp-json\/wp\/v2\/categories?post=10709"},{"taxonomy":"post_tag","embeddable":true,"href":"https:\/\/semmelweis.hu\/jogigfoig\/wp-json\/wp\/v2\/tags?post=10709"}],"curies":[{"name":"wp","href":"https:\/\/api.w.org\/{rel}","templated":true}]}}