{"id":10707,"date":"2018-02-22T22:53:32","date_gmt":"2018-02-22T21:53:32","guid":{"rendered":"http:\/\/semmelweis.hu\/jogigfoig\/?page_id=10707"},"modified":"2022-03-22T10:03:26","modified_gmt":"2022-03-22T09:03:26","slug":"gyogyszeresztudomanyi-kar","status":"publish","type":"page","link":"https:\/\/semmelweis.hu\/jogigfoig\/testuletek\/kari-bizottsagok\/gyogyszeresztudomanyi-kar\/","title":{"rendered":"Gy\u00f3gyszer\u00e9sztudom\u00e1nyi Kar"},"content":{"rendered":"<p>Gy\u00f3gyszer\u00e9sztudom\u00e1nyi Karon m\u0171k\u00f6d\u0151 Szen\u00e1tus \u00e1ltal l\u00e9trehozott \u00e1lland\u00f3 bizotts\u00e1gok:<\/p>\n<ul>\n<li><a href=\"https:\/\/semmelweis.hu\/bizottsagok\/allando-bizottsagok\/gykt-bizottsagai\/gytk-etikai-es-fegyelmi-bizottsag\/\" target=\"_blank\" rel=\"noopener noreferrer\">Etikai \u00e9s Fegyelmi Bizotts\u00e1g<\/a><\/li>\n<li><a href=\"https:\/\/semmelweis.hu\/bizottsagok\/allando-bizottsagok\/gykt-bizottsagai\/gytk-kreditatviteli-bizottsag\/\" target=\"_blank\" rel=\"noopener noreferrer\">Kredit\u00e1tviteli Bizotts\u00e1g<\/a><\/li>\n<li><a href=\"https:\/\/semmelweis.hu\/bizottsagok\/allando-bizottsagok\/gykt-bizottsagai\/gytk-tanulmanyi-es-vizsgabizottsag\/\" target=\"_blank\" rel=\"noopener noreferrer\">Tanulm\u00e1nyi \u00e9s Vizsgabizotts\u00e1g<\/a><\/li>\n<\/ul>\n<p><a href=\"https:\/\/semmelweis.hu\/gytk\/a-karrol\/kari-bizottsagok\/\" target=\"_blank\" rel=\"noopener noreferrer\">A karon m\u0171k\u00f6d\u0151 bizotts\u00e1gok<\/a><\/p>\n","protected":false},"excerpt":{"rendered":"<p>Gy\u00f3gyszer\u00e9sztudom\u00e1nyi Karon m\u0171k\u00f6d\u0151 Szen\u00e1tus \u00e1ltal l\u00e9trehozott \u00e1lland\u00f3 bizotts\u00e1gok:<\/p>\n<p><a href=\"https:\/\/semmelweis.hu\/bizottsagok\/allando-bizottsagok\/gykt-bizottsagai\/gytk-etikai-es-fegyelmi-bizottsag\/\" target=\"_blank\" rel=\"noopener noreferrer\">Etikai \u00e9s Fegyelmi Bizotts\u00e1g<\/a><br \/>\n<a href=\"https:\/\/semmelweis.hu\/bizottsagok\/allando-bizottsagok\/gykt-bizottsagai\/gytk-kreditatviteli-bizottsag\/\" target=\"_blank\" rel=\"noopener noreferrer\">Kredit\u00e1tviteli Bizotts\u00e1g<\/a><br \/>\n<a href=\"https:\/\/semmelweis.hu\/bizottsagok\/allando-bizottsagok\/gykt-bizottsagai\/gytk-tanulmanyi-es-vizsgabizottsag\/\" target=\"_blank\" rel=\"noopener noreferrer\">Tanulm\u00e1nyi \u00e9s Vizsgabizotts\u00e1g<\/a><\/p>\n<p><a href=\"https:\/\/semmelweis.hu\/gytk\/a-karrol\/kari-bizottsagok\/\" target=\"_blank\" rel=\"noopener noreferrer\">A karon m\u0171k\u00f6d\u0151 bizotts\u00e1gok<\/a><\/p>\n","protected":false},"author":101117,"featured_media":0,"parent":10677,"menu_order":5,"comment_status":"closed","ping_status":"closed","template":"","meta":{"_acf_changed":false,"footnotes":""},"categories":[],"tags":[],"class_list":["post-10707","page","type-page","status-publish","hentry"],"acf":[],"_links":{"self":[{"href":"https:\/\/semmelweis.hu\/jogigfoig\/wp-json\/wp\/v2\/pages\/10707","targetHints":{"allow":["GET"]}}],"collection":[{"href":"https:\/\/semmelweis.hu\/jogigfoig\/wp-json\/wp\/v2\/pages"}],"about":[{"href":"https:\/\/semmelweis.hu\/jogigfoig\/wp-json\/wp\/v2\/types\/page"}],"author":[{"embeddable":true,"href":"https:\/\/semmelweis.hu\/jogigfoig\/wp-json\/wp\/v2\/users\/101117"}],"replies":[{"embeddable":true,"href":"https:\/\/semmelweis.hu\/jogigfoig\/wp-json\/wp\/v2\/comments?post=10707"}],"version-history":[{"count":10,"href":"https:\/\/semmelweis.hu\/jogigfoig\/wp-json\/wp\/v2\/pages\/10707\/revisions"}],"predecessor-version":[{"id":83451,"href":"https:\/\/semmelweis.hu\/jogigfoig\/wp-json\/wp\/v2\/pages\/10707\/revisions\/83451"}],"up":[{"embeddable":true,"href":"https:\/\/semmelweis.hu\/jogigfoig\/wp-json\/wp\/v2\/pages\/10677"}],"wp:attachment":[{"href":"https:\/\/semmelweis.hu\/jogigfoig\/wp-json\/wp\/v2\/media?parent=10707"}],"wp:term":[{"taxonomy":"category","embeddable":true,"href":"https:\/\/semmelweis.hu\/jogigfoig\/wp-json\/wp\/v2\/categories?post=10707"},{"taxonomy":"post_tag","embeddable":true,"href":"https:\/\/semmelweis.hu\/jogigfoig\/wp-json\/wp\/v2\/tags?post=10707"}],"curies":[{"name":"wp","href":"https:\/\/api.w.org\/{rel}","templated":true}]}}