{"id":10704,"date":"2018-02-22T22:52:40","date_gmt":"2018-02-22T21:52:40","guid":{"rendered":"http:\/\/semmelweis.hu\/jogigfoig\/?page_id=10704"},"modified":"2021-02-17T20:11:24","modified_gmt":"2021-02-17T19:11:24","slug":"fogorvostudomanyi-kar","status":"publish","type":"page","link":"https:\/\/semmelweis.hu\/jogigfoig\/testuletek\/kari-bizottsagok\/fogorvostudomanyi-kar\/","title":{"rendered":"Fogorvostudom\u00e1nyi Kar"},"content":{"rendered":"<p>Fogorvostudom\u00e1nyi Karon m\u0171k\u00f6d\u0151 Szen\u00e1tus \u00e1ltal l\u00e9trehozott \u00e1lland\u00f3 bizotts\u00e1gok:<\/p>\n<ul>\n<li><a href=\"https:\/\/semmelweis.hu\/bizottsagok\/allando-bizottsagok\/fok-bizottsagai\/fok-etikai-es-fegyelmi-bizottsag\/\" target=\"_blank\" rel=\"noopener noreferrer\">Etikai \u00e9s Fegyelmi Bizotts\u00e1g<\/a><\/li>\n<li><a href=\"https:\/\/semmelweis.hu\/bizottsagok\/allando-bizottsagok\/fok-bizottsagai\/oktatasi-kredit-es-kreditatviteli-bizottsag\/\" target=\"_blank\" rel=\"noopener noreferrer\">Oktat\u00e1si-, Kredit- \u00e9s Kredit\u00e1tviteli Bizotts\u00e1g<\/a><\/li>\n<li><a href=\"https:\/\/semmelweis.hu\/bizottsagok\/allando-bizottsagok\/fok-bizottsagai\/fok-tanulmanyi-es-vizsgabizottsag\/\" target=\"_blank\" rel=\"noopener noreferrer\">Tanulm\u00e1nyi \u00e9s Vizsgabizotts\u00e1g<\/a><\/li>\n<\/ul>\n<p><a href=\"https:\/\/semmelweis.hu\/fok\/altalanos-informaciok\/bizottsagok\/\" target=\"_blank\" rel=\"noopener noreferrer\">Tov\u00e1bbi karon m\u0171k\u00f6d\u0151 bizotts\u00e1gok<\/a><\/p>\n","protected":false},"excerpt":{"rendered":"<p>Fogorvostudom\u00e1nyi Karon m\u0171k\u00f6d\u0151 Szen\u00e1tus \u00e1ltal l\u00e9trehozott \u00e1lland\u00f3 bizotts\u00e1gok:<\/p>\n<p><a href=\"https:\/\/semmelweis.hu\/bizottsagok\/allando-bizottsagok\/fok-bizottsagai\/fok-etikai-es-fegyelmi-bizottsag\/\" target=\"_blank\" rel=\"noopener noreferrer\">Etikai \u00e9s Fegyelmi Bizotts\u00e1g<\/a><br \/>\n<a href=\"https:\/\/semmelweis.hu\/bizottsagok\/allando-bizottsagok\/fok-bizottsagai\/oktatasi-kredit-es-kreditatviteli-bizottsag\/\" target=\"_blank\" rel=\"noopener noreferrer\">Oktat\u00e1si-, Kredit- \u00e9s Kredit\u00e1tviteli Bizotts\u00e1g<\/a><br \/>\n<a href=\"https:\/\/semmelweis.hu\/bizottsagok\/allando-bizottsagok\/fok-bizottsagai\/fok-tanulmanyi-es-vizsgabizottsag\/\" target=\"_blank\" rel=\"noopener noreferrer\">Tanulm\u00e1nyi \u00e9s Vizsgabizotts\u00e1g<\/a><\/p>\n<p><a href=\"https:\/\/semmelweis.hu\/fok\/altalanos-informaciok\/bizottsagok\/\" target=\"_blank\" rel=\"noopener noreferrer\">Tov\u00e1bbi karon m\u0171k\u00f6d\u0151 bizotts\u00e1gok<\/a><\/p>\n","protected":false},"author":101117,"featured_media":0,"parent":10677,"menu_order":4,"comment_status":"closed","ping_status":"closed","template":"","meta":{"_acf_changed":false,"footnotes":""},"categories":[],"tags":[],"class_list":["post-10704","page","type-page","status-publish","hentry"],"acf":[],"_links":{"self":[{"href":"https:\/\/semmelweis.hu\/jogigfoig\/wp-json\/wp\/v2\/pages\/10704","targetHints":{"allow":["GET"]}}],"collection":[{"href":"https:\/\/semmelweis.hu\/jogigfoig\/wp-json\/wp\/v2\/pages"}],"about":[{"href":"https:\/\/semmelweis.hu\/jogigfoig\/wp-json\/wp\/v2\/types\/page"}],"author":[{"embeddable":true,"href":"https:\/\/semmelweis.hu\/jogigfoig\/wp-json\/wp\/v2\/users\/101117"}],"replies":[{"embeddable":true,"href":"https:\/\/semmelweis.hu\/jogigfoig\/wp-json\/wp\/v2\/comments?post=10704"}],"version-history":[{"count":7,"href":"https:\/\/semmelweis.hu\/jogigfoig\/wp-json\/wp\/v2\/pages\/10704\/revisions"}],"predecessor-version":[{"id":79656,"href":"https:\/\/semmelweis.hu\/jogigfoig\/wp-json\/wp\/v2\/pages\/10704\/revisions\/79656"}],"up":[{"embeddable":true,"href":"https:\/\/semmelweis.hu\/jogigfoig\/wp-json\/wp\/v2\/pages\/10677"}],"wp:attachment":[{"href":"https:\/\/semmelweis.hu\/jogigfoig\/wp-json\/wp\/v2\/media?parent=10704"}],"wp:term":[{"taxonomy":"category","embeddable":true,"href":"https:\/\/semmelweis.hu\/jogigfoig\/wp-json\/wp\/v2\/categories?post=10704"},{"taxonomy":"post_tag","embeddable":true,"href":"https:\/\/semmelweis.hu\/jogigfoig\/wp-json\/wp\/v2\/tags?post=10704"}],"curies":[{"name":"wp","href":"https:\/\/api.w.org\/{rel}","templated":true}]}}