{"id":106941,"date":"2026-05-11T10:56:55","date_gmt":"2026-05-11T08:56:55","guid":{"rendered":"https:\/\/semmelweis.hu\/jogigfoig\/?page_id=106941"},"modified":"2026-05-11T10:56:55","modified_gmt":"2026-05-11T08:56:55","slug":"2026-aprilis-30","status":"publish","type":"page","link":"https:\/\/semmelweis.hu\/jogigfoig\/testuletek\/szenatus\/2026-evi-szenatusi-hatarozatok\/2026-aprilis-30\/","title":{"rendered":"2026. \u00e1prilis 30."},"content":{"rendered":"<p style=\"text-align: justify\"><a href=\"https:\/\/semmelweis.hu\/jogigfoig\/files\/2026\/05\/33_2026_DHC-adomanyozasa.pdf\">A Semmelweis Egyetem Szen\u00e1tus\u00e1nak 33\/2026. (IV.30.) sz\u00e1m\u00fa hat\u00e1rozata a Doctor Honoris Causa c\u00edm adom\u00e1nyoz\u00e1s\u00e1r\u00f3l<\/a><\/p>\n<p style=\"text-align: justify\"><a href=\"https:\/\/semmelweis.hu\/jogigfoig\/files\/2026\/05\/35_2026_KK-ugyrend.pdf\">A Semmelweis Egyetem Szen\u00e1tus\u00e1nak 35\/2026. (IV.30.) sz\u00e1m\u00fa hat\u00e1rozata a Klinikai K\u00f6zpont Szervezeti \u00dcgyrendj\u00e9nek m\u00f3dos\u00edt\u00e1s\u00e1r\u00f3l<\/a><\/p>\n<p style=\"text-align: justify\"><a href=\"https:\/\/semmelweis.hu\/jogigfoig\/files\/2026\/05\/36_2026_AOK-FOK-kurrikulum-modositas.pdf\">A Semmelweis Egyetem Szen\u00e1tus\u00e1nak 36\/2026. (IV.30.) sz\u00e1m\u00fa hat\u00e1rozata a Fogorvostudom\u00e1nyi Karon v\u00e9gzett, az \u00c1ltal\u00e1nos Orvostudom\u00e1nyi Kar \u00e1ltal\u00e1nos orvos szak\u00e1ra felvett hallgat\u00f3k k\u00e9pz\u00e9s\u00e9re vonatkoz\u00f3, 2023\/2024-es tan\u00e9vt\u0151l bevezetett kurrikulum m\u00f3dos\u00edt\u00e1s\u00e1r\u00f3l<\/a><\/p>\n<p style=\"text-align: justify\"><a href=\"https:\/\/semmelweis.hu\/jogigfoig\/files\/2026\/05\/37_2026_dijak-adomanyozasa.pdf\">A Semmelweis Egyetem Szen\u00e1tus\u00e1nak 37\/2026. (IV.30.) sz\u00e1m\u00fa hat\u00e1rozata a Pro Universitate d\u00edj, az Egyetemi Polg\u00e1rok\u00e9rt d\u00edj \u00e9s az Egyetem c\u00edmer\u00e9vel d\u00edsz\u00edtett arany pecs\u00e9tgy\u0171r\u0171 kit\u00fcntet\u00e9s, valamint Vend\u00e9gprofesszor c\u00edm adom\u00e1nyoz\u00e1s\u00e1r\u00f3l<\/a><\/p>\n<p style=\"text-align: justify\"><a href=\"https:\/\/semmelweis.hu\/jogigfoig\/files\/2026\/05\/38_2026_SzMSz-modositas.pdf\">A Semmelweis Egyetem Szen\u00e1tus\u00e1nak 38\/2026. (IV.30.) sz\u00e1m\u00fa hat\u00e1rozata a Szervezeti \u00e9s M\u0171k\u00f6d\u00e9si Szab\u00e1lyzat egyes rendelkez\u00e9s\u00e9nek m\u00f3dos\u00edt\u00e1s\u00e1r\u00f3l<\/a><\/p>\n<p style=\"text-align: justify\"><a href=\"https:\/\/semmelweis.hu\/jogigfoig\/files\/2026\/05\/38_2026_1-sz-melleklet_SzMSz-modositas.pdf\">A Semmelweis Egyetem Szen\u00e1tus\u00e1nak 38\/2026. (IV.30.) sz\u00e1m\u00fa hat\u00e1rozata a Szervezeti \u00e9s M\u0171k\u00f6d\u00e9si Szab\u00e1lyzat egyes rendelkez\u00e9s\u00e9nek m\u00f3dos\u00edt\u00e1s\u00e1r\u00f3l &#8211; 1. sz\u00e1m\u00fa mell\u00e9klet<\/a><\/p>\n<p style=\"text-align: justify\"><a href=\"https:\/\/semmelweis.hu\/jogigfoig\/files\/2026\/05\/39_2026_aktualis-szemelyi-kerdesek-velemenyezeserol.pdf\">A Semmelweis Egyetem Szen\u00e1tus\u00e1nak 39\/2026. (IV.30.) sz\u00e1m\u00fa hat\u00e1rozata az aktu\u00e1lis szem\u00e9lyi k\u00e9rd\u00e9sek v\u00e9lem\u00e9nyez\u00e9s\u00e9r\u0151l<\/a><\/p>\n","protected":false},"excerpt":{"rendered":"<p><a href=\"https:\/\/semmelweis.hu\/jogigfoig\/files\/2026\/05\/33_2026_DHC-adomanyozasa.pdf\">A Semmelweis Egyetem Szen\u00e1tus\u00e1nak 33\/2026. (IV.30.) sz\u00e1m\u00fa hat\u00e1rozata a Doctor Honoris Causa c\u00edm adom\u00e1nyoz\u00e1s\u00e1r\u00f3l<\/a><br \/>\n<a href=\"https:\/\/semmelweis.hu\/jogigfoig\/files\/2026\/05\/35_2026_KK-ugyrend.pdf\">A Semmelweis Egyetem Szen\u00e1tus\u00e1nak 35\/2026. (IV.30.) sz\u00e1m\u00fa hat\u00e1rozata a Klinikai K\u00f6zpont Szervezeti \u00dcgyrendj\u00e9nek m\u00f3dos\u00edt\u00e1s\u00e1r\u00f3l<\/a><br \/>\n<a href=\"https:\/\/semmelweis.hu\/jogigfoig\/files\/2026\/05\/36_2026_AOK-FOK-kurrikulum-modositas.pdf\">A Semmelweis Egyetem Szen\u00e1tus\u00e1nak 36\/2026. (IV.30.) sz\u00e1m\u00fa hat\u00e1rozata a Fogorvostudom\u00e1nyi Karon v\u00e9gzett, az \u00c1ltal\u00e1nos Orvostudom\u00e1nyi Kar \u00e1ltal\u00e1nos orvos szak\u00e1ra felvett hallgat\u00f3k k\u00e9pz\u00e9s\u00e9re vonatkoz\u00f3, 2023\/2024-es tan\u00e9vt\u0151l bevezetett kurrikulum m\u00f3dos\u00edt\u00e1s\u00e1r\u00f3l<\/a><br \/>\n<a href=\"https:\/\/semmelweis.hu\/jogigfoig\/files\/2026\/05\/37_2026_dijak-adomanyozasa.pdf\">A Semmelweis Egyetem Szen\u00e1tus\u00e1nak 37\/2026. (IV.30.) sz\u00e1m\u00fa hat\u00e1rozata a Pro Universitate d\u00edj, az Egyetemi Polg\u00e1rok\u00e9rt d\u00edj \u00e9s az Egyetem c\u00edmer\u00e9vel d\u00edsz\u00edtett arany pecs\u00e9tgy\u0171r\u0171 kit\u00fcntet\u00e9s, valamint Vend\u00e9gprofesszor c\u00edm adom\u00e1nyoz\u00e1s\u00e1r\u00f3l<\/a><br \/>\n<a href=\"https:\/\/semmelweis.hu\/jogigfoig\/files\/2026\/05\/38_2026_SzMSz-modositas.pdf\">A Semmelweis Egyetem Szen\u00e1tus\u00e1nak 38\/2026. (IV.30.) sz\u00e1m\u00fa hat\u00e1rozata a Szervezeti \u00e9s M\u0171k\u00f6d\u00e9si Szab\u00e1lyzat egyes rendelkez\u00e9s\u00e9nek m\u00f3dos\u00edt\u00e1s\u00e1r\u00f3l<\/a><br \/>\n<a href=\"https:\/\/semmelweis.hu\/jogigfoig\/files\/2026\/05\/38_2026_1-sz-melleklet_SzMSz-modositas.pdf\">A Semmelweis Egyetem Szen\u00e1tus\u00e1nak 38\/2026. (IV.30.) sz\u00e1m\u00fa hat\u00e1rozata a Szervezeti \u00e9s M\u0171k\u00f6d\u00e9si Szab\u00e1lyzat egyes rendelkez\u00e9s\u00e9nek m\u00f3dos\u00edt\u00e1s\u00e1r\u00f3l &#8211; 1. sz\u00e1m\u00fa mell\u00e9klet<\/a><br \/>\n<a href=\"https:\/\/semmelweis.hu\/jogigfoig\/files\/2026\/05\/39_2026_aktualis-szemelyi-kerdesek-velemenyezeserol.pdf\">A Semmelweis Egyetem Szen\u00e1tus\u00e1nak 39\/2026. (IV.30.) sz\u00e1m\u00fa hat\u00e1rozata az aktu\u00e1lis szem\u00e9lyi k\u00e9rd\u00e9sek v\u00e9lem\u00e9nyez\u00e9s\u00e9r\u0151l<\/a><\/p>\n","protected":false},"author":102029,"featured_media":0,"parent":103886,"menu_order":146,"comment_status":"closed","ping_status":"closed","template":"","meta":{"_acf_changed":false,"footnotes":""},"categories":[],"tags":[],"class_list":["post-106941","page","type-page","status-publish","hentry"],"acf":[],"_links":{"self":[{"href":"https:\/\/semmelweis.hu\/jogigfoig\/wp-json\/wp\/v2\/pages\/106941","targetHints":{"allow":["GET"]}}],"collection":[{"href":"https:\/\/semmelweis.hu\/jogigfoig\/wp-json\/wp\/v2\/pages"}],"about":[{"href":"https:\/\/semmelweis.hu\/jogigfoig\/wp-json\/wp\/v2\/types\/page"}],"author":[{"embeddable":true,"href":"https:\/\/semmelweis.hu\/jogigfoig\/wp-json\/wp\/v2\/users\/102029"}],"replies":[{"embeddable":true,"href":"https:\/\/semmelweis.hu\/jogigfoig\/wp-json\/wp\/v2\/comments?post=106941"}],"version-history":[{"count":2,"href":"https:\/\/semmelweis.hu\/jogigfoig\/wp-json\/wp\/v2\/pages\/106941\/revisions"}],"predecessor-version":[{"id":106950,"href":"https:\/\/semmelweis.hu\/jogigfoig\/wp-json\/wp\/v2\/pages\/106941\/revisions\/106950"}],"up":[{"embeddable":true,"href":"https:\/\/semmelweis.hu\/jogigfoig\/wp-json\/wp\/v2\/pages\/103886"}],"wp:attachment":[{"href":"https:\/\/semmelweis.hu\/jogigfoig\/wp-json\/wp\/v2\/media?parent=106941"}],"wp:term":[{"taxonomy":"category","embeddable":true,"href":"https:\/\/semmelweis.hu\/jogigfoig\/wp-json\/wp\/v2\/categories?post=106941"},{"taxonomy":"post_tag","embeddable":true,"href":"https:\/\/semmelweis.hu\/jogigfoig\/wp-json\/wp\/v2\/tags?post=106941"}],"curies":[{"name":"wp","href":"https:\/\/api.w.org\/{rel}","templated":true}]}}