{"id":10688,"date":"2018-02-22T22:19:40","date_gmt":"2018-02-22T21:19:40","guid":{"rendered":"http:\/\/semmelweis.hu\/jogigfoig\/?page_id=10688"},"modified":"2021-02-17T19:56:44","modified_gmt":"2021-02-17T18:56:44","slug":"egeszsegugyi-kozszolgalati-kar","status":"publish","type":"page","link":"https:\/\/semmelweis.hu\/jogigfoig\/testuletek\/kari-bizottsagok\/egeszsegugyi-kozszolgalati-kar\/","title":{"rendered":"Eg\u00e9szs\u00e9g\u00fcgyi K\u00f6zszolg\u00e1lati Kar"},"content":{"rendered":"<p>Eg\u00e9szs\u00e9g\u00fcgyi K\u00f6zszolg\u00e1lati Karon m\u0171k\u00f6d\u0151 Szen\u00e1tus \u00e1ltal l\u00e9trehozott \u00e1lland\u00f3 bizotts\u00e1gok:<\/p>\n<ul>\n<li><a href=\"https:\/\/semmelweis.hu\/bizottsagok\/allando-bizottsagok\/ekk-bizottsagai\/ekk-curriculum-kreditatviteli-es-oktatasi-bizottsag\/\" target=\"_blank\" rel=\"noopener noreferrer\">Curriculum, Kredit\u00e1tviteli \u00e9s Oktat\u00e1si Bizotts\u00e1g<\/a><\/li>\n<li><a href=\"https:\/\/semmelweis.hu\/bizottsagok\/allando-bizottsagok\/ekk-bizottsagai\/ekk-etikai-es-fegyelmi-bizottsag\/\" target=\"_blank\" rel=\"noopener noreferrer\">Etikai \u00e9s Fegyelmi Bizotts\u00e1g<\/a><\/li>\n<\/ul>\n<p><a href=\"https:\/\/semmelweis.hu\/ekk\/ekk\/kari-bizottsagok\/\" target=\"_blank\" rel=\"noopener noreferrer\">Tov\u00e1bbi karon m\u0171k\u00f6d\u0151 bizotts\u00e1gok<\/a><\/p>\n","protected":false},"excerpt":{"rendered":"<p>Eg\u00e9szs\u00e9g\u00fcgyi K\u00f6zszolg\u00e1lati Karon m\u0171k\u00f6d\u0151 Szen\u00e1tus \u00e1ltal l\u00e9trehozott \u00e1lland\u00f3 bizotts\u00e1gok:<\/p>\n<p><a href=\"https:\/\/semmelweis.hu\/bizottsagok\/allando-bizottsagok\/ekk-bizottsagai\/ekk-curriculum-kreditatviteli-es-oktatasi-bizottsag\/\" target=\"_blank\" rel=\"noopener noreferrer\">Curriculum, Kredit\u00e1tviteli \u00e9s Oktat\u00e1si Bizotts\u00e1g<\/a><br \/>\n<a href=\"https:\/\/semmelweis.hu\/bizottsagok\/allando-bizottsagok\/ekk-bizottsagai\/ekk-etikai-es-fegyelmi-bizottsag\/\" target=\"_blank\" rel=\"noopener noreferrer\">Etikai \u00e9s Fegyelmi Bizotts\u00e1g<\/a><\/p>\n<p><a href=\"https:\/\/semmelweis.hu\/ekk\/ekk\/kari-bizottsagok\/\" target=\"_blank\" rel=\"noopener noreferrer\">Tov\u00e1bbi karon m\u0171k\u00f6d\u0151 bizotts\u00e1gok<\/a><\/p>\n","protected":false},"author":101117,"featured_media":0,"parent":10677,"menu_order":3,"comment_status":"closed","ping_status":"closed","template":"","meta":{"_acf_changed":false,"footnotes":""},"categories":[],"tags":[],"class_list":["post-10688","page","type-page","status-publish","hentry"],"acf":[],"_links":{"self":[{"href":"https:\/\/semmelweis.hu\/jogigfoig\/wp-json\/wp\/v2\/pages\/10688","targetHints":{"allow":["GET"]}}],"collection":[{"href":"https:\/\/semmelweis.hu\/jogigfoig\/wp-json\/wp\/v2\/pages"}],"about":[{"href":"https:\/\/semmelweis.hu\/jogigfoig\/wp-json\/wp\/v2\/types\/page"}],"author":[{"embeddable":true,"href":"https:\/\/semmelweis.hu\/jogigfoig\/wp-json\/wp\/v2\/users\/101117"}],"replies":[{"embeddable":true,"href":"https:\/\/semmelweis.hu\/jogigfoig\/wp-json\/wp\/v2\/comments?post=10688"}],"version-history":[{"count":5,"href":"https:\/\/semmelweis.hu\/jogigfoig\/wp-json\/wp\/v2\/pages\/10688\/revisions"}],"predecessor-version":[{"id":79653,"href":"https:\/\/semmelweis.hu\/jogigfoig\/wp-json\/wp\/v2\/pages\/10688\/revisions\/79653"}],"up":[{"embeddable":true,"href":"https:\/\/semmelweis.hu\/jogigfoig\/wp-json\/wp\/v2\/pages\/10677"}],"wp:attachment":[{"href":"https:\/\/semmelweis.hu\/jogigfoig\/wp-json\/wp\/v2\/media?parent=10688"}],"wp:term":[{"taxonomy":"category","embeddable":true,"href":"https:\/\/semmelweis.hu\/jogigfoig\/wp-json\/wp\/v2\/categories?post=10688"},{"taxonomy":"post_tag","embeddable":true,"href":"https:\/\/semmelweis.hu\/jogigfoig\/wp-json\/wp\/v2\/tags?post=10688"}],"curies":[{"name":"wp","href":"https:\/\/api.w.org\/{rel}","templated":true}]}}