{"id":10677,"date":"2018-02-22T22:02:28","date_gmt":"2018-02-22T21:02:28","guid":{"rendered":"http:\/\/semmelweis.hu\/jogigfoig\/?page_id=10677"},"modified":"2024-04-22T10:10:12","modified_gmt":"2024-04-22T08:10:12","slug":"kari-bizottsagok","status":"publish","type":"page","link":"https:\/\/semmelweis.hu\/jogigfoig\/testuletek\/kari-bizottsagok\/","title":{"rendered":"Kari Bizotts\u00e1gok"},"content":{"rendered":"<ul>\n<li><a href=\"https:\/\/semmelweis.hu\/jogigfoig\/testuletek\/kari-bizottsagok\/altalanos-orvostudomanyi-kar\/\" target=\"_blank\" rel=\"noopener noreferrer\">\u00c1ltal\u00e1nos Orvostudom\u00e1nyi Kar<\/a><\/li>\n<li><a href=\"https:\/\/semmelweis.hu\/etk\/az-egeszsegtudomanyi-karrol\/kari-tanacs-kari-bizottsagok\/\">Eg\u00e9szs\u00e9gtudom\u00e1nyi Kar<\/a><\/li>\n<li><a href=\"https:\/\/semmelweis.hu\/jogigfoig\/testuletek\/kari-bizottsagok\/egeszsegugyi-kozszolgalati-kar\/\" target=\"_blank\" rel=\"noopener noreferrer\">Eg\u00e9szs\u00e9g\u00fcgyi K\u00f6zszolg\u00e1lati Kar<\/a><\/li>\n<li><a href=\"https:\/\/semmelweis.hu\/jogigfoig\/testuletek\/kari-bizottsagok\/fogorvostudomanyi-kar\/\" target=\"_blank\" rel=\"noopener noreferrer\">Fogorvostudom\u00e1nyi Kar<\/a><\/li>\n<li><a href=\"https:\/\/semmelweis.hu\/jogigfoig\/testuletek\/kari-bizottsagok\/gyogyszeresztudomanyi-kar\/\" target=\"_blank\" rel=\"noopener noreferrer\">Gy\u00f3gyszer\u00e9sztudom\u00e1nyi Kar<\/a><\/li>\n<li><a href=\"https:\/\/semmelweis.hu\/jogigfoig\/testuletek\/kari-bizottsagok\/peto-andras-kar\/\">Pet\u0151 Andr\u00e1s Kar<\/a><\/li>\n<\/ul>\n<p>&nbsp;<\/p>\n","protected":false},"excerpt":{"rendered":"<p><a href=\"https:\/\/semmelweis.hu\/jogigfoig\/testuletek\/kari-bizottsagok\/altalanos-orvostudomanyi-kar\/\" target=\"_blank\" rel=\"noopener noreferrer\">\u00c1ltal\u00e1nos Orvostudom\u00e1nyi Kar<\/a><br \/>\n<a href=\"https:\/\/semmelweis.hu\/etk\/az-egeszsegtudomanyi-karrol\/kari-tanacs-kari-bizottsagok\/\">Eg\u00e9szs\u00e9gtudom\u00e1nyi Kar<\/a><br \/>\n<a href=\"https:\/\/semmelweis.hu\/jogigfoig\/testuletek\/kari-bizottsagok\/egeszsegugyi-kozszolgalati-kar\/\" target=\"_blank\" rel=\"noopener noreferrer\">Eg\u00e9szs\u00e9g\u00fcgyi K\u00f6zszolg\u00e1lati Kar<\/a><br \/>\n<a href=\"https:\/\/semmelweis.hu\/jogigfoig\/testuletek\/kari-bizottsagok\/fogorvostudomanyi-kar\/\" target=\"_blank\" rel=\"noopener noreferrer\">Fogorvostudom\u00e1nyi Kar<\/a><br \/>\n<a href=\"https:\/\/semmelweis.hu\/jogigfoig\/testuletek\/kari-bizottsagok\/gyogyszeresztudomanyi-kar\/\" target=\"_blank\" rel=\"noopener noreferrer\">Gy\u00f3gyszer\u00e9sztudom\u00e1nyi Kar<\/a><br \/>\n<a href=\"https:\/\/semmelweis.hu\/jogigfoig\/testuletek\/kari-bizottsagok\/peto-andras-kar\/\">Pet\u0151 Andr\u00e1s Kar<\/a><\/p>\n<p>&nbsp;<\/p>\n","protected":false},"author":101117,"featured_media":0,"parent":10496,"menu_order":5,"comment_status":"closed","ping_status":"closed","template":"","meta":{"_acf_changed":false,"footnotes":""},"categories":[],"tags":[],"class_list":["post-10677","page","type-page","status-publish","hentry"],"acf":[],"_links":{"self":[{"href":"https:\/\/semmelweis.hu\/jogigfoig\/wp-json\/wp\/v2\/pages\/10677","targetHints":{"allow":["GET"]}}],"collection":[{"href":"https:\/\/semmelweis.hu\/jogigfoig\/wp-json\/wp\/v2\/pages"}],"about":[{"href":"https:\/\/semmelweis.hu\/jogigfoig\/wp-json\/wp\/v2\/types\/page"}],"author":[{"embeddable":true,"href":"https:\/\/semmelweis.hu\/jogigfoig\/wp-json\/wp\/v2\/users\/101117"}],"replies":[{"embeddable":true,"href":"https:\/\/semmelweis.hu\/jogigfoig\/wp-json\/wp\/v2\/comments?post=10677"}],"version-history":[{"count":10,"href":"https:\/\/semmelweis.hu\/jogigfoig\/wp-json\/wp\/v2\/pages\/10677\/revisions"}],"predecessor-version":[{"id":90218,"href":"https:\/\/semmelweis.hu\/jogigfoig\/wp-json\/wp\/v2\/pages\/10677\/revisions\/90218"}],"up":[{"embeddable":true,"href":"https:\/\/semmelweis.hu\/jogigfoig\/wp-json\/wp\/v2\/pages\/10496"}],"wp:attachment":[{"href":"https:\/\/semmelweis.hu\/jogigfoig\/wp-json\/wp\/v2\/media?parent=10677"}],"wp:term":[{"taxonomy":"category","embeddable":true,"href":"https:\/\/semmelweis.hu\/jogigfoig\/wp-json\/wp\/v2\/categories?post=10677"},{"taxonomy":"post_tag","embeddable":true,"href":"https:\/\/semmelweis.hu\/jogigfoig\/wp-json\/wp\/v2\/tags?post=10677"}],"curies":[{"name":"wp","href":"https:\/\/api.w.org\/{rel}","templated":true}]}}