{"id":10655,"date":"2018-02-22T14:32:54","date_gmt":"2018-02-22T13:32:54","guid":{"rendered":"http:\/\/semmelweis.hu\/jogigfoig\/?page_id=10655"},"modified":"2018-02-22T14:33:16","modified_gmt":"2018-02-22T13:33:16","slug":"elnyert-palyazatok","status":"publish","type":"page","link":"https:\/\/semmelweis.hu\/jogigfoig\/adatvedelem-betegjog\/kozerdeku-adatok-archivum\/egyedi-kozzeteteli-lista\/elnyert-palyazatok\/","title":{"rendered":"Elnyert p\u00e1ly\u00e1zatok"},"content":{"rendered":"<p><a href=\"https:\/\/semmelweis.hu\/jogigfoig\/files\/2018\/02\/egyetemicimerff_1200.jpg\"><img loading=\"lazy\" decoding=\"async\" class=\"alignright  wp-image-4995\" src=\"https:\/\/semmelweis.hu\/wp-content\/uploads\/2013\/04\/egyetemicimerff-300x300.jpg\" alt=\"egyetemicimerff\" width=\"210\" height=\"210\" \/><\/a>A Semmelweis Egyetem t\u00f6bb \u00e9vre visszamen\u0151en jelent\u0151s eredm\u00e9nyeket mutat fel hazai \u00e9s nemzetk\u00f6zi K+F+I t\u00e1mogat\u00e1sok elnyer\u00e9s\u00e9ben. A p\u00e1ly\u00e1zatok k\u00f6z\u00f6tt megtal\u00e1lunk egy\u00e9ni kutat\u00f3i p\u00e1ly\u00e1zatokat, konzorci\u00e1lis p\u00e1ly\u00e1zatokat, de jelent\u0151s int\u00e9zm\u00e9nyi p\u00e1ly\u00e1zatokat is. Kutat\u00f3 elitegyetemk\u00e9nt egyike az olyan k\u00f6z\u00e9p-kelet eur\u00f3pai fels\u0151oktat\u00e1si int\u00e9zm\u00e9nyeknek, amelyik FP7-es p\u00e1ly\u00e1zat konzorciumvezet\u0151je \u00e9s koordin\u00e1tora.<\/p>\n<p>Az al\u00e1bbi linkeken r\u00e9szletes inform\u00e1ci\u00f3k tal\u00e1lhat\u00f3ak az aktu\u00e1lis \u00e9s kor\u00e1bbi p\u00e1ly\u00e1zatokr\u00f3l.<\/p>\n<ul>\n<li><a href=\"https:\/\/semmelweis.hu\/innovacios-igazgatosag\/hazai-tamogatott-projektek\/\" target=\"_blank\" rel=\"noopener\">Hazai t\u00e1mogatott projektek<\/a>\u00a0<\/li>\n<li><a href=\"https:\/\/semmelweis.hu\/innovacios-kozpont\/palyazat\/megvalosult-umft-uszt-palyazatok\/\" target=\"_blank\" rel=\"noopener\">Megval\u00f3sult \u00daMFT\/\u00daSZT p\u00e1ly\u00e1zatok<\/a><\/li>\n<li><a href=\"https:\/\/semmelweis.hu\/innovacios-igazgatosag\/palyazat\/nemzetkozi-tamogatott-projektek\/\" target=\"_blank\" rel=\"noopener\">Nemzetk\u00f6zi t\u00e1mogatott projektek<\/a><\/li>\n<li><a href=\"https:\/\/semmelweis.hu\/kutatas\/semmelweis-kutatoegyetem\/\">Semmelweis Kutat\u00f3egyetem<\/a><\/li>\n<li><a href=\"https:\/\/semmelweis.hu\/koranyi-projekt\/\" target=\"_blank\" rel=\"noopener\">Kor\u00e1nyi Projekt<\/a><\/li>\n<\/ul>\n","protected":false},"excerpt":{"rendered":"<p><a href=\"https:\/\/semmelweis.hu\/jogigfoig\/files\/2018\/02\/egyetemicimerff_1200.jpg\"><\/a> A Semmelweis Egyetem t\u00f6bb \u00e9vre visszamen\u0151en jelent\u0151s eredm\u00e9nyeket mutat fel hazai \u00e9s nemzetk\u00f6zi K+F+I t\u00e1mogat\u00e1sok elnyer\u00e9s\u00e9ben. A p\u00e1ly\u00e1zatok k\u00f6z\u00f6tt megtal\u00e1lunk egy\u00e9ni kutat\u00f3i p\u00e1ly\u00e1zatokat, konzorci\u00e1lis p\u00e1ly\u00e1zatokat, de jelent\u0151s int\u00e9zm\u00e9nyi p\u00e1ly\u00e1zatokat is. Kutat\u00f3 elitegyetemk\u00e9nt egyike az olyan k\u00f6z\u00e9p-kelet eur\u00f3pai fels\u0151oktat\u00e1si int\u00e9zm\u00e9nyeknek, amelyik FP7-es p\u00e1ly\u00e1zat konzorciumvezet\u0151je \u00e9s koordin\u00e1tora. Az al\u00e1bbi linkeken r\u00e9szletes inform\u00e1ci\u00f3k tal\u00e1lhat\u00f3ak az aktu\u00e1lis \u00e9s kor\u00e1bbi &hellip;<\/p>\n","protected":false},"author":12,"featured_media":0,"parent":612,"menu_order":1,"comment_status":"closed","ping_status":"closed","template":"","meta":{"_acf_changed":false,"footnotes":""},"categories":[],"tags":[],"class_list":["post-10655","page","type-page","status-publish","hentry"],"acf":[],"_links":{"self":[{"href":"https:\/\/semmelweis.hu\/jogigfoig\/wp-json\/wp\/v2\/pages\/10655","targetHints":{"allow":["GET"]}}],"collection":[{"href":"https:\/\/semmelweis.hu\/jogigfoig\/wp-json\/wp\/v2\/pages"}],"about":[{"href":"https:\/\/semmelweis.hu\/jogigfoig\/wp-json\/wp\/v2\/types\/page"}],"author":[{"embeddable":true,"href":"https:\/\/semmelweis.hu\/jogigfoig\/wp-json\/wp\/v2\/users\/12"}],"replies":[{"embeddable":true,"href":"https:\/\/semmelweis.hu\/jogigfoig\/wp-json\/wp\/v2\/comments?post=10655"}],"version-history":[{"count":3,"href":"https:\/\/semmelweis.hu\/jogigfoig\/wp-json\/wp\/v2\/pages\/10655\/revisions"}],"predecessor-version":[{"id":76559,"href":"https:\/\/semmelweis.hu\/jogigfoig\/wp-json\/wp\/v2\/pages\/10655\/revisions\/76559"}],"up":[{"embeddable":true,"href":"https:\/\/semmelweis.hu\/jogigfoig\/wp-json\/wp\/v2\/pages\/612"}],"wp:attachment":[{"href":"https:\/\/semmelweis.hu\/jogigfoig\/wp-json\/wp\/v2\/media?parent=10655"}],"wp:term":[{"taxonomy":"category","embeddable":true,"href":"https:\/\/semmelweis.hu\/jogigfoig\/wp-json\/wp\/v2\/categories?post=10655"},{"taxonomy":"post_tag","embeddable":true,"href":"https:\/\/semmelweis.hu\/jogigfoig\/wp-json\/wp\/v2\/tags?post=10655"}],"curies":[{"name":"wp","href":"https:\/\/api.w.org\/{rel}","templated":true}]}}