{"id":10640,"date":"2018-02-22T14:47:01","date_gmt":"2018-02-22T13:47:01","guid":{"rendered":"http:\/\/semmelweis.hu\/jogigfoig\/?page_id=10640"},"modified":"2026-03-17T14:54:05","modified_gmt":"2026-03-17T13:54:05","slug":"jogszabaly-altal-meghatarozott-testuletek","status":"publish","type":"page","link":"https:\/\/semmelweis.hu\/jogigfoig\/testuletek\/jogszabaly-altal-meghatarozott-testuletek\/","title":{"rendered":"Jogszab\u00e1ly \u00e1ltal meghat\u00e1rozott test\u00fcletek"},"content":{"rendered":"<ol>\n<li>K\u00f3rh\u00e1zi Fel\u00fcgyel\u0151 Tan\u00e1cs<\/li>\n<li>Parit\u00e1sos Munkav\u00e9delmi Test\u00fclet<\/li>\n<li><a href=\"https:\/\/semmelweis.hu\/rkeb\/\">Semmelweis Egyetem Region\u00e1lis, Int\u00e9zm\u00e9nyi Tudom\u00e1nyos \u00e9s Kutat\u00e1setikai Bizotts\u00e1g<\/a><\/li>\n<li><a href=\"https:\/\/semmelweis.hu\/jogigfoig\/testuletek\/jogszabaly-altal-meghatarozott-testuletek\/semmelweis-egyetem-kozhasznusagi-felugyelobizottsag\/\">Semmelweis Egyetem K\u00f6zhaszn\u00fas\u00e1g\u00e9rt Felel\u0151s Bizotts\u00e1g<\/a><\/li>\n<\/ol>\n","protected":false},"excerpt":{"rendered":"<p>K\u00f3rh\u00e1zi Fel\u00fcgyel\u0151 Tan\u00e1cs<br \/>\nParit\u00e1sos Munkav\u00e9delmi Test\u00fclet<br \/>\n<a href=\"https:\/\/semmelweis.hu\/rkeb\/\">Semmelweis Egyetem Region\u00e1lis, Int\u00e9zm\u00e9nyi Tudom\u00e1nyos \u00e9s Kutat\u00e1setikai Bizotts\u00e1g<\/a><br \/>\n<a href=\"https:\/\/semmelweis.hu\/jogigfoig\/testuletek\/jogszabaly-altal-meghatarozott-testuletek\/semmelweis-egyetem-kozhasznusagi-felugyelobizottsag\/\">Semmelweis Egyetem K\u00f6zhaszn\u00fas\u00e1g\u00e9rt Felel\u0151s Bizotts\u00e1g<\/a><\/p>\n","protected":false},"author":101117,"featured_media":0,"parent":10496,"menu_order":4,"comment_status":"closed","ping_status":"closed","template":"","meta":{"_acf_changed":false,"footnotes":""},"categories":[],"tags":[],"class_list":["post-10640","page","type-page","status-publish","hentry"],"acf":[],"_links":{"self":[{"href":"https:\/\/semmelweis.hu\/jogigfoig\/wp-json\/wp\/v2\/pages\/10640","targetHints":{"allow":["GET"]}}],"collection":[{"href":"https:\/\/semmelweis.hu\/jogigfoig\/wp-json\/wp\/v2\/pages"}],"about":[{"href":"https:\/\/semmelweis.hu\/jogigfoig\/wp-json\/wp\/v2\/types\/page"}],"author":[{"embeddable":true,"href":"https:\/\/semmelweis.hu\/jogigfoig\/wp-json\/wp\/v2\/users\/101117"}],"replies":[{"embeddable":true,"href":"https:\/\/semmelweis.hu\/jogigfoig\/wp-json\/wp\/v2\/comments?post=10640"}],"version-history":[{"count":7,"href":"https:\/\/semmelweis.hu\/jogigfoig\/wp-json\/wp\/v2\/pages\/10640\/revisions"}],"predecessor-version":[{"id":105742,"href":"https:\/\/semmelweis.hu\/jogigfoig\/wp-json\/wp\/v2\/pages\/10640\/revisions\/105742"}],"up":[{"embeddable":true,"href":"https:\/\/semmelweis.hu\/jogigfoig\/wp-json\/wp\/v2\/pages\/10496"}],"wp:attachment":[{"href":"https:\/\/semmelweis.hu\/jogigfoig\/wp-json\/wp\/v2\/media?parent=10640"}],"wp:term":[{"taxonomy":"category","embeddable":true,"href":"https:\/\/semmelweis.hu\/jogigfoig\/wp-json\/wp\/v2\/categories?post=10640"},{"taxonomy":"post_tag","embeddable":true,"href":"https:\/\/semmelweis.hu\/jogigfoig\/wp-json\/wp\/v2\/tags?post=10640"}],"curies":[{"name":"wp","href":"https:\/\/api.w.org\/{rel}","templated":true}]}}