{"id":106259,"date":"2026-04-08T11:13:31","date_gmt":"2026-04-08T09:13:31","guid":{"rendered":"https:\/\/semmelweis.hu\/jogigfoig\/?page_id=106259"},"modified":"2026-04-08T11:21:43","modified_gmt":"2026-04-08T09:21:43","slug":"egeszsegugyi-adatok-masodlagos-felhasznalasarol-szolo-szabalyzat-adathasznositasi-szabalyzat","status":"publish","type":"page","link":"https:\/\/semmelweis.hu\/jogigfoig\/dokumentumtar\/szabalyzattar\/egeszsegugyi-adatok-masodlagos-felhasznalasarol-szolo-szabalyzat-adathasznositasi-szabalyzat\/","title":{"rendered":"Eg\u00e9szs\u00e9g\u00fcgyi adatok m\u00e1sodlagos felhaszn\u00e1l\u00e1s\u00e1r\u00f3l sz\u00f3l\u00f3 szab\u00e1lyzat (Adathasznos\u00edt\u00e1si szab\u00e1lyzat)"},"content":{"rendered":"<p style=\"text-align: justify\"><strong>A szab\u00e1lyzat aktu\u00e1lis v\u00e1ltozata: <\/strong><a href=\"https:\/\/semmelweis.hu\/jogigfoig\/files\/2026\/04\/Eu_adatok_masodlagos_felhasznalasarol_szab_hataly_20260401.pdf\">Semmelweis Egyetem szab\u00e1lyzata az eg\u00e9szs\u00e9g\u00fcgyi adatok m\u00e1sodlagos felhaszn\u00e1l\u00e1s\u00e1r\u00f3l\u00a0<\/a><\/p>\n<p style=\"text-align: justify\"><strong>Elfogad\u00e1s\u00e1r\u00f3l rendelkez\u0151 hat\u00e1rozat:<\/strong> <a href=\"https:\/\/semmelweis.hu\/jogigfoig\/testuletek\/szenatus\/2026-evi-szenatusi-hatarozatok\/2026-marcius-25\/\">26\/2026. (III. 25.)<\/a><br \/>\n<strong>Hat\u00e1rozat t\u00edpusa:<\/strong> Szen\u00e1tusi<br \/>\n<strong>Hat\u00e1ly:\u00a0<\/strong>2026. III. 31.<\/p>\n","protected":false},"excerpt":{"rendered":"<p>A szab\u00e1lyzat aktu\u00e1lis v\u00e1ltozata: <a href=\"https:\/\/semmelweis.hu\/jogigfoig\/files\/2026\/04\/Eu_adatok_masodlagos_felhasznalasarol_szab_hataly_20260401.pdf\">Semmelweis Egyetem szab\u00e1lyzata az eg\u00e9szs\u00e9g\u00fcgyi adatok m\u00e1sodlagos felhaszn\u00e1l\u00e1s\u00e1r\u00f3l\u00a0<\/a><br \/>\nElfogad\u00e1s\u00e1r\u00f3l rendelkez\u0151 hat\u00e1rozat: <a href=\"https:\/\/semmelweis.hu\/jogigfoig\/testuletek\/szenatus\/2026-evi-szenatusi-hatarozatok\/2026-marcius-25\/\">26\/2026. (III. 25.)<\/a><br \/>\nHat\u00e1rozat t\u00edpusa: Szen\u00e1tusi<br \/>\nHat\u00e1ly:\u00a02026. III. 31.<\/p>\n","protected":false},"author":102357,"featured_media":0,"parent":41,"menu_order":0,"comment_status":"closed","ping_status":"closed","template":"","meta":{"_acf_changed":false,"footnotes":""},"categories":[],"tags":[],"class_list":["post-106259","page","type-page","status-publish","hentry"],"acf":[],"_links":{"self":[{"href":"https:\/\/semmelweis.hu\/jogigfoig\/wp-json\/wp\/v2\/pages\/106259","targetHints":{"allow":["GET"]}}],"collection":[{"href":"https:\/\/semmelweis.hu\/jogigfoig\/wp-json\/wp\/v2\/pages"}],"about":[{"href":"https:\/\/semmelweis.hu\/jogigfoig\/wp-json\/wp\/v2\/types\/page"}],"author":[{"embeddable":true,"href":"https:\/\/semmelweis.hu\/jogigfoig\/wp-json\/wp\/v2\/users\/102357"}],"replies":[{"embeddable":true,"href":"https:\/\/semmelweis.hu\/jogigfoig\/wp-json\/wp\/v2\/comments?post=106259"}],"version-history":[{"count":2,"href":"https:\/\/semmelweis.hu\/jogigfoig\/wp-json\/wp\/v2\/pages\/106259\/revisions"}],"predecessor-version":[{"id":106263,"href":"https:\/\/semmelweis.hu\/jogigfoig\/wp-json\/wp\/v2\/pages\/106259\/revisions\/106263"}],"up":[{"embeddable":true,"href":"https:\/\/semmelweis.hu\/jogigfoig\/wp-json\/wp\/v2\/pages\/41"}],"wp:attachment":[{"href":"https:\/\/semmelweis.hu\/jogigfoig\/wp-json\/wp\/v2\/media?parent=106259"}],"wp:term":[{"taxonomy":"category","embeddable":true,"href":"https:\/\/semmelweis.hu\/jogigfoig\/wp-json\/wp\/v2\/categories?post=106259"},{"taxonomy":"post_tag","embeddable":true,"href":"https:\/\/semmelweis.hu\/jogigfoig\/wp-json\/wp\/v2\/tags?post=106259"}],"curies":[{"name":"wp","href":"https:\/\/api.w.org\/{rel}","templated":true}]}}