{"id":105,"date":"2012-01-18T08:45:51","date_gmt":"2012-01-18T08:45:51","guid":{"rendered":"http:\/\/semmelweis-egyetem.hu\/rektori-hivatal\/?page_id=105"},"modified":"2022-11-21T14:25:37","modified_gmt":"2022-11-21T13:25:37","slug":"2011-decembe","status":"publish","type":"page","link":"https:\/\/semmelweis.hu\/jogigfoig\/testuletek\/szenatus\/2011-evi-szenatusi-hatarozatok\/2011-decembe\/","title":{"rendered":"2011. december 15."},"content":{"rendered":"<ul>\n<li style=\"text-align: justify\"><a href=\"https:\/\/semmelweis.hu\/jogigfoig\/files\/2012\/01\/126_XII_15_Beszamolo_Bizottsagok.pdf\" target=\"_blank\" rel=\"noopener noreferrer\">126\/2011. (XII.15.) sz\u00e1m\u00fa hat\u00e1rozata a Szen\u00e1tus \u00e1ltal l\u00e9trehozott Bizotts\u00e1gok besz\u00e1mol\u00f3j\u00e1nak elfogad\u00e1s\u00e1r\u00f3l<\/a><\/li>\n<li style=\"text-align: justify\"><a href=\"https:\/\/semmelweis.hu\/rektori-hivatal\/files\/2012\/01\/127._XII.15.__Szen\u00e1tus-m\u0171k\u00f6d\u00e9si-rendje.pdf\" target=\"_blank\" rel=\"noopener noreferrer\">127\/2011. (XII.15.) sz\u00e1m\u00fa hat\u00e1rozata a Szen\u00e1tus m\u0171k\u00f6d\u00e9si rendj\u00e9r\u0151l<\/a><\/li>\n<li style=\"text-align: justify\"><a href=\"https:\/\/semmelweis.hu\/jogigfoig\/files\/2012\/01\/128_XII_15_IFT.pdf\" target=\"_blank\" rel=\"noopener noreferrer\">128\/2011. (XII.15.) sz\u00e1m\u00fa hat\u00e1rozata a Semmelweis Egyetem Int\u00e9zm\u00e9nyfejleszt\u00e9si Terv\u00e9nek (2012-2017) elfogad\u00e1s\u00e1r\u00f3l<\/a><\/li>\n<li style=\"text-align: justify\"><a href=\"https:\/\/semmelweis.hu\/rektori-hivatal\/files\/2012\/01\/129._XII.15.__SZMSZ_TVSZ-_TSK_.pdf\" target=\"_blank\" rel=\"noopener noreferrer\">129\/2011. (XII.15.) sz\u00e1m\u00fa hat\u00e1rozata a Semmelweis Egyetem Szervezeti \u00e9s M\u0171k\u00f6d\u00e9si Szab\u00e1lyzat\u00e1nak m\u00f3dos\u00edt\u00e1s\u00e1r\u00f3l<\/a><\/li>\n<li style=\"text-align: justify\"><a href=\"https:\/\/semmelweis.hu\/jogigfoig\/files\/2012\/01\/130_sz_XII_15_Pro_Universitate_dij.pdf\" target=\"_blank\" rel=\"noopener noreferrer\">130\/2011. (XII.15.) sz\u00e1m\u00fa hat\u00e1rozata a PRO UNIVERSITATE d\u00edj adom\u00e1nyoz\u00e1s\u00e1r\u00f3l<\/a><\/li>\n<li style=\"text-align: justify\"><a href=\"https:\/\/semmelweis.hu\/jogigfoig\/files\/2012\/01\/131_sz_XII_15_Lejaro_hosszabbithato_vezetoi_megbizasok.pdf\" target=\"_blank\" rel=\"noopener noreferrer\">131\/2011. (XII.15.) sz\u00e1m\u00fa hat\u00e1rozata a 2012. \u00e9vben lej\u00e1r\u00f3, hosszabb\u00edthat\u00f3 vezet\u0151i megb\u00edz\u00e1sok v\u00e9lem\u00e9nyez\u00e9s\u00e9r\u0151l<\/a><\/li>\n<li style=\"text-align: justify\"><a href=\"https:\/\/semmelweis.hu\/jogigfoig\/files\/2012\/01\/132_XII_15_Fotitkari_megbizas1.pdf\" target=\"_blank\" rel=\"noopener noreferrer\">132\/2011. (XII.15.) sz\u00e1m\u00fa hat\u00e1rozata a f\u0151titk\u00e1ri megb\u00edz\u00e1sra be\u00e9rkezett p\u00e1ly\u00e1zatok v\u00e9lem\u00e9nyez\u00e9s\u00e9r\u0151l<\/a><\/li>\n<li style=\"text-align: justify\"><a href=\"https:\/\/semmelweis.hu\/jogigfoig\/files\/2012\/01\/133_XII_15_Dekani_megbizas_AOK.pdf\" target=\"_blank\" rel=\"noopener noreferrer\">133\/2011. (XII.15.) sz\u00e1m\u00fa hat\u00e1rozata az \u00c1ltal\u00e1nos Orvostudom\u00e1nyi Kar d\u00e9k\u00e1ni megb\u00edz\u00e1s\u00e1ra be\u00e9rkezett p\u00e1ly\u00e1zat v\u00e9lem\u00e9nyez\u00e9s\u00e9r\u0151l<\/a><\/li>\n<li style=\"text-align: justify\"><a href=\"https:\/\/semmelweis.hu\/jogigfoig\/files\/2012\/01\/134_XII_15_Egyetemi_docensi_allashelyek.pdf\" target=\"_blank\" rel=\"noopener noreferrer\">134\/2011. (XII.15.) sz\u00e1m\u00fa hat\u00e1rozata a 2012. \u00e9vre meghirdetni tervezett egyetemi docensi \u00e1ll\u00e1shelyek l\u00e9trehoz\u00e1s\u00e1r\u00f3l<\/a><\/li>\n<li style=\"text-align: justify\"><a href=\"https:\/\/semmelweis.hu\/jogigfoig\/files\/2012\/01\/135_XII_15_Semmelweis_Egyetem_Professzora.pdf\" target=\"_blank\" rel=\"noopener noreferrer\">135\/2011. (XII.15.) sz\u00e1m\u00fa hat\u00e1rozata Dr. med. Dirk M\u00fcller-Wieland r\u00e9sz\u00e9re a \u201eSemmelweis Egyetem professzora az Asklepios Campus Hamburg Oktat\u00e1si Centrumban\u201d c\u00edm adom\u00e1nyoz\u00e1s\u00e1r\u00f3l<\/a><\/li>\n<li style=\"text-align: justify\"><a href=\"https:\/\/semmelweis.hu\/jogigfoig\/files\/2012\/01\/136_XII_15_ETK_bizottsagok.pdf\" target=\"_blank\" rel=\"noopener noreferrer\">136\/2011. (XII.15.) sz\u00e1m\u00fa hat\u00e1rozata az Eg\u00e9szs\u00e9gtudom\u00e1nyi Karon m\u0171k\u00f6d\u0151 bizotts\u00e1gok szem\u00e9lyi \u00f6sszet\u00e9tel\u00e9nek m\u00f3dos\u00edt\u00e1s\u00e1r\u00f3l<\/a><\/li>\n<li style=\"text-align: justify\"><a href=\"https:\/\/semmelweis.hu\/jogigfoig\/files\/2012\/01\/137_XII_15_AOK_bizottsagok.pdf\" target=\"_blank\" rel=\"noopener noreferrer\">137\/2011. (XII.15.) sz\u00e1m\u00fa hat\u00e1rozata az \u00c1ltal\u00e1nos Orvostudom\u00e1nyi Karon m\u0171k\u00f6d\u0151 bizotts\u00e1gok szem\u00e9lyi \u00f6sszet\u00e9tel\u00e9nek m\u00f3dos\u00edt\u00e1s\u00e1r\u00f3l<\/a><\/li>\n<li style=\"text-align: justify\"><a href=\"https:\/\/semmelweis.hu\/rektori-hivatal\/files\/2012\/01\/138._XII.15.__Ellen\u0151rz\u00e9si-nyomvonalak.pdf\" target=\"_blank\" rel=\"noopener noreferrer\">138\/2011. (XII.15.) az Ellen\u0151rz\u00e9si nyomvonalak c\u00edm\u0171 szab\u00e1lyzatr\u00f3l sz\u00f3l\u00f3 el\u0151terjeszt\u00e9s elfogad\u00e1s\u00e1r\u00f3l<\/a><\/li>\n<li style=\"text-align: justify\"><a href=\"https:\/\/semmelweis.hu\/jogigfoig\/files\/2012\/01\/139_XII_15_Fogtechnikai_Kft_megszuntetese.pdf\" target=\"_blank\" rel=\"noopener noreferrer\">139\/2011. (XII.15.) sz\u00e1m\u00fa hat\u00e1rozata a Semmelweis Fogtechnikai Kft. jogut\u00f3d n\u00e9lk\u00fcli megsz\u00fcntet\u00e9s\u00e9r\u0151l<\/a><\/li>\n<li style=\"text-align: justify\"><a href=\"https:\/\/semmelweis.hu\/jogigfoig\/files\/2012\/01\/140_XII_15_Hogyes_Patika_megszuntetese.pdf\" target=\"_blank\" rel=\"noopener noreferrer\">140\/2011. (XII.15.) sz\u00e1m\u00fa hat\u00e1rozata a Semmelweis Egyetem \u00e1ltal a H\u0151gyes Endre Patika Bt-ben gyakorolt vagyonkezel\u0151i jogok visszaad\u00e1s\u00e1r\u00f3l a Magyar Nemzeti Vagyonkezel\u0151 Zrt. r\u00e9sz\u00e9re<\/a><\/li>\n<li style=\"text-align: justify\"><a href=\"https:\/\/semmelweis.hu\/rektori-hivatal\/files\/2012\/01\/141._XII.15.__Protokoll.pdf\" target=\"_blank\" rel=\"noopener noreferrer\">141\/2011. (XII.15.) sz\u00e1m\u00fa hat\u00e1rozata a Gazd\u00e1lkod\u00e1si Szab\u00e1lyzat 5. sz. mell\u00e9klet\u00e9nek, a Gazdas\u00e1gi T\u00e1rsas\u00e1gok alap\u00edt\u00e1s\u00e1nak \u00e9s m\u0171k\u00f6dtet\u00e9s\u00e9nek protokollja a Semmelweis Egyetemen c\u00edm\u0171 dokumentum m\u00f3dos\u00edt\u00e1s\u00e1r\u00f3l<\/a><\/li>\n<li style=\"text-align: justify\"><a href=\"https:\/\/semmelweis.hu\/jogigfoig\/files\/2012\/01\/N_XII_15_Napirendi_pontok_elfogadasarol.pdf\" target=\"_blank\" rel=\"noopener noreferrer\">N-XII. 15\/2011. sz\u00e1m\u00fa hat\u00e1rozata a szen\u00e1tusi \u00fcl\u00e9s napirendi pontjainak elfogad\u00e1s\u00e1r\u00f3l<\/a><\/li>\n<\/ul>\n","protected":false},"excerpt":{"rendered":"<p><a href=\"https:\/\/semmelweis.hu\/jogigfoig\/files\/2012\/01\/126_XII_15_Beszamolo_Bizottsagok.pdf\" target=\"_blank\" rel=\"noopener noreferrer\">126\/2011. (XII.15.) sz\u00e1m\u00fa hat\u00e1rozata a Szen\u00e1tus \u00e1ltal l\u00e9trehozott Bizotts\u00e1gok besz\u00e1mol\u00f3j\u00e1nak elfogad\u00e1s\u00e1r\u00f3l<\/a><br \/>\n<a href=\"https:\/\/semmelweis.hu\/rektori-hivatal\/files\/2012\/01\/127._XII.15.__Szen\u00e1tus-m\u0171k\u00f6d\u00e9si-rendje.pdf\" target=\"_blank\" rel=\"noopener noreferrer\">127\/2011. (XII.15.) sz\u00e1m\u00fa hat\u00e1rozata a Szen\u00e1tus m\u0171k\u00f6d\u00e9si rendj\u00e9r\u0151l<\/a><br \/>\n<a href=\"https:\/\/semmelweis.hu\/jogigfoig\/files\/2012\/01\/128_XII_15_IFT.pdf\" target=\"_blank\" rel=\"noopener noreferrer\">128\/2011. (XII.15.) sz\u00e1m\u00fa hat\u00e1rozata a Semmelweis Egyetem Int\u00e9zm\u00e9nyfejleszt\u00e9si Terv\u00e9nek (2012-2017) elfogad\u00e1s\u00e1r\u00f3l<\/a><br \/>\n<a href=\"https:\/\/semmelweis.hu\/rektori-hivatal\/files\/2012\/01\/129._XII.15.__SZMSZ_TVSZ-_TSK_.pdf\" target=\"_blank\" rel=\"noopener noreferrer\">129\/2011. (XII.15.) sz\u00e1m\u00fa hat\u00e1rozata a Semmelweis Egyetem Szervezeti \u00e9s M\u0171k\u00f6d\u00e9si Szab\u00e1lyzat\u00e1nak m\u00f3dos\u00edt\u00e1s\u00e1r\u00f3l<\/a><br \/>\n<a href=\"https:\/\/semmelweis.hu\/jogigfoig\/files\/2012\/01\/130_sz_XII_15_Pro_Universitate_dij.pdf\" target=\"_blank\" rel=\"noopener noreferrer\">130\/2011. (XII.15.) sz\u00e1m\u00fa hat\u00e1rozata a PRO UNIVERSITATE d\u00edj adom\u00e1nyoz\u00e1s\u00e1r\u00f3l<\/a><br \/>\n<a href=\"https:\/\/semmelweis.hu\/jogigfoig\/files\/2012\/01\/131_sz_XII_15_Lejaro_hosszabbithato_vezetoi_megbizasok.pdf\" target=\"_blank\" rel=\"noopener noreferrer\">131\/2011. (XII.15.) sz\u00e1m\u00fa hat\u00e1rozata a 2012. \u00e9vben lej\u00e1r\u00f3, hosszabb\u00edthat\u00f3 vezet\u0151i megb\u00edz\u00e1sok v\u00e9lem\u00e9nyez\u00e9s\u00e9r\u0151l<\/a><br \/>\n<a href=\"https:\/\/semmelweis.hu\/jogigfoig\/files\/2012\/01\/132_XII_15_Fotitkari_megbizas1.pdf\" target=\"_blank\" rel=\"noopener noreferrer\">132\/2011. (XII.15.) sz\u00e1m\u00fa hat\u00e1rozata a f\u0151titk\u00e1ri megb\u00edz\u00e1sra be\u00e9rkezett p\u00e1ly\u00e1zatok v\u00e9lem\u00e9nyez\u00e9s\u00e9r\u0151l<\/a><br \/>\n<a href=\"https:\/\/semmelweis.hu\/jogigfoig\/files\/2012\/01\/133_XII_15_Dekani_megbizas_AOK.pdf\" target=\"_blank\" rel=\"noopener noreferrer\">133\/2011. (XII.15.) sz\u00e1m\u00fa hat\u00e1rozata az \u00c1ltal\u00e1nos Orvostudom\u00e1nyi Kar d\u00e9k\u00e1ni megb\u00edz\u00e1s\u00e1ra be\u00e9rkezett p\u00e1ly\u00e1zat v\u00e9lem\u00e9nyez\u00e9s\u00e9r\u0151l<\/a><br \/>\n<a href=\"https:\/\/semmelweis.hu\/jogigfoig\/files\/2012\/01\/134_XII_15_Egyetemi_docensi_allashelyek.pdf\" target=\"_blank\" rel=\"noopener noreferrer\">134\/2011. (XII.15.) sz\u00e1m\u00fa hat\u00e1rozata a 2012. \u00e9vre meghirdetni tervezett egyetemi docensi \u00e1ll\u00e1shelyek l\u00e9trehoz\u00e1s\u00e1r\u00f3l<\/a><br \/>\n<a href=\"https:\/\/semmelweis.hu\/jogigfoig\/files\/2012\/01\/135_XII_15_Semmelweis_Egyetem_Professzora.pdf\" target=\"_blank\" rel=\"noopener noreferrer\">135\/2011. (XII.15.) sz\u00e1m\u00fa hat\u00e1rozata Dr. med. Dirk M\u00fcller-Wieland r\u00e9sz\u00e9re a \u201eSemmelweis Egyetem professzora az Asklepios Campus Hamburg Oktat\u00e1si Centrumban\u201d c\u00edm adom\u00e1nyoz\u00e1s\u00e1r\u00f3l<\/a><br \/>\n<a href=\"https:\/\/semmelweis.hu\/jogigfoig\/files\/2012\/01\/136_XII_15_ETK_bizottsagok.pdf\" target=\"_blank\" rel=\"noopener noreferrer\">136\/2011. (XII.15.) sz\u00e1m\u00fa hat\u00e1rozata az Eg\u00e9szs\u00e9gtudom\u00e1nyi Karon m\u0171k\u00f6d\u0151 bizotts\u00e1gok szem\u00e9lyi \u00f6sszet\u00e9tel\u00e9nek m\u00f3dos\u00edt\u00e1s\u00e1r\u00f3l<\/a><br \/>\n<a href=\"https:\/\/semmelweis.hu\/jogigfoig\/files\/2012\/01\/137_XII_15_AOK_bizottsagok.pdf\" target=\"_blank\" rel=\"noopener noreferrer\">137\/2011. (XII.15.) sz\u00e1m\u00fa hat\u00e1rozata az \u00c1ltal\u00e1nos Orvostudom\u00e1nyi Karon m\u0171k\u00f6d\u0151 bizotts\u00e1gok szem\u00e9lyi \u00f6sszet\u00e9tel\u00e9nek m\u00f3dos\u00edt\u00e1s\u00e1r\u00f3l<\/a><br \/>\n<a href=\"https:\/\/semmelweis.hu\/rektori-hivatal\/files\/2012\/01\/138._XII.15.__Ellen\u0151rz\u00e9si-nyomvonalak.pdf\" target=\"_blank\" rel=\"noopener noreferrer\">138\/2011. (XII.15.) az Ellen\u0151rz\u00e9si nyomvonalak c\u00edm\u0171 szab\u00e1lyzatr\u00f3l sz\u00f3l\u00f3 el\u0151terjeszt\u00e9s elfogad\u00e1s\u00e1r\u00f3l<\/a><br \/>\n<a href=\"https:\/\/semmelweis.hu\/jogigfoig\/files\/2012\/01\/139_XII_15_Fogtechnikai_Kft_megszuntetese.pdf\" target=\"_blank\" rel=\"noopener noreferrer\">139\/2011. (XII.15.) sz\u00e1m\u00fa hat\u00e1rozata a Semmelweis Fogtechnikai Kft. jogut\u00f3d n\u00e9lk\u00fcli megsz\u00fcntet\u00e9s\u00e9r\u0151l<\/a><br \/>\n<a href=\"https:\/\/semmelweis.hu\/jogigfoig\/files\/2012\/01\/140_XII_15_Hogyes_Patika_megszuntetese.pdf\" target=\"_blank\" rel=\"noopener noreferrer\">140\/2011. (XII.15.) sz\u00e1m\u00fa hat\u00e1rozata a Semmelweis Egyetem \u00e1ltal a H\u0151gyes Endre Patika Bt-ben gyakorolt vagyonkezel\u0151i jogok visszaad\u00e1s\u00e1r\u00f3l a Magyar Nemzeti Vagyonkezel\u0151 Zrt. r\u00e9sz\u00e9re<\/a><br \/>\n<a href=\"https:\/\/semmelweis.hu\/rektori-hivatal\/files\/2012\/01\/141._XII.15.__Protokoll.pdf\" target=\"_blank\" rel=\"noopener noreferrer\">141\/2011. (XII.15.) sz\u00e1m\u00fa hat\u00e1rozata a Gazd\u00e1lkod\u00e1si Szab\u00e1lyzat 5. sz. mell\u00e9klet\u00e9nek, a Gazdas\u00e1gi T\u00e1rsas\u00e1gok alap\u00edt\u00e1s\u00e1nak \u00e9s m\u0171k\u00f6dtet\u00e9s\u00e9nek protokollja a Semmelweis Egyetemen c\u00edm\u0171 dokumentum m\u00f3dos\u00edt\u00e1s\u00e1r\u00f3l<\/a><br \/>\n<a href=\"https:\/\/semmelweis.hu\/jogigfoig\/files\/2012\/01\/N_XII_15_Napirendi_pontok_elfogadasarol.pdf\" target=\"_blank\" rel=\"noopener noreferrer\">N-XII. 15\/2011. sz\u00e1m\u00fa hat\u00e1rozata a szen\u00e1tusi \u00fcl\u00e9s napirendi pontjainak elfogad\u00e1s\u00e1r\u00f3l<\/a><\/p>\n","protected":false},"author":12,"featured_media":0,"parent":7843,"menu_order":3,"comment_status":"open","ping_status":"open","template":"","meta":{"_acf_changed":false,"footnotes":""},"categories":[1],"tags":[],"class_list":["post-105","page","type-page","status-publish","hentry","category-egyeb"],"acf":[],"_links":{"self":[{"href":"https:\/\/semmelweis.hu\/jogigfoig\/wp-json\/wp\/v2\/pages\/105","targetHints":{"allow":["GET"]}}],"collection":[{"href":"https:\/\/semmelweis.hu\/jogigfoig\/wp-json\/wp\/v2\/pages"}],"about":[{"href":"https:\/\/semmelweis.hu\/jogigfoig\/wp-json\/wp\/v2\/types\/page"}],"author":[{"embeddable":true,"href":"https:\/\/semmelweis.hu\/jogigfoig\/wp-json\/wp\/v2\/users\/12"}],"replies":[{"embeddable":true,"href":"https:\/\/semmelweis.hu\/jogigfoig\/wp-json\/wp\/v2\/comments?post=105"}],"version-history":[{"count":11,"href":"https:\/\/semmelweis.hu\/jogigfoig\/wp-json\/wp\/v2\/pages\/105\/revisions"}],"predecessor-version":[{"id":7861,"href":"https:\/\/semmelweis.hu\/jogigfoig\/wp-json\/wp\/v2\/pages\/105\/revisions\/7861"}],"up":[{"embeddable":true,"href":"https:\/\/semmelweis.hu\/jogigfoig\/wp-json\/wp\/v2\/pages\/7843"}],"wp:attachment":[{"href":"https:\/\/semmelweis.hu\/jogigfoig\/wp-json\/wp\/v2\/media?parent=105"}],"wp:term":[{"taxonomy":"category","embeddable":true,"href":"https:\/\/semmelweis.hu\/jogigfoig\/wp-json\/wp\/v2\/categories?post=105"},{"taxonomy":"post_tag","embeddable":true,"href":"https:\/\/semmelweis.hu\/jogigfoig\/wp-json\/wp\/v2\/tags?post=105"}],"curies":[{"name":"wp","href":"https:\/\/api.w.org\/{rel}","templated":true}]}}